{"id":12715,"date":"2025-07-18T21:27:34","date_gmt":"2025-07-18T20:27:34","guid":{"rendered":"https:\/\/babylove.se\/produkt\/lumo-kids-vaningssang\/"},"modified":"2026-04-08T08:54:53","modified_gmt":"2026-04-08T07:54:53","slug":"lumo-kids-sovepose","status":"publish","type":"product","link":"https:\/\/babylove.se\/no\/produkt\/lumo-kids-sovepose\/","title":{"rendered":"Lumo Kids, K\u00f8yeseng med muligheter"},"content":{"rendered":"<p>Denne k\u00f8yesengen er en unik kombinasjon av en loftsseng og en juniorseng, noe som gj\u00f8r at den passer perfekt for s\u00f8sken eller for \u00e5 ha under barnets oppvekst. Den nedre sengen kan plasseres rett under den \u00f8vre, men kan ogs\u00e5 stilles rett ut fra sengen, slik at man f\u00e5r plass til et lite skrivebord eller en lekekrok ved siden av.&nbsp;<\/p>\n<p>Hvis den er til to s\u00f8sken og de en dag skal bo i hvert sitt rom, er det bare \u00e5 &nbsp;gj\u00f8re den til to separate senger. Med denne k\u00f8yesengen kommer en masse gode muligheter for deg og dine barn. Produsert og designet i Finland og oppfyller alle sikkerhetskrav for barnesenger.<\/p>\n<p><strong>M\u00e5l<\/strong>:<\/p>\n<p>\u00d8vre seng:<\/p>\n<ul>\n<li>Bredde, 86 cm<\/li>\n<li>H\u00f8yde, 155 cm<\/li>\n<li>Lengde 169 cm alternativt 209 cm (Avhengig av hvilken modell du velger)<\/li>\n<li>Passende madrass \u00e5 kj\u00f8pe til (Inng\u00e5r ikke) er 80 x 160 cm alternativt 80 x 200 cm.<\/li>\n<\/ul>\n<p>Nedre seng (Juniorseng):<\/p>\n<ul>\n<li>Bredde, 78 cm<\/li>\n<li>H\u00f8yde, 64 cm<\/li>\n<li>Lengde, 165 cm alternativt 205 cm (Avhengig av hvilken modell du velger)<\/li>\n<li>Passende madrass \u00e5 kj\u00f8pe til (Inng\u00e5r ikke) er 70 x 160 cm alternativt 70 x 200 cm.<\/li>\n<\/ul>\n<p>Madrass inng\u00e5r ikke, men ta gjerne en titt i v\u00e5rt store madrassutvalg. Vi anbefaler en skummadrass med tykkelse p\u00e5 ca 10-12 cm.<\/p>\n<p><em><em><em><em><em>Obs! Sengen leveres umontert og b\u00f8r settes sammen i rommet den skal brukes i.<\/em><\/em><\/em><\/em><\/em><\/p>\n","protected":false},"excerpt":{"rendered":"<p>Denne k\u00f8yesengen er en unik kombinasjon av en loftsseng og en juniorseng, noe som gj\u00f8r at den passer perfekt for s\u00f8sken eller for \u00e5 ha under barnets oppvekst. Den nedre sengen kan plasseres rett under den \u00f8vre, men kan ogs\u00e5 stilles rett ut fra sengen, slik at man f\u00e5r plass til et lite skrivebord eller [&hellip;]<\/p>\n","protected":false},"featured_media":12717,"comment_status":"closed","ping_status":"open","template":"","meta":{"_acf_changed":false},"product_brand":[],"product_cat":[385,634,40],"product_tag":[],"class_list":{"0":"post-12715","1":"product","2":"type-product","3":"status-publish","4":"has-post-thumbnail","6":"product_cat-koyesenger-loftsenger","7":"product_cat-lumo-kids","8":"product_cat-soverom-barn","9":"pa_storlek-70x160","10":"pa_storlek-70x200","12":"first","13":"outofstock","14":"taxable","15":"shipping-taxable","16":"purchasable","17":"product-type-variable"},"acf":[],"yoast_head":"<!-- This site is optimized with the Yoast SEO Premium plugin v25.8 (Yoast SEO v27.2) - https:\/\/yoast.com\/product\/yoast-seo-premium-wordpress\/ -->\n<title>Lumo Kids, K\u00f8yeseng med muligheter - Babylove Norska<\/title>\n<meta name=\"robots\" content=\"noindex, follow, max-snippet:-1, max-image-preview:large, max-video-preview:-1\" \/>\n<meta property=\"og:locale\" content=\"nb_NO\" \/>\n<meta property=\"og:type\" content=\"article\" \/>\n<meta property=\"og:title\" content=\"Lumo Kids, K\u00f8yeseng med muligheter\" \/>\n<meta property=\"og:description\" content=\"Denne k\u00f8yesengen er en unik kombinasjon av en loftsseng og en juniorseng, noe som gj\u00f8r at den passer perfekt for s\u00f8sken eller for \u00e5 ha under barnets oppvekst. Den nedre sengen kan plasseres rett under den \u00f8vre, men kan ogs\u00e5 stilles rett ut fra sengen, slik at man f\u00e5r plass til et lite skrivebord eller [&hellip;]\" \/>\n<meta property=\"og:url\" content=\"https:\/\/babylove.se\/no\/produkt\/lumo-kids-sovepose\/\" \/>\n<meta property=\"og:site_name\" content=\"Babylove Norska\" \/>\n<meta property=\"article:modified_time\" content=\"2026-04-08T07:54:53+00:00\" \/>\n<meta property=\"og:image\" content=\"https:\/\/babylove.se\/no\/wp-content\/uploads\/sites\/3\/2025\/07\/5d00da7fb2b59.jpeg\" \/>\n\t<meta property=\"og:image:width\" content=\"750\" \/>\n\t<meta property=\"og:image:height\" content=\"750\" \/>\n\t<meta property=\"og:image:type\" content=\"image\/jpeg\" \/>\n<meta name=\"twitter:card\" content=\"summary_large_image\" \/>\n<meta name=\"twitter:label1\" content=\"Availability\" \/>\n\t<meta name=\"twitter:data1\" content=\"Out of stock\" \/>\n<script type=\"application\/ld+json\" class=\"yoast-schema-graph\">{\"@context\":\"https:\/\/schema.org\",\"@graph\":[{\"@type\":\"WebPage\",\"@id\":\"https:\/\/babylove.se\/no\/produkt\/lumo-kids-sovepose\/\",\"url\":\"https:\/\/babylove.se\/no\/produkt\/lumo-kids-sovepose\/\",\"name\":\"Lumo Kids, K\u00f8yeseng med muligheter - Babylove Norska\",\"isPartOf\":{\"@id\":\"https:\/\/babylove.se\/no\/#website\"},\"primaryImageOfPage\":{\"@id\":\"https:\/\/babylove.se\/no\/produkt\/lumo-kids-sovepose\/#primaryimage\"},\"image\":{\"@id\":\"https:\/\/babylove.se\/no\/produkt\/lumo-kids-sovepose\/#primaryimage\"},\"thumbnailUrl\":\"https:\/\/babylove.se\/no\/wp-content\/uploads\/sites\/3\/2025\/07\/5d00da7fb2b59.jpeg\",\"datePublished\":\"2025-07-18T20:27:34+00:00\",\"dateModified\":\"2026-04-08T07:54:53+00:00\",\"breadcrumb\":{\"@id\":\"https:\/\/babylove.se\/no\/produkt\/lumo-kids-sovepose\/#breadcrumb\"},\"inLanguage\":\"nb-NO\",\"potentialAction\":[{\"@type\":\"ReadAction\",\"target\":[\"https:\/\/babylove.se\/no\/produkt\/lumo-kids-sovepose\/\"]}]},{\"@type\":\"ImageObject\",\"inLanguage\":\"nb-NO\",\"@id\":\"https:\/\/babylove.se\/no\/produkt\/lumo-kids-sovepose\/#primaryimage\",\"url\":\"https:\/\/babylove.se\/no\/wp-content\/uploads\/sites\/3\/2025\/07\/5d00da7fb2b59.jpeg\",\"contentUrl\":\"https:\/\/babylove.se\/no\/wp-content\/uploads\/sites\/3\/2025\/07\/5d00da7fb2b59.jpeg\",\"width\":750,\"height\":750},{\"@type\":\"BreadcrumbList\",\"@id\":\"https:\/\/babylove.se\/no\/produkt\/lumo-kids-sovepose\/#breadcrumb\",\"itemListElement\":[{\"@type\":\"ListItem\",\"position\":1,\"name\":\"Hem\",\"item\":\"https:\/\/babylove.se\/no\/\"},{\"@type\":\"ListItem\",\"position\":2,\"name\":\"Butik\",\"item\":\"https:\/\/babylove.se\/no\/butik\/\"},{\"@type\":\"ListItem\",\"position\":3,\"name\":\"Lumo Kids, K\u00f8yeseng med muligheter\"}]},{\"@type\":\"WebSite\",\"@id\":\"https:\/\/babylove.se\/no\/#website\",\"url\":\"https:\/\/babylove.se\/no\/\",\"name\":\"Babylove Norska\",\"description\":\"\",\"potentialAction\":[{\"@type\":\"SearchAction\",\"target\":{\"@type\":\"EntryPoint\",\"urlTemplate\":\"https:\/\/babylove.se\/no\/?s={search_term_string}\"},\"query-input\":{\"@type\":\"PropertyValueSpecification\",\"valueRequired\":true,\"valueName\":\"search_term_string\"}}],\"inLanguage\":\"nb-NO\"}]}<\/script>\n<meta property=\"og:availability\" content=\"out of stock\" \/>\n<meta property=\"product:availability\" content=\"out of stock\" \/>\n<meta property=\"product:retailer_item_id\" content=\"70x160\" \/>\n<meta property=\"product:condition\" content=\"new\" \/>\n<!-- \/ Yoast SEO Premium plugin. -->","yoast_head_json":{"title":"Lumo Kids, K\u00f8yeseng med muligheter - Babylove Norska","robots":{"index":"noindex","follow":"follow","max-snippet":"max-snippet:-1","max-image-preview":"max-image-preview:large","max-video-preview":"max-video-preview:-1"},"og_locale":"nb_NO","og_type":"article","og_title":"Lumo Kids, K\u00f8yeseng med muligheter","og_description":"Denne k\u00f8yesengen er en unik kombinasjon av en loftsseng og en juniorseng, noe som gj\u00f8r at den passer perfekt for s\u00f8sken eller for \u00e5 ha under barnets oppvekst. Den nedre sengen kan plasseres rett under den \u00f8vre, men kan ogs\u00e5 stilles rett ut fra sengen, slik at man f\u00e5r plass til et lite skrivebord eller [&hellip;]","og_url":"https:\/\/babylove.se\/no\/produkt\/lumo-kids-sovepose\/","og_site_name":"Babylove Norska","article_modified_time":"2026-04-08T07:54:53+00:00","og_image":[{"width":750,"height":750,"url":"https:\/\/babylove.se\/no\/wp-content\/uploads\/sites\/3\/2025\/07\/5d00da7fb2b59.jpeg","type":"image\/jpeg"}],"twitter_card":"summary_large_image","twitter_misc":{"Availability":"Out of stock"},"schema":{"@context":"https:\/\/schema.org","@graph":[{"@type":"WebPage","@id":"https:\/\/babylove.se\/no\/produkt\/lumo-kids-sovepose\/","url":"https:\/\/babylove.se\/no\/produkt\/lumo-kids-sovepose\/","name":"Lumo Kids, K\u00f8yeseng med muligheter - Babylove Norska","isPartOf":{"@id":"https:\/\/babylove.se\/no\/#website"},"primaryImageOfPage":{"@id":"https:\/\/babylove.se\/no\/produkt\/lumo-kids-sovepose\/#primaryimage"},"image":{"@id":"https:\/\/babylove.se\/no\/produkt\/lumo-kids-sovepose\/#primaryimage"},"thumbnailUrl":"https:\/\/babylove.se\/no\/wp-content\/uploads\/sites\/3\/2025\/07\/5d00da7fb2b59.jpeg","datePublished":"2025-07-18T20:27:34+00:00","dateModified":"2026-04-08T07:54:53+00:00","breadcrumb":{"@id":"https:\/\/babylove.se\/no\/produkt\/lumo-kids-sovepose\/#breadcrumb"},"inLanguage":"nb-NO","potentialAction":[{"@type":"ReadAction","target":["https:\/\/babylove.se\/no\/produkt\/lumo-kids-sovepose\/"]}]},{"@type":"ImageObject","inLanguage":"nb-NO","@id":"https:\/\/babylove.se\/no\/produkt\/lumo-kids-sovepose\/#primaryimage","url":"https:\/\/babylove.se\/no\/wp-content\/uploads\/sites\/3\/2025\/07\/5d00da7fb2b59.jpeg","contentUrl":"https:\/\/babylove.se\/no\/wp-content\/uploads\/sites\/3\/2025\/07\/5d00da7fb2b59.jpeg","width":750,"height":750},{"@type":"BreadcrumbList","@id":"https:\/\/babylove.se\/no\/produkt\/lumo-kids-sovepose\/#breadcrumb","itemListElement":[{"@type":"ListItem","position":1,"name":"Hem","item":"https:\/\/babylove.se\/no\/"},{"@type":"ListItem","position":2,"name":"Butik","item":"https:\/\/babylove.se\/no\/butik\/"},{"@type":"ListItem","position":3,"name":"Lumo Kids, K\u00f8yeseng med muligheter"}]},{"@type":"WebSite","@id":"https:\/\/babylove.se\/no\/#website","url":"https:\/\/babylove.se\/no\/","name":"Babylove Norska","description":"","potentialAction":[{"@type":"SearchAction","target":{"@type":"EntryPoint","urlTemplate":"https:\/\/babylove.se\/no\/?s={search_term_string}"},"query-input":{"@type":"PropertyValueSpecification","valueRequired":true,"valueName":"search_term_string"}}],"inLanguage":"nb-NO"}]},"og_availability":"out of stock","product_availability":"out of stock","product_retailer_item_id":"70x160","product_condition":"new"},"_links":{"self":[{"href":"https:\/\/babylove.se\/no\/wp-json\/wp\/v2\/product\/12715","targetHints":{"allow":["GET"]}}],"collection":[{"href":"https:\/\/babylove.se\/no\/wp-json\/wp\/v2\/product"}],"about":[{"href":"https:\/\/babylove.se\/no\/wp-json\/wp\/v2\/types\/product"}],"replies":[{"embeddable":true,"href":"https:\/\/babylove.se\/no\/wp-json\/wp\/v2\/comments?post=12715"}],"wp:featuredmedia":[{"embeddable":true,"href":"https:\/\/babylove.se\/no\/wp-json\/wp\/v2\/media\/12717"}],"wp:attachment":[{"href":"https:\/\/babylove.se\/no\/wp-json\/wp\/v2\/media?parent=12715"}],"wp:term":[{"taxonomy":"product_brand","embeddable":true,"href":"https:\/\/babylove.se\/no\/wp-json\/wp\/v2\/product_brand?post=12715"},{"taxonomy":"product_cat","embeddable":true,"href":"https:\/\/babylove.se\/no\/wp-json\/wp\/v2\/product_cat?post=12715"},{"taxonomy":"product_tag","embeddable":true,"href":"https:\/\/babylove.se\/no\/wp-json\/wp\/v2\/product_tag?post=12715"}],"curies":[{"name":"wp","href":"https:\/\/api.w.org\/{rel}","templated":true}]}}