{"id":12759,"date":"2025-07-18T21:27:53","date_gmt":"2025-07-18T20:27:53","guid":{"rendered":"https:\/\/babylove.se\/produkt\/babylove-dra-pa-lakan-80x160-till-juniorsang\/"},"modified":"2026-04-08T08:55:18","modified_gmt":"2026-04-08T07:55:18","slug":"babylove-dra-pa-laken-80x160-til-juniorseng","status":"publish","type":"product","link":"https:\/\/babylove.se\/no\/produkt\/babylove-dra-pa-laken-80x160-til-juniorseng\/","title":{"rendered":"Babylove, hvit strekklaken 80&#215;160 til juniorseng\/barneseng"},"content":{"rendered":"<p>Et smart og fint stretchlaken tilpasset juniorsenger og voksesenger. Stoffet er laget av fleksibel OEKO-TEX bomulls-jersey og er produsert i Europa i henhold til alle sikkerhetsforskrifter og regler, alt for barnets komfort uten \u00e5 g\u00e5 p\u00e5 bekostning av sikkerheten. Et superbra laken rett og slett.&nbsp;<\/p>\n<p>Hos oss finner du ogs\u00e5 et tilpasset sett med en pute og et dyne i st\u00f8rrelsen 90&#215;160 samt dynetrekksettet i 90&#215;160. Les mer <a href=\"https:\/\/babylove.se\/varumarken\/babylove\">her<\/a><\/p>\n<p><strong>M\u00e5l<\/strong>: 80&#215;160 cm (passer til madrasser mellom 80-90 cm bredde og 150-170 cm lang)<\/p>\n<p><strong>Materiale<\/strong>: OEKO-TEX sertifisert bomulls-jersey&nbsp;<\/p>\n<p>Produsert i EU<\/p>\n<p>Designer: <a href=\"https:\/\/babylove.se\/varumarken\/babylove\">Babylove.se<\/a><\/p>\n","protected":false},"excerpt":{"rendered":"<p>Et smart og fint stretchlaken tilpasset juniorsenger og voksesenger. Stoffet er laget av fleksibel OEKO-TEX bomulls-jersey og er produsert i Europa i henhold til alle sikkerhetsforskrifter og regler, alt for barnets komfort uten \u00e5 g\u00e5 p\u00e5 bekostning av sikkerheten. Et superbra laken rett og slett.&nbsp; Hos oss finner du ogs\u00e5 et tilpasset sett med en [&hellip;]<\/p>\n","protected":false},"featured_media":12761,"comment_status":"closed","ping_status":"open","template":"","meta":{"_acf_changed":false},"product_brand":[22],"product_cat":[84,627,628,39,110,40,119],"product_tag":[],"class_list":{"0":"post-12759","1":"product","2":"type-product","3":"status-publish","4":"has-post-thumbnail","6":"product_brand-babylove","7":"product_cat-babylove","8":"product_cat-babylove-tekstiler","9":"product_cat-barn-junior-sengeklaer-80x160-90x160","10":"product_cat-barnesangklaer","11":"product_cat-cyber-monday","12":"product_cat-soverom-barn","13":"product_cat-underlaken","15":"first","16":"outofstock","17":"taxable","18":"shipping-taxable","19":"purchasable","20":"product-type-simple"},"acf":[],"yoast_head":"<!-- This site is optimized with the Yoast SEO Premium plugin v25.8 (Yoast SEO v27.2) - https:\/\/yoast.com\/product\/yoast-seo-premium-wordpress\/ -->\n<title>Babylove, hvit strekklaken 80x160 til juniorseng\/barneseng - Babylove Norska<\/title>\n<meta name=\"robots\" content=\"noindex, follow, max-snippet:-1, max-image-preview:large, max-video-preview:-1\" \/>\n<meta property=\"og:locale\" content=\"nb_NO\" \/>\n<meta property=\"og:type\" content=\"article\" \/>\n<meta property=\"og:title\" content=\"Babylove, hvit strekklaken 80x160 til juniorseng\/barneseng\" \/>\n<meta property=\"og:description\" content=\"Et smart og fint stretchlaken tilpasset juniorsenger og voksesenger. Stoffet er laget av fleksibel OEKO-TEX bomulls-jersey og er produsert i Europa i henhold til alle sikkerhetsforskrifter og regler, alt for barnets komfort uten \u00e5 g\u00e5 p\u00e5 bekostning av sikkerheten. Et superbra laken rett og slett.&nbsp; Hos oss finner du ogs\u00e5 et tilpasset sett med en [&hellip;]\" \/>\n<meta property=\"og:url\" content=\"https:\/\/babylove.se\/no\/produkt\/babylove-dra-pa-laken-80x160-til-juniorseng\/\" \/>\n<meta property=\"og:site_name\" content=\"Babylove Norska\" \/>\n<meta property=\"article:modified_time\" content=\"2026-04-08T07:55:18+00:00\" \/>\n<meta property=\"og:image\" content=\"https:\/\/babylove.se\/no\/wp-content\/uploads\/sites\/3\/2025\/07\/646b48d7bb7b2.png\" \/>\n\t<meta property=\"og:image:width\" content=\"800\" \/>\n\t<meta property=\"og:image:height\" content=\"800\" \/>\n\t<meta property=\"og:image:type\" content=\"image\/png\" \/>\n<meta name=\"twitter:card\" content=\"summary_large_image\" \/>\n<meta name=\"twitter:label1\" content=\"Price\" \/>\n\t<meta name=\"twitter:data1\" content=\"169,00&nbsp;&#107;&#114;\" \/>\n\t<meta name=\"twitter:label2\" content=\"Availability\" \/>\n\t<meta name=\"twitter:data2\" content=\"Out of stock\" \/>\n<script type=\"application\/ld+json\" class=\"yoast-schema-graph\">{\"@context\":\"https:\/\/schema.org\",\"@graph\":[{\"@type\":\"WebPage\",\"@id\":\"https:\/\/babylove.se\/no\/produkt\/babylove-dra-pa-laken-80x160-til-juniorseng\/\",\"url\":\"https:\/\/babylove.se\/no\/produkt\/babylove-dra-pa-laken-80x160-til-juniorseng\/\",\"name\":\"Babylove, hvit strekklaken 80x160 til juniorseng\/barneseng - Babylove Norska\",\"isPartOf\":{\"@id\":\"https:\/\/babylove.se\/no\/#website\"},\"primaryImageOfPage\":{\"@id\":\"https:\/\/babylove.se\/no\/produkt\/babylove-dra-pa-laken-80x160-til-juniorseng\/#primaryimage\"},\"image\":{\"@id\":\"https:\/\/babylove.se\/no\/produkt\/babylove-dra-pa-laken-80x160-til-juniorseng\/#primaryimage\"},\"thumbnailUrl\":\"https:\/\/babylove.se\/no\/wp-content\/uploads\/sites\/3\/2025\/07\/646b48d7bb7b2.png\",\"datePublished\":\"2025-07-18T20:27:53+00:00\",\"dateModified\":\"2026-04-08T07:55:18+00:00\",\"breadcrumb\":{\"@id\":\"https:\/\/babylove.se\/no\/produkt\/babylove-dra-pa-laken-80x160-til-juniorseng\/#breadcrumb\"},\"inLanguage\":\"nb-NO\",\"potentialAction\":[{\"@type\":\"ReadAction\",\"target\":[\"https:\/\/babylove.se\/no\/produkt\/babylove-dra-pa-laken-80x160-til-juniorseng\/\"]}]},{\"@type\":\"ImageObject\",\"inLanguage\":\"nb-NO\",\"@id\":\"https:\/\/babylove.se\/no\/produkt\/babylove-dra-pa-laken-80x160-til-juniorseng\/#primaryimage\",\"url\":\"https:\/\/babylove.se\/no\/wp-content\/uploads\/sites\/3\/2025\/07\/646b48d7bb7b2.png\",\"contentUrl\":\"https:\/\/babylove.se\/no\/wp-content\/uploads\/sites\/3\/2025\/07\/646b48d7bb7b2.png\",\"width\":800,\"height\":800},{\"@type\":\"BreadcrumbList\",\"@id\":\"https:\/\/babylove.se\/no\/produkt\/babylove-dra-pa-laken-80x160-til-juniorseng\/#breadcrumb\",\"itemListElement\":[{\"@type\":\"ListItem\",\"position\":1,\"name\":\"Hem\",\"item\":\"https:\/\/babylove.se\/no\/\"},{\"@type\":\"ListItem\",\"position\":2,\"name\":\"Butik\",\"item\":\"https:\/\/babylove.se\/no\/butik\/\"},{\"@type\":\"ListItem\",\"position\":3,\"name\":\"Babylove, hvit strekklaken 80&#215;160 til juniorseng\/barneseng\"}]},{\"@type\":\"WebSite\",\"@id\":\"https:\/\/babylove.se\/no\/#website\",\"url\":\"https:\/\/babylove.se\/no\/\",\"name\":\"Babylove Norska\",\"description\":\"\",\"potentialAction\":[{\"@type\":\"SearchAction\",\"target\":{\"@type\":\"EntryPoint\",\"urlTemplate\":\"https:\/\/babylove.se\/no\/?s={search_term_string}\"},\"query-input\":{\"@type\":\"PropertyValueSpecification\",\"valueRequired\":true,\"valueName\":\"search_term_string\"}}],\"inLanguage\":\"nb-NO\"}]}<\/script>\n<meta property=\"product:brand\" content=\"Babylove\" \/>\n<meta property=\"product:price:amount\" content=\"169.00\" \/>\n<meta property=\"product:price:currency\" content=\"SEK\" \/>\n<meta property=\"og:availability\" content=\"out of stock\" \/>\n<meta property=\"product:availability\" content=\"out of stock\" \/>\n<meta property=\"product:retailer_item_id\" content=\"BL-Dra-p\u00e5-lakan-80x160\" \/>\n<meta property=\"product:condition\" content=\"new\" \/>\n<!-- \/ Yoast SEO Premium plugin. -->","yoast_head_json":{"title":"Babylove, hvit strekklaken 80x160 til juniorseng\/barneseng - Babylove Norska","robots":{"index":"noindex","follow":"follow","max-snippet":"max-snippet:-1","max-image-preview":"max-image-preview:large","max-video-preview":"max-video-preview:-1"},"og_locale":"nb_NO","og_type":"article","og_title":"Babylove, hvit strekklaken 80x160 til juniorseng\/barneseng","og_description":"Et smart og fint stretchlaken tilpasset juniorsenger og voksesenger. Stoffet er laget av fleksibel OEKO-TEX bomulls-jersey og er produsert i Europa i henhold til alle sikkerhetsforskrifter og regler, alt for barnets komfort uten \u00e5 g\u00e5 p\u00e5 bekostning av sikkerheten. Et superbra laken rett og slett.&nbsp; Hos oss finner du ogs\u00e5 et tilpasset sett med en [&hellip;]","og_url":"https:\/\/babylove.se\/no\/produkt\/babylove-dra-pa-laken-80x160-til-juniorseng\/","og_site_name":"Babylove Norska","article_modified_time":"2026-04-08T07:55:18+00:00","og_image":[{"width":800,"height":800,"url":"https:\/\/babylove.se\/no\/wp-content\/uploads\/sites\/3\/2025\/07\/646b48d7bb7b2.png","type":"image\/png"}],"twitter_card":"summary_large_image","twitter_misc":{"Price":"169,00&nbsp;&#107;&#114;","Availability":"Out of stock"},"schema":{"@context":"https:\/\/schema.org","@graph":[{"@type":"WebPage","@id":"https:\/\/babylove.se\/no\/produkt\/babylove-dra-pa-laken-80x160-til-juniorseng\/","url":"https:\/\/babylove.se\/no\/produkt\/babylove-dra-pa-laken-80x160-til-juniorseng\/","name":"Babylove, hvit strekklaken 80x160 til juniorseng\/barneseng - Babylove Norska","isPartOf":{"@id":"https:\/\/babylove.se\/no\/#website"},"primaryImageOfPage":{"@id":"https:\/\/babylove.se\/no\/produkt\/babylove-dra-pa-laken-80x160-til-juniorseng\/#primaryimage"},"image":{"@id":"https:\/\/babylove.se\/no\/produkt\/babylove-dra-pa-laken-80x160-til-juniorseng\/#primaryimage"},"thumbnailUrl":"https:\/\/babylove.se\/no\/wp-content\/uploads\/sites\/3\/2025\/07\/646b48d7bb7b2.png","datePublished":"2025-07-18T20:27:53+00:00","dateModified":"2026-04-08T07:55:18+00:00","breadcrumb":{"@id":"https:\/\/babylove.se\/no\/produkt\/babylove-dra-pa-laken-80x160-til-juniorseng\/#breadcrumb"},"inLanguage":"nb-NO","potentialAction":[{"@type":"ReadAction","target":["https:\/\/babylove.se\/no\/produkt\/babylove-dra-pa-laken-80x160-til-juniorseng\/"]}]},{"@type":"ImageObject","inLanguage":"nb-NO","@id":"https:\/\/babylove.se\/no\/produkt\/babylove-dra-pa-laken-80x160-til-juniorseng\/#primaryimage","url":"https:\/\/babylove.se\/no\/wp-content\/uploads\/sites\/3\/2025\/07\/646b48d7bb7b2.png","contentUrl":"https:\/\/babylove.se\/no\/wp-content\/uploads\/sites\/3\/2025\/07\/646b48d7bb7b2.png","width":800,"height":800},{"@type":"BreadcrumbList","@id":"https:\/\/babylove.se\/no\/produkt\/babylove-dra-pa-laken-80x160-til-juniorseng\/#breadcrumb","itemListElement":[{"@type":"ListItem","position":1,"name":"Hem","item":"https:\/\/babylove.se\/no\/"},{"@type":"ListItem","position":2,"name":"Butik","item":"https:\/\/babylove.se\/no\/butik\/"},{"@type":"ListItem","position":3,"name":"Babylove, hvit strekklaken 80&#215;160 til juniorseng\/barneseng"}]},{"@type":"WebSite","@id":"https:\/\/babylove.se\/no\/#website","url":"https:\/\/babylove.se\/no\/","name":"Babylove Norska","description":"","potentialAction":[{"@type":"SearchAction","target":{"@type":"EntryPoint","urlTemplate":"https:\/\/babylove.se\/no\/?s={search_term_string}"},"query-input":{"@type":"PropertyValueSpecification","valueRequired":true,"valueName":"search_term_string"}}],"inLanguage":"nb-NO"}]},"product_brand":"Babylove","product_price_amount":"169.00","product_price_currency":"SEK","og_availability":"out of stock","product_availability":"out of stock","product_retailer_item_id":"BL-Dra-p\u00e5-lakan-80x160","product_condition":"new"},"_links":{"self":[{"href":"https:\/\/babylove.se\/no\/wp-json\/wp\/v2\/product\/12759","targetHints":{"allow":["GET"]}}],"collection":[{"href":"https:\/\/babylove.se\/no\/wp-json\/wp\/v2\/product"}],"about":[{"href":"https:\/\/babylove.se\/no\/wp-json\/wp\/v2\/types\/product"}],"replies":[{"embeddable":true,"href":"https:\/\/babylove.se\/no\/wp-json\/wp\/v2\/comments?post=12759"}],"wp:featuredmedia":[{"embeddable":true,"href":"https:\/\/babylove.se\/no\/wp-json\/wp\/v2\/media\/12761"}],"wp:attachment":[{"href":"https:\/\/babylove.se\/no\/wp-json\/wp\/v2\/media?parent=12759"}],"wp:term":[{"taxonomy":"product_brand","embeddable":true,"href":"https:\/\/babylove.se\/no\/wp-json\/wp\/v2\/product_brand?post=12759"},{"taxonomy":"product_cat","embeddable":true,"href":"https:\/\/babylove.se\/no\/wp-json\/wp\/v2\/product_cat?post=12759"},{"taxonomy":"product_tag","embeddable":true,"href":"https:\/\/babylove.se\/no\/wp-json\/wp\/v2\/product_tag?post=12759"}],"curies":[{"name":"wp","href":"https:\/\/api.w.org\/{rel}","templated":true}]}}