{"id":12818,"date":"2025-07-18T21:28:03","date_gmt":"2025-07-18T20:28:03","guid":{"rendered":"https:\/\/babylove.se\/produkt\/cotton-sweets-boho-junior-nest\/"},"modified":"2026-04-08T08:55:50","modified_gmt":"2026-04-08T07:55:50","slug":"bomull-sotsaker-boho-junior-rede","status":"publish","type":"product","link":"https:\/\/babylove.se\/no\/produkt\/bomull-sotsaker-boho-junior-rede\/","title":{"rendered":"Cotton &#038; Sweets boho junior rede"},"content":{"rendered":"<p>Babynest modell st\u00f8rre = Juniornest! N\u00e5r barnet har blitt litt st\u00f8rre er dette juniornestet et utmerket produkt for \u00e5 bevare den vidunderlige f\u00f8lelsen fra et babynest.<\/p>\n<p>Fra popul\u00e6re Cotton &amp; Sweets kommer denne til \u00e5 fungere perfekt som en lekematte eller under sengehimmelen. Frynser tilf\u00f8rer det lille ekstra til barnerommets innredning og skaper en herlig bohof\u00f8lelse! Madrassen er laget av 100 % OEKO-TEX skumgummi, som ogs\u00e5 brukes til \u00e5 lage sengemadrasser til spedbarn.<\/p>\n<p>Vask er enkelt, bare \u00e5pne glidel\u00e5sen og ta ut madrassen samt puten som g\u00e5r rundt madrassen og vask deretter overtrekket i vaskemaskin p\u00e5 h\u00f8yst 30 grader.&nbsp;<\/p>\n<p><strong>M\u00e5l:&nbsp;<\/strong><\/p>\n<ul>\n<li>Liten: Diameter: 90 cm (+\/-) &nbsp;H\u00f8yde 14,5 cm (+\/-) &nbsp;Madrassh\u00f8yde: 3 cm<\/li>\n<li>Stor: Diameter: 110 cm (+\/-) &nbsp;H\u00f8yde 18 cm (+\/-) &nbsp;Madrassh\u00f8yde: 4 cm<\/li>\n<\/ul>\n<p><strong>Materiale<\/strong>: Stoff: 69% bomull 31% polyester. Frynser: 100% bomull.&nbsp;<\/p>\n<p>Designer: <a href=\"https:\/\/babylove.se\/varumarken\/cottonsweets\"><u>Cotton &amp; Sweets<\/u><\/a><\/p>\n","protected":false},"excerpt":{"rendered":"<p>Babynest modell st\u00f8rre = Juniornest! N\u00e5r barnet har blitt litt st\u00f8rre er dette juniornestet et utmerket produkt for \u00e5 bevare den vidunderlige f\u00f8lelsen fra et babynest. Fra popul\u00e6re Cotton &amp; Sweets kommer denne til \u00e5 fungere perfekt som en lekematte eller under sengehimmelen. Frynser tilf\u00f8rer det lille ekstra til barnerommets innredning og skaper en herlig [&hellip;]<\/p>\n","protected":false},"featured_media":12820,"comment_status":"closed","ping_status":"open","template":"","meta":{"_acf_changed":false},"product_brand":[143],"product_cat":[41,144,125,122],"product_tag":[1689],"class_list":{"0":"post-12818","1":"product","2":"type-product","3":"status-publish","4":"has-post-thumbnail","6":"product_brand-cotton-sweets","7":"product_cat-babytilbehor","8":"product_cat-cottonsweets","9":"product_cat-boho","10":"product_cat-myspolar","11":"product_tag-bestillingsvaror","12":"pa_diameter-110-cm","13":"pa_diameter-90-cm","15":"first","16":"instock","17":"taxable","18":"shipping-taxable","19":"purchasable","20":"product-type-variable"},"acf":[],"yoast_head":"<!-- This site is optimized with the Yoast SEO Premium plugin v25.8 (Yoast SEO v27.2) - https:\/\/yoast.com\/product\/yoast-seo-premium-wordpress\/ -->\n<title>Cotton &amp; Sweets boho junior rede - Babylove Norska<\/title>\n<meta name=\"robots\" content=\"noindex, follow, max-snippet:-1, max-image-preview:large, max-video-preview:-1\" \/>\n<meta property=\"og:locale\" content=\"nb_NO\" \/>\n<meta property=\"og:type\" content=\"article\" \/>\n<meta property=\"og:title\" content=\"Cotton &amp; Sweets boho junior rede\" \/>\n<meta property=\"og:description\" content=\"Babynest modell st\u00f8rre = Juniornest! N\u00e5r barnet har blitt litt st\u00f8rre er dette juniornestet et utmerket produkt for \u00e5 bevare den vidunderlige f\u00f8lelsen fra et babynest. Fra popul\u00e6re Cotton &amp; Sweets kommer denne til \u00e5 fungere perfekt som en lekematte eller under sengehimmelen. Frynser tilf\u00f8rer det lille ekstra til barnerommets innredning og skaper en herlig [&hellip;]\" \/>\n<meta property=\"og:url\" content=\"https:\/\/babylove.se\/no\/produkt\/bomull-sotsaker-boho-junior-rede\/\" \/>\n<meta property=\"og:site_name\" content=\"Babylove Norska\" \/>\n<meta property=\"article:modified_time\" content=\"2026-04-08T07:55:50+00:00\" \/>\n<meta property=\"og:image\" content=\"https:\/\/babylove.se\/no\/wp-content\/uploads\/sites\/3\/2025\/07\/5d2cc77b664dd.jpeg\" \/>\n\t<meta property=\"og:image:width\" content=\"750\" \/>\n\t<meta property=\"og:image:height\" content=\"750\" \/>\n\t<meta property=\"og:image:type\" content=\"image\/jpeg\" \/>\n<meta name=\"twitter:card\" content=\"summary_large_image\" \/>\n<meta name=\"twitter:label1\" content=\"Availability\" \/>\n\t<meta name=\"twitter:data1\" content=\"In stock\" \/>\n<script type=\"application\/ld+json\" class=\"yoast-schema-graph\">{\"@context\":\"https:\/\/schema.org\",\"@graph\":[{\"@type\":\"WebPage\",\"@id\":\"https:\/\/babylove.se\/no\/produkt\/bomull-sotsaker-boho-junior-rede\/\",\"url\":\"https:\/\/babylove.se\/no\/produkt\/bomull-sotsaker-boho-junior-rede\/\",\"name\":\"Cotton & Sweets boho junior rede - Babylove Norska\",\"isPartOf\":{\"@id\":\"https:\/\/babylove.se\/no\/#website\"},\"primaryImageOfPage\":{\"@id\":\"https:\/\/babylove.se\/no\/produkt\/bomull-sotsaker-boho-junior-rede\/#primaryimage\"},\"image\":{\"@id\":\"https:\/\/babylove.se\/no\/produkt\/bomull-sotsaker-boho-junior-rede\/#primaryimage\"},\"thumbnailUrl\":\"https:\/\/babylove.se\/no\/wp-content\/uploads\/sites\/3\/2025\/07\/5d2cc77b664dd.jpeg\",\"datePublished\":\"2025-07-18T20:28:03+00:00\",\"dateModified\":\"2026-04-08T07:55:50+00:00\",\"breadcrumb\":{\"@id\":\"https:\/\/babylove.se\/no\/produkt\/bomull-sotsaker-boho-junior-rede\/#breadcrumb\"},\"inLanguage\":\"nb-NO\",\"potentialAction\":[{\"@type\":\"ReadAction\",\"target\":[\"https:\/\/babylove.se\/no\/produkt\/bomull-sotsaker-boho-junior-rede\/\"]}]},{\"@type\":\"ImageObject\",\"inLanguage\":\"nb-NO\",\"@id\":\"https:\/\/babylove.se\/no\/produkt\/bomull-sotsaker-boho-junior-rede\/#primaryimage\",\"url\":\"https:\/\/babylove.se\/no\/wp-content\/uploads\/sites\/3\/2025\/07\/5d2cc77b664dd.jpeg\",\"contentUrl\":\"https:\/\/babylove.se\/no\/wp-content\/uploads\/sites\/3\/2025\/07\/5d2cc77b664dd.jpeg\",\"width\":750,\"height\":750},{\"@type\":\"BreadcrumbList\",\"@id\":\"https:\/\/babylove.se\/no\/produkt\/bomull-sotsaker-boho-junior-rede\/#breadcrumb\",\"itemListElement\":[{\"@type\":\"ListItem\",\"position\":1,\"name\":\"Hem\",\"item\":\"https:\/\/babylove.se\/no\/\"},{\"@type\":\"ListItem\",\"position\":2,\"name\":\"Butik\",\"item\":\"https:\/\/babylove.se\/no\/butik\/\"},{\"@type\":\"ListItem\",\"position\":3,\"name\":\"Cotton &#038; Sweets boho junior rede\"}]},{\"@type\":\"WebSite\",\"@id\":\"https:\/\/babylove.se\/no\/#website\",\"url\":\"https:\/\/babylove.se\/no\/\",\"name\":\"Babylove Norska\",\"description\":\"\",\"potentialAction\":[{\"@type\":\"SearchAction\",\"target\":{\"@type\":\"EntryPoint\",\"urlTemplate\":\"https:\/\/babylove.se\/no\/?s={search_term_string}\"},\"query-input\":{\"@type\":\"PropertyValueSpecification\",\"valueRequired\":true,\"valueName\":\"search_term_string\"}}],\"inLanguage\":\"nb-NO\"}]}<\/script>\n<meta property=\"product:brand\" content=\"Cotton &amp; Sweets\" \/>\n<meta property=\"og:availability\" content=\"instock\" \/>\n<meta property=\"product:availability\" content=\"instock\" \/>\n<meta property=\"product:retailer_item_id\" content=\"BH29351\" \/>\n<meta property=\"product:condition\" content=\"new\" \/>\n<!-- \/ Yoast SEO Premium plugin. -->","yoast_head_json":{"title":"Cotton & Sweets boho junior rede - Babylove Norska","robots":{"index":"noindex","follow":"follow","max-snippet":"max-snippet:-1","max-image-preview":"max-image-preview:large","max-video-preview":"max-video-preview:-1"},"og_locale":"nb_NO","og_type":"article","og_title":"Cotton & Sweets boho junior rede","og_description":"Babynest modell st\u00f8rre = Juniornest! N\u00e5r barnet har blitt litt st\u00f8rre er dette juniornestet et utmerket produkt for \u00e5 bevare den vidunderlige f\u00f8lelsen fra et babynest. Fra popul\u00e6re Cotton &amp; Sweets kommer denne til \u00e5 fungere perfekt som en lekematte eller under sengehimmelen. Frynser tilf\u00f8rer det lille ekstra til barnerommets innredning og skaper en herlig [&hellip;]","og_url":"https:\/\/babylove.se\/no\/produkt\/bomull-sotsaker-boho-junior-rede\/","og_site_name":"Babylove Norska","article_modified_time":"2026-04-08T07:55:50+00:00","og_image":[{"width":750,"height":750,"url":"https:\/\/babylove.se\/no\/wp-content\/uploads\/sites\/3\/2025\/07\/5d2cc77b664dd.jpeg","type":"image\/jpeg"}],"twitter_card":"summary_large_image","twitter_misc":{"Availability":"In stock"},"schema":{"@context":"https:\/\/schema.org","@graph":[{"@type":"WebPage","@id":"https:\/\/babylove.se\/no\/produkt\/bomull-sotsaker-boho-junior-rede\/","url":"https:\/\/babylove.se\/no\/produkt\/bomull-sotsaker-boho-junior-rede\/","name":"Cotton & Sweets boho junior rede - Babylove Norska","isPartOf":{"@id":"https:\/\/babylove.se\/no\/#website"},"primaryImageOfPage":{"@id":"https:\/\/babylove.se\/no\/produkt\/bomull-sotsaker-boho-junior-rede\/#primaryimage"},"image":{"@id":"https:\/\/babylove.se\/no\/produkt\/bomull-sotsaker-boho-junior-rede\/#primaryimage"},"thumbnailUrl":"https:\/\/babylove.se\/no\/wp-content\/uploads\/sites\/3\/2025\/07\/5d2cc77b664dd.jpeg","datePublished":"2025-07-18T20:28:03+00:00","dateModified":"2026-04-08T07:55:50+00:00","breadcrumb":{"@id":"https:\/\/babylove.se\/no\/produkt\/bomull-sotsaker-boho-junior-rede\/#breadcrumb"},"inLanguage":"nb-NO","potentialAction":[{"@type":"ReadAction","target":["https:\/\/babylove.se\/no\/produkt\/bomull-sotsaker-boho-junior-rede\/"]}]},{"@type":"ImageObject","inLanguage":"nb-NO","@id":"https:\/\/babylove.se\/no\/produkt\/bomull-sotsaker-boho-junior-rede\/#primaryimage","url":"https:\/\/babylove.se\/no\/wp-content\/uploads\/sites\/3\/2025\/07\/5d2cc77b664dd.jpeg","contentUrl":"https:\/\/babylove.se\/no\/wp-content\/uploads\/sites\/3\/2025\/07\/5d2cc77b664dd.jpeg","width":750,"height":750},{"@type":"BreadcrumbList","@id":"https:\/\/babylove.se\/no\/produkt\/bomull-sotsaker-boho-junior-rede\/#breadcrumb","itemListElement":[{"@type":"ListItem","position":1,"name":"Hem","item":"https:\/\/babylove.se\/no\/"},{"@type":"ListItem","position":2,"name":"Butik","item":"https:\/\/babylove.se\/no\/butik\/"},{"@type":"ListItem","position":3,"name":"Cotton &#038; Sweets boho junior rede"}]},{"@type":"WebSite","@id":"https:\/\/babylove.se\/no\/#website","url":"https:\/\/babylove.se\/no\/","name":"Babylove Norska","description":"","potentialAction":[{"@type":"SearchAction","target":{"@type":"EntryPoint","urlTemplate":"https:\/\/babylove.se\/no\/?s={search_term_string}"},"query-input":{"@type":"PropertyValueSpecification","valueRequired":true,"valueName":"search_term_string"}}],"inLanguage":"nb-NO"}]},"product_brand":"Cotton &amp; Sweets","og_availability":"instock","product_availability":"instock","product_retailer_item_id":"BH29351","product_condition":"new"},"_links":{"self":[{"href":"https:\/\/babylove.se\/no\/wp-json\/wp\/v2\/product\/12818","targetHints":{"allow":["GET"]}}],"collection":[{"href":"https:\/\/babylove.se\/no\/wp-json\/wp\/v2\/product"}],"about":[{"href":"https:\/\/babylove.se\/no\/wp-json\/wp\/v2\/types\/product"}],"replies":[{"embeddable":true,"href":"https:\/\/babylove.se\/no\/wp-json\/wp\/v2\/comments?post=12818"}],"wp:featuredmedia":[{"embeddable":true,"href":"https:\/\/babylove.se\/no\/wp-json\/wp\/v2\/media\/12820"}],"wp:attachment":[{"href":"https:\/\/babylove.se\/no\/wp-json\/wp\/v2\/media?parent=12818"}],"wp:term":[{"taxonomy":"product_brand","embeddable":true,"href":"https:\/\/babylove.se\/no\/wp-json\/wp\/v2\/product_brand?post=12818"},{"taxonomy":"product_cat","embeddable":true,"href":"https:\/\/babylove.se\/no\/wp-json\/wp\/v2\/product_cat?post=12818"},{"taxonomy":"product_tag","embeddable":true,"href":"https:\/\/babylove.se\/no\/wp-json\/wp\/v2\/product_tag?post=12818"}],"curies":[{"name":"wp","href":"https:\/\/api.w.org\/{rel}","templated":true}]}}