{"id":12871,"date":"2025-07-18T21:28:27","date_gmt":"2025-07-18T20:28:27","guid":{"rendered":"https:\/\/babylove.se\/produkt\/bilbana-klistermarke-till-ikea-lack-sidobord\/"},"modified":"2026-04-08T08:56:14","modified_gmt":"2026-04-08T07:56:14","slug":"bilbane-klistremerke-til-ikea-lack-sidobord","status":"publish","type":"product","link":"https:\/\/babylove.se\/no\/produkt\/bilbane-klistremerke-til-ikea-lack-sidobord\/","title":{"rendered":"Bilbane klistremerke til Ikea Lack sidebord"},"content":{"rendered":"<p>Supersmart klistremerke i form av en bilbane som passer perfekt til for eksempel Ikea Lack sidebord.<\/p>\n<p>Ikeas Lack er en klassiker som finnes i mange barnerom resan. Dette klistremerket kommer til \u00e5 gj\u00f8re lekestundene enda morsommere, p\u00e5 en smart og rimelig m\u00e5te!<\/p>\n<p><strong>M\u00e5l<\/strong>: 54 x 54 cm. Helt tilpasset til Ikea Lack sidebord.<\/p>\n<p><strong>Materiale<\/strong>: Vinyl<\/p>\n<p><em>OBS! S\u00f8rg for at overflaten er t\u00f8rr og avfettet f\u00f8r du setter opp vegklistremerket. Fungerer ikke p\u00e5 ujevne vegger\/overflater. Klistremerkene er heller ikke egnet for vegger med en grov overflate eller hvis de er malt med lateksfarger eller tapetserte. Vegklistremerkene m\u00e5 v\u00e6re flate og ofte ligge og rettes ut minst 24 timer etter man har tatt dem ut fra emballasjen f\u00f8r man kan sette dem opp p\u00e5 veggen.<\/em><\/p>\n<p>Designer: <a href=\"https:\/\/babylove.se\/varumarken\/babylove\">Babylove<\/a><\/p>\n","protected":false},"excerpt":{"rendered":"<p>Supersmart klistremerke i form av en bilbane som passer perfekt til for eksempel Ikea Lack sidebord. Ikeas Lack er en klassiker som finnes i mange barnerom resan. Dette klistremerket kommer til \u00e5 gj\u00f8re lekestundene enda morsommere, p\u00e5 en smart og rimelig m\u00e5te! M\u00e5l: 54 x 54 cm. Helt tilpasset til Ikea Lack sidebord. Materiale: Vinyl [&hellip;]<\/p>\n","protected":false},"featured_media":12873,"comment_status":"closed","ping_status":"open","template":"","meta":{"_acf_changed":false},"product_brand":[22],"product_cat":[84,24],"product_tag":[],"class_list":{"0":"post-12871","1":"product","2":"type-product","3":"status-publish","4":"has-post-thumbnail","6":"product_brand-babylove","7":"product_cat-babylove","8":"product_cat-veggklistremerker","10":"first","11":"outofstock","12":"taxable","13":"shipping-taxable","14":"purchasable","15":"product-type-simple"},"acf":[],"yoast_head":"<!-- This site is optimized with the Yoast SEO Premium plugin v25.8 (Yoast SEO v27.2) - https:\/\/yoast.com\/product\/yoast-seo-premium-wordpress\/ -->\n<title>Bilbane klistremerke til Ikea Lack sidebord - Babylove Norska<\/title>\n<meta name=\"robots\" content=\"noindex, follow, max-snippet:-1, max-image-preview:large, max-video-preview:-1\" \/>\n<meta property=\"og:locale\" content=\"nb_NO\" \/>\n<meta property=\"og:type\" content=\"article\" \/>\n<meta property=\"og:title\" content=\"Bilbane klistremerke til Ikea Lack sidebord\" \/>\n<meta property=\"og:description\" content=\"Supersmart klistremerke i form av en bilbane som passer perfekt til for eksempel Ikea Lack sidebord. Ikeas Lack er en klassiker som finnes i mange barnerom resan. Dette klistremerket kommer til \u00e5 gj\u00f8re lekestundene enda morsommere, p\u00e5 en smart og rimelig m\u00e5te! M\u00e5l: 54 x 54 cm. Helt tilpasset til Ikea Lack sidebord. Materiale: Vinyl [&hellip;]\" \/>\n<meta property=\"og:url\" content=\"https:\/\/babylove.se\/no\/produkt\/bilbane-klistremerke-til-ikea-lack-sidobord\/\" \/>\n<meta property=\"og:site_name\" content=\"Babylove Norska\" \/>\n<meta property=\"article:modified_time\" content=\"2026-04-08T07:56:14+00:00\" \/>\n<meta property=\"og:image\" content=\"https:\/\/babylove.se\/no\/wp-content\/uploads\/sites\/3\/2025\/07\/5d4830a449f3f.jpeg\" \/>\n\t<meta property=\"og:image:width\" content=\"750\" \/>\n\t<meta property=\"og:image:height\" content=\"586\" \/>\n\t<meta property=\"og:image:type\" content=\"image\/jpeg\" \/>\n<meta name=\"twitter:card\" content=\"summary_large_image\" \/>\n<meta name=\"twitter:label1\" content=\"Price\" \/>\n\t<meta name=\"twitter:data1\" content=\"149,00&nbsp;&#107;&#114;\" \/>\n\t<meta name=\"twitter:label2\" content=\"Availability\" \/>\n\t<meta name=\"twitter:data2\" content=\"Out of stock\" \/>\n<script type=\"application\/ld+json\" class=\"yoast-schema-graph\">{\"@context\":\"https:\/\/schema.org\",\"@graph\":[{\"@type\":\"WebPage\",\"@id\":\"https:\/\/babylove.se\/no\/produkt\/bilbane-klistremerke-til-ikea-lack-sidobord\/\",\"url\":\"https:\/\/babylove.se\/no\/produkt\/bilbane-klistremerke-til-ikea-lack-sidobord\/\",\"name\":\"Bilbane klistremerke til Ikea Lack sidebord - Babylove Norska\",\"isPartOf\":{\"@id\":\"https:\/\/babylove.se\/no\/#website\"},\"primaryImageOfPage\":{\"@id\":\"https:\/\/babylove.se\/no\/produkt\/bilbane-klistremerke-til-ikea-lack-sidobord\/#primaryimage\"},\"image\":{\"@id\":\"https:\/\/babylove.se\/no\/produkt\/bilbane-klistremerke-til-ikea-lack-sidobord\/#primaryimage\"},\"thumbnailUrl\":\"https:\/\/babylove.se\/no\/wp-content\/uploads\/sites\/3\/2025\/07\/5d4830a449f3f.jpeg\",\"datePublished\":\"2025-07-18T20:28:27+00:00\",\"dateModified\":\"2026-04-08T07:56:14+00:00\",\"breadcrumb\":{\"@id\":\"https:\/\/babylove.se\/no\/produkt\/bilbane-klistremerke-til-ikea-lack-sidobord\/#breadcrumb\"},\"inLanguage\":\"nb-NO\",\"potentialAction\":[{\"@type\":\"ReadAction\",\"target\":[\"https:\/\/babylove.se\/no\/produkt\/bilbane-klistremerke-til-ikea-lack-sidobord\/\"]}]},{\"@type\":\"ImageObject\",\"inLanguage\":\"nb-NO\",\"@id\":\"https:\/\/babylove.se\/no\/produkt\/bilbane-klistremerke-til-ikea-lack-sidobord\/#primaryimage\",\"url\":\"https:\/\/babylove.se\/no\/wp-content\/uploads\/sites\/3\/2025\/07\/5d4830a449f3f.jpeg\",\"contentUrl\":\"https:\/\/babylove.se\/no\/wp-content\/uploads\/sites\/3\/2025\/07\/5d4830a449f3f.jpeg\",\"width\":750,\"height\":586},{\"@type\":\"BreadcrumbList\",\"@id\":\"https:\/\/babylove.se\/no\/produkt\/bilbane-klistremerke-til-ikea-lack-sidobord\/#breadcrumb\",\"itemListElement\":[{\"@type\":\"ListItem\",\"position\":1,\"name\":\"Hem\",\"item\":\"https:\/\/babylove.se\/no\/\"},{\"@type\":\"ListItem\",\"position\":2,\"name\":\"Butik\",\"item\":\"https:\/\/babylove.se\/no\/butik\/\"},{\"@type\":\"ListItem\",\"position\":3,\"name\":\"Bilbane klistremerke til Ikea Lack sidebord\"}]},{\"@type\":\"WebSite\",\"@id\":\"https:\/\/babylove.se\/no\/#website\",\"url\":\"https:\/\/babylove.se\/no\/\",\"name\":\"Babylove Norska\",\"description\":\"\",\"potentialAction\":[{\"@type\":\"SearchAction\",\"target\":{\"@type\":\"EntryPoint\",\"urlTemplate\":\"https:\/\/babylove.se\/no\/?s={search_term_string}\"},\"query-input\":{\"@type\":\"PropertyValueSpecification\",\"valueRequired\":true,\"valueName\":\"search_term_string\"}}],\"inLanguage\":\"nb-NO\"}]}<\/script>\n<meta property=\"product:brand\" content=\"Babylove\" \/>\n<meta property=\"product:price:amount\" content=\"149.00\" \/>\n<meta property=\"product:price:currency\" content=\"SEK\" \/>\n<meta property=\"og:availability\" content=\"out of stock\" \/>\n<meta property=\"product:availability\" content=\"out of stock\" \/>\n<meta property=\"product:retailer_item_id\" content=\"DD00001947\" \/>\n<meta property=\"product:condition\" content=\"new\" \/>\n<!-- \/ Yoast SEO Premium plugin. -->","yoast_head_json":{"title":"Bilbane klistremerke til Ikea Lack sidebord - Babylove Norska","robots":{"index":"noindex","follow":"follow","max-snippet":"max-snippet:-1","max-image-preview":"max-image-preview:large","max-video-preview":"max-video-preview:-1"},"og_locale":"nb_NO","og_type":"article","og_title":"Bilbane klistremerke til Ikea Lack sidebord","og_description":"Supersmart klistremerke i form av en bilbane som passer perfekt til for eksempel Ikea Lack sidebord. Ikeas Lack er en klassiker som finnes i mange barnerom resan. Dette klistremerket kommer til \u00e5 gj\u00f8re lekestundene enda morsommere, p\u00e5 en smart og rimelig m\u00e5te! M\u00e5l: 54 x 54 cm. Helt tilpasset til Ikea Lack sidebord. Materiale: Vinyl [&hellip;]","og_url":"https:\/\/babylove.se\/no\/produkt\/bilbane-klistremerke-til-ikea-lack-sidobord\/","og_site_name":"Babylove Norska","article_modified_time":"2026-04-08T07:56:14+00:00","og_image":[{"width":750,"height":586,"url":"https:\/\/babylove.se\/no\/wp-content\/uploads\/sites\/3\/2025\/07\/5d4830a449f3f.jpeg","type":"image\/jpeg"}],"twitter_card":"summary_large_image","twitter_misc":{"Price":"149,00&nbsp;&#107;&#114;","Availability":"Out of stock"},"schema":{"@context":"https:\/\/schema.org","@graph":[{"@type":"WebPage","@id":"https:\/\/babylove.se\/no\/produkt\/bilbane-klistremerke-til-ikea-lack-sidobord\/","url":"https:\/\/babylove.se\/no\/produkt\/bilbane-klistremerke-til-ikea-lack-sidobord\/","name":"Bilbane klistremerke til Ikea Lack sidebord - Babylove Norska","isPartOf":{"@id":"https:\/\/babylove.se\/no\/#website"},"primaryImageOfPage":{"@id":"https:\/\/babylove.se\/no\/produkt\/bilbane-klistremerke-til-ikea-lack-sidobord\/#primaryimage"},"image":{"@id":"https:\/\/babylove.se\/no\/produkt\/bilbane-klistremerke-til-ikea-lack-sidobord\/#primaryimage"},"thumbnailUrl":"https:\/\/babylove.se\/no\/wp-content\/uploads\/sites\/3\/2025\/07\/5d4830a449f3f.jpeg","datePublished":"2025-07-18T20:28:27+00:00","dateModified":"2026-04-08T07:56:14+00:00","breadcrumb":{"@id":"https:\/\/babylove.se\/no\/produkt\/bilbane-klistremerke-til-ikea-lack-sidobord\/#breadcrumb"},"inLanguage":"nb-NO","potentialAction":[{"@type":"ReadAction","target":["https:\/\/babylove.se\/no\/produkt\/bilbane-klistremerke-til-ikea-lack-sidobord\/"]}]},{"@type":"ImageObject","inLanguage":"nb-NO","@id":"https:\/\/babylove.se\/no\/produkt\/bilbane-klistremerke-til-ikea-lack-sidobord\/#primaryimage","url":"https:\/\/babylove.se\/no\/wp-content\/uploads\/sites\/3\/2025\/07\/5d4830a449f3f.jpeg","contentUrl":"https:\/\/babylove.se\/no\/wp-content\/uploads\/sites\/3\/2025\/07\/5d4830a449f3f.jpeg","width":750,"height":586},{"@type":"BreadcrumbList","@id":"https:\/\/babylove.se\/no\/produkt\/bilbane-klistremerke-til-ikea-lack-sidobord\/#breadcrumb","itemListElement":[{"@type":"ListItem","position":1,"name":"Hem","item":"https:\/\/babylove.se\/no\/"},{"@type":"ListItem","position":2,"name":"Butik","item":"https:\/\/babylove.se\/no\/butik\/"},{"@type":"ListItem","position":3,"name":"Bilbane klistremerke til Ikea Lack sidebord"}]},{"@type":"WebSite","@id":"https:\/\/babylove.se\/no\/#website","url":"https:\/\/babylove.se\/no\/","name":"Babylove Norska","description":"","potentialAction":[{"@type":"SearchAction","target":{"@type":"EntryPoint","urlTemplate":"https:\/\/babylove.se\/no\/?s={search_term_string}"},"query-input":{"@type":"PropertyValueSpecification","valueRequired":true,"valueName":"search_term_string"}}],"inLanguage":"nb-NO"}]},"product_brand":"Babylove","product_price_amount":"149.00","product_price_currency":"SEK","og_availability":"out of stock","product_availability":"out of stock","product_retailer_item_id":"DD00001947","product_condition":"new"},"_links":{"self":[{"href":"https:\/\/babylove.se\/no\/wp-json\/wp\/v2\/product\/12871","targetHints":{"allow":["GET"]}}],"collection":[{"href":"https:\/\/babylove.se\/no\/wp-json\/wp\/v2\/product"}],"about":[{"href":"https:\/\/babylove.se\/no\/wp-json\/wp\/v2\/types\/product"}],"replies":[{"embeddable":true,"href":"https:\/\/babylove.se\/no\/wp-json\/wp\/v2\/comments?post=12871"}],"wp:featuredmedia":[{"embeddable":true,"href":"https:\/\/babylove.se\/no\/wp-json\/wp\/v2\/media\/12873"}],"wp:attachment":[{"href":"https:\/\/babylove.se\/no\/wp-json\/wp\/v2\/media?parent=12871"}],"wp:term":[{"taxonomy":"product_brand","embeddable":true,"href":"https:\/\/babylove.se\/no\/wp-json\/wp\/v2\/product_brand?post=12871"},{"taxonomy":"product_cat","embeddable":true,"href":"https:\/\/babylove.se\/no\/wp-json\/wp\/v2\/product_cat?post=12871"},{"taxonomy":"product_tag","embeddable":true,"href":"https:\/\/babylove.se\/no\/wp-json\/wp\/v2\/product_tag?post=12871"}],"curies":[{"name":"wp","href":"https:\/\/api.w.org\/{rel}","templated":true}]}}