{"id":12875,"date":"2025-07-18T21:28:27","date_gmt":"2025-07-18T20:28:27","guid":{"rendered":"https:\/\/babylove.se\/produkt\/safari-klistermarke-till-ikea-lack-sidobord\/"},"modified":"2026-04-08T08:56:16","modified_gmt":"2026-04-08T07:56:16","slug":"safari-klistremerke-til-ikea-lack-sidebord","status":"publish","type":"product","link":"https:\/\/babylove.se\/no\/produkt\/safari-klistremerke-til-ikea-lack-sidebord\/","title":{"rendered":"Safari klistremerke til Ikea Lack sidebord"},"content":{"rendered":"<p>Supersmart klistremerke safari som passer perfekt til for eksempel Ikea Lack sidebord.<\/p>\n<p>Ikeas Lack er en klassiker som finnes i mange barnerom verden rundt. Dette klistremerket vil gj\u00f8re lekestundene enda morsommere, p\u00e5 en smart og rimelig m\u00e5te!<\/p>\n<p><strong>M\u00e5l<\/strong>: 54 x 54 cm. Helt tilpasset til Ikea Lack sidebord.<\/p>\n<p><strong>Material<\/strong>: Vinyl<\/p>\n<p><em>OBS! S\u00f8rg for at overflaten er t\u00f8rr og avfettet f\u00f8r du setter opp veggklistremerket. Fungerer ikke p\u00e5 ujevne vegger\/overflater. Klistremerkene er heller ikke egnet for vegger med en grov overflate eller hvis de er malt med lateksfarger eller tapetsert. Veggklistremerkene m\u00e5 v\u00e6re flate og ofte ligge og rettes ut minst 24 timer etter man har tatt dem ut fra emballasjen f\u00f8r man kan sette dem opp p\u00e5 veggen.<\/em><\/p>\n<p>Designer: <a href=\"https:\/\/babylove.se\/varumarken\/babylove\">Babylove<\/a><\/p>\n","protected":false},"excerpt":{"rendered":"<p>Supersmart klistremerke safari som passer perfekt til for eksempel Ikea Lack sidebord. Ikeas Lack er en klassiker som finnes i mange barnerom verden rundt. Dette klistremerket vil gj\u00f8re lekestundene enda morsommere, p\u00e5 en smart og rimelig m\u00e5te! M\u00e5l: 54 x 54 cm. Helt tilpasset til Ikea Lack sidebord. Material: Vinyl OBS! S\u00f8rg for at overflaten [&hellip;]<\/p>\n","protected":false},"featured_media":12877,"comment_status":"closed","ping_status":"open","template":"","meta":{"_acf_changed":false},"product_brand":[22],"product_cat":[84,24],"product_tag":[1709],"class_list":{"0":"post-12875","1":"product","2":"type-product","3":"status-publish","4":"has-post-thumbnail","6":"product_brand-babylove","7":"product_cat-babylove","8":"product_cat-veggklistremerker","9":"product_tag-utforsalg","11":"first","12":"instock","13":"taxable","14":"shipping-taxable","15":"purchasable","16":"product-type-simple"},"acf":[],"yoast_head":"<!-- This site is optimized with the Yoast SEO Premium plugin v25.8 (Yoast SEO v27.2) - https:\/\/yoast.com\/product\/yoast-seo-premium-wordpress\/ -->\n<title>Safari klistremerke til Ikea Lack sidebord - Babylove Norska<\/title>\n<meta name=\"robots\" content=\"noindex, follow, max-snippet:-1, max-image-preview:large, max-video-preview:-1\" \/>\n<meta property=\"og:locale\" content=\"nb_NO\" \/>\n<meta property=\"og:type\" content=\"article\" \/>\n<meta property=\"og:title\" content=\"Safari klistremerke til Ikea Lack sidebord\" \/>\n<meta property=\"og:description\" content=\"Supersmart klistremerke safari som passer perfekt til for eksempel Ikea Lack sidebord. Ikeas Lack er en klassiker som finnes i mange barnerom verden rundt. Dette klistremerket vil gj\u00f8re lekestundene enda morsommere, p\u00e5 en smart og rimelig m\u00e5te! M\u00e5l: 54 x 54 cm. Helt tilpasset til Ikea Lack sidebord. Material: Vinyl OBS! S\u00f8rg for at overflaten [&hellip;]\" \/>\n<meta property=\"og:url\" content=\"https:\/\/babylove.se\/no\/produkt\/safari-klistremerke-til-ikea-lack-sidebord\/\" \/>\n<meta property=\"og:site_name\" content=\"Babylove Norska\" \/>\n<meta property=\"article:modified_time\" content=\"2026-04-08T07:56:16+00:00\" \/>\n<meta property=\"og:image\" content=\"https:\/\/babylove.se\/no\/wp-content\/uploads\/sites\/3\/2025\/07\/5d483b24970a1.jpeg\" \/>\n\t<meta property=\"og:image:width\" content=\"750\" \/>\n\t<meta property=\"og:image:height\" content=\"750\" \/>\n\t<meta property=\"og:image:type\" content=\"image\/jpeg\" \/>\n<meta name=\"twitter:card\" content=\"summary_large_image\" \/>\n<meta name=\"twitter:label1\" content=\"Price\" \/>\n\t<meta name=\"twitter:data1\" content=\"99,00&nbsp;&#107;&#114;\" \/>\n\t<meta name=\"twitter:label2\" content=\"Availability\" \/>\n\t<meta name=\"twitter:data2\" content=\"In stock\" \/>\n<script type=\"application\/ld+json\" class=\"yoast-schema-graph\">{\"@context\":\"https:\/\/schema.org\",\"@graph\":[{\"@type\":\"WebPage\",\"@id\":\"https:\/\/babylove.se\/no\/produkt\/safari-klistremerke-til-ikea-lack-sidebord\/\",\"url\":\"https:\/\/babylove.se\/no\/produkt\/safari-klistremerke-til-ikea-lack-sidebord\/\",\"name\":\"Safari klistremerke til Ikea Lack sidebord - Babylove Norska\",\"isPartOf\":{\"@id\":\"https:\/\/babylove.se\/no\/#website\"},\"primaryImageOfPage\":{\"@id\":\"https:\/\/babylove.se\/no\/produkt\/safari-klistremerke-til-ikea-lack-sidebord\/#primaryimage\"},\"image\":{\"@id\":\"https:\/\/babylove.se\/no\/produkt\/safari-klistremerke-til-ikea-lack-sidebord\/#primaryimage\"},\"thumbnailUrl\":\"https:\/\/babylove.se\/no\/wp-content\/uploads\/sites\/3\/2025\/07\/5d483b24970a1.jpeg\",\"datePublished\":\"2025-07-18T20:28:27+00:00\",\"dateModified\":\"2026-04-08T07:56:16+00:00\",\"breadcrumb\":{\"@id\":\"https:\/\/babylove.se\/no\/produkt\/safari-klistremerke-til-ikea-lack-sidebord\/#breadcrumb\"},\"inLanguage\":\"nb-NO\",\"potentialAction\":[{\"@type\":\"ReadAction\",\"target\":[\"https:\/\/babylove.se\/no\/produkt\/safari-klistremerke-til-ikea-lack-sidebord\/\"]}]},{\"@type\":\"ImageObject\",\"inLanguage\":\"nb-NO\",\"@id\":\"https:\/\/babylove.se\/no\/produkt\/safari-klistremerke-til-ikea-lack-sidebord\/#primaryimage\",\"url\":\"https:\/\/babylove.se\/no\/wp-content\/uploads\/sites\/3\/2025\/07\/5d483b24970a1.jpeg\",\"contentUrl\":\"https:\/\/babylove.se\/no\/wp-content\/uploads\/sites\/3\/2025\/07\/5d483b24970a1.jpeg\",\"width\":750,\"height\":750},{\"@type\":\"BreadcrumbList\",\"@id\":\"https:\/\/babylove.se\/no\/produkt\/safari-klistremerke-til-ikea-lack-sidebord\/#breadcrumb\",\"itemListElement\":[{\"@type\":\"ListItem\",\"position\":1,\"name\":\"Hem\",\"item\":\"https:\/\/babylove.se\/no\/\"},{\"@type\":\"ListItem\",\"position\":2,\"name\":\"Butik\",\"item\":\"https:\/\/babylove.se\/no\/butik\/\"},{\"@type\":\"ListItem\",\"position\":3,\"name\":\"Safari klistremerke til Ikea Lack sidebord\"}]},{\"@type\":\"WebSite\",\"@id\":\"https:\/\/babylove.se\/no\/#website\",\"url\":\"https:\/\/babylove.se\/no\/\",\"name\":\"Babylove Norska\",\"description\":\"\",\"potentialAction\":[{\"@type\":\"SearchAction\",\"target\":{\"@type\":\"EntryPoint\",\"urlTemplate\":\"https:\/\/babylove.se\/no\/?s={search_term_string}\"},\"query-input\":{\"@type\":\"PropertyValueSpecification\",\"valueRequired\":true,\"valueName\":\"search_term_string\"}}],\"inLanguage\":\"nb-NO\"}]}<\/script>\n<meta property=\"product:brand\" content=\"Babylove\" \/>\n<meta property=\"product:price:amount\" content=\"99.00\" \/>\n<meta property=\"product:price:currency\" content=\"SEK\" \/>\n<meta property=\"og:availability\" content=\"instock\" \/>\n<meta property=\"product:availability\" content=\"instock\" \/>\n<meta property=\"product:retailer_item_id\" content=\"DD00001948\" \/>\n<meta property=\"product:condition\" content=\"new\" \/>\n<!-- \/ Yoast SEO Premium plugin. -->","yoast_head_json":{"title":"Safari klistremerke til Ikea Lack sidebord - Babylove Norska","robots":{"index":"noindex","follow":"follow","max-snippet":"max-snippet:-1","max-image-preview":"max-image-preview:large","max-video-preview":"max-video-preview:-1"},"og_locale":"nb_NO","og_type":"article","og_title":"Safari klistremerke til Ikea Lack sidebord","og_description":"Supersmart klistremerke safari som passer perfekt til for eksempel Ikea Lack sidebord. Ikeas Lack er en klassiker som finnes i mange barnerom verden rundt. Dette klistremerket vil gj\u00f8re lekestundene enda morsommere, p\u00e5 en smart og rimelig m\u00e5te! M\u00e5l: 54 x 54 cm. Helt tilpasset til Ikea Lack sidebord. Material: Vinyl OBS! S\u00f8rg for at overflaten [&hellip;]","og_url":"https:\/\/babylove.se\/no\/produkt\/safari-klistremerke-til-ikea-lack-sidebord\/","og_site_name":"Babylove Norska","article_modified_time":"2026-04-08T07:56:16+00:00","og_image":[{"width":750,"height":750,"url":"https:\/\/babylove.se\/no\/wp-content\/uploads\/sites\/3\/2025\/07\/5d483b24970a1.jpeg","type":"image\/jpeg"}],"twitter_card":"summary_large_image","twitter_misc":{"Price":"99,00&nbsp;&#107;&#114;","Availability":"In stock"},"schema":{"@context":"https:\/\/schema.org","@graph":[{"@type":"WebPage","@id":"https:\/\/babylove.se\/no\/produkt\/safari-klistremerke-til-ikea-lack-sidebord\/","url":"https:\/\/babylove.se\/no\/produkt\/safari-klistremerke-til-ikea-lack-sidebord\/","name":"Safari klistremerke til Ikea Lack sidebord - Babylove Norska","isPartOf":{"@id":"https:\/\/babylove.se\/no\/#website"},"primaryImageOfPage":{"@id":"https:\/\/babylove.se\/no\/produkt\/safari-klistremerke-til-ikea-lack-sidebord\/#primaryimage"},"image":{"@id":"https:\/\/babylove.se\/no\/produkt\/safari-klistremerke-til-ikea-lack-sidebord\/#primaryimage"},"thumbnailUrl":"https:\/\/babylove.se\/no\/wp-content\/uploads\/sites\/3\/2025\/07\/5d483b24970a1.jpeg","datePublished":"2025-07-18T20:28:27+00:00","dateModified":"2026-04-08T07:56:16+00:00","breadcrumb":{"@id":"https:\/\/babylove.se\/no\/produkt\/safari-klistremerke-til-ikea-lack-sidebord\/#breadcrumb"},"inLanguage":"nb-NO","potentialAction":[{"@type":"ReadAction","target":["https:\/\/babylove.se\/no\/produkt\/safari-klistremerke-til-ikea-lack-sidebord\/"]}]},{"@type":"ImageObject","inLanguage":"nb-NO","@id":"https:\/\/babylove.se\/no\/produkt\/safari-klistremerke-til-ikea-lack-sidebord\/#primaryimage","url":"https:\/\/babylove.se\/no\/wp-content\/uploads\/sites\/3\/2025\/07\/5d483b24970a1.jpeg","contentUrl":"https:\/\/babylove.se\/no\/wp-content\/uploads\/sites\/3\/2025\/07\/5d483b24970a1.jpeg","width":750,"height":750},{"@type":"BreadcrumbList","@id":"https:\/\/babylove.se\/no\/produkt\/safari-klistremerke-til-ikea-lack-sidebord\/#breadcrumb","itemListElement":[{"@type":"ListItem","position":1,"name":"Hem","item":"https:\/\/babylove.se\/no\/"},{"@type":"ListItem","position":2,"name":"Butik","item":"https:\/\/babylove.se\/no\/butik\/"},{"@type":"ListItem","position":3,"name":"Safari klistremerke til Ikea Lack sidebord"}]},{"@type":"WebSite","@id":"https:\/\/babylove.se\/no\/#website","url":"https:\/\/babylove.se\/no\/","name":"Babylove Norska","description":"","potentialAction":[{"@type":"SearchAction","target":{"@type":"EntryPoint","urlTemplate":"https:\/\/babylove.se\/no\/?s={search_term_string}"},"query-input":{"@type":"PropertyValueSpecification","valueRequired":true,"valueName":"search_term_string"}}],"inLanguage":"nb-NO"}]},"product_brand":"Babylove","product_price_amount":"99.00","product_price_currency":"SEK","og_availability":"instock","product_availability":"instock","product_retailer_item_id":"DD00001948","product_condition":"new"},"_links":{"self":[{"href":"https:\/\/babylove.se\/no\/wp-json\/wp\/v2\/product\/12875","targetHints":{"allow":["GET"]}}],"collection":[{"href":"https:\/\/babylove.se\/no\/wp-json\/wp\/v2\/product"}],"about":[{"href":"https:\/\/babylove.se\/no\/wp-json\/wp\/v2\/types\/product"}],"replies":[{"embeddable":true,"href":"https:\/\/babylove.se\/no\/wp-json\/wp\/v2\/comments?post=12875"}],"wp:featuredmedia":[{"embeddable":true,"href":"https:\/\/babylove.se\/no\/wp-json\/wp\/v2\/media\/12877"}],"wp:attachment":[{"href":"https:\/\/babylove.se\/no\/wp-json\/wp\/v2\/media?parent=12875"}],"wp:term":[{"taxonomy":"product_brand","embeddable":true,"href":"https:\/\/babylove.se\/no\/wp-json\/wp\/v2\/product_brand?post=12875"},{"taxonomy":"product_cat","embeddable":true,"href":"https:\/\/babylove.se\/no\/wp-json\/wp\/v2\/product_cat?post=12875"},{"taxonomy":"product_tag","embeddable":true,"href":"https:\/\/babylove.se\/no\/wp-json\/wp\/v2\/product_tag?post=12875"}],"curies":[{"name":"wp","href":"https:\/\/api.w.org\/{rel}","templated":true}]}}