{"id":12934,"date":"2025-07-18T21:29:15","date_gmt":"2025-07-18T20:29:15","guid":{"rendered":"https:\/\/babylove.se\/produkt\/vit-hussang-med-stodbrada-sofia\/"},"modified":"2026-04-08T08:56:49","modified_gmt":"2026-04-08T07:56:49","slug":"hvit-husssang-med-stottebrett-sofia","status":"publish","type":"product","link":"https:\/\/babylove.se\/no\/produkt\/hvit-husssang-med-stottebrett-sofia\/","title":{"rendered":"Husseng med st\u00f8ttebrett, Sofia"},"content":{"rendered":"<p>Her er v\u00e5r bed\u00e5rende seng, Sofia! <\/p>\n<p>Denne fantastiske husseng er helt h\u00e5ndlaget med stor lidenskap<em>, <\/em>av h\u00f8ykvalitets bj\u00f8rketre. <\/p>\n<p>En stabil og vakker seng av h\u00f8y kvalitet! <\/p>\n<p><strong>Tilvalg<\/strong>: <\/p>\n<ul>\n<li>Uten ben (1 cm h\u00f8yde pga ventilasjon)<\/li>\n<li>Ekstra benh\u00f8yde &#8211; 19 cm. (standard h\u00f8yde er 10 cm)<\/li>\n<\/ul>\n<p>Madrass er ikke inkludert, men ta gjerne en titt p\u00e5 v\u00e5rt store madrassutvalg. Vi anbefaler en skummadrass med tykkelse p\u00e5 ca 10-12 cm. <\/p>\n<p><strong>Info:<\/strong> <\/p>\n<ul>\n<li>Farge: velg mellom natur (ubehandlet), lakkert, hvit og gr\u00e5<\/li>\n<li>M\u00e5lene er oppgitt i madrassst\u00f8rrelse. Legg til 9 cm p\u00e5 bredde+lengde for total dimensjon p\u00e5 sengens m\u00e5l.<\/li>\n<li>H\u00f8yde p\u00e5 st\u00f8ttebrettet er 25 cm, 16 cm mellom st\u00f8ttebrettet og sengkarmen.<\/li>\n<li>St\u00f8ttebrettet er ca 1\/2 av sengens lengde.<\/li>\n<li>Maksvekt. 100kg<\/li>\n<li>Inngang monteres p\u00e5 valgfri side.<\/li>\n<\/ul>\n<p><strong>M\u00e5l:<\/strong> <\/p>\n<ul>\n<li>Bredde 60 cm &#8211; totalh\u00f8yde 125 cm<\/li>\n<li>Bredde 70 cm &#8211; totalh\u00f8yde 130 cm<\/li>\n<li>Bredde 80 cm &#8211; totalh\u00f8yde 135 cm<\/li>\n<li>Bredde 90 cm &#8211; totalh\u00f8yde 140 cm<\/li>\n<\/ul>\n<p>Sengene kommer fra v\u00e5r fabrikk i Europa som har h\u00f8ye kvalitetskrav og kontrollerer hvert steg fra det at t\u00f8mmeret kommer inn i fabrikken til at et ferdig produkt forlater. Farge, lakk og lim er vannbasert, milj\u00f8vennlig og produsert innenfor Europa . <\/p>\n<p><em>OBS! Dette er en seng produsert og tilpasset for barn. <em>Sengen leveres umontert og b\u00f8r settes sammen i rommet den skal brukes i.<\/em><\/em><\/p>\n","protected":false},"excerpt":{"rendered":"<p>Her er v\u00e5r bed\u00e5rende seng, Sofia! Denne fantastiske husseng er helt h\u00e5ndlaget med stor lidenskap, av h\u00f8ykvalitets bj\u00f8rketre. En stabil og vakker seng av h\u00f8y kvalitet! Tilvalg: Uten ben (1 cm h\u00f8yde pga ventilasjon) Ekstra benh\u00f8yde &#8211; 19 cm. (standard h\u00f8yde er 10 cm) Madrass er ikke inkludert, men ta gjerne en titt p\u00e5 v\u00e5rt [&hellip;]<\/p>\n","protected":false},"featured_media":12936,"comment_status":"open","ping_status":"closed","template":"","meta":{"_acf_changed":false},"product_brand":[600],"product_cat":[602,217,601],"product_tag":[1689],"class_list":{"0":"post-12934","1":"product","2":"type-product","3":"status-publish","4":"has-post-thumbnail","6":"product_brand-luletto","7":"product_cat-babylove-lul","8":"product_cat-sengesanger","9":"product_cat-baby","10":"product_tag-bestillingsvaror","11":"pa_farg-gra","12":"pa_farg-vit","13":"pa_farg-lackad","14":"pa_farg-natur","15":"pa_storlek-60x120-cm","16":"pa_storlek-70x140-cm","17":"pa_storlek-80x140-cm","18":"pa_storlek-80x160-cm","19":"pa_storlek-80x180-cm","20":"pa_storlek-80x190-cm","21":"pa_storlek-90x160-cm","22":"pa_storlek-90x180-cm","23":"pa_storlek-90x190-cm","24":"pa_storlek-90x200-cm","26":"first","27":"instock","28":"taxable","29":"shipping-taxable","30":"purchasable","31":"product-type-variable"},"acf":[],"yoast_head":"<!-- This site is optimized with the Yoast SEO Premium plugin v25.8 (Yoast SEO v27.2) - https:\/\/yoast.com\/product\/yoast-seo-premium-wordpress\/ -->\n<title>Husseng med st\u00f8ttebrett, Sofia - Babylove Norska<\/title>\n<meta name=\"robots\" content=\"noindex, follow, max-snippet:-1, max-image-preview:large, max-video-preview:-1\" \/>\n<meta property=\"og:locale\" content=\"nb_NO\" \/>\n<meta property=\"og:type\" content=\"article\" \/>\n<meta property=\"og:title\" content=\"Husseng med st\u00f8ttebrett, Sofia\" \/>\n<meta property=\"og:description\" content=\"Her er v\u00e5r bed\u00e5rende seng, Sofia! Denne fantastiske husseng er helt h\u00e5ndlaget med stor lidenskap, av h\u00f8ykvalitets bj\u00f8rketre. En stabil og vakker seng av h\u00f8y kvalitet! Tilvalg: Uten ben (1 cm h\u00f8yde pga ventilasjon) Ekstra benh\u00f8yde &#8211; 19 cm. (standard h\u00f8yde er 10 cm) Madrass er ikke inkludert, men ta gjerne en titt p\u00e5 v\u00e5rt [&hellip;]\" \/>\n<meta property=\"og:url\" content=\"https:\/\/babylove.se\/no\/produkt\/hvit-husssang-med-stottebrett-sofia\/\" \/>\n<meta property=\"og:site_name\" content=\"Babylove Norska\" \/>\n<meta property=\"article:modified_time\" content=\"2026-04-08T07:56:49+00:00\" \/>\n<meta property=\"og:image\" content=\"https:\/\/babylove.se\/no\/wp-content\/uploads\/sites\/3\/2025\/07\/5f5fc5f3bfa99.jpeg\" \/>\n\t<meta property=\"og:image:width\" content=\"750\" \/>\n\t<meta property=\"og:image:height\" content=\"662\" \/>\n\t<meta property=\"og:image:type\" content=\"image\/jpeg\" \/>\n<meta name=\"twitter:card\" content=\"summary_large_image\" \/>\n<meta name=\"twitter:label1\" content=\"Availability\" \/>\n\t<meta name=\"twitter:data1\" content=\"In stock\" \/>\n<script type=\"application\/ld+json\" class=\"yoast-schema-graph\">{\"@context\":\"https:\/\/schema.org\",\"@graph\":[{\"@type\":\"WebPage\",\"@id\":\"https:\/\/babylove.se\/no\/produkt\/hvit-husssang-med-stottebrett-sofia\/\",\"url\":\"https:\/\/babylove.se\/no\/produkt\/hvit-husssang-med-stottebrett-sofia\/\",\"name\":\"Husseng med st\u00f8ttebrett, Sofia - Babylove Norska\",\"isPartOf\":{\"@id\":\"https:\/\/babylove.se\/no\/#website\"},\"primaryImageOfPage\":{\"@id\":\"https:\/\/babylove.se\/no\/produkt\/hvit-husssang-med-stottebrett-sofia\/#primaryimage\"},\"image\":{\"@id\":\"https:\/\/babylove.se\/no\/produkt\/hvit-husssang-med-stottebrett-sofia\/#primaryimage\"},\"thumbnailUrl\":\"https:\/\/babylove.se\/no\/wp-content\/uploads\/sites\/3\/2025\/07\/5f5fc5f3bfa99.jpeg\",\"datePublished\":\"2025-07-18T20:29:15+00:00\",\"dateModified\":\"2026-04-08T07:56:49+00:00\",\"breadcrumb\":{\"@id\":\"https:\/\/babylove.se\/no\/produkt\/hvit-husssang-med-stottebrett-sofia\/#breadcrumb\"},\"inLanguage\":\"nb-NO\",\"potentialAction\":[{\"@type\":\"ReadAction\",\"target\":[\"https:\/\/babylove.se\/no\/produkt\/hvit-husssang-med-stottebrett-sofia\/\"]}]},{\"@type\":\"ImageObject\",\"inLanguage\":\"nb-NO\",\"@id\":\"https:\/\/babylove.se\/no\/produkt\/hvit-husssang-med-stottebrett-sofia\/#primaryimage\",\"url\":\"https:\/\/babylove.se\/no\/wp-content\/uploads\/sites\/3\/2025\/07\/5f5fc5f3bfa99.jpeg\",\"contentUrl\":\"https:\/\/babylove.se\/no\/wp-content\/uploads\/sites\/3\/2025\/07\/5f5fc5f3bfa99.jpeg\",\"width\":750,\"height\":662},{\"@type\":\"BreadcrumbList\",\"@id\":\"https:\/\/babylove.se\/no\/produkt\/hvit-husssang-med-stottebrett-sofia\/#breadcrumb\",\"itemListElement\":[{\"@type\":\"ListItem\",\"position\":1,\"name\":\"Hem\",\"item\":\"https:\/\/babylove.se\/no\/\"},{\"@type\":\"ListItem\",\"position\":2,\"name\":\"Butik\",\"item\":\"https:\/\/babylove.se\/no\/butik\/\"},{\"@type\":\"ListItem\",\"position\":3,\"name\":\"Husseng med st\u00f8ttebrett, Sofia\"}]},{\"@type\":\"WebSite\",\"@id\":\"https:\/\/babylove.se\/no\/#website\",\"url\":\"https:\/\/babylove.se\/no\/\",\"name\":\"Babylove Norska\",\"description\":\"\",\"potentialAction\":[{\"@type\":\"SearchAction\",\"target\":{\"@type\":\"EntryPoint\",\"urlTemplate\":\"https:\/\/babylove.se\/no\/?s={search_term_string}\"},\"query-input\":{\"@type\":\"PropertyValueSpecification\",\"valueRequired\":true,\"valueName\":\"search_term_string\"}}],\"inLanguage\":\"nb-NO\"}]}<\/script>\n<meta property=\"product:brand\" content=\"Luletto\" \/>\n<meta property=\"og:availability\" content=\"instock\" \/>\n<meta property=\"product:availability\" content=\"instock\" \/>\n<meta property=\"product:retailer_item_id\" content=\"Natur-Sofia-60x120-cm\" \/>\n<meta property=\"product:condition\" content=\"new\" \/>\n<!-- \/ Yoast SEO Premium plugin. -->","yoast_head_json":{"title":"Husseng med st\u00f8ttebrett, Sofia - Babylove Norska","robots":{"index":"noindex","follow":"follow","max-snippet":"max-snippet:-1","max-image-preview":"max-image-preview:large","max-video-preview":"max-video-preview:-1"},"og_locale":"nb_NO","og_type":"article","og_title":"Husseng med st\u00f8ttebrett, Sofia","og_description":"Her er v\u00e5r bed\u00e5rende seng, Sofia! Denne fantastiske husseng er helt h\u00e5ndlaget med stor lidenskap, av h\u00f8ykvalitets bj\u00f8rketre. En stabil og vakker seng av h\u00f8y kvalitet! Tilvalg: Uten ben (1 cm h\u00f8yde pga ventilasjon) Ekstra benh\u00f8yde &#8211; 19 cm. (standard h\u00f8yde er 10 cm) Madrass er ikke inkludert, men ta gjerne en titt p\u00e5 v\u00e5rt [&hellip;]","og_url":"https:\/\/babylove.se\/no\/produkt\/hvit-husssang-med-stottebrett-sofia\/","og_site_name":"Babylove Norska","article_modified_time":"2026-04-08T07:56:49+00:00","og_image":[{"width":750,"height":662,"url":"https:\/\/babylove.se\/no\/wp-content\/uploads\/sites\/3\/2025\/07\/5f5fc5f3bfa99.jpeg","type":"image\/jpeg"}],"twitter_card":"summary_large_image","twitter_misc":{"Availability":"In stock"},"schema":{"@context":"https:\/\/schema.org","@graph":[{"@type":"WebPage","@id":"https:\/\/babylove.se\/no\/produkt\/hvit-husssang-med-stottebrett-sofia\/","url":"https:\/\/babylove.se\/no\/produkt\/hvit-husssang-med-stottebrett-sofia\/","name":"Husseng med st\u00f8ttebrett, Sofia - Babylove Norska","isPartOf":{"@id":"https:\/\/babylove.se\/no\/#website"},"primaryImageOfPage":{"@id":"https:\/\/babylove.se\/no\/produkt\/hvit-husssang-med-stottebrett-sofia\/#primaryimage"},"image":{"@id":"https:\/\/babylove.se\/no\/produkt\/hvit-husssang-med-stottebrett-sofia\/#primaryimage"},"thumbnailUrl":"https:\/\/babylove.se\/no\/wp-content\/uploads\/sites\/3\/2025\/07\/5f5fc5f3bfa99.jpeg","datePublished":"2025-07-18T20:29:15+00:00","dateModified":"2026-04-08T07:56:49+00:00","breadcrumb":{"@id":"https:\/\/babylove.se\/no\/produkt\/hvit-husssang-med-stottebrett-sofia\/#breadcrumb"},"inLanguage":"nb-NO","potentialAction":[{"@type":"ReadAction","target":["https:\/\/babylove.se\/no\/produkt\/hvit-husssang-med-stottebrett-sofia\/"]}]},{"@type":"ImageObject","inLanguage":"nb-NO","@id":"https:\/\/babylove.se\/no\/produkt\/hvit-husssang-med-stottebrett-sofia\/#primaryimage","url":"https:\/\/babylove.se\/no\/wp-content\/uploads\/sites\/3\/2025\/07\/5f5fc5f3bfa99.jpeg","contentUrl":"https:\/\/babylove.se\/no\/wp-content\/uploads\/sites\/3\/2025\/07\/5f5fc5f3bfa99.jpeg","width":750,"height":662},{"@type":"BreadcrumbList","@id":"https:\/\/babylove.se\/no\/produkt\/hvit-husssang-med-stottebrett-sofia\/#breadcrumb","itemListElement":[{"@type":"ListItem","position":1,"name":"Hem","item":"https:\/\/babylove.se\/no\/"},{"@type":"ListItem","position":2,"name":"Butik","item":"https:\/\/babylove.se\/no\/butik\/"},{"@type":"ListItem","position":3,"name":"Husseng med st\u00f8ttebrett, Sofia"}]},{"@type":"WebSite","@id":"https:\/\/babylove.se\/no\/#website","url":"https:\/\/babylove.se\/no\/","name":"Babylove Norska","description":"","potentialAction":[{"@type":"SearchAction","target":{"@type":"EntryPoint","urlTemplate":"https:\/\/babylove.se\/no\/?s={search_term_string}"},"query-input":{"@type":"PropertyValueSpecification","valueRequired":true,"valueName":"search_term_string"}}],"inLanguage":"nb-NO"}]},"product_brand":"Luletto","og_availability":"instock","product_availability":"instock","product_retailer_item_id":"Natur-Sofia-60x120-cm","product_condition":"new"},"_links":{"self":[{"href":"https:\/\/babylove.se\/no\/wp-json\/wp\/v2\/product\/12934","targetHints":{"allow":["GET"]}}],"collection":[{"href":"https:\/\/babylove.se\/no\/wp-json\/wp\/v2\/product"}],"about":[{"href":"https:\/\/babylove.se\/no\/wp-json\/wp\/v2\/types\/product"}],"replies":[{"embeddable":true,"href":"https:\/\/babylove.se\/no\/wp-json\/wp\/v2\/comments?post=12934"}],"wp:featuredmedia":[{"embeddable":true,"href":"https:\/\/babylove.se\/no\/wp-json\/wp\/v2\/media\/12936"}],"wp:attachment":[{"href":"https:\/\/babylove.se\/no\/wp-json\/wp\/v2\/media?parent=12934"}],"wp:term":[{"taxonomy":"product_brand","embeddable":true,"href":"https:\/\/babylove.se\/no\/wp-json\/wp\/v2\/product_brand?post=12934"},{"taxonomy":"product_cat","embeddable":true,"href":"https:\/\/babylove.se\/no\/wp-json\/wp\/v2\/product_cat?post=12934"},{"taxonomy":"product_tag","embeddable":true,"href":"https:\/\/babylove.se\/no\/wp-json\/wp\/v2\/product_tag?post=12934"}],"curies":[{"name":"wp","href":"https:\/\/api.w.org\/{rel}","templated":true}]}}