{"id":12979,"date":"2025-07-18T21:29:35","date_gmt":"2025-07-18T20:29:35","guid":{"rendered":"https:\/\/babylove.se\/produkt\/rosa-hussang-med-stodbrada-sofia\/"},"modified":"2026-04-08T08:56:51","modified_gmt":"2026-04-08T07:56:51","slug":"rosa-huseng-med-stottebrett-sofia","status":"publish","type":"product","link":"https:\/\/babylove.se\/no\/produkt\/rosa-huseng-med-stottebrett-sofia\/","title":{"rendered":"Rosa huseseng med st\u00f8ttebrett, Sofia"},"content":{"rendered":"<p>En stilren rosa husseng til barnerommet som ogs\u00e5 fungerer \u00e5 bruke som en &nbsp;k\u00f8ye, og n\u00e5r det er tid \u00e5 sove er det den ultimate soveplassen for ditt barn.<\/p>\n<p>Komplett med sengesett, sengehimmel eller hvorfor ikke med fine vimpler som du enkelt henger opp p\u00e5 sengen.<\/p>\n<p>Hussengen har en ramme som samtidig gir madrassen en god ventilasjon. &nbsp;<\/p>\n<p>Hussengen kommer umontert med en enkel instruksjon og kan ogs\u00e5 f\u00e5s i gr\u00e5, rosa og mint farge, madras inng\u00e5r ikke men du kan kj\u00f8pe den hos oss.<\/p>\n<p>M\u00e5l:<\/p>\n<p>Liggem\u00e5l: 160 x 80 cm<\/p>\n<ul>\n<li>Total h\u00f8yde: 130 cm&nbsp;<\/li>\n<li>Totalt dyp: 88 cm<\/li>\n<li>Total lengde: 168 cm<\/li>\n<li>H\u00f8yde p\u00e5 sengekarm: 20 cm&nbsp;<\/li>\n<li>Maksvekt: 120 kg<\/li>\n<li>Materiale: B\u00f8ketre, malt med \u00f8kologisk og barnesikker farge<\/li>\n<li>Produsert i EU&nbsp;<\/li>\n<li>Sengebunn inng\u00e5r&nbsp;<\/li>\n<li>Madrassen 80&#215;160 inng\u00e5r ikke (finnes i v\u00e5rt utvalg \u00e5 bestille)&nbsp;<\/li>\n<\/ul>\n<p>Sengene kommer fra v\u00e5r fabrikk i Europa som har h\u00f8ye kvalitetskrav og kontrollerer hvert steg fra det at t\u00f8mmeret kommer inn i fabrikken til at et ferdig produkt forlater. Farge, lakk og lim er vannbasert, milj\u00f8vennlig og produsert innenfor Europa.&nbsp;<\/p>\n","protected":false},"excerpt":{"rendered":"<p>En stilren rosa husseng til barnerommet som ogs\u00e5 fungerer \u00e5 bruke som en &nbsp;k\u00f8ye, og n\u00e5r det er tid \u00e5 sove er det den ultimate soveplassen for ditt barn. Komplett med sengesett, sengehimmel eller hvorfor ikke med fine vimpler som du enkelt henger opp p\u00e5 sengen. Hussengen har en ramme som samtidig gir madrassen en [&hellip;]<\/p>\n","protected":false},"featured_media":12981,"comment_status":"closed","ping_status":"open","template":"","meta":{"_acf_changed":false},"product_brand":[22],"product_cat":[84,217],"product_tag":[],"class_list":{"0":"post-12979","1":"product","2":"type-product","3":"status-publish","4":"has-post-thumbnail","6":"product_brand-babylove","7":"product_cat-babylove","8":"product_cat-sengesanger","10":"first","11":"outofstock","12":"taxable","13":"shipping-taxable","14":"purchasable","15":"product-type-simple"},"acf":[],"yoast_head":"<!-- This site is optimized with the Yoast SEO Premium plugin v25.8 (Yoast SEO v27.2) - https:\/\/yoast.com\/product\/yoast-seo-premium-wordpress\/ -->\n<title>Rosa huseseng med st\u00f8ttebrett, Sofia - Babylove Norska<\/title>\n<meta name=\"robots\" content=\"noindex, follow, max-snippet:-1, max-image-preview:large, max-video-preview:-1\" \/>\n<meta property=\"og:locale\" content=\"nb_NO\" \/>\n<meta property=\"og:type\" content=\"article\" \/>\n<meta property=\"og:title\" content=\"Rosa huseseng med st\u00f8ttebrett, Sofia\" \/>\n<meta property=\"og:description\" content=\"En stilren rosa husseng til barnerommet som ogs\u00e5 fungerer \u00e5 bruke som en &nbsp;k\u00f8ye, og n\u00e5r det er tid \u00e5 sove er det den ultimate soveplassen for ditt barn. Komplett med sengesett, sengehimmel eller hvorfor ikke med fine vimpler som du enkelt henger opp p\u00e5 sengen. Hussengen har en ramme som samtidig gir madrassen en [&hellip;]\" \/>\n<meta property=\"og:url\" content=\"https:\/\/babylove.se\/no\/produkt\/rosa-huseng-med-stottebrett-sofia\/\" \/>\n<meta property=\"og:site_name\" content=\"Babylove Norska\" \/>\n<meta property=\"article:modified_time\" content=\"2026-04-08T07:56:51+00:00\" \/>\n<meta property=\"og:image\" content=\"https:\/\/babylove.se\/no\/wp-content\/uploads\/sites\/3\/2025\/07\/5d7239f0b6f4e.jpeg\" \/>\n\t<meta property=\"og:image:width\" content=\"750\" \/>\n\t<meta property=\"og:image:height\" content=\"750\" \/>\n\t<meta property=\"og:image:type\" content=\"image\/jpeg\" \/>\n<meta name=\"twitter:card\" content=\"summary_large_image\" \/>\n<meta name=\"twitter:label1\" content=\"Price\" \/>\n\t<meta name=\"twitter:data1\" content=\"2 499,00&nbsp;&#107;&#114;\" \/>\n\t<meta name=\"twitter:label2\" content=\"Availability\" \/>\n\t<meta name=\"twitter:data2\" content=\"Out of stock\" \/>\n<script type=\"application\/ld+json\" class=\"yoast-schema-graph\">{\"@context\":\"https:\/\/schema.org\",\"@graph\":[{\"@type\":\"WebPage\",\"@id\":\"https:\/\/babylove.se\/no\/produkt\/rosa-huseng-med-stottebrett-sofia\/\",\"url\":\"https:\/\/babylove.se\/no\/produkt\/rosa-huseng-med-stottebrett-sofia\/\",\"name\":\"Rosa huseseng med st\u00f8ttebrett, Sofia - Babylove Norska\",\"isPartOf\":{\"@id\":\"https:\/\/babylove.se\/no\/#website\"},\"primaryImageOfPage\":{\"@id\":\"https:\/\/babylove.se\/no\/produkt\/rosa-huseng-med-stottebrett-sofia\/#primaryimage\"},\"image\":{\"@id\":\"https:\/\/babylove.se\/no\/produkt\/rosa-huseng-med-stottebrett-sofia\/#primaryimage\"},\"thumbnailUrl\":\"https:\/\/babylove.se\/no\/wp-content\/uploads\/sites\/3\/2025\/07\/5d7239f0b6f4e.jpeg\",\"datePublished\":\"2025-07-18T20:29:35+00:00\",\"dateModified\":\"2026-04-08T07:56:51+00:00\",\"breadcrumb\":{\"@id\":\"https:\/\/babylove.se\/no\/produkt\/rosa-huseng-med-stottebrett-sofia\/#breadcrumb\"},\"inLanguage\":\"nb-NO\",\"potentialAction\":[{\"@type\":\"ReadAction\",\"target\":[\"https:\/\/babylove.se\/no\/produkt\/rosa-huseng-med-stottebrett-sofia\/\"]}]},{\"@type\":\"ImageObject\",\"inLanguage\":\"nb-NO\",\"@id\":\"https:\/\/babylove.se\/no\/produkt\/rosa-huseng-med-stottebrett-sofia\/#primaryimage\",\"url\":\"https:\/\/babylove.se\/no\/wp-content\/uploads\/sites\/3\/2025\/07\/5d7239f0b6f4e.jpeg\",\"contentUrl\":\"https:\/\/babylove.se\/no\/wp-content\/uploads\/sites\/3\/2025\/07\/5d7239f0b6f4e.jpeg\",\"width\":750,\"height\":750},{\"@type\":\"BreadcrumbList\",\"@id\":\"https:\/\/babylove.se\/no\/produkt\/rosa-huseng-med-stottebrett-sofia\/#breadcrumb\",\"itemListElement\":[{\"@type\":\"ListItem\",\"position\":1,\"name\":\"Hem\",\"item\":\"https:\/\/babylove.se\/no\/\"},{\"@type\":\"ListItem\",\"position\":2,\"name\":\"Butik\",\"item\":\"https:\/\/babylove.se\/no\/butik\/\"},{\"@type\":\"ListItem\",\"position\":3,\"name\":\"Rosa huseseng med st\u00f8ttebrett, Sofia\"}]},{\"@type\":\"WebSite\",\"@id\":\"https:\/\/babylove.se\/no\/#website\",\"url\":\"https:\/\/babylove.se\/no\/\",\"name\":\"Babylove Norska\",\"description\":\"\",\"potentialAction\":[{\"@type\":\"SearchAction\",\"target\":{\"@type\":\"EntryPoint\",\"urlTemplate\":\"https:\/\/babylove.se\/no\/?s={search_term_string}\"},\"query-input\":{\"@type\":\"PropertyValueSpecification\",\"valueRequired\":true,\"valueName\":\"search_term_string\"}}],\"inLanguage\":\"nb-NO\"}]}<\/script>\n<meta property=\"product:brand\" content=\"Babylove\" \/>\n<meta property=\"product:price:amount\" content=\"2499.00\" \/>\n<meta property=\"product:price:currency\" content=\"SEK\" \/>\n<meta property=\"og:availability\" content=\"out of stock\" \/>\n<meta property=\"product:availability\" content=\"out of stock\" \/>\n<meta property=\"product:retailer_item_id\" content=\"2668\" \/>\n<meta property=\"product:condition\" content=\"new\" \/>\n<!-- \/ Yoast SEO Premium plugin. -->","yoast_head_json":{"title":"Rosa huseseng med st\u00f8ttebrett, Sofia - Babylove Norska","robots":{"index":"noindex","follow":"follow","max-snippet":"max-snippet:-1","max-image-preview":"max-image-preview:large","max-video-preview":"max-video-preview:-1"},"og_locale":"nb_NO","og_type":"article","og_title":"Rosa huseseng med st\u00f8ttebrett, Sofia","og_description":"En stilren rosa husseng til barnerommet som ogs\u00e5 fungerer \u00e5 bruke som en &nbsp;k\u00f8ye, og n\u00e5r det er tid \u00e5 sove er det den ultimate soveplassen for ditt barn. Komplett med sengesett, sengehimmel eller hvorfor ikke med fine vimpler som du enkelt henger opp p\u00e5 sengen. Hussengen har en ramme som samtidig gir madrassen en [&hellip;]","og_url":"https:\/\/babylove.se\/no\/produkt\/rosa-huseng-med-stottebrett-sofia\/","og_site_name":"Babylove Norska","article_modified_time":"2026-04-08T07:56:51+00:00","og_image":[{"width":750,"height":750,"url":"https:\/\/babylove.se\/no\/wp-content\/uploads\/sites\/3\/2025\/07\/5d7239f0b6f4e.jpeg","type":"image\/jpeg"}],"twitter_card":"summary_large_image","twitter_misc":{"Price":"2 499,00&nbsp;&#107;&#114;","Availability":"Out of stock"},"schema":{"@context":"https:\/\/schema.org","@graph":[{"@type":"WebPage","@id":"https:\/\/babylove.se\/no\/produkt\/rosa-huseng-med-stottebrett-sofia\/","url":"https:\/\/babylove.se\/no\/produkt\/rosa-huseng-med-stottebrett-sofia\/","name":"Rosa huseseng med st\u00f8ttebrett, Sofia - Babylove Norska","isPartOf":{"@id":"https:\/\/babylove.se\/no\/#website"},"primaryImageOfPage":{"@id":"https:\/\/babylove.se\/no\/produkt\/rosa-huseng-med-stottebrett-sofia\/#primaryimage"},"image":{"@id":"https:\/\/babylove.se\/no\/produkt\/rosa-huseng-med-stottebrett-sofia\/#primaryimage"},"thumbnailUrl":"https:\/\/babylove.se\/no\/wp-content\/uploads\/sites\/3\/2025\/07\/5d7239f0b6f4e.jpeg","datePublished":"2025-07-18T20:29:35+00:00","dateModified":"2026-04-08T07:56:51+00:00","breadcrumb":{"@id":"https:\/\/babylove.se\/no\/produkt\/rosa-huseng-med-stottebrett-sofia\/#breadcrumb"},"inLanguage":"nb-NO","potentialAction":[{"@type":"ReadAction","target":["https:\/\/babylove.se\/no\/produkt\/rosa-huseng-med-stottebrett-sofia\/"]}]},{"@type":"ImageObject","inLanguage":"nb-NO","@id":"https:\/\/babylove.se\/no\/produkt\/rosa-huseng-med-stottebrett-sofia\/#primaryimage","url":"https:\/\/babylove.se\/no\/wp-content\/uploads\/sites\/3\/2025\/07\/5d7239f0b6f4e.jpeg","contentUrl":"https:\/\/babylove.se\/no\/wp-content\/uploads\/sites\/3\/2025\/07\/5d7239f0b6f4e.jpeg","width":750,"height":750},{"@type":"BreadcrumbList","@id":"https:\/\/babylove.se\/no\/produkt\/rosa-huseng-med-stottebrett-sofia\/#breadcrumb","itemListElement":[{"@type":"ListItem","position":1,"name":"Hem","item":"https:\/\/babylove.se\/no\/"},{"@type":"ListItem","position":2,"name":"Butik","item":"https:\/\/babylove.se\/no\/butik\/"},{"@type":"ListItem","position":3,"name":"Rosa huseseng med st\u00f8ttebrett, Sofia"}]},{"@type":"WebSite","@id":"https:\/\/babylove.se\/no\/#website","url":"https:\/\/babylove.se\/no\/","name":"Babylove Norska","description":"","potentialAction":[{"@type":"SearchAction","target":{"@type":"EntryPoint","urlTemplate":"https:\/\/babylove.se\/no\/?s={search_term_string}"},"query-input":{"@type":"PropertyValueSpecification","valueRequired":true,"valueName":"search_term_string"}}],"inLanguage":"nb-NO"}]},"product_brand":"Babylove","product_price_amount":"2499.00","product_price_currency":"SEK","og_availability":"out of stock","product_availability":"out of stock","product_retailer_item_id":"2668","product_condition":"new"},"_links":{"self":[{"href":"https:\/\/babylove.se\/no\/wp-json\/wp\/v2\/product\/12979","targetHints":{"allow":["GET"]}}],"collection":[{"href":"https:\/\/babylove.se\/no\/wp-json\/wp\/v2\/product"}],"about":[{"href":"https:\/\/babylove.se\/no\/wp-json\/wp\/v2\/types\/product"}],"replies":[{"embeddable":true,"href":"https:\/\/babylove.se\/no\/wp-json\/wp\/v2\/comments?post=12979"}],"wp:featuredmedia":[{"embeddable":true,"href":"https:\/\/babylove.se\/no\/wp-json\/wp\/v2\/media\/12981"}],"wp:attachment":[{"href":"https:\/\/babylove.se\/no\/wp-json\/wp\/v2\/media?parent=12979"}],"wp:term":[{"taxonomy":"product_brand","embeddable":true,"href":"https:\/\/babylove.se\/no\/wp-json\/wp\/v2\/product_brand?post=12979"},{"taxonomy":"product_cat","embeddable":true,"href":"https:\/\/babylove.se\/no\/wp-json\/wp\/v2\/product_cat?post=12979"},{"taxonomy":"product_tag","embeddable":true,"href":"https:\/\/babylove.se\/no\/wp-json\/wp\/v2\/product_tag?post=12979"}],"curies":[{"name":"wp","href":"https:\/\/api.w.org\/{rel}","templated":true}]}}