{"id":13036,"date":"2025-07-18T21:30:01","date_gmt":"2025-07-18T20:30:01","guid":{"rendered":"https:\/\/babylove.se\/produkt\/traklossar-med-siffror-vit-ooh-noo\/"},"modified":"2026-04-08T08:57:16","modified_gmt":"2026-04-08T07:57:16","slug":"traklose-med-tall-hvit-ooh-noo","status":"publish","type":"product","link":"https:\/\/babylove.se\/no\/produkt\/traklose-med-tall-hvit-ooh-noo\/","title":{"rendered":"Treklosser med tall ? hvit, Ooh noo"},"content":{"rendered":"<p>Superfine treblokker i en helt egen linpose. Den lille kan stable dem og bygge t\u00e5rn, telle dem og l\u00e6re enkle symboler.&nbsp;<\/p>\n<p>Bedre leke enn dette er vanskelig \u00e5 finne! I tillegg er de meget vakre, laget etter et &#8220;old-school&#8221; tema og helt av solid tre. Dette gj\u00f8r at de t\u00e5ler det meste og er trygge for barnet. Fargene p\u00e5 blokkene kan variere litt fordi naturlig tre varierer litt i seg selv. Dette gir bare ekstra sjarm til blokkene. Likes\u00e5 at de er helt h\u00e5ndlaget.<\/p>\n<p><strong>M\u00e5l<\/strong>: Blokkene er 5,5 cm x 5,5 cm x 5,5 cm og posen er 32 x 32 cm. Totalt inng\u00e5r 10 blokker.&nbsp;<\/p>\n<ul>\n<li>Tall 0\u20139&nbsp;<\/li>\n<li>Tegn: +, -, x, \u00f7, =, %<span>&nbsp;,<\/span> @, #, &amp;, !, ?<span>&nbsp;<\/span><\/li>\n<li>Symboler : regnbue, sol, m\u00e5ne, stjerne og hjerte&nbsp;<\/li>\n<\/ul>\n<p>Vedlikehold: Blokkene er laget av solid tre og er ubehandlet. Rengj\u00f8r dem med en lett fuktet klut som du t\u00f8rker av dem med.&nbsp;<\/p>\n<p>Likevel bra \u00e5 tenke p\u00e5 om det kommer farge eller matflekker p\u00e5, kan de bli vanskelige \u00e5 fjerne. Posen er enklere, bare \u00e5 sende inn i maskinen og vaske p\u00e5 lavere temperatur.<\/p>\n<p>Designer: <a href=\"https:\/\/babylove.se\/varumarken\/ohh-noo\"><u>Ohh noo<\/u><\/a><\/p>\n","protected":false},"excerpt":{"rendered":"<p>Superfine treblokker i en helt egen linpose. Den lille kan stable dem og bygge t\u00e5rn, telle dem og l\u00e6re enkle symboler.&nbsp; Bedre leke enn dette er vanskelig \u00e5 finne! I tillegg er de meget vakre, laget etter et &#8220;old-school&#8221; tema og helt av solid tre. Dette gj\u00f8r at de t\u00e5ler det meste og er trygge [&hellip;]<\/p>\n","protected":false},"featured_media":13038,"comment_status":"closed","ping_status":"open","template":"","meta":{"_acf_changed":false},"product_brand":[245],"product_cat":[26,25,68,246,48,247,112],"product_tag":[],"class_list":{"0":"post-13036","1":"product","2":"type-product","3":"status-publish","4":"has-post-thumbnail","6":"product_brand-ooh-noo","7":"product_cat-kjop-produkter-som-ikke-bare-er-for-gutter","8":"product_cat-ikke-bare-jenter","9":"product_cat-leker","10":"product_cat-ooh-noo","11":"product_cat-startside","12":"product_cat-traklossar-barn","13":"product_cat-treleker","15":"first","16":"instock","17":"taxable","18":"shipping-taxable","19":"purchasable","20":"product-type-simple"},"acf":[],"yoast_head":"<!-- This site is optimized with the Yoast SEO Premium plugin v25.8 (Yoast SEO v27.2) - https:\/\/yoast.com\/product\/yoast-seo-premium-wordpress\/ -->\n<title>Treklosser med tall ? hvit, Ooh noo - Babylove Norska<\/title>\n<meta name=\"description\" content=\"Hela alfabetets bokst\u00e4ver i en alldeles egen linnes\u00e4ck. Dessutom finns siffrorna 0-9 med vilket skapar m\u00f6jligheter till m\u00e5nga kreativa lekar !\" \/>\n<meta name=\"robots\" content=\"noindex, follow, max-snippet:-1, max-image-preview:large, max-video-preview:-1\" \/>\n<meta property=\"og:locale\" content=\"nb_NO\" \/>\n<meta property=\"og:type\" content=\"article\" \/>\n<meta property=\"og:title\" content=\"Treklosser med tall ? hvit, Ooh noo\" \/>\n<meta property=\"og:description\" content=\"Hela alfabetets bokst\u00e4ver i en alldeles egen linnes\u00e4ck. Dessutom finns siffrorna 0-9 med vilket skapar m\u00f6jligheter till m\u00e5nga kreativa lekar !\" \/>\n<meta property=\"og:url\" content=\"https:\/\/babylove.se\/no\/produkt\/traklose-med-tall-hvit-ooh-noo\/\" \/>\n<meta property=\"og:site_name\" content=\"Babylove Norska\" \/>\n<meta property=\"article:modified_time\" content=\"2026-04-08T07:57:16+00:00\" \/>\n<meta property=\"og:image\" content=\"https:\/\/babylove.se\/no\/wp-content\/uploads\/sites\/3\/2025\/07\/5d5d4118467c5.jpeg\" \/>\n\t<meta property=\"og:image:width\" content=\"702\" \/>\n\t<meta property=\"og:image:height\" content=\"750\" \/>\n\t<meta property=\"og:image:type\" content=\"image\/jpeg\" \/>\n<meta name=\"twitter:card\" content=\"summary_large_image\" \/>\n<meta name=\"twitter:label1\" content=\"Price\" \/>\n\t<meta name=\"twitter:data1\" content=\"599,00&nbsp;&#107;&#114;\" \/>\n\t<meta name=\"twitter:label2\" content=\"Availability\" \/>\n\t<meta name=\"twitter:data2\" content=\"In stock\" \/>\n<script type=\"application\/ld+json\" class=\"yoast-schema-graph\">{\"@context\":\"https:\/\/schema.org\",\"@graph\":[{\"@type\":\"WebPage\",\"@id\":\"https:\/\/babylove.se\/no\/produkt\/traklose-med-tall-hvit-ooh-noo\/\",\"url\":\"https:\/\/babylove.se\/no\/produkt\/traklose-med-tall-hvit-ooh-noo\/\",\"name\":\"Treklosser med tall ? hvit, Ooh noo - Babylove Norska\",\"isPartOf\":{\"@id\":\"https:\/\/babylove.se\/no\/#website\"},\"primaryImageOfPage\":{\"@id\":\"https:\/\/babylove.se\/no\/produkt\/traklose-med-tall-hvit-ooh-noo\/#primaryimage\"},\"image\":{\"@id\":\"https:\/\/babylove.se\/no\/produkt\/traklose-med-tall-hvit-ooh-noo\/#primaryimage\"},\"thumbnailUrl\":\"https:\/\/babylove.se\/no\/wp-content\/uploads\/sites\/3\/2025\/07\/5d5d4118467c5.jpeg\",\"datePublished\":\"2025-07-18T20:30:01+00:00\",\"dateModified\":\"2026-04-08T07:57:16+00:00\",\"description\":\"Hela alfabetets bokst\u00e4ver i en alldeles egen linnes\u00e4ck. Dessutom finns siffrorna 0-9 med vilket skapar m\u00f6jligheter till m\u00e5nga kreativa lekar !\",\"breadcrumb\":{\"@id\":\"https:\/\/babylove.se\/no\/produkt\/traklose-med-tall-hvit-ooh-noo\/#breadcrumb\"},\"inLanguage\":\"nb-NO\",\"potentialAction\":[{\"@type\":\"ReadAction\",\"target\":[\"https:\/\/babylove.se\/no\/produkt\/traklose-med-tall-hvit-ooh-noo\/\"]}]},{\"@type\":\"ImageObject\",\"inLanguage\":\"nb-NO\",\"@id\":\"https:\/\/babylove.se\/no\/produkt\/traklose-med-tall-hvit-ooh-noo\/#primaryimage\",\"url\":\"https:\/\/babylove.se\/no\/wp-content\/uploads\/sites\/3\/2025\/07\/5d5d4118467c5.jpeg\",\"contentUrl\":\"https:\/\/babylove.se\/no\/wp-content\/uploads\/sites\/3\/2025\/07\/5d5d4118467c5.jpeg\",\"width\":702,\"height\":750},{\"@type\":\"BreadcrumbList\",\"@id\":\"https:\/\/babylove.se\/no\/produkt\/traklose-med-tall-hvit-ooh-noo\/#breadcrumb\",\"itemListElement\":[{\"@type\":\"ListItem\",\"position\":1,\"name\":\"Hem\",\"item\":\"https:\/\/babylove.se\/no\/\"},{\"@type\":\"ListItem\",\"position\":2,\"name\":\"Butik\",\"item\":\"https:\/\/babylove.se\/no\/butik\/\"},{\"@type\":\"ListItem\",\"position\":3,\"name\":\"Treklosser med tall ? hvit, Ooh noo\"}]},{\"@type\":\"WebSite\",\"@id\":\"https:\/\/babylove.se\/no\/#website\",\"url\":\"https:\/\/babylove.se\/no\/\",\"name\":\"Babylove Norska\",\"description\":\"\",\"potentialAction\":[{\"@type\":\"SearchAction\",\"target\":{\"@type\":\"EntryPoint\",\"urlTemplate\":\"https:\/\/babylove.se\/no\/?s={search_term_string}\"},\"query-input\":{\"@type\":\"PropertyValueSpecification\",\"valueRequired\":true,\"valueName\":\"search_term_string\"}}],\"inLanguage\":\"nb-NO\"}]}<\/script>\n<meta property=\"product:brand\" content=\"ooh noo\" \/>\n<meta property=\"product:price:amount\" content=\"599.00\" \/>\n<meta property=\"product:price:currency\" content=\"SEK\" \/>\n<meta property=\"og:availability\" content=\"instock\" \/>\n<meta property=\"product:availability\" content=\"instock\" \/>\n<meta property=\"product:retailer_item_id\" content=\"MB1802\" \/>\n<meta property=\"product:condition\" content=\"new\" \/>\n<!-- \/ Yoast SEO Premium plugin. -->","yoast_head_json":{"title":"Treklosser med tall ? hvit, Ooh noo - Babylove Norska","description":"Hela alfabetets bokst\u00e4ver i en alldeles egen linnes\u00e4ck. Dessutom finns siffrorna 0-9 med vilket skapar m\u00f6jligheter till m\u00e5nga kreativa lekar !","robots":{"index":"noindex","follow":"follow","max-snippet":"max-snippet:-1","max-image-preview":"max-image-preview:large","max-video-preview":"max-video-preview:-1"},"og_locale":"nb_NO","og_type":"article","og_title":"Treklosser med tall ? hvit, Ooh noo","og_description":"Hela alfabetets bokst\u00e4ver i en alldeles egen linnes\u00e4ck. Dessutom finns siffrorna 0-9 med vilket skapar m\u00f6jligheter till m\u00e5nga kreativa lekar !","og_url":"https:\/\/babylove.se\/no\/produkt\/traklose-med-tall-hvit-ooh-noo\/","og_site_name":"Babylove Norska","article_modified_time":"2026-04-08T07:57:16+00:00","og_image":[{"width":702,"height":750,"url":"https:\/\/babylove.se\/no\/wp-content\/uploads\/sites\/3\/2025\/07\/5d5d4118467c5.jpeg","type":"image\/jpeg"}],"twitter_card":"summary_large_image","twitter_misc":{"Price":"599,00&nbsp;&#107;&#114;","Availability":"In stock"},"schema":{"@context":"https:\/\/schema.org","@graph":[{"@type":"WebPage","@id":"https:\/\/babylove.se\/no\/produkt\/traklose-med-tall-hvit-ooh-noo\/","url":"https:\/\/babylove.se\/no\/produkt\/traklose-med-tall-hvit-ooh-noo\/","name":"Treklosser med tall ? hvit, Ooh noo - Babylove Norska","isPartOf":{"@id":"https:\/\/babylove.se\/no\/#website"},"primaryImageOfPage":{"@id":"https:\/\/babylove.se\/no\/produkt\/traklose-med-tall-hvit-ooh-noo\/#primaryimage"},"image":{"@id":"https:\/\/babylove.se\/no\/produkt\/traklose-med-tall-hvit-ooh-noo\/#primaryimage"},"thumbnailUrl":"https:\/\/babylove.se\/no\/wp-content\/uploads\/sites\/3\/2025\/07\/5d5d4118467c5.jpeg","datePublished":"2025-07-18T20:30:01+00:00","dateModified":"2026-04-08T07:57:16+00:00","description":"Hela alfabetets bokst\u00e4ver i en alldeles egen linnes\u00e4ck. Dessutom finns siffrorna 0-9 med vilket skapar m\u00f6jligheter till m\u00e5nga kreativa lekar !","breadcrumb":{"@id":"https:\/\/babylove.se\/no\/produkt\/traklose-med-tall-hvit-ooh-noo\/#breadcrumb"},"inLanguage":"nb-NO","potentialAction":[{"@type":"ReadAction","target":["https:\/\/babylove.se\/no\/produkt\/traklose-med-tall-hvit-ooh-noo\/"]}]},{"@type":"ImageObject","inLanguage":"nb-NO","@id":"https:\/\/babylove.se\/no\/produkt\/traklose-med-tall-hvit-ooh-noo\/#primaryimage","url":"https:\/\/babylove.se\/no\/wp-content\/uploads\/sites\/3\/2025\/07\/5d5d4118467c5.jpeg","contentUrl":"https:\/\/babylove.se\/no\/wp-content\/uploads\/sites\/3\/2025\/07\/5d5d4118467c5.jpeg","width":702,"height":750},{"@type":"BreadcrumbList","@id":"https:\/\/babylove.se\/no\/produkt\/traklose-med-tall-hvit-ooh-noo\/#breadcrumb","itemListElement":[{"@type":"ListItem","position":1,"name":"Hem","item":"https:\/\/babylove.se\/no\/"},{"@type":"ListItem","position":2,"name":"Butik","item":"https:\/\/babylove.se\/no\/butik\/"},{"@type":"ListItem","position":3,"name":"Treklosser med tall ? hvit, Ooh noo"}]},{"@type":"WebSite","@id":"https:\/\/babylove.se\/no\/#website","url":"https:\/\/babylove.se\/no\/","name":"Babylove Norska","description":"","potentialAction":[{"@type":"SearchAction","target":{"@type":"EntryPoint","urlTemplate":"https:\/\/babylove.se\/no\/?s={search_term_string}"},"query-input":{"@type":"PropertyValueSpecification","valueRequired":true,"valueName":"search_term_string"}}],"inLanguage":"nb-NO"}]},"product_brand":"ooh noo","product_price_amount":"599.00","product_price_currency":"SEK","og_availability":"instock","product_availability":"instock","product_retailer_item_id":"MB1802","product_condition":"new"},"_links":{"self":[{"href":"https:\/\/babylove.se\/no\/wp-json\/wp\/v2\/product\/13036","targetHints":{"allow":["GET"]}}],"collection":[{"href":"https:\/\/babylove.se\/no\/wp-json\/wp\/v2\/product"}],"about":[{"href":"https:\/\/babylove.se\/no\/wp-json\/wp\/v2\/types\/product"}],"replies":[{"embeddable":true,"href":"https:\/\/babylove.se\/no\/wp-json\/wp\/v2\/comments?post=13036"}],"wp:featuredmedia":[{"embeddable":true,"href":"https:\/\/babylove.se\/no\/wp-json\/wp\/v2\/media\/13038"}],"wp:attachment":[{"href":"https:\/\/babylove.se\/no\/wp-json\/wp\/v2\/media?parent=13036"}],"wp:term":[{"taxonomy":"product_brand","embeddable":true,"href":"https:\/\/babylove.se\/no\/wp-json\/wp\/v2\/product_brand?post=13036"},{"taxonomy":"product_cat","embeddable":true,"href":"https:\/\/babylove.se\/no\/wp-json\/wp\/v2\/product_cat?post=13036"},{"taxonomy":"product_tag","embeddable":true,"href":"https:\/\/babylove.se\/no\/wp-json\/wp\/v2\/product_tag?post=13036"}],"curies":[{"name":"wp","href":"https:\/\/api.w.org\/{rel}","templated":true}]}}