{"id":13050,"date":"2025-07-18T21:30:01","date_gmt":"2025-07-18T20:30:01","guid":{"rendered":"https:\/\/babylove.se\/produkt\/sebramadrasskydd-baby-120x70-vit\/"},"modified":"2026-04-08T08:57:25","modified_gmt":"2026-04-08T07:57:25","slug":"sebramadrasskydd-baby-120x70-hvit","status":"publish","type":"product","link":"https:\/\/babylove.se\/no\/produkt\/sebramadrasskydd-baby-120x70-hvit\/","title":{"rendered":"Sebra, Madrassbeskytter Baby 120X70 Hvit"},"content":{"rendered":"<p>Et madrassbeskyttelse hjelper \u00e5 forlenge madrassens levetid og gj\u00f8r en ulykke lettere \u00e5 h\u00e5ndtere. Madrassbeskyttelsen plasseres p\u00e5 toppen av madrassen for \u00e5 beskytte den. \\n \\nMadrassbeskyttelsen vaskes i 60 grader. En elastisk kant holder beskyttelsen p\u00e5 plass og sikrer at den blir p\u00e5 madrassen. \\n \\n<strong>Materiale<\/strong>: 100 % bomull. Vaskeanvisning: 60 grader. \\n \\n<strong>M\u00e5l<\/strong>: 70&#215;120 cm \\n \\nDesigner: <a href=\"https:\/\/babylove.se\/varumarken\/sebra\">Sebra<\/a><\/p>\n","protected":false},"excerpt":{"rendered":"<p>Et madrassbeskyttelse hjelper \u00e5 forlenge madrassens levetid og gj\u00f8r en ulykke lettere \u00e5 h\u00e5ndtere. Madrassbeskyttelsen plasseres p\u00e5 toppen av madrassen for \u00e5 beskytte den. \\n \\nMadrassbeskyttelsen vaskes i 60 grader. En elastisk kant holder beskyttelsen p\u00e5 plass og sikrer at den blir p\u00e5 madrassen. \\n \\nMateriale: 100 % bomull. Vaskeanvisning: 60 grader. \\n \\nM\u00e5l: 70&#215;120 [&hellip;]<\/p>\n","protected":false},"featured_media":13052,"comment_status":"closed","ping_status":"closed","template":"","meta":{"_acf_changed":false},"product_brand":[160],"product_cat":[161,1776,119],"product_tag":[],"class_list":{"0":"post-13050","1":"product","2":"type-product","3":"status-publish","4":"has-post-thumbnail","6":"product_brand-sebra","7":"product_cat-sebra","8":"product_cat-sengtilbehor","9":"product_cat-underlaken","11":"first","12":"outofstock","13":"taxable","14":"shipping-taxable","15":"purchasable","16":"product-type-simple"},"acf":[],"yoast_head":"<!-- This site is optimized with the Yoast SEO Premium plugin v25.8 (Yoast SEO v27.2) - https:\/\/yoast.com\/product\/yoast-seo-premium-wordpress\/ -->\n<title>Dra-p\u00e5-lakan70x120 spj\u00e4ls\u00e4ng | Babylove.se<\/title>\n<meta name=\"description\" content=\"Sebra Dra-p\u00e5-Lakan- Detta mjuka och sk\u00f6na underlakan \u00e4r gjort i klassisk stil och tillverkas i organisk bomull. Perfekt till juniors\u00e4ng ! Babylove.se\" \/>\n<meta name=\"robots\" content=\"noindex, follow, max-snippet:-1, max-image-preview:large, max-video-preview:-1\" \/>\n<meta property=\"og:locale\" content=\"nb_NO\" \/>\n<meta property=\"og:type\" content=\"article\" \/>\n<meta property=\"og:title\" content=\"Sebra, Madrassbeskytter Baby 120X70 Hvit\" \/>\n<meta property=\"og:description\" content=\"Sebra Dra-p\u00e5-Lakan- Detta mjuka och sk\u00f6na underlakan \u00e4r gjort i klassisk stil och tillverkas i organisk bomull. Perfekt till juniors\u00e4ng ! Babylove.se\" \/>\n<meta property=\"og:url\" content=\"https:\/\/babylove.se\/no\/produkt\/sebramadrasskydd-baby-120x70-hvit\/\" \/>\n<meta property=\"og:site_name\" content=\"Babylove Norska\" \/>\n<meta property=\"article:modified_time\" content=\"2026-04-08T07:57:25+00:00\" \/>\n<meta property=\"og:image\" content=\"https:\/\/babylove.se\/no\/wp-content\/uploads\/sites\/3\/2025\/07\/15664558035d5e37170d21a.png\" \/>\n\t<meta property=\"og:image:width\" content=\"732\" \/>\n\t<meta property=\"og:image:height\" content=\"750\" \/>\n\t<meta property=\"og:image:type\" content=\"image\/png\" \/>\n<meta name=\"twitter:card\" content=\"summary_large_image\" \/>\n<meta name=\"twitter:label1\" content=\"Price\" \/>\n\t<meta name=\"twitter:data1\" content=\"199,00&nbsp;&#107;&#114;\" \/>\n\t<meta name=\"twitter:label2\" content=\"Availability\" \/>\n\t<meta name=\"twitter:data2\" content=\"Out of stock\" \/>\n<script type=\"application\/ld+json\" class=\"yoast-schema-graph\">{\"@context\":\"https:\/\/schema.org\",\"@graph\":[{\"@type\":\"WebPage\",\"@id\":\"https:\/\/babylove.se\/no\/produkt\/sebramadrasskydd-baby-120x70-hvit\/\",\"url\":\"https:\/\/babylove.se\/no\/produkt\/sebramadrasskydd-baby-120x70-hvit\/\",\"name\":\"Dra-p\u00e5-lakan70x120 spj\u00e4ls\u00e4ng | Babylove.se\",\"isPartOf\":{\"@id\":\"https:\/\/babylove.se\/no\/#website\"},\"primaryImageOfPage\":{\"@id\":\"https:\/\/babylove.se\/no\/produkt\/sebramadrasskydd-baby-120x70-hvit\/#primaryimage\"},\"image\":{\"@id\":\"https:\/\/babylove.se\/no\/produkt\/sebramadrasskydd-baby-120x70-hvit\/#primaryimage\"},\"thumbnailUrl\":\"https:\/\/babylove.se\/no\/wp-content\/uploads\/sites\/3\/2025\/07\/15664558035d5e37170d21a.png\",\"datePublished\":\"2025-07-18T20:30:01+00:00\",\"dateModified\":\"2026-04-08T07:57:25+00:00\",\"description\":\"Sebra Dra-p\u00e5-Lakan- Detta mjuka och sk\u00f6na underlakan \u00e4r gjort i klassisk stil och tillverkas i organisk bomull. Perfekt till juniors\u00e4ng ! Babylove.se\",\"breadcrumb\":{\"@id\":\"https:\/\/babylove.se\/no\/produkt\/sebramadrasskydd-baby-120x70-hvit\/#breadcrumb\"},\"inLanguage\":\"nb-NO\",\"potentialAction\":[{\"@type\":\"ReadAction\",\"target\":[\"https:\/\/babylove.se\/no\/produkt\/sebramadrasskydd-baby-120x70-hvit\/\"]}]},{\"@type\":\"ImageObject\",\"inLanguage\":\"nb-NO\",\"@id\":\"https:\/\/babylove.se\/no\/produkt\/sebramadrasskydd-baby-120x70-hvit\/#primaryimage\",\"url\":\"https:\/\/babylove.se\/no\/wp-content\/uploads\/sites\/3\/2025\/07\/15664558035d5e37170d21a.png\",\"contentUrl\":\"https:\/\/babylove.se\/no\/wp-content\/uploads\/sites\/3\/2025\/07\/15664558035d5e37170d21a.png\",\"width\":732,\"height\":750},{\"@type\":\"BreadcrumbList\",\"@id\":\"https:\/\/babylove.se\/no\/produkt\/sebramadrasskydd-baby-120x70-hvit\/#breadcrumb\",\"itemListElement\":[{\"@type\":\"ListItem\",\"position\":1,\"name\":\"Hem\",\"item\":\"https:\/\/babylove.se\/no\/\"},{\"@type\":\"ListItem\",\"position\":2,\"name\":\"Butik\",\"item\":\"https:\/\/babylove.se\/no\/butik\/\"},{\"@type\":\"ListItem\",\"position\":3,\"name\":\"Sebra, Madrassbeskytter Baby 120X70 Hvit\"}]},{\"@type\":\"WebSite\",\"@id\":\"https:\/\/babylove.se\/no\/#website\",\"url\":\"https:\/\/babylove.se\/no\/\",\"name\":\"Babylove Norska\",\"description\":\"\",\"potentialAction\":[{\"@type\":\"SearchAction\",\"target\":{\"@type\":\"EntryPoint\",\"urlTemplate\":\"https:\/\/babylove.se\/no\/?s={search_term_string}\"},\"query-input\":{\"@type\":\"PropertyValueSpecification\",\"valueRequired\":true,\"valueName\":\"search_term_string\"}}],\"inLanguage\":\"nb-NO\"}]}<\/script>\n<meta property=\"product:brand\" content=\"Sebra\" \/>\n<meta property=\"product:price:amount\" content=\"199.00\" \/>\n<meta property=\"product:price:currency\" content=\"SEK\" \/>\n<meta property=\"og:availability\" content=\"out of stock\" \/>\n<meta property=\"product:availability\" content=\"out of stock\" \/>\n<meta property=\"product:retailer_item_id\" content=\"100830003\" \/>\n<meta property=\"product:condition\" content=\"new\" \/>\n<!-- \/ Yoast SEO Premium plugin. -->","yoast_head_json":{"title":"Dra-p\u00e5-lakan70x120 spj\u00e4ls\u00e4ng | Babylove.se","description":"Sebra Dra-p\u00e5-Lakan- Detta mjuka och sk\u00f6na underlakan \u00e4r gjort i klassisk stil och tillverkas i organisk bomull. Perfekt till juniors\u00e4ng ! Babylove.se","robots":{"index":"noindex","follow":"follow","max-snippet":"max-snippet:-1","max-image-preview":"max-image-preview:large","max-video-preview":"max-video-preview:-1"},"og_locale":"nb_NO","og_type":"article","og_title":"Sebra, Madrassbeskytter Baby 120X70 Hvit","og_description":"Sebra Dra-p\u00e5-Lakan- Detta mjuka och sk\u00f6na underlakan \u00e4r gjort i klassisk stil och tillverkas i organisk bomull. Perfekt till juniors\u00e4ng ! Babylove.se","og_url":"https:\/\/babylove.se\/no\/produkt\/sebramadrasskydd-baby-120x70-hvit\/","og_site_name":"Babylove Norska","article_modified_time":"2026-04-08T07:57:25+00:00","og_image":[{"width":732,"height":750,"url":"https:\/\/babylove.se\/no\/wp-content\/uploads\/sites\/3\/2025\/07\/15664558035d5e37170d21a.png","type":"image\/png"}],"twitter_card":"summary_large_image","twitter_misc":{"Price":"199,00&nbsp;&#107;&#114;","Availability":"Out of stock"},"schema":{"@context":"https:\/\/schema.org","@graph":[{"@type":"WebPage","@id":"https:\/\/babylove.se\/no\/produkt\/sebramadrasskydd-baby-120x70-hvit\/","url":"https:\/\/babylove.se\/no\/produkt\/sebramadrasskydd-baby-120x70-hvit\/","name":"Dra-p\u00e5-lakan70x120 spj\u00e4ls\u00e4ng | Babylove.se","isPartOf":{"@id":"https:\/\/babylove.se\/no\/#website"},"primaryImageOfPage":{"@id":"https:\/\/babylove.se\/no\/produkt\/sebramadrasskydd-baby-120x70-hvit\/#primaryimage"},"image":{"@id":"https:\/\/babylove.se\/no\/produkt\/sebramadrasskydd-baby-120x70-hvit\/#primaryimage"},"thumbnailUrl":"https:\/\/babylove.se\/no\/wp-content\/uploads\/sites\/3\/2025\/07\/15664558035d5e37170d21a.png","datePublished":"2025-07-18T20:30:01+00:00","dateModified":"2026-04-08T07:57:25+00:00","description":"Sebra Dra-p\u00e5-Lakan- Detta mjuka och sk\u00f6na underlakan \u00e4r gjort i klassisk stil och tillverkas i organisk bomull. Perfekt till juniors\u00e4ng ! Babylove.se","breadcrumb":{"@id":"https:\/\/babylove.se\/no\/produkt\/sebramadrasskydd-baby-120x70-hvit\/#breadcrumb"},"inLanguage":"nb-NO","potentialAction":[{"@type":"ReadAction","target":["https:\/\/babylove.se\/no\/produkt\/sebramadrasskydd-baby-120x70-hvit\/"]}]},{"@type":"ImageObject","inLanguage":"nb-NO","@id":"https:\/\/babylove.se\/no\/produkt\/sebramadrasskydd-baby-120x70-hvit\/#primaryimage","url":"https:\/\/babylove.se\/no\/wp-content\/uploads\/sites\/3\/2025\/07\/15664558035d5e37170d21a.png","contentUrl":"https:\/\/babylove.se\/no\/wp-content\/uploads\/sites\/3\/2025\/07\/15664558035d5e37170d21a.png","width":732,"height":750},{"@type":"BreadcrumbList","@id":"https:\/\/babylove.se\/no\/produkt\/sebramadrasskydd-baby-120x70-hvit\/#breadcrumb","itemListElement":[{"@type":"ListItem","position":1,"name":"Hem","item":"https:\/\/babylove.se\/no\/"},{"@type":"ListItem","position":2,"name":"Butik","item":"https:\/\/babylove.se\/no\/butik\/"},{"@type":"ListItem","position":3,"name":"Sebra, Madrassbeskytter Baby 120X70 Hvit"}]},{"@type":"WebSite","@id":"https:\/\/babylove.se\/no\/#website","url":"https:\/\/babylove.se\/no\/","name":"Babylove Norska","description":"","potentialAction":[{"@type":"SearchAction","target":{"@type":"EntryPoint","urlTemplate":"https:\/\/babylove.se\/no\/?s={search_term_string}"},"query-input":{"@type":"PropertyValueSpecification","valueRequired":true,"valueName":"search_term_string"}}],"inLanguage":"nb-NO"}]},"product_brand":"Sebra","product_price_amount":"199.00","product_price_currency":"SEK","og_availability":"out of stock","product_availability":"out of stock","product_retailer_item_id":"100830003","product_condition":"new"},"_links":{"self":[{"href":"https:\/\/babylove.se\/no\/wp-json\/wp\/v2\/product\/13050","targetHints":{"allow":["GET"]}}],"collection":[{"href":"https:\/\/babylove.se\/no\/wp-json\/wp\/v2\/product"}],"about":[{"href":"https:\/\/babylove.se\/no\/wp-json\/wp\/v2\/types\/product"}],"replies":[{"embeddable":true,"href":"https:\/\/babylove.se\/no\/wp-json\/wp\/v2\/comments?post=13050"}],"wp:featuredmedia":[{"embeddable":true,"href":"https:\/\/babylove.se\/no\/wp-json\/wp\/v2\/media\/13052"}],"wp:attachment":[{"href":"https:\/\/babylove.se\/no\/wp-json\/wp\/v2\/media?parent=13050"}],"wp:term":[{"taxonomy":"product_brand","embeddable":true,"href":"https:\/\/babylove.se\/no\/wp-json\/wp\/v2\/product_brand?post=13050"},{"taxonomy":"product_cat","embeddable":true,"href":"https:\/\/babylove.se\/no\/wp-json\/wp\/v2\/product_cat?post=13050"},{"taxonomy":"product_tag","embeddable":true,"href":"https:\/\/babylove.se\/no\/wp-json\/wp\/v2\/product_tag?post=13050"}],"curies":[{"name":"wp","href":"https:\/\/api.w.org\/{rel}","templated":true}]}}