{"id":1306,"date":"2025-07-18T20:01:07","date_gmt":"2025-07-18T19:01:07","guid":{"rendered":"https:\/\/babylove.se\/produkt\/hushylla-gra-xl\/"},"modified":"2026-04-08T07:40:43","modified_gmt":"2026-04-08T06:40:43","slug":"hushylla-gra-xl","status":"publish","type":"product","link":"https:\/\/babylove.se\/no\/produkt\/hushylla-gra-xl\/","title":{"rendered":"Hushylle gr\u00e5, XL"},"content":{"rendered":"<p>En sv\u00e6rt popul\u00e6r innredningsdetalj til barnerommet, en s\u00e5kalt hushylle. \\n \\nHyllen fungerer som bokhylle, eller ved oppbevaring av leker og festes enkelt p\u00e5 veggen. Hushyllen er ogs\u00e5 enkel \u00e5 holde ren. Hyllen er laget i furutre og kommer til \u00e5 holde lenge. Fargen er tilpasset barneleker og gir trygghet til barnet. \\n \\n<strong>M\u00e5l<\/strong>: 60x40x10 cm<\/p>\n","protected":false},"excerpt":{"rendered":"<p>En sv\u00e6rt popul\u00e6r innredningsdetalj til barnerommet, en s\u00e5kalt hushylle. \\n \\nHyllen fungerer som bokhylle, eller ved oppbevaring av leker og festes enkelt p\u00e5 veggen. Hushyllen er ogs\u00e5 enkel \u00e5 holde ren. Hyllen er laget i furutre og kommer til \u00e5 holde lenge. Fargen er tilpasset barneleker og gir trygghet til barnet. \\n \\nM\u00e5l: 60x40x10 cm<\/p>\n","protected":false},"featured_media":1308,"comment_status":"closed","ping_status":"closed","template":"","meta":{"_acf_changed":false},"product_brand":[78],"product_cat":[81,69,89,87,25,68,43],"product_tag":[1689],"class_list":{"0":"post-1306","1":"product","2":"type-product","3":"status-publish","4":"has-post-thumbnail","6":"product_brand-bambooko","7":"product_cat-bambooko","8":"product_cat-dukker-tilbehoer","9":"product_cat-dukkehus","10":"product_cat-hyller","11":"product_cat-ikke-bare-jenter","12":"product_cat-leker","13":"product_cat-oppbevaringskurver","14":"product_tag-bestillingsvaror","16":"first","17":"instock","18":"taxable","19":"shipping-taxable","20":"purchasable","21":"product-type-simple"},"acf":[],"yoast_head":"<!-- This site is optimized with the Yoast SEO Premium plugin v25.8 (Yoast SEO v27.2) - https:\/\/yoast.com\/product\/yoast-seo-premium-wordpress\/ -->\n<title>Hushylle gr\u00e5, XL - Babylove Norska<\/title>\n<meta name=\"robots\" content=\"noindex, follow, max-snippet:-1, max-image-preview:large, max-video-preview:-1\" \/>\n<meta property=\"og:locale\" content=\"nb_NO\" \/>\n<meta property=\"og:type\" content=\"article\" \/>\n<meta property=\"og:title\" content=\"Hushylle gr\u00e5, XL\" \/>\n<meta property=\"og:description\" content=\"En sv\u00e6rt popul\u00e6r innredningsdetalj til barnerommet, en s\u00e5kalt hushylle. n nHyllen fungerer som bokhylle, eller ved oppbevaring av leker og festes enkelt p\u00e5 veggen. Hushyllen er ogs\u00e5 enkel \u00e5 holde ren. Hyllen er laget i furutre og kommer til \u00e5 holde lenge. Fargen er tilpasset barneleker og gir trygghet til barnet. n nM\u00e5l: 60x40x10 cm\" \/>\n<meta property=\"og:url\" content=\"https:\/\/babylove.se\/no\/produkt\/hushylla-gra-xl\/\" \/>\n<meta property=\"og:site_name\" content=\"Babylove Norska\" \/>\n<meta property=\"article:modified_time\" content=\"2026-04-08T06:40:43+00:00\" \/>\n<meta property=\"og:image\" content=\"https:\/\/babylove.se\/no\/wp-content\/uploads\/sites\/3\/2025\/07\/575adce5cbdb0.jpeg\" \/>\n\t<meta property=\"og:image:width\" content=\"750\" \/>\n\t<meta property=\"og:image:height\" content=\"750\" \/>\n\t<meta property=\"og:image:type\" content=\"image\/jpeg\" \/>\n<meta name=\"twitter:card\" content=\"summary_large_image\" \/>\n<meta name=\"twitter:label1\" content=\"Price\" \/>\n\t<meta name=\"twitter:data1\" content=\"1 599,00&nbsp;&#107;&#114;\" \/>\n\t<meta name=\"twitter:label2\" content=\"Availability\" \/>\n\t<meta name=\"twitter:data2\" content=\"In stock\" \/>\n<script type=\"application\/ld+json\" class=\"yoast-schema-graph\">{\"@context\":\"https:\/\/schema.org\",\"@graph\":[{\"@type\":\"WebPage\",\"@id\":\"https:\/\/babylove.se\/no\/produkt\/hushylla-gra-xl\/\",\"url\":\"https:\/\/babylove.se\/no\/produkt\/hushylla-gra-xl\/\",\"name\":\"Hushylle gr\u00e5, XL - Babylove Norska\",\"isPartOf\":{\"@id\":\"https:\/\/babylove.se\/no\/#website\"},\"primaryImageOfPage\":{\"@id\":\"https:\/\/babylove.se\/no\/produkt\/hushylla-gra-xl\/#primaryimage\"},\"image\":{\"@id\":\"https:\/\/babylove.se\/no\/produkt\/hushylla-gra-xl\/#primaryimage\"},\"thumbnailUrl\":\"https:\/\/babylove.se\/no\/wp-content\/uploads\/sites\/3\/2025\/07\/575adce5cbdb0.jpeg\",\"datePublished\":\"2025-07-18T19:01:07+00:00\",\"dateModified\":\"2026-04-08T06:40:43+00:00\",\"breadcrumb\":{\"@id\":\"https:\/\/babylove.se\/no\/produkt\/hushylla-gra-xl\/#breadcrumb\"},\"inLanguage\":\"nb-NO\",\"potentialAction\":[{\"@type\":\"ReadAction\",\"target\":[\"https:\/\/babylove.se\/no\/produkt\/hushylla-gra-xl\/\"]}]},{\"@type\":\"ImageObject\",\"inLanguage\":\"nb-NO\",\"@id\":\"https:\/\/babylove.se\/no\/produkt\/hushylla-gra-xl\/#primaryimage\",\"url\":\"https:\/\/babylove.se\/no\/wp-content\/uploads\/sites\/3\/2025\/07\/575adce5cbdb0.jpeg\",\"contentUrl\":\"https:\/\/babylove.se\/no\/wp-content\/uploads\/sites\/3\/2025\/07\/575adce5cbdb0.jpeg\",\"width\":750,\"height\":750},{\"@type\":\"BreadcrumbList\",\"@id\":\"https:\/\/babylove.se\/no\/produkt\/hushylla-gra-xl\/#breadcrumb\",\"itemListElement\":[{\"@type\":\"ListItem\",\"position\":1,\"name\":\"Hem\",\"item\":\"https:\/\/babylove.se\/no\/\"},{\"@type\":\"ListItem\",\"position\":2,\"name\":\"Butik\",\"item\":\"https:\/\/babylove.se\/no\/butik\/\"},{\"@type\":\"ListItem\",\"position\":3,\"name\":\"Hushylle gr\u00e5, XL\"}]},{\"@type\":\"WebSite\",\"@id\":\"https:\/\/babylove.se\/no\/#website\",\"url\":\"https:\/\/babylove.se\/no\/\",\"name\":\"Babylove Norska\",\"description\":\"\",\"potentialAction\":[{\"@type\":\"SearchAction\",\"target\":{\"@type\":\"EntryPoint\",\"urlTemplate\":\"https:\/\/babylove.se\/no\/?s={search_term_string}\"},\"query-input\":{\"@type\":\"PropertyValueSpecification\",\"valueRequired\":true,\"valueName\":\"search_term_string\"}}],\"inLanguage\":\"nb-NO\"}]}<\/script>\n<meta property=\"product:brand\" content=\"Bambooko\" \/>\n<meta property=\"product:price:amount\" content=\"1599.00\" \/>\n<meta property=\"product:price:currency\" content=\"SEK\" \/>\n<meta property=\"og:availability\" content=\"instock\" \/>\n<meta property=\"product:availability\" content=\"instock\" \/>\n<meta property=\"product:retailer_item_id\" content=\"BB003gr\u00e5XL\" \/>\n<meta property=\"product:condition\" content=\"new\" \/>\n<!-- \/ Yoast SEO Premium plugin. -->","yoast_head_json":{"title":"Hushylle gr\u00e5, XL - Babylove Norska","robots":{"index":"noindex","follow":"follow","max-snippet":"max-snippet:-1","max-image-preview":"max-image-preview:large","max-video-preview":"max-video-preview:-1"},"og_locale":"nb_NO","og_type":"article","og_title":"Hushylle gr\u00e5, XL","og_description":"En sv\u00e6rt popul\u00e6r innredningsdetalj til barnerommet, en s\u00e5kalt hushylle. n nHyllen fungerer som bokhylle, eller ved oppbevaring av leker og festes enkelt p\u00e5 veggen. Hushyllen er ogs\u00e5 enkel \u00e5 holde ren. Hyllen er laget i furutre og kommer til \u00e5 holde lenge. Fargen er tilpasset barneleker og gir trygghet til barnet. n nM\u00e5l: 60x40x10 cm","og_url":"https:\/\/babylove.se\/no\/produkt\/hushylla-gra-xl\/","og_site_name":"Babylove Norska","article_modified_time":"2026-04-08T06:40:43+00:00","og_image":[{"width":750,"height":750,"url":"https:\/\/babylove.se\/no\/wp-content\/uploads\/sites\/3\/2025\/07\/575adce5cbdb0.jpeg","type":"image\/jpeg"}],"twitter_card":"summary_large_image","twitter_misc":{"Price":"1 599,00&nbsp;&#107;&#114;","Availability":"In stock"},"schema":{"@context":"https:\/\/schema.org","@graph":[{"@type":"WebPage","@id":"https:\/\/babylove.se\/no\/produkt\/hushylla-gra-xl\/","url":"https:\/\/babylove.se\/no\/produkt\/hushylla-gra-xl\/","name":"Hushylle gr\u00e5, XL - Babylove Norska","isPartOf":{"@id":"https:\/\/babylove.se\/no\/#website"},"primaryImageOfPage":{"@id":"https:\/\/babylove.se\/no\/produkt\/hushylla-gra-xl\/#primaryimage"},"image":{"@id":"https:\/\/babylove.se\/no\/produkt\/hushylla-gra-xl\/#primaryimage"},"thumbnailUrl":"https:\/\/babylove.se\/no\/wp-content\/uploads\/sites\/3\/2025\/07\/575adce5cbdb0.jpeg","datePublished":"2025-07-18T19:01:07+00:00","dateModified":"2026-04-08T06:40:43+00:00","breadcrumb":{"@id":"https:\/\/babylove.se\/no\/produkt\/hushylla-gra-xl\/#breadcrumb"},"inLanguage":"nb-NO","potentialAction":[{"@type":"ReadAction","target":["https:\/\/babylove.se\/no\/produkt\/hushylla-gra-xl\/"]}]},{"@type":"ImageObject","inLanguage":"nb-NO","@id":"https:\/\/babylove.se\/no\/produkt\/hushylla-gra-xl\/#primaryimage","url":"https:\/\/babylove.se\/no\/wp-content\/uploads\/sites\/3\/2025\/07\/575adce5cbdb0.jpeg","contentUrl":"https:\/\/babylove.se\/no\/wp-content\/uploads\/sites\/3\/2025\/07\/575adce5cbdb0.jpeg","width":750,"height":750},{"@type":"BreadcrumbList","@id":"https:\/\/babylove.se\/no\/produkt\/hushylla-gra-xl\/#breadcrumb","itemListElement":[{"@type":"ListItem","position":1,"name":"Hem","item":"https:\/\/babylove.se\/no\/"},{"@type":"ListItem","position":2,"name":"Butik","item":"https:\/\/babylove.se\/no\/butik\/"},{"@type":"ListItem","position":3,"name":"Hushylle gr\u00e5, XL"}]},{"@type":"WebSite","@id":"https:\/\/babylove.se\/no\/#website","url":"https:\/\/babylove.se\/no\/","name":"Babylove Norska","description":"","potentialAction":[{"@type":"SearchAction","target":{"@type":"EntryPoint","urlTemplate":"https:\/\/babylove.se\/no\/?s={search_term_string}"},"query-input":{"@type":"PropertyValueSpecification","valueRequired":true,"valueName":"search_term_string"}}],"inLanguage":"nb-NO"}]},"product_brand":"Bambooko","product_price_amount":"1599.00","product_price_currency":"SEK","og_availability":"instock","product_availability":"instock","product_retailer_item_id":"BB003gr\u00e5XL","product_condition":"new"},"_links":{"self":[{"href":"https:\/\/babylove.se\/no\/wp-json\/wp\/v2\/product\/1306","targetHints":{"allow":["GET"]}}],"collection":[{"href":"https:\/\/babylove.se\/no\/wp-json\/wp\/v2\/product"}],"about":[{"href":"https:\/\/babylove.se\/no\/wp-json\/wp\/v2\/types\/product"}],"replies":[{"embeddable":true,"href":"https:\/\/babylove.se\/no\/wp-json\/wp\/v2\/comments?post=1306"}],"wp:featuredmedia":[{"embeddable":true,"href":"https:\/\/babylove.se\/no\/wp-json\/wp\/v2\/media\/1308"}],"wp:attachment":[{"href":"https:\/\/babylove.se\/no\/wp-json\/wp\/v2\/media?parent=1306"}],"wp:term":[{"taxonomy":"product_brand","embeddable":true,"href":"https:\/\/babylove.se\/no\/wp-json\/wp\/v2\/product_brand?post=1306"},{"taxonomy":"product_cat","embeddable":true,"href":"https:\/\/babylove.se\/no\/wp-json\/wp\/v2\/product_cat?post=1306"},{"taxonomy":"product_tag","embeddable":true,"href":"https:\/\/babylove.se\/no\/wp-json\/wp\/v2\/product_tag?post=1306"}],"curies":[{"name":"wp","href":"https:\/\/api.w.org\/{rel}","templated":true}]}}