{"id":13076,"date":"2025-07-18T21:30:15","date_gmt":"2025-07-18T20:30:15","guid":{"rendered":"https:\/\/babylove.se\/produkt\/koala-natur-spjalsangjuniorsang-2-i-1\/"},"modified":"2026-04-08T08:57:42","modified_gmt":"2026-04-08T07:57:42","slug":"koala-natur-spjelseng-juniorseng-2-i-1","status":"publish","type":"product","link":"https:\/\/babylove.se\/no\/produkt\/koala-natur-spjelseng-juniorseng-2-i-1\/","title":{"rendered":"Koala natur sprinkelseng\/juniorseng 2 i 1"},"content":{"rendered":"<p>En klassisk naturfargede sprinkelseng som vokser sammen med barnet og forvandles enkelt fra sprinkelseng til juniorseng ved \u00e5 skru ned langsidene s\u00e5 den blir en fin barnesofa eller juniorseng. &nbsp;<\/p>\n<p>Sprinkelsengen er justerbar i to h\u00f8ydestillinger og har lukkede gavler som gj\u00f8r at sengen har tidl\u00f8s design og vil passe i ethvert barnerom.&nbsp;<\/p>\n<p>Madras kj\u00f8pes separat. Finnes i hvit og naturfarge.&nbsp;<\/p>\n<ul>\n<li>St\u00f8rrelse Lengde: 144 cm | Bredde: 74 cm | Total h\u00f8yde: 88 cm&nbsp;<\/li>\n<li>Madrassm\u00e5l Lengde: 140 cm | Bredde: 70 cm &#8211; Obs ! Madras er ikke inkludert !&nbsp;<\/li>\n<li>Materiale Tre\/ MDF<\/li>\n<li>Stell T\u00f8rk med en fuktig klut.&nbsp;<\/li>\n<\/ul>\n<p><em><em><em><em><em>Obs! Sengen leveres umontert og b\u00f8r settes sammen i rommet den skal brukes i.<\/em><\/em><\/em><\/em><\/em><\/p>\n","protected":false},"excerpt":{"rendered":"<p>En klassisk naturfargede sprinkelseng som vokser sammen med barnet og forvandles enkelt fra sprinkelseng til juniorseng ved \u00e5 skru ned langsidene s\u00e5 den blir en fin barnesofa eller juniorseng. &nbsp; Sprinkelsengen er justerbar i to h\u00f8ydestillinger og har lukkede gavler som gj\u00f8r at sengen har tidl\u00f8s design og vil passe i ethvert barnerom.&nbsp; Madras kj\u00f8pes [&hellip;]<\/p>\n","protected":false},"featured_media":13078,"comment_status":"closed","ping_status":"open","template":"","meta":{"_acf_changed":false},"product_brand":[375],"product_cat":[279,654,376,40],"product_tag":[1689],"class_list":{"0":"post-13076","1":"product","2":"type-product","3":"status-publish","4":"has-post-thumbnail","6":"product_brand-pqp-ttm","7":"product_cat-spjlsngar","8":"product_cat-black-week","9":"product_cat-pp","10":"product_cat-soverom-barn","11":"product_tag-bestillingsvaror","13":"first","14":"instock","15":"taxable","16":"shipping-taxable","17":"purchasable","18":"product-type-simple"},"acf":[],"yoast_head":"<!-- This site is optimized with the Yoast SEO Premium plugin v25.8 (Yoast SEO v27.2) - https:\/\/yoast.com\/product\/yoast-seo-premium-wordpress\/ -->\n<title>Koala natur sprinkelseng\/juniorseng 2 i 1 - Babylove Norska<\/title>\n<meta name=\"robots\" content=\"noindex, follow, max-snippet:-1, max-image-preview:large, max-video-preview:-1\" \/>\n<meta property=\"og:locale\" content=\"nb_NO\" \/>\n<meta property=\"og:type\" content=\"article\" \/>\n<meta property=\"og:title\" content=\"Koala natur sprinkelseng\/juniorseng 2 i 1\" \/>\n<meta property=\"og:description\" content=\"En klassisk naturfargede sprinkelseng som vokser sammen med barnet og forvandles enkelt fra sprinkelseng til juniorseng ved \u00e5 skru ned langsidene s\u00e5 den blir en fin barnesofa eller juniorseng. &nbsp; Sprinkelsengen er justerbar i to h\u00f8ydestillinger og har lukkede gavler som gj\u00f8r at sengen har tidl\u00f8s design og vil passe i ethvert barnerom.&nbsp; Madras kj\u00f8pes [&hellip;]\" \/>\n<meta property=\"og:url\" content=\"https:\/\/babylove.se\/no\/produkt\/koala-natur-spjelseng-juniorseng-2-i-1\/\" \/>\n<meta property=\"og:site_name\" content=\"Babylove Norska\" \/>\n<meta property=\"article:modified_time\" content=\"2026-04-08T07:57:42+00:00\" \/>\n<meta property=\"og:image\" content=\"https:\/\/babylove.se\/no\/wp-content\/uploads\/sites\/3\/2025\/07\/5d63b1af7bf50.jpeg\" \/>\n\t<meta property=\"og:image:width\" content=\"750\" \/>\n\t<meta property=\"og:image:height\" content=\"750\" \/>\n\t<meta property=\"og:image:type\" content=\"image\/jpeg\" \/>\n<meta name=\"twitter:card\" content=\"summary_large_image\" \/>\n<meta name=\"twitter:label1\" content=\"Price\" \/>\n\t<meta name=\"twitter:data1\" content=\"1 999,00&nbsp;&#107;&#114;\" \/>\n\t<meta name=\"twitter:label2\" content=\"Availability\" \/>\n\t<meta name=\"twitter:data2\" content=\"In stock\" \/>\n<script type=\"application\/ld+json\" class=\"yoast-schema-graph\">{\"@context\":\"https:\/\/schema.org\",\"@graph\":[{\"@type\":\"WebPage\",\"@id\":\"https:\/\/babylove.se\/no\/produkt\/koala-natur-spjelseng-juniorseng-2-i-1\/\",\"url\":\"https:\/\/babylove.se\/no\/produkt\/koala-natur-spjelseng-juniorseng-2-i-1\/\",\"name\":\"Koala natur sprinkelseng\/juniorseng 2 i 1 - Babylove Norska\",\"isPartOf\":{\"@id\":\"https:\/\/babylove.se\/no\/#website\"},\"primaryImageOfPage\":{\"@id\":\"https:\/\/babylove.se\/no\/produkt\/koala-natur-spjelseng-juniorseng-2-i-1\/#primaryimage\"},\"image\":{\"@id\":\"https:\/\/babylove.se\/no\/produkt\/koala-natur-spjelseng-juniorseng-2-i-1\/#primaryimage\"},\"thumbnailUrl\":\"https:\/\/babylove.se\/no\/wp-content\/uploads\/sites\/3\/2025\/07\/5d63b1af7bf50.jpeg\",\"datePublished\":\"2025-07-18T20:30:15+00:00\",\"dateModified\":\"2026-04-08T07:57:42+00:00\",\"breadcrumb\":{\"@id\":\"https:\/\/babylove.se\/no\/produkt\/koala-natur-spjelseng-juniorseng-2-i-1\/#breadcrumb\"},\"inLanguage\":\"nb-NO\",\"potentialAction\":[{\"@type\":\"ReadAction\",\"target\":[\"https:\/\/babylove.se\/no\/produkt\/koala-natur-spjelseng-juniorseng-2-i-1\/\"]}]},{\"@type\":\"ImageObject\",\"inLanguage\":\"nb-NO\",\"@id\":\"https:\/\/babylove.se\/no\/produkt\/koala-natur-spjelseng-juniorseng-2-i-1\/#primaryimage\",\"url\":\"https:\/\/babylove.se\/no\/wp-content\/uploads\/sites\/3\/2025\/07\/5d63b1af7bf50.jpeg\",\"contentUrl\":\"https:\/\/babylove.se\/no\/wp-content\/uploads\/sites\/3\/2025\/07\/5d63b1af7bf50.jpeg\",\"width\":750,\"height\":750},{\"@type\":\"BreadcrumbList\",\"@id\":\"https:\/\/babylove.se\/no\/produkt\/koala-natur-spjelseng-juniorseng-2-i-1\/#breadcrumb\",\"itemListElement\":[{\"@type\":\"ListItem\",\"position\":1,\"name\":\"Hem\",\"item\":\"https:\/\/babylove.se\/no\/\"},{\"@type\":\"ListItem\",\"position\":2,\"name\":\"Butik\",\"item\":\"https:\/\/babylove.se\/no\/butik\/\"},{\"@type\":\"ListItem\",\"position\":3,\"name\":\"Koala natur sprinkelseng\/juniorseng 2 i 1\"}]},{\"@type\":\"WebSite\",\"@id\":\"https:\/\/babylove.se\/no\/#website\",\"url\":\"https:\/\/babylove.se\/no\/\",\"name\":\"Babylove Norska\",\"description\":\"\",\"potentialAction\":[{\"@type\":\"SearchAction\",\"target\":{\"@type\":\"EntryPoint\",\"urlTemplate\":\"https:\/\/babylove.se\/no\/?s={search_term_string}\"},\"query-input\":{\"@type\":\"PropertyValueSpecification\",\"valueRequired\":true,\"valueName\":\"search_term_string\"}}],\"inLanguage\":\"nb-NO\"}]}<\/script>\n<meta property=\"product:brand\" content=\"PQP\/TTM\" \/>\n<meta property=\"product:price:amount\" content=\"1999.00\" \/>\n<meta property=\"product:price:currency\" content=\"SEK\" \/>\n<meta property=\"og:availability\" content=\"instock\" \/>\n<meta property=\"product:availability\" content=\"instock\" \/>\n<meta property=\"product:retailer_item_id\" content=\"27504\" \/>\n<meta property=\"product:condition\" content=\"new\" \/>\n<!-- \/ Yoast SEO Premium plugin. -->","yoast_head_json":{"title":"Koala natur sprinkelseng\/juniorseng 2 i 1 - Babylove Norska","robots":{"index":"noindex","follow":"follow","max-snippet":"max-snippet:-1","max-image-preview":"max-image-preview:large","max-video-preview":"max-video-preview:-1"},"og_locale":"nb_NO","og_type":"article","og_title":"Koala natur sprinkelseng\/juniorseng 2 i 1","og_description":"En klassisk naturfargede sprinkelseng som vokser sammen med barnet og forvandles enkelt fra sprinkelseng til juniorseng ved \u00e5 skru ned langsidene s\u00e5 den blir en fin barnesofa eller juniorseng. &nbsp; Sprinkelsengen er justerbar i to h\u00f8ydestillinger og har lukkede gavler som gj\u00f8r at sengen har tidl\u00f8s design og vil passe i ethvert barnerom.&nbsp; Madras kj\u00f8pes [&hellip;]","og_url":"https:\/\/babylove.se\/no\/produkt\/koala-natur-spjelseng-juniorseng-2-i-1\/","og_site_name":"Babylove Norska","article_modified_time":"2026-04-08T07:57:42+00:00","og_image":[{"width":750,"height":750,"url":"https:\/\/babylove.se\/no\/wp-content\/uploads\/sites\/3\/2025\/07\/5d63b1af7bf50.jpeg","type":"image\/jpeg"}],"twitter_card":"summary_large_image","twitter_misc":{"Price":"1 999,00&nbsp;&#107;&#114;","Availability":"In stock"},"schema":{"@context":"https:\/\/schema.org","@graph":[{"@type":"WebPage","@id":"https:\/\/babylove.se\/no\/produkt\/koala-natur-spjelseng-juniorseng-2-i-1\/","url":"https:\/\/babylove.se\/no\/produkt\/koala-natur-spjelseng-juniorseng-2-i-1\/","name":"Koala natur sprinkelseng\/juniorseng 2 i 1 - Babylove Norska","isPartOf":{"@id":"https:\/\/babylove.se\/no\/#website"},"primaryImageOfPage":{"@id":"https:\/\/babylove.se\/no\/produkt\/koala-natur-spjelseng-juniorseng-2-i-1\/#primaryimage"},"image":{"@id":"https:\/\/babylove.se\/no\/produkt\/koala-natur-spjelseng-juniorseng-2-i-1\/#primaryimage"},"thumbnailUrl":"https:\/\/babylove.se\/no\/wp-content\/uploads\/sites\/3\/2025\/07\/5d63b1af7bf50.jpeg","datePublished":"2025-07-18T20:30:15+00:00","dateModified":"2026-04-08T07:57:42+00:00","breadcrumb":{"@id":"https:\/\/babylove.se\/no\/produkt\/koala-natur-spjelseng-juniorseng-2-i-1\/#breadcrumb"},"inLanguage":"nb-NO","potentialAction":[{"@type":"ReadAction","target":["https:\/\/babylove.se\/no\/produkt\/koala-natur-spjelseng-juniorseng-2-i-1\/"]}]},{"@type":"ImageObject","inLanguage":"nb-NO","@id":"https:\/\/babylove.se\/no\/produkt\/koala-natur-spjelseng-juniorseng-2-i-1\/#primaryimage","url":"https:\/\/babylove.se\/no\/wp-content\/uploads\/sites\/3\/2025\/07\/5d63b1af7bf50.jpeg","contentUrl":"https:\/\/babylove.se\/no\/wp-content\/uploads\/sites\/3\/2025\/07\/5d63b1af7bf50.jpeg","width":750,"height":750},{"@type":"BreadcrumbList","@id":"https:\/\/babylove.se\/no\/produkt\/koala-natur-spjelseng-juniorseng-2-i-1\/#breadcrumb","itemListElement":[{"@type":"ListItem","position":1,"name":"Hem","item":"https:\/\/babylove.se\/no\/"},{"@type":"ListItem","position":2,"name":"Butik","item":"https:\/\/babylove.se\/no\/butik\/"},{"@type":"ListItem","position":3,"name":"Koala natur sprinkelseng\/juniorseng 2 i 1"}]},{"@type":"WebSite","@id":"https:\/\/babylove.se\/no\/#website","url":"https:\/\/babylove.se\/no\/","name":"Babylove Norska","description":"","potentialAction":[{"@type":"SearchAction","target":{"@type":"EntryPoint","urlTemplate":"https:\/\/babylove.se\/no\/?s={search_term_string}"},"query-input":{"@type":"PropertyValueSpecification","valueRequired":true,"valueName":"search_term_string"}}],"inLanguage":"nb-NO"}]},"product_brand":"PQP\/TTM","product_price_amount":"1999.00","product_price_currency":"SEK","og_availability":"instock","product_availability":"instock","product_retailer_item_id":"27504","product_condition":"new"},"_links":{"self":[{"href":"https:\/\/babylove.se\/no\/wp-json\/wp\/v2\/product\/13076","targetHints":{"allow":["GET"]}}],"collection":[{"href":"https:\/\/babylove.se\/no\/wp-json\/wp\/v2\/product"}],"about":[{"href":"https:\/\/babylove.se\/no\/wp-json\/wp\/v2\/types\/product"}],"replies":[{"embeddable":true,"href":"https:\/\/babylove.se\/no\/wp-json\/wp\/v2\/comments?post=13076"}],"wp:featuredmedia":[{"embeddable":true,"href":"https:\/\/babylove.se\/no\/wp-json\/wp\/v2\/media\/13078"}],"wp:attachment":[{"href":"https:\/\/babylove.se\/no\/wp-json\/wp\/v2\/media?parent=13076"}],"wp:term":[{"taxonomy":"product_brand","embeddable":true,"href":"https:\/\/babylove.se\/no\/wp-json\/wp\/v2\/product_brand?post=13076"},{"taxonomy":"product_cat","embeddable":true,"href":"https:\/\/babylove.se\/no\/wp-json\/wp\/v2\/product_cat?post=13076"},{"taxonomy":"product_tag","embeddable":true,"href":"https:\/\/babylove.se\/no\/wp-json\/wp\/v2\/product_tag?post=13076"}],"curies":[{"name":"wp","href":"https:\/\/api.w.org\/{rel}","templated":true}]}}