{"id":13086,"date":"2025-07-18T21:30:15","date_gmt":"2025-07-18T20:30:15","guid":{"rendered":"https:\/\/babylove.se\/produkt\/giraffe-vit-juniorsang-med-sidoskydd\/"},"modified":"2026-04-08T08:57:45","modified_gmt":"2026-04-08T07:57:45","slug":"giraff-hvit-juniorseng-med-sidebeskyttelse","status":"publish","type":"product","link":"https:\/\/babylove.se\/no\/produkt\/giraff-hvit-juniorseng-med-sidebeskyttelse\/","title":{"rendered":"Babylove, Hvit juniorseng med sidebeskyttelse- Sky"},"content":{"rendered":"<p>En klassisk hvit juniorseng med praktiske to avtakbare sidebeskyttelser. Sengen passer perfekt n\u00e5r barnet har vokst ut av sprinkelseng. &nbsp; &nbsp;<\/p>\n<p>Sengen har fine gavler som gj\u00f8r at sengen har tidl\u00f8st design og vil passe i ethvert barnerom.&nbsp;<\/p>\n<p>Madrass kj\u00f8pes separat. Finnes i hvit og naturfarge. Sidebeskyttelse kan monteres ned ved behov.&nbsp;<\/p>\n<ul>\n<li>St\u00f8rrelse Lengde: 144 cm | Bredde: 74 cm | Totalh\u00f8yde: 60 cm&nbsp;<\/li>\n<li>Madrassm\u00e5l Lengde: 140 cm | Bredde: 70 cm &#8211; Obs! Madrass inng\u00e5r ikke! Vi anbefaler en skummadrass med tykkelse p\u00e5 ca. 10-12 cm.<\/li>\n<li>Materiale: Tre\/ MDF<\/li>\n<li>Stell T\u00f8rk med en fuktig klut.&nbsp;<\/li>\n<li>Ribbebunn inng\u00e5r<\/li>\n<\/ul>\n<p><em><em><em><em>Obs! Sengen leveres umontert og b\u00f8r settes sammen i rommet den skal brukes i.<\/em><\/em><\/em><\/em><\/p>\n","protected":false},"excerpt":{"rendered":"<p>En klassisk hvit juniorseng med praktiske to avtakbare sidebeskyttelser. Sengen passer perfekt n\u00e5r barnet har vokst ut av sprinkelseng. &nbsp; &nbsp; Sengen har fine gavler som gj\u00f8r at sengen har tidl\u00f8st design og vil passe i ethvert barnerom.&nbsp; Madrass kj\u00f8pes separat. Finnes i hvit og naturfarge. Sidebeskyttelse kan monteres ned ved behov.&nbsp; St\u00f8rrelse Lengde: 144 [&hellip;]<\/p>\n","protected":false},"featured_media":13088,"comment_status":"closed","ping_status":"open","template":"","meta":{"_acf_changed":false},"product_brand":[375],"product_cat":[269,376,280,40],"product_tag":[1689],"class_list":{"0":"post-13086","1":"product","2":"type-product","3":"status-publish","4":"has-post-thumbnail","6":"product_brand-pqp-ttm","7":"product_cat-juniorsenger","8":"product_cat-pp","9":"product_cat-senger-med-rask-levering","10":"product_cat-soverom-barn","11":"product_tag-bestillingsvaror","13":"first","14":"instock","15":"taxable","16":"shipping-taxable","17":"purchasable","18":"product-type-simple"},"acf":[],"yoast_head":"<!-- This site is optimized with the Yoast SEO Premium plugin v25.8 (Yoast SEO v27.2) - https:\/\/yoast.com\/product\/yoast-seo-premium-wordpress\/ -->\n<title>Babylove, Hvit juniorseng med sidebeskyttelse- Sky - Babylove Norska<\/title>\n<meta name=\"robots\" content=\"noindex, follow, max-snippet:-1, max-image-preview:large, max-video-preview:-1\" \/>\n<meta property=\"og:locale\" content=\"nb_NO\" \/>\n<meta property=\"og:type\" content=\"article\" \/>\n<meta property=\"og:title\" content=\"Babylove, Hvit juniorseng med sidebeskyttelse- Sky\" \/>\n<meta property=\"og:description\" content=\"En klassisk hvit juniorseng med praktiske to avtakbare sidebeskyttelser. Sengen passer perfekt n\u00e5r barnet har vokst ut av sprinkelseng. &nbsp; &nbsp; Sengen har fine gavler som gj\u00f8r at sengen har tidl\u00f8st design og vil passe i ethvert barnerom.&nbsp; Madrass kj\u00f8pes separat. Finnes i hvit og naturfarge. Sidebeskyttelse kan monteres ned ved behov.&nbsp; St\u00f8rrelse Lengde: 144 [&hellip;]\" \/>\n<meta property=\"og:url\" content=\"https:\/\/babylove.se\/no\/produkt\/giraff-hvit-juniorseng-med-sidebeskyttelse\/\" \/>\n<meta property=\"og:site_name\" content=\"Babylove Norska\" \/>\n<meta property=\"article:modified_time\" content=\"2026-04-08T07:57:45+00:00\" \/>\n<meta property=\"og:image\" content=\"https:\/\/babylove.se\/no\/wp-content\/uploads\/sites\/3\/2025\/07\/6165ce8882285.jpeg\" \/>\n\t<meta property=\"og:image:width\" content=\"800\" \/>\n\t<meta property=\"og:image:height\" content=\"800\" \/>\n\t<meta property=\"og:image:type\" content=\"image\/jpeg\" \/>\n<meta name=\"twitter:card\" content=\"summary_large_image\" \/>\n<meta name=\"twitter:label1\" content=\"Price\" \/>\n\t<meta name=\"twitter:data1\" content=\"1 999,00&nbsp;&#107;&#114;\" \/>\n\t<meta name=\"twitter:label2\" content=\"Availability\" \/>\n\t<meta name=\"twitter:data2\" content=\"In stock\" \/>\n<script type=\"application\/ld+json\" class=\"yoast-schema-graph\">{\"@context\":\"https:\/\/schema.org\",\"@graph\":[{\"@type\":\"WebPage\",\"@id\":\"https:\/\/babylove.se\/no\/produkt\/giraff-hvit-juniorseng-med-sidebeskyttelse\/\",\"url\":\"https:\/\/babylove.se\/no\/produkt\/giraff-hvit-juniorseng-med-sidebeskyttelse\/\",\"name\":\"Babylove, Hvit juniorseng med sidebeskyttelse- Sky - Babylove Norska\",\"isPartOf\":{\"@id\":\"https:\/\/babylove.se\/no\/#website\"},\"primaryImageOfPage\":{\"@id\":\"https:\/\/babylove.se\/no\/produkt\/giraff-hvit-juniorseng-med-sidebeskyttelse\/#primaryimage\"},\"image\":{\"@id\":\"https:\/\/babylove.se\/no\/produkt\/giraff-hvit-juniorseng-med-sidebeskyttelse\/#primaryimage\"},\"thumbnailUrl\":\"https:\/\/babylove.se\/no\/wp-content\/uploads\/sites\/3\/2025\/07\/6165ce8882285.jpeg\",\"datePublished\":\"2025-07-18T20:30:15+00:00\",\"dateModified\":\"2026-04-08T07:57:45+00:00\",\"breadcrumb\":{\"@id\":\"https:\/\/babylove.se\/no\/produkt\/giraff-hvit-juniorseng-med-sidebeskyttelse\/#breadcrumb\"},\"inLanguage\":\"nb-NO\",\"potentialAction\":[{\"@type\":\"ReadAction\",\"target\":[\"https:\/\/babylove.se\/no\/produkt\/giraff-hvit-juniorseng-med-sidebeskyttelse\/\"]}]},{\"@type\":\"ImageObject\",\"inLanguage\":\"nb-NO\",\"@id\":\"https:\/\/babylove.se\/no\/produkt\/giraff-hvit-juniorseng-med-sidebeskyttelse\/#primaryimage\",\"url\":\"https:\/\/babylove.se\/no\/wp-content\/uploads\/sites\/3\/2025\/07\/6165ce8882285.jpeg\",\"contentUrl\":\"https:\/\/babylove.se\/no\/wp-content\/uploads\/sites\/3\/2025\/07\/6165ce8882285.jpeg\",\"width\":800,\"height\":800},{\"@type\":\"BreadcrumbList\",\"@id\":\"https:\/\/babylove.se\/no\/produkt\/giraff-hvit-juniorseng-med-sidebeskyttelse\/#breadcrumb\",\"itemListElement\":[{\"@type\":\"ListItem\",\"position\":1,\"name\":\"Hem\",\"item\":\"https:\/\/babylove.se\/no\/\"},{\"@type\":\"ListItem\",\"position\":2,\"name\":\"Butik\",\"item\":\"https:\/\/babylove.se\/no\/butik\/\"},{\"@type\":\"ListItem\",\"position\":3,\"name\":\"Babylove, Hvit juniorseng med sidebeskyttelse- Sky\"}]},{\"@type\":\"WebSite\",\"@id\":\"https:\/\/babylove.se\/no\/#website\",\"url\":\"https:\/\/babylove.se\/no\/\",\"name\":\"Babylove Norska\",\"description\":\"\",\"potentialAction\":[{\"@type\":\"SearchAction\",\"target\":{\"@type\":\"EntryPoint\",\"urlTemplate\":\"https:\/\/babylove.se\/no\/?s={search_term_string}\"},\"query-input\":{\"@type\":\"PropertyValueSpecification\",\"valueRequired\":true,\"valueName\":\"search_term_string\"}}],\"inLanguage\":\"nb-NO\"}]}<\/script>\n<meta property=\"product:brand\" content=\"PQP\/TTM\" \/>\n<meta property=\"product:price:amount\" content=\"1999.00\" \/>\n<meta property=\"product:price:currency\" content=\"SEK\" \/>\n<meta property=\"og:availability\" content=\"instock\" \/>\n<meta property=\"product:availability\" content=\"instock\" \/>\n<meta property=\"product:retailer_item_id\" content=\"27505.1\" \/>\n<meta property=\"product:condition\" content=\"new\" \/>\n<!-- \/ Yoast SEO Premium plugin. -->","yoast_head_json":{"title":"Babylove, Hvit juniorseng med sidebeskyttelse- Sky - Babylove Norska","robots":{"index":"noindex","follow":"follow","max-snippet":"max-snippet:-1","max-image-preview":"max-image-preview:large","max-video-preview":"max-video-preview:-1"},"og_locale":"nb_NO","og_type":"article","og_title":"Babylove, Hvit juniorseng med sidebeskyttelse- Sky","og_description":"En klassisk hvit juniorseng med praktiske to avtakbare sidebeskyttelser. Sengen passer perfekt n\u00e5r barnet har vokst ut av sprinkelseng. &nbsp; &nbsp; Sengen har fine gavler som gj\u00f8r at sengen har tidl\u00f8st design og vil passe i ethvert barnerom.&nbsp; Madrass kj\u00f8pes separat. Finnes i hvit og naturfarge. Sidebeskyttelse kan monteres ned ved behov.&nbsp; St\u00f8rrelse Lengde: 144 [&hellip;]","og_url":"https:\/\/babylove.se\/no\/produkt\/giraff-hvit-juniorseng-med-sidebeskyttelse\/","og_site_name":"Babylove Norska","article_modified_time":"2026-04-08T07:57:45+00:00","og_image":[{"width":800,"height":800,"url":"https:\/\/babylove.se\/no\/wp-content\/uploads\/sites\/3\/2025\/07\/6165ce8882285.jpeg","type":"image\/jpeg"}],"twitter_card":"summary_large_image","twitter_misc":{"Price":"1 999,00&nbsp;&#107;&#114;","Availability":"In stock"},"schema":{"@context":"https:\/\/schema.org","@graph":[{"@type":"WebPage","@id":"https:\/\/babylove.se\/no\/produkt\/giraff-hvit-juniorseng-med-sidebeskyttelse\/","url":"https:\/\/babylove.se\/no\/produkt\/giraff-hvit-juniorseng-med-sidebeskyttelse\/","name":"Babylove, Hvit juniorseng med sidebeskyttelse- Sky - Babylove Norska","isPartOf":{"@id":"https:\/\/babylove.se\/no\/#website"},"primaryImageOfPage":{"@id":"https:\/\/babylove.se\/no\/produkt\/giraff-hvit-juniorseng-med-sidebeskyttelse\/#primaryimage"},"image":{"@id":"https:\/\/babylove.se\/no\/produkt\/giraff-hvit-juniorseng-med-sidebeskyttelse\/#primaryimage"},"thumbnailUrl":"https:\/\/babylove.se\/no\/wp-content\/uploads\/sites\/3\/2025\/07\/6165ce8882285.jpeg","datePublished":"2025-07-18T20:30:15+00:00","dateModified":"2026-04-08T07:57:45+00:00","breadcrumb":{"@id":"https:\/\/babylove.se\/no\/produkt\/giraff-hvit-juniorseng-med-sidebeskyttelse\/#breadcrumb"},"inLanguage":"nb-NO","potentialAction":[{"@type":"ReadAction","target":["https:\/\/babylove.se\/no\/produkt\/giraff-hvit-juniorseng-med-sidebeskyttelse\/"]}]},{"@type":"ImageObject","inLanguage":"nb-NO","@id":"https:\/\/babylove.se\/no\/produkt\/giraff-hvit-juniorseng-med-sidebeskyttelse\/#primaryimage","url":"https:\/\/babylove.se\/no\/wp-content\/uploads\/sites\/3\/2025\/07\/6165ce8882285.jpeg","contentUrl":"https:\/\/babylove.se\/no\/wp-content\/uploads\/sites\/3\/2025\/07\/6165ce8882285.jpeg","width":800,"height":800},{"@type":"BreadcrumbList","@id":"https:\/\/babylove.se\/no\/produkt\/giraff-hvit-juniorseng-med-sidebeskyttelse\/#breadcrumb","itemListElement":[{"@type":"ListItem","position":1,"name":"Hem","item":"https:\/\/babylove.se\/no\/"},{"@type":"ListItem","position":2,"name":"Butik","item":"https:\/\/babylove.se\/no\/butik\/"},{"@type":"ListItem","position":3,"name":"Babylove, Hvit juniorseng med sidebeskyttelse- Sky"}]},{"@type":"WebSite","@id":"https:\/\/babylove.se\/no\/#website","url":"https:\/\/babylove.se\/no\/","name":"Babylove Norska","description":"","potentialAction":[{"@type":"SearchAction","target":{"@type":"EntryPoint","urlTemplate":"https:\/\/babylove.se\/no\/?s={search_term_string}"},"query-input":{"@type":"PropertyValueSpecification","valueRequired":true,"valueName":"search_term_string"}}],"inLanguage":"nb-NO"}]},"product_brand":"PQP\/TTM","product_price_amount":"1999.00","product_price_currency":"SEK","og_availability":"instock","product_availability":"instock","product_retailer_item_id":"27505.1","product_condition":"new"},"_links":{"self":[{"href":"https:\/\/babylove.se\/no\/wp-json\/wp\/v2\/product\/13086","targetHints":{"allow":["GET"]}}],"collection":[{"href":"https:\/\/babylove.se\/no\/wp-json\/wp\/v2\/product"}],"about":[{"href":"https:\/\/babylove.se\/no\/wp-json\/wp\/v2\/types\/product"}],"replies":[{"embeddable":true,"href":"https:\/\/babylove.se\/no\/wp-json\/wp\/v2\/comments?post=13086"}],"wp:featuredmedia":[{"embeddable":true,"href":"https:\/\/babylove.se\/no\/wp-json\/wp\/v2\/media\/13088"}],"wp:attachment":[{"href":"https:\/\/babylove.se\/no\/wp-json\/wp\/v2\/media?parent=13086"}],"wp:term":[{"taxonomy":"product_brand","embeddable":true,"href":"https:\/\/babylove.se\/no\/wp-json\/wp\/v2\/product_brand?post=13086"},{"taxonomy":"product_cat","embeddable":true,"href":"https:\/\/babylove.se\/no\/wp-json\/wp\/v2\/product_cat?post=13086"},{"taxonomy":"product_tag","embeddable":true,"href":"https:\/\/babylove.se\/no\/wp-json\/wp\/v2\/product_tag?post=13086"}],"curies":[{"name":"wp","href":"https:\/\/api.w.org\/{rel}","templated":true}]}}