{"id":13102,"date":"2025-07-18T21:30:15","date_gmt":"2025-07-18T20:30:15","guid":{"rendered":"https:\/\/babylove.se\/produkt\/babylove-naturfargad-spjalsang\/"},"modified":"2026-04-08T08:57:54","modified_gmt":"2026-04-08T07:57:54","slug":"babylove-naturfarget-sprinkelseng","status":"publish","type":"product","link":"https:\/\/babylove.se\/no\/produkt\/babylove-naturfarget-sprinkelseng\/","title":{"rendered":"Babylove natur klassisk barneseng"},"content":{"rendered":"<p>En klassisk naturfargede sprinkelseng som har tidl\u00f8s design og vil passe i ethvert barnerom.&nbsp;<\/p>\n<p>Sprinkelseng er justerbar i to h\u00f8ydeposisjoner.<\/p>\n<p>Madrassene kj\u00f8pes separat. Finnes i hvit og naturfarget.&nbsp;<\/p>\n<ul>\n<li>St\u00f8rrelse Lengde: 124 cm | Bredde: 64 cm | Total h\u00f8yde: 89 cm&nbsp;<\/li>\n<li>Madrassm\u00e5l Lengde: 120 cm | Bredde: 60 cm &#8211; OBS! Madrass er ikke inkludert!&nbsp;<\/li>\n<li>Materiale Tre\/ MDF<\/li>\n<li>Vedlikehold T\u00f8rk med en fuktig klut.&nbsp;<\/li>\n<\/ul>\n<p><em><em><em><em><em>OBS! Sengen leveres umontert og b\u00f8r settes sammen i rommet den skal brukes i.<\/em><\/em><\/em><\/em><\/em><\/p>\n","protected":false},"excerpt":{"rendered":"<p>En klassisk naturfargede sprinkelseng som har tidl\u00f8s design og vil passe i ethvert barnerom.&nbsp; Sprinkelseng er justerbar i to h\u00f8ydeposisjoner. Madrassene kj\u00f8pes separat. Finnes i hvit og naturfarget.&nbsp; St\u00f8rrelse Lengde: 124 cm | Bredde: 64 cm | Total h\u00f8yde: 89 cm&nbsp; Madrassm\u00e5l Lengde: 120 cm | Bredde: 60 cm &#8211; OBS! Madrass er ikke inkludert!&nbsp; [&hellip;]<\/p>\n","protected":false},"featured_media":13104,"comment_status":"closed","ping_status":"open","template":"","meta":{"_acf_changed":false},"product_brand":[375],"product_cat":[279,376,280,40],"product_tag":[1689],"class_list":{"0":"post-13102","1":"product","2":"type-product","3":"status-publish","4":"has-post-thumbnail","6":"product_brand-pqp-ttm","7":"product_cat-spjlsngar","8":"product_cat-pp","9":"product_cat-senger-med-rask-levering","10":"product_cat-soverom-barn","11":"product_tag-bestillingsvaror","13":"first","14":"instock","15":"taxable","16":"shipping-taxable","17":"purchasable","18":"product-type-simple"},"acf":[],"yoast_head":"<!-- This site is optimized with the Yoast SEO Premium plugin v25.8 (Yoast SEO v27.2) - https:\/\/yoast.com\/product\/yoast-seo-premium-wordpress\/ -->\n<title>Babylove natur klassisk barneseng - Babylove Norska<\/title>\n<meta name=\"robots\" content=\"noindex, follow, max-snippet:-1, max-image-preview:large, max-video-preview:-1\" \/>\n<meta property=\"og:locale\" content=\"nb_NO\" \/>\n<meta property=\"og:type\" content=\"article\" \/>\n<meta property=\"og:title\" content=\"Babylove natur klassisk barneseng\" \/>\n<meta property=\"og:description\" content=\"En klassisk naturfargede sprinkelseng som har tidl\u00f8s design og vil passe i ethvert barnerom.&nbsp; Sprinkelseng er justerbar i to h\u00f8ydeposisjoner. Madrassene kj\u00f8pes separat. Finnes i hvit og naturfarget.&nbsp; St\u00f8rrelse Lengde: 124 cm | Bredde: 64 cm | Total h\u00f8yde: 89 cm&nbsp; Madrassm\u00e5l Lengde: 120 cm | Bredde: 60 cm &#8211; OBS! Madrass er ikke inkludert!&nbsp; [&hellip;]\" \/>\n<meta property=\"og:url\" content=\"https:\/\/babylove.se\/no\/produkt\/babylove-naturfarget-sprinkelseng\/\" \/>\n<meta property=\"og:site_name\" content=\"Babylove Norska\" \/>\n<meta property=\"article:modified_time\" content=\"2026-04-08T07:57:54+00:00\" \/>\n<meta property=\"og:image\" content=\"https:\/\/babylove.se\/no\/wp-content\/uploads\/sites\/3\/2025\/07\/61c233ab707bd.png\" \/>\n\t<meta property=\"og:image:width\" content=\"800\" \/>\n\t<meta property=\"og:image:height\" content=\"800\" \/>\n\t<meta property=\"og:image:type\" content=\"image\/png\" \/>\n<meta name=\"twitter:card\" content=\"summary_large_image\" \/>\n<meta name=\"twitter:label1\" content=\"Price\" \/>\n\t<meta name=\"twitter:data1\" content=\"1 699,00&nbsp;&#107;&#114;\" \/>\n\t<meta name=\"twitter:label2\" content=\"Availability\" \/>\n\t<meta name=\"twitter:data2\" content=\"In stock\" \/>\n<script type=\"application\/ld+json\" class=\"yoast-schema-graph\">{\"@context\":\"https:\/\/schema.org\",\"@graph\":[{\"@type\":\"WebPage\",\"@id\":\"https:\/\/babylove.se\/no\/produkt\/babylove-naturfarget-sprinkelseng\/\",\"url\":\"https:\/\/babylove.se\/no\/produkt\/babylove-naturfarget-sprinkelseng\/\",\"name\":\"Babylove natur klassisk barneseng - Babylove Norska\",\"isPartOf\":{\"@id\":\"https:\/\/babylove.se\/no\/#website\"},\"primaryImageOfPage\":{\"@id\":\"https:\/\/babylove.se\/no\/produkt\/babylove-naturfarget-sprinkelseng\/#primaryimage\"},\"image\":{\"@id\":\"https:\/\/babylove.se\/no\/produkt\/babylove-naturfarget-sprinkelseng\/#primaryimage\"},\"thumbnailUrl\":\"https:\/\/babylove.se\/no\/wp-content\/uploads\/sites\/3\/2025\/07\/61c233ab707bd.png\",\"datePublished\":\"2025-07-18T20:30:15+00:00\",\"dateModified\":\"2026-04-08T07:57:54+00:00\",\"breadcrumb\":{\"@id\":\"https:\/\/babylove.se\/no\/produkt\/babylove-naturfarget-sprinkelseng\/#breadcrumb\"},\"inLanguage\":\"nb-NO\",\"potentialAction\":[{\"@type\":\"ReadAction\",\"target\":[\"https:\/\/babylove.se\/no\/produkt\/babylove-naturfarget-sprinkelseng\/\"]}]},{\"@type\":\"ImageObject\",\"inLanguage\":\"nb-NO\",\"@id\":\"https:\/\/babylove.se\/no\/produkt\/babylove-naturfarget-sprinkelseng\/#primaryimage\",\"url\":\"https:\/\/babylove.se\/no\/wp-content\/uploads\/sites\/3\/2025\/07\/61c233ab707bd.png\",\"contentUrl\":\"https:\/\/babylove.se\/no\/wp-content\/uploads\/sites\/3\/2025\/07\/61c233ab707bd.png\",\"width\":800,\"height\":800},{\"@type\":\"BreadcrumbList\",\"@id\":\"https:\/\/babylove.se\/no\/produkt\/babylove-naturfarget-sprinkelseng\/#breadcrumb\",\"itemListElement\":[{\"@type\":\"ListItem\",\"position\":1,\"name\":\"Hem\",\"item\":\"https:\/\/babylove.se\/no\/\"},{\"@type\":\"ListItem\",\"position\":2,\"name\":\"Butik\",\"item\":\"https:\/\/babylove.se\/no\/butik\/\"},{\"@type\":\"ListItem\",\"position\":3,\"name\":\"Babylove natur klassisk barneseng\"}]},{\"@type\":\"WebSite\",\"@id\":\"https:\/\/babylove.se\/no\/#website\",\"url\":\"https:\/\/babylove.se\/no\/\",\"name\":\"Babylove Norska\",\"description\":\"\",\"potentialAction\":[{\"@type\":\"SearchAction\",\"target\":{\"@type\":\"EntryPoint\",\"urlTemplate\":\"https:\/\/babylove.se\/no\/?s={search_term_string}\"},\"query-input\":{\"@type\":\"PropertyValueSpecification\",\"valueRequired\":true,\"valueName\":\"search_term_string\"}}],\"inLanguage\":\"nb-NO\"}]}<\/script>\n<meta property=\"product:brand\" content=\"PQP\/TTM\" \/>\n<meta property=\"product:price:amount\" content=\"1699.00\" \/>\n<meta property=\"product:price:currency\" content=\"SEK\" \/>\n<meta property=\"og:availability\" content=\"instock\" \/>\n<meta property=\"product:availability\" content=\"instock\" \/>\n<meta property=\"product:retailer_item_id\" content=\"27507.n\" \/>\n<meta property=\"product:condition\" content=\"new\" \/>\n<!-- \/ Yoast SEO Premium plugin. -->","yoast_head_json":{"title":"Babylove natur klassisk barneseng - Babylove Norska","robots":{"index":"noindex","follow":"follow","max-snippet":"max-snippet:-1","max-image-preview":"max-image-preview:large","max-video-preview":"max-video-preview:-1"},"og_locale":"nb_NO","og_type":"article","og_title":"Babylove natur klassisk barneseng","og_description":"En klassisk naturfargede sprinkelseng som har tidl\u00f8s design og vil passe i ethvert barnerom.&nbsp; Sprinkelseng er justerbar i to h\u00f8ydeposisjoner. Madrassene kj\u00f8pes separat. Finnes i hvit og naturfarget.&nbsp; St\u00f8rrelse Lengde: 124 cm | Bredde: 64 cm | Total h\u00f8yde: 89 cm&nbsp; Madrassm\u00e5l Lengde: 120 cm | Bredde: 60 cm &#8211; OBS! Madrass er ikke inkludert!&nbsp; [&hellip;]","og_url":"https:\/\/babylove.se\/no\/produkt\/babylove-naturfarget-sprinkelseng\/","og_site_name":"Babylove Norska","article_modified_time":"2026-04-08T07:57:54+00:00","og_image":[{"width":800,"height":800,"url":"https:\/\/babylove.se\/no\/wp-content\/uploads\/sites\/3\/2025\/07\/61c233ab707bd.png","type":"image\/png"}],"twitter_card":"summary_large_image","twitter_misc":{"Price":"1 699,00&nbsp;&#107;&#114;","Availability":"In stock"},"schema":{"@context":"https:\/\/schema.org","@graph":[{"@type":"WebPage","@id":"https:\/\/babylove.se\/no\/produkt\/babylove-naturfarget-sprinkelseng\/","url":"https:\/\/babylove.se\/no\/produkt\/babylove-naturfarget-sprinkelseng\/","name":"Babylove natur klassisk barneseng - Babylove Norska","isPartOf":{"@id":"https:\/\/babylove.se\/no\/#website"},"primaryImageOfPage":{"@id":"https:\/\/babylove.se\/no\/produkt\/babylove-naturfarget-sprinkelseng\/#primaryimage"},"image":{"@id":"https:\/\/babylove.se\/no\/produkt\/babylove-naturfarget-sprinkelseng\/#primaryimage"},"thumbnailUrl":"https:\/\/babylove.se\/no\/wp-content\/uploads\/sites\/3\/2025\/07\/61c233ab707bd.png","datePublished":"2025-07-18T20:30:15+00:00","dateModified":"2026-04-08T07:57:54+00:00","breadcrumb":{"@id":"https:\/\/babylove.se\/no\/produkt\/babylove-naturfarget-sprinkelseng\/#breadcrumb"},"inLanguage":"nb-NO","potentialAction":[{"@type":"ReadAction","target":["https:\/\/babylove.se\/no\/produkt\/babylove-naturfarget-sprinkelseng\/"]}]},{"@type":"ImageObject","inLanguage":"nb-NO","@id":"https:\/\/babylove.se\/no\/produkt\/babylove-naturfarget-sprinkelseng\/#primaryimage","url":"https:\/\/babylove.se\/no\/wp-content\/uploads\/sites\/3\/2025\/07\/61c233ab707bd.png","contentUrl":"https:\/\/babylove.se\/no\/wp-content\/uploads\/sites\/3\/2025\/07\/61c233ab707bd.png","width":800,"height":800},{"@type":"BreadcrumbList","@id":"https:\/\/babylove.se\/no\/produkt\/babylove-naturfarget-sprinkelseng\/#breadcrumb","itemListElement":[{"@type":"ListItem","position":1,"name":"Hem","item":"https:\/\/babylove.se\/no\/"},{"@type":"ListItem","position":2,"name":"Butik","item":"https:\/\/babylove.se\/no\/butik\/"},{"@type":"ListItem","position":3,"name":"Babylove natur klassisk barneseng"}]},{"@type":"WebSite","@id":"https:\/\/babylove.se\/no\/#website","url":"https:\/\/babylove.se\/no\/","name":"Babylove Norska","description":"","potentialAction":[{"@type":"SearchAction","target":{"@type":"EntryPoint","urlTemplate":"https:\/\/babylove.se\/no\/?s={search_term_string}"},"query-input":{"@type":"PropertyValueSpecification","valueRequired":true,"valueName":"search_term_string"}}],"inLanguage":"nb-NO"}]},"product_brand":"PQP\/TTM","product_price_amount":"1699.00","product_price_currency":"SEK","og_availability":"instock","product_availability":"instock","product_retailer_item_id":"27507.n","product_condition":"new"},"_links":{"self":[{"href":"https:\/\/babylove.se\/no\/wp-json\/wp\/v2\/product\/13102","targetHints":{"allow":["GET"]}}],"collection":[{"href":"https:\/\/babylove.se\/no\/wp-json\/wp\/v2\/product"}],"about":[{"href":"https:\/\/babylove.se\/no\/wp-json\/wp\/v2\/types\/product"}],"replies":[{"embeddable":true,"href":"https:\/\/babylove.se\/no\/wp-json\/wp\/v2\/comments?post=13102"}],"wp:featuredmedia":[{"embeddable":true,"href":"https:\/\/babylove.se\/no\/wp-json\/wp\/v2\/media\/13104"}],"wp:attachment":[{"href":"https:\/\/babylove.se\/no\/wp-json\/wp\/v2\/media?parent=13102"}],"wp:term":[{"taxonomy":"product_brand","embeddable":true,"href":"https:\/\/babylove.se\/no\/wp-json\/wp\/v2\/product_brand?post=13102"},{"taxonomy":"product_cat","embeddable":true,"href":"https:\/\/babylove.se\/no\/wp-json\/wp\/v2\/product_cat?post=13102"},{"taxonomy":"product_tag","embeddable":true,"href":"https:\/\/babylove.se\/no\/wp-json\/wp\/v2\/product_tag?post=13102"}],"curies":[{"name":"wp","href":"https:\/\/api.w.org\/{rel}","templated":true}]}}