{"id":13106,"date":"2025-07-18T21:30:15","date_gmt":"2025-07-18T20:30:15","guid":{"rendered":"https:\/\/babylove.se\/produkt\/madrass-i-kokosfiber-till-barnsang-baby-coco\/"},"modified":"2026-05-11T13:05:13","modified_gmt":"2026-05-11T12:05:13","slug":"madrass-i-kokosfiber-til-barneseng-baby-coco","status":"publish","type":"product","link":"https:\/\/babylove.se\/no\/produkt\/madrass-i-kokosfiber-til-barneseng-baby-coco\/","title":{"rendered":"Madrass i kokosfiber til barneseng, baby coco (ulike st\u00f8rrelser)"},"content":{"rendered":"<p>En behagelig og deilig madrass som passer til en barneseng eller til en husseng. Denne barnemadrassen har et avtakbart overtrekk som gj\u00f8r at du enkelt kan vaske den og holde den frisk. <\/p>\n<p>Madrassens kjerne er barnevennlig polyuretanskum som ikke deformeres hvilket garanterer st\u00f8tte for ryggen og s\u00f8vnkomfort. Kokosskiktet \u00f8ker luftstr\u00f8mmen og forbedrer ventilasjonen. De \u00f8kologiske kokosfibrene er dessuten et antibakterielt og kvalsterresistent naturmateriale. Anbefales for kunder som foretrekker fastere madrasser. <\/p>\n<p>Madrassen er semi-myk, laget for \u00e5 passe barn og s\u00f8rger for en deilig s\u00f8vn. <\/p>\n<p><u>M\u00e5l p\u00e5 madrassen: <\/u>Finnes i ulike st\u00f8rrelser. <\/p>\n<p><span style=\"background-color: initial; text-align: initial;\"><u>Tykkelsen<\/u><\/span><u>:<\/u> 8 cm <\/p>\n<p><u>Materiale<\/u>: polyuretanskum, \u00f8kologiske kokosfiber. <\/p>\n<p>Vasker\u00e5d: Overtrekk maskinvaskes i 30\u00b0 C. <\/p>\n<p>Madrassene produseres i Europa av 100 % OEKO-TEX-sertifisert stoff. Fyllet er antiallergisk samt giftfritt og produseres av sertifisert leverand\u00f8r. <\/p>\n<p><strong>Obs! <\/strong><em>Da madrassen er en spesialtilvirket vare, s\u00e5 gjelder ikke angrerett. <\/em> <\/p>\n<p><em>Dette er en barnemadrass og er laget og tilpasset for de minste. Madrassen skal ikke brukes eller testes av voksne.<\/em> <\/p>\n<p><em><em>Det kan forekomme fargeavvik p\u00e5 skuminnsatsen hvilket skyldes at naturbaserte ingredienser kan variere i farge.<\/em><\/em><\/p>\n","protected":false},"excerpt":{"rendered":"<p>En behagelig og deilig madrass som passer til en barneseng eller til en husseng. Denne barnemadrassen har et avtakbart overtrekk som gj\u00f8r at du enkelt kan vaske den og holde den frisk. Madrassens kjerne er barnevennlig polyuretanskum som ikke deformeres hvilket garanterer st\u00f8tte for ryggen og s\u00f8vnkomfort. Kokosskiktet \u00f8ker luftstr\u00f8mmen og forbedrer ventilasjonen. De \u00f8kologiske [&hellip;]<\/p>\n","protected":false},"featured_media":13108,"comment_status":"closed","ping_status":"closed","template":"","meta":{"_acf_changed":false},"product_brand":[378],"product_cat":[377,590],"product_tag":[1689],"class_list":{"0":"post-13106","1":"product","2":"type-product","3":"status-publish","4":"has-post-thumbnail","6":"product_brand-fdm","7":"product_cat-barnmadrasser","8":"product_cat-fdm","9":"product_tag-bestillingsvaror","10":"pa_storlek-100x180","11":"pa_storlek-100x190","12":"pa_storlek-60x120","13":"pa_storlek-70x120","14":"pa_storlek-70x130","15":"pa_storlek-70x140","16":"pa_storlek-70x160","17":"pa_storlek-80x140","18":"pa_storlek-80x150","19":"pa_storlek-80x160","20":"pa_storlek-80x180","21":"pa_storlek-80x190","22":"pa_storlek-80x200","23":"pa_storlek-90x160","24":"pa_storlek-90x180","25":"pa_storlek-90x190","26":"pa_storlek-90x200","27":"pa_tjocklek-10-cm","28":"pa_tjocklek-8-cm","30":"first","31":"instock","32":"taxable","33":"shipping-taxable","34":"purchasable","35":"product-type-variable"},"acf":[],"yoast_head":"<!-- This site is optimized with the Yoast SEO Premium plugin v25.8 (Yoast SEO v27.2) - https:\/\/yoast.com\/product\/yoast-seo-premium-wordpress\/ -->\n<title>Madrass i kokosfiber til barneseng, baby coco (ulike st\u00f8rrelser) - Babylove Norska<\/title>\n<meta name=\"robots\" content=\"noindex, follow, max-snippet:-1, max-image-preview:large, max-video-preview:-1\" \/>\n<meta property=\"og:locale\" content=\"nb_NO\" \/>\n<meta property=\"og:type\" content=\"article\" \/>\n<meta property=\"og:title\" content=\"Madrass i kokosfiber til barneseng, baby coco (ulike st\u00f8rrelser)\" \/>\n<meta property=\"og:description\" content=\"En behagelig og deilig madrass som passer til en barneseng eller til en husseng. Denne barnemadrassen har et avtakbart overtrekk som gj\u00f8r at du enkelt kan vaske den og holde den frisk. Madrassens kjerne er barnevennlig polyuretanskum som ikke deformeres hvilket garanterer st\u00f8tte for ryggen og s\u00f8vnkomfort. Kokosskiktet \u00f8ker luftstr\u00f8mmen og forbedrer ventilasjonen. De \u00f8kologiske [&hellip;]\" \/>\n<meta property=\"og:url\" content=\"https:\/\/babylove.se\/no\/produkt\/madrass-i-kokosfiber-til-barneseng-baby-coco\/\" \/>\n<meta property=\"og:site_name\" content=\"Babylove Norska\" \/>\n<meta property=\"article:modified_time\" content=\"2026-05-11T12:05:13+00:00\" \/>\n<meta property=\"og:image\" content=\"https:\/\/babylove.se\/no\/wp-content\/uploads\/sites\/3\/2025\/07\/683ec8ebce346.png\" \/>\n\t<meta property=\"og:image:width\" content=\"800\" \/>\n\t<meta property=\"og:image:height\" content=\"800\" \/>\n\t<meta property=\"og:image:type\" content=\"image\/png\" \/>\n<meta name=\"twitter:card\" content=\"summary_large_image\" \/>\n<meta name=\"twitter:label1\" content=\"Availability\" \/>\n\t<meta name=\"twitter:data1\" content=\"In stock\" \/>\n<script type=\"application\/ld+json\" class=\"yoast-schema-graph\">{\"@context\":\"https:\/\/schema.org\",\"@graph\":[{\"@type\":\"WebPage\",\"@id\":\"https:\/\/babylove.se\/no\/produkt\/madrass-i-kokosfiber-til-barneseng-baby-coco\/\",\"url\":\"https:\/\/babylove.se\/no\/produkt\/madrass-i-kokosfiber-til-barneseng-baby-coco\/\",\"name\":\"Madrass i kokosfiber til barneseng, baby coco (ulike st\u00f8rrelser) - Babylove Norska\",\"isPartOf\":{\"@id\":\"https:\/\/babylove.se\/no\/#website\"},\"primaryImageOfPage\":{\"@id\":\"https:\/\/babylove.se\/no\/produkt\/madrass-i-kokosfiber-til-barneseng-baby-coco\/#primaryimage\"},\"image\":{\"@id\":\"https:\/\/babylove.se\/no\/produkt\/madrass-i-kokosfiber-til-barneseng-baby-coco\/#primaryimage\"},\"thumbnailUrl\":\"https:\/\/babylove.se\/no\/wp-content\/uploads\/sites\/3\/2025\/07\/683ec8ebce346.png\",\"datePublished\":\"2025-07-18T20:30:15+00:00\",\"dateModified\":\"2026-05-11T12:05:13+00:00\",\"breadcrumb\":{\"@id\":\"https:\/\/babylove.se\/no\/produkt\/madrass-i-kokosfiber-til-barneseng-baby-coco\/#breadcrumb\"},\"inLanguage\":\"nb-NO\",\"potentialAction\":[{\"@type\":\"ReadAction\",\"target\":[\"https:\/\/babylove.se\/no\/produkt\/madrass-i-kokosfiber-til-barneseng-baby-coco\/\"]}]},{\"@type\":\"ImageObject\",\"inLanguage\":\"nb-NO\",\"@id\":\"https:\/\/babylove.se\/no\/produkt\/madrass-i-kokosfiber-til-barneseng-baby-coco\/#primaryimage\",\"url\":\"https:\/\/babylove.se\/no\/wp-content\/uploads\/sites\/3\/2025\/07\/683ec8ebce346.png\",\"contentUrl\":\"https:\/\/babylove.se\/no\/wp-content\/uploads\/sites\/3\/2025\/07\/683ec8ebce346.png\",\"width\":800,\"height\":800},{\"@type\":\"BreadcrumbList\",\"@id\":\"https:\/\/babylove.se\/no\/produkt\/madrass-i-kokosfiber-til-barneseng-baby-coco\/#breadcrumb\",\"itemListElement\":[{\"@type\":\"ListItem\",\"position\":1,\"name\":\"Hem\",\"item\":\"https:\/\/babylove.se\/no\/\"},{\"@type\":\"ListItem\",\"position\":2,\"name\":\"Butik\",\"item\":\"https:\/\/babylove.se\/no\/butik\/\"},{\"@type\":\"ListItem\",\"position\":3,\"name\":\"Madrass i kokosfiber til barneseng, baby coco (ulike st\u00f8rrelser)\"}]},{\"@type\":\"WebSite\",\"@id\":\"https:\/\/babylove.se\/no\/#website\",\"url\":\"https:\/\/babylove.se\/no\/\",\"name\":\"Babylove Norska\",\"description\":\"\",\"potentialAction\":[{\"@type\":\"SearchAction\",\"target\":{\"@type\":\"EntryPoint\",\"urlTemplate\":\"https:\/\/babylove.se\/no\/?s={search_term_string}\"},\"query-input\":{\"@type\":\"PropertyValueSpecification\",\"valueRequired\":true,\"valueName\":\"search_term_string\"}}],\"inLanguage\":\"nb-NO\"}]}<\/script>\n<meta property=\"product:brand\" content=\"FDM\" \/>\n<meta property=\"og:availability\" content=\"instock\" \/>\n<meta property=\"product:availability\" content=\"instock\" \/>\n<meta property=\"product:retailer_item_id\" content=\"Baby coco-60x120-8cm\" \/>\n<meta property=\"product:condition\" content=\"new\" \/>\n<!-- \/ Yoast SEO Premium plugin. -->","yoast_head_json":{"title":"Madrass i kokosfiber til barneseng, baby coco (ulike st\u00f8rrelser) - Babylove Norska","robots":{"index":"noindex","follow":"follow","max-snippet":"max-snippet:-1","max-image-preview":"max-image-preview:large","max-video-preview":"max-video-preview:-1"},"og_locale":"nb_NO","og_type":"article","og_title":"Madrass i kokosfiber til barneseng, baby coco (ulike st\u00f8rrelser)","og_description":"En behagelig og deilig madrass som passer til en barneseng eller til en husseng. Denne barnemadrassen har et avtakbart overtrekk som gj\u00f8r at du enkelt kan vaske den og holde den frisk. Madrassens kjerne er barnevennlig polyuretanskum som ikke deformeres hvilket garanterer st\u00f8tte for ryggen og s\u00f8vnkomfort. Kokosskiktet \u00f8ker luftstr\u00f8mmen og forbedrer ventilasjonen. De \u00f8kologiske [&hellip;]","og_url":"https:\/\/babylove.se\/no\/produkt\/madrass-i-kokosfiber-til-barneseng-baby-coco\/","og_site_name":"Babylove Norska","article_modified_time":"2026-05-11T12:05:13+00:00","og_image":[{"width":800,"height":800,"url":"https:\/\/babylove.se\/no\/wp-content\/uploads\/sites\/3\/2025\/07\/683ec8ebce346.png","type":"image\/png"}],"twitter_card":"summary_large_image","twitter_misc":{"Availability":"In stock"},"schema":{"@context":"https:\/\/schema.org","@graph":[{"@type":"WebPage","@id":"https:\/\/babylove.se\/no\/produkt\/madrass-i-kokosfiber-til-barneseng-baby-coco\/","url":"https:\/\/babylove.se\/no\/produkt\/madrass-i-kokosfiber-til-barneseng-baby-coco\/","name":"Madrass i kokosfiber til barneseng, baby coco (ulike st\u00f8rrelser) - Babylove Norska","isPartOf":{"@id":"https:\/\/babylove.se\/no\/#website"},"primaryImageOfPage":{"@id":"https:\/\/babylove.se\/no\/produkt\/madrass-i-kokosfiber-til-barneseng-baby-coco\/#primaryimage"},"image":{"@id":"https:\/\/babylove.se\/no\/produkt\/madrass-i-kokosfiber-til-barneseng-baby-coco\/#primaryimage"},"thumbnailUrl":"https:\/\/babylove.se\/no\/wp-content\/uploads\/sites\/3\/2025\/07\/683ec8ebce346.png","datePublished":"2025-07-18T20:30:15+00:00","dateModified":"2026-05-11T12:05:13+00:00","breadcrumb":{"@id":"https:\/\/babylove.se\/no\/produkt\/madrass-i-kokosfiber-til-barneseng-baby-coco\/#breadcrumb"},"inLanguage":"nb-NO","potentialAction":[{"@type":"ReadAction","target":["https:\/\/babylove.se\/no\/produkt\/madrass-i-kokosfiber-til-barneseng-baby-coco\/"]}]},{"@type":"ImageObject","inLanguage":"nb-NO","@id":"https:\/\/babylove.se\/no\/produkt\/madrass-i-kokosfiber-til-barneseng-baby-coco\/#primaryimage","url":"https:\/\/babylove.se\/no\/wp-content\/uploads\/sites\/3\/2025\/07\/683ec8ebce346.png","contentUrl":"https:\/\/babylove.se\/no\/wp-content\/uploads\/sites\/3\/2025\/07\/683ec8ebce346.png","width":800,"height":800},{"@type":"BreadcrumbList","@id":"https:\/\/babylove.se\/no\/produkt\/madrass-i-kokosfiber-til-barneseng-baby-coco\/#breadcrumb","itemListElement":[{"@type":"ListItem","position":1,"name":"Hem","item":"https:\/\/babylove.se\/no\/"},{"@type":"ListItem","position":2,"name":"Butik","item":"https:\/\/babylove.se\/no\/butik\/"},{"@type":"ListItem","position":3,"name":"Madrass i kokosfiber til barneseng, baby coco (ulike st\u00f8rrelser)"}]},{"@type":"WebSite","@id":"https:\/\/babylove.se\/no\/#website","url":"https:\/\/babylove.se\/no\/","name":"Babylove Norska","description":"","potentialAction":[{"@type":"SearchAction","target":{"@type":"EntryPoint","urlTemplate":"https:\/\/babylove.se\/no\/?s={search_term_string}"},"query-input":{"@type":"PropertyValueSpecification","valueRequired":true,"valueName":"search_term_string"}}],"inLanguage":"nb-NO"}]},"product_brand":"FDM","og_availability":"instock","product_availability":"instock","product_retailer_item_id":"Baby coco-60x120-8cm","product_condition":"new"},"_links":{"self":[{"href":"https:\/\/babylove.se\/no\/wp-json\/wp\/v2\/product\/13106","targetHints":{"allow":["GET"]}}],"collection":[{"href":"https:\/\/babylove.se\/no\/wp-json\/wp\/v2\/product"}],"about":[{"href":"https:\/\/babylove.se\/no\/wp-json\/wp\/v2\/types\/product"}],"replies":[{"embeddable":true,"href":"https:\/\/babylove.se\/no\/wp-json\/wp\/v2\/comments?post=13106"}],"wp:featuredmedia":[{"embeddable":true,"href":"https:\/\/babylove.se\/no\/wp-json\/wp\/v2\/media\/13108"}],"wp:attachment":[{"href":"https:\/\/babylove.se\/no\/wp-json\/wp\/v2\/media?parent=13106"}],"wp:term":[{"taxonomy":"product_brand","embeddable":true,"href":"https:\/\/babylove.se\/no\/wp-json\/wp\/v2\/product_brand?post=13106"},{"taxonomy":"product_cat","embeddable":true,"href":"https:\/\/babylove.se\/no\/wp-json\/wp\/v2\/product_cat?post=13106"},{"taxonomy":"product_tag","embeddable":true,"href":"https:\/\/babylove.se\/no\/wp-json\/wp\/v2\/product_tag?post=13106"}],"curies":[{"name":"wp","href":"https:\/\/api.w.org\/{rel}","templated":true}]}}