{"id":13280,"date":"2025-07-18T21:31:27","date_gmt":"2025-07-18T20:31:27","guid":{"rendered":"https:\/\/babylove.se\/produkt\/stor-vagghylla-till-barnrummet-hushylla\/"},"modified":"2026-04-08T08:59:40","modified_gmt":"2026-04-08T07:59:40","slug":"stor-vegghylle-til-barnerommet-hushylle","status":"publish","type":"product","link":"https:\/\/babylove.se\/no\/produkt\/stor-vegghylle-til-barnerommet-hushylle\/","title":{"rendered":"Stor vegghylle til barnerommet, hushylle"},"content":{"rendered":"<p>En sv\u00e6rt popul\u00e6r interi\u00f8rdetalj til barnerommet, en fin og praktisk hushylle som vil skape en herlig f\u00f8lelse til alle typer barnerom. <\/p>\n<p>Hyllen er helt laget for h\u00e5nd av utvalgt furutre og alle valgbare farger som har blitt brukt oppfyller selvf\u00f8lgelig alle n\u00f8dvendige sikkerhetsforskrifter. <\/p>\n<p>Hushyllen kan ogs\u00e5 fungere som en bokhylle, eller ved oppbevaring av leker og du fester den enkelt p\u00e5 veggen. Hushyllen er ogs\u00e5 enkel \u00e5 holde ren, da du raskt kan t\u00f8rke av den med en lett fuktet klut. <\/p>\n<p><strong>M\u00e5l<\/strong>: 60x56x9,5 cm <\/p>\n<p>Produsert i EU<\/p>\n","protected":false},"excerpt":{"rendered":"<p>En sv\u00e6rt popul\u00e6r interi\u00f8rdetalj til barnerommet, en fin og praktisk hushylle som vil skape en herlig f\u00f8lelse til alle typer barnerom. Hyllen er helt laget for h\u00e5nd av utvalgt furutre og alle valgbare farger som har blitt brukt oppfyller selvf\u00f8lgelig alle n\u00f8dvendige sikkerhetsforskrifter. Hushyllen kan ogs\u00e5 fungere som en bokhylle, eller ved oppbevaring av leker [&hellip;]<\/p>\n","protected":false},"featured_media":13282,"comment_status":"closed","ping_status":"closed","template":"","meta":{"_acf_changed":false},"product_brand":[78],"product_cat":[81,69,89,87,25,68,43],"product_tag":[1689],"class_list":{"0":"post-13280","1":"product","2":"type-product","3":"status-publish","4":"has-post-thumbnail","6":"product_brand-bambooko","7":"product_cat-bambooko","8":"product_cat-dukker-tilbehoer","9":"product_cat-dukkehus","10":"product_cat-hyller","11":"product_cat-ikke-bare-jenter","12":"product_cat-leker","13":"product_cat-oppbevaringskurver","14":"product_tag-bestillingsvaror","16":"first","17":"instock","18":"taxable","19":"shipping-taxable","20":"purchasable","21":"product-type-simple"},"acf":[],"yoast_head":"<!-- This site is optimized with the Yoast SEO Premium plugin v25.8 (Yoast SEO v27.2) - https:\/\/yoast.com\/product\/yoast-seo-premium-wordpress\/ -->\n<title>K\u00f6p vit hushylla i storlek XL - Till bra pris<\/title>\n<meta name=\"description\" content=\"En hushylla \u00e4r ett v\u00e4ldigt popul\u00e4rt alternativ till barnrummet. ? Fungerar som bokhylla, f\u00f6rvaring av leksaker etc. ? Smidig frakt - V\u00e4lkommen!\" \/>\n<meta name=\"robots\" content=\"noindex, follow, max-snippet:-1, max-image-preview:large, max-video-preview:-1\" \/>\n<meta property=\"og:locale\" content=\"nb_NO\" \/>\n<meta property=\"og:type\" content=\"article\" \/>\n<meta property=\"og:title\" content=\"Stor vegghylle til barnerommet, hushylle\" \/>\n<meta property=\"og:description\" content=\"En hushylla \u00e4r ett v\u00e4ldigt popul\u00e4rt alternativ till barnrummet. ? Fungerar som bokhylla, f\u00f6rvaring av leksaker etc. ? Smidig frakt - V\u00e4lkommen!\" \/>\n<meta property=\"og:url\" content=\"https:\/\/babylove.se\/no\/produkt\/stor-vegghylle-til-barnerommet-hushylle\/\" \/>\n<meta property=\"og:site_name\" content=\"Babylove Norska\" \/>\n<meta property=\"article:modified_time\" content=\"2026-04-08T07:59:40+00:00\" \/>\n<meta property=\"og:image\" content=\"https:\/\/babylove.se\/no\/wp-content\/uploads\/sites\/3\/2025\/07\/5d70ee5403428.jpeg\" \/>\n\t<meta property=\"og:image:width\" content=\"750\" \/>\n\t<meta property=\"og:image:height\" content=\"750\" \/>\n\t<meta property=\"og:image:type\" content=\"image\/jpeg\" \/>\n<meta name=\"twitter:card\" content=\"summary_large_image\" \/>\n<meta name=\"twitter:label1\" content=\"Price\" \/>\n\t<meta name=\"twitter:data1\" content=\"1 999,00&nbsp;&#107;&#114;\" \/>\n\t<meta name=\"twitter:label2\" content=\"Availability\" \/>\n\t<meta name=\"twitter:data2\" content=\"In stock\" \/>\n<script type=\"application\/ld+json\" class=\"yoast-schema-graph\">{\"@context\":\"https:\/\/schema.org\",\"@graph\":[{\"@type\":\"WebPage\",\"@id\":\"https:\/\/babylove.se\/no\/produkt\/stor-vegghylle-til-barnerommet-hushylle\/\",\"url\":\"https:\/\/babylove.se\/no\/produkt\/stor-vegghylle-til-barnerommet-hushylle\/\",\"name\":\"K\u00f6p vit hushylla i storlek XL - Till bra pris\",\"isPartOf\":{\"@id\":\"https:\/\/babylove.se\/no\/#website\"},\"primaryImageOfPage\":{\"@id\":\"https:\/\/babylove.se\/no\/produkt\/stor-vegghylle-til-barnerommet-hushylle\/#primaryimage\"},\"image\":{\"@id\":\"https:\/\/babylove.se\/no\/produkt\/stor-vegghylle-til-barnerommet-hushylle\/#primaryimage\"},\"thumbnailUrl\":\"https:\/\/babylove.se\/no\/wp-content\/uploads\/sites\/3\/2025\/07\/5d70ee5403428.jpeg\",\"datePublished\":\"2025-07-18T20:31:27+00:00\",\"dateModified\":\"2026-04-08T07:59:40+00:00\",\"description\":\"En hushylla \u00e4r ett v\u00e4ldigt popul\u00e4rt alternativ till barnrummet. ? Fungerar som bokhylla, f\u00f6rvaring av leksaker etc. ? Smidig frakt - V\u00e4lkommen!\",\"breadcrumb\":{\"@id\":\"https:\/\/babylove.se\/no\/produkt\/stor-vegghylle-til-barnerommet-hushylle\/#breadcrumb\"},\"inLanguage\":\"nb-NO\",\"potentialAction\":[{\"@type\":\"ReadAction\",\"target\":[\"https:\/\/babylove.se\/no\/produkt\/stor-vegghylle-til-barnerommet-hushylle\/\"]}]},{\"@type\":\"ImageObject\",\"inLanguage\":\"nb-NO\",\"@id\":\"https:\/\/babylove.se\/no\/produkt\/stor-vegghylle-til-barnerommet-hushylle\/#primaryimage\",\"url\":\"https:\/\/babylove.se\/no\/wp-content\/uploads\/sites\/3\/2025\/07\/5d70ee5403428.jpeg\",\"contentUrl\":\"https:\/\/babylove.se\/no\/wp-content\/uploads\/sites\/3\/2025\/07\/5d70ee5403428.jpeg\",\"width\":750,\"height\":750},{\"@type\":\"BreadcrumbList\",\"@id\":\"https:\/\/babylove.se\/no\/produkt\/stor-vegghylle-til-barnerommet-hushylle\/#breadcrumb\",\"itemListElement\":[{\"@type\":\"ListItem\",\"position\":1,\"name\":\"Hem\",\"item\":\"https:\/\/babylove.se\/no\/\"},{\"@type\":\"ListItem\",\"position\":2,\"name\":\"Butik\",\"item\":\"https:\/\/babylove.se\/no\/butik\/\"},{\"@type\":\"ListItem\",\"position\":3,\"name\":\"Stor vegghylle til barnerommet, hushylle\"}]},{\"@type\":\"WebSite\",\"@id\":\"https:\/\/babylove.se\/no\/#website\",\"url\":\"https:\/\/babylove.se\/no\/\",\"name\":\"Babylove Norska\",\"description\":\"\",\"potentialAction\":[{\"@type\":\"SearchAction\",\"target\":{\"@type\":\"EntryPoint\",\"urlTemplate\":\"https:\/\/babylove.se\/no\/?s={search_term_string}\"},\"query-input\":{\"@type\":\"PropertyValueSpecification\",\"valueRequired\":true,\"valueName\":\"search_term_string\"}}],\"inLanguage\":\"nb-NO\"}]}<\/script>\n<meta property=\"product:brand\" content=\"Bambooko\" \/>\n<meta property=\"product:price:amount\" content=\"1999.00\" \/>\n<meta property=\"product:price:currency\" content=\"SEK\" \/>\n<meta property=\"og:availability\" content=\"instock\" \/>\n<meta property=\"product:availability\" content=\"instock\" \/>\n<meta property=\"product:retailer_item_id\" content=\"BB003Stor\" \/>\n<meta property=\"product:condition\" content=\"new\" \/>\n<!-- \/ Yoast SEO Premium plugin. -->","yoast_head_json":{"title":"K\u00f6p vit hushylla i storlek XL - Till bra pris","description":"En hushylla \u00e4r ett v\u00e4ldigt popul\u00e4rt alternativ till barnrummet. ? Fungerar som bokhylla, f\u00f6rvaring av leksaker etc. ? Smidig frakt - V\u00e4lkommen!","robots":{"index":"noindex","follow":"follow","max-snippet":"max-snippet:-1","max-image-preview":"max-image-preview:large","max-video-preview":"max-video-preview:-1"},"og_locale":"nb_NO","og_type":"article","og_title":"Stor vegghylle til barnerommet, hushylle","og_description":"En hushylla \u00e4r ett v\u00e4ldigt popul\u00e4rt alternativ till barnrummet. ? Fungerar som bokhylla, f\u00f6rvaring av leksaker etc. ? Smidig frakt - V\u00e4lkommen!","og_url":"https:\/\/babylove.se\/no\/produkt\/stor-vegghylle-til-barnerommet-hushylle\/","og_site_name":"Babylove Norska","article_modified_time":"2026-04-08T07:59:40+00:00","og_image":[{"width":750,"height":750,"url":"https:\/\/babylove.se\/no\/wp-content\/uploads\/sites\/3\/2025\/07\/5d70ee5403428.jpeg","type":"image\/jpeg"}],"twitter_card":"summary_large_image","twitter_misc":{"Price":"1 999,00&nbsp;&#107;&#114;","Availability":"In stock"},"schema":{"@context":"https:\/\/schema.org","@graph":[{"@type":"WebPage","@id":"https:\/\/babylove.se\/no\/produkt\/stor-vegghylle-til-barnerommet-hushylle\/","url":"https:\/\/babylove.se\/no\/produkt\/stor-vegghylle-til-barnerommet-hushylle\/","name":"K\u00f6p vit hushylla i storlek XL - Till bra pris","isPartOf":{"@id":"https:\/\/babylove.se\/no\/#website"},"primaryImageOfPage":{"@id":"https:\/\/babylove.se\/no\/produkt\/stor-vegghylle-til-barnerommet-hushylle\/#primaryimage"},"image":{"@id":"https:\/\/babylove.se\/no\/produkt\/stor-vegghylle-til-barnerommet-hushylle\/#primaryimage"},"thumbnailUrl":"https:\/\/babylove.se\/no\/wp-content\/uploads\/sites\/3\/2025\/07\/5d70ee5403428.jpeg","datePublished":"2025-07-18T20:31:27+00:00","dateModified":"2026-04-08T07:59:40+00:00","description":"En hushylla \u00e4r ett v\u00e4ldigt popul\u00e4rt alternativ till barnrummet. ? Fungerar som bokhylla, f\u00f6rvaring av leksaker etc. ? Smidig frakt - V\u00e4lkommen!","breadcrumb":{"@id":"https:\/\/babylove.se\/no\/produkt\/stor-vegghylle-til-barnerommet-hushylle\/#breadcrumb"},"inLanguage":"nb-NO","potentialAction":[{"@type":"ReadAction","target":["https:\/\/babylove.se\/no\/produkt\/stor-vegghylle-til-barnerommet-hushylle\/"]}]},{"@type":"ImageObject","inLanguage":"nb-NO","@id":"https:\/\/babylove.se\/no\/produkt\/stor-vegghylle-til-barnerommet-hushylle\/#primaryimage","url":"https:\/\/babylove.se\/no\/wp-content\/uploads\/sites\/3\/2025\/07\/5d70ee5403428.jpeg","contentUrl":"https:\/\/babylove.se\/no\/wp-content\/uploads\/sites\/3\/2025\/07\/5d70ee5403428.jpeg","width":750,"height":750},{"@type":"BreadcrumbList","@id":"https:\/\/babylove.se\/no\/produkt\/stor-vegghylle-til-barnerommet-hushylle\/#breadcrumb","itemListElement":[{"@type":"ListItem","position":1,"name":"Hem","item":"https:\/\/babylove.se\/no\/"},{"@type":"ListItem","position":2,"name":"Butik","item":"https:\/\/babylove.se\/no\/butik\/"},{"@type":"ListItem","position":3,"name":"Stor vegghylle til barnerommet, hushylle"}]},{"@type":"WebSite","@id":"https:\/\/babylove.se\/no\/#website","url":"https:\/\/babylove.se\/no\/","name":"Babylove Norska","description":"","potentialAction":[{"@type":"SearchAction","target":{"@type":"EntryPoint","urlTemplate":"https:\/\/babylove.se\/no\/?s={search_term_string}"},"query-input":{"@type":"PropertyValueSpecification","valueRequired":true,"valueName":"search_term_string"}}],"inLanguage":"nb-NO"}]},"product_brand":"Bambooko","product_price_amount":"1999.00","product_price_currency":"SEK","og_availability":"instock","product_availability":"instock","product_retailer_item_id":"BB003Stor","product_condition":"new"},"_links":{"self":[{"href":"https:\/\/babylove.se\/no\/wp-json\/wp\/v2\/product\/13280","targetHints":{"allow":["GET"]}}],"collection":[{"href":"https:\/\/babylove.se\/no\/wp-json\/wp\/v2\/product"}],"about":[{"href":"https:\/\/babylove.se\/no\/wp-json\/wp\/v2\/types\/product"}],"replies":[{"embeddable":true,"href":"https:\/\/babylove.se\/no\/wp-json\/wp\/v2\/comments?post=13280"}],"wp:featuredmedia":[{"embeddable":true,"href":"https:\/\/babylove.se\/no\/wp-json\/wp\/v2\/media\/13282"}],"wp:attachment":[{"href":"https:\/\/babylove.se\/no\/wp-json\/wp\/v2\/media?parent=13280"}],"wp:term":[{"taxonomy":"product_brand","embeddable":true,"href":"https:\/\/babylove.se\/no\/wp-json\/wp\/v2\/product_brand?post=13280"},{"taxonomy":"product_cat","embeddable":true,"href":"https:\/\/babylove.se\/no\/wp-json\/wp\/v2\/product_cat?post=13280"},{"taxonomy":"product_tag","embeddable":true,"href":"https:\/\/babylove.se\/no\/wp-json\/wp\/v2\/product_tag?post=13280"}],"curies":[{"name":"wp","href":"https:\/\/api.w.org\/{rel}","templated":true}]}}