{"id":1332,"date":"2025-07-18T20:01:22","date_gmt":"2025-07-18T19:01:22","guid":{"rendered":"https:\/\/babylove.se\/produkt\/barnpall-bjorn\/"},"modified":"2026-04-08T07:41:01","modified_gmt":"2026-04-08T06:41:01","slug":"barnkrakk-bjorn","status":"publish","type":"product","link":"https:\/\/babylove.se\/no\/produkt\/barnkrakk-bjorn\/","title":{"rendered":"Barnkrakk Bj\u00f8rn"},"content":{"rendered":"<p>Liten og sjarmerende, akkurat som en ekte bj\u00f8rn. Denne <strong>krakken&nbsp;<\/strong>for <strong>barn&nbsp;<\/strong>kommer til \u00e5 bli ditt barns favoritt, uten tvil.&nbsp;<\/p>\n<p>Denne krakken passer inn p\u00e5 flere steder i <strong>barnerommet<\/strong>. Den er helt laget av tre og er malt med maling tilpasset for barn. Dessuten er den helt bygget for h\u00e5nd!&nbsp;<\/p>\n<p>Krakken er b\u00e5de lett men samtidig stabil og er tilpasset for barn mellom 1,5 &#8211; 4 \u00e5r.&nbsp;<\/p>\n<p>For eldre barn kan vi bygge en krakk med forsterkede ben, be oss om et tilbud.&nbsp;<\/p>\n<p><strong>M\u00e5l<\/strong>: H\u00f8yde 24,5 cm og bredde ca 28 cm.<\/p>\n<p><strong>Materiale<\/strong>: M\u00f8blene er helt laget av furu og oppfyller alle krav til gode barnem\u00f8bler av ekte tre.&nbsp;<\/p>\n<p>M\u00f8blene er helt laget for h\u00e5nd og vi vil derfor p\u00e5peke at utseendet p\u00e5 m\u00f8blene er mer robust enn fabrikktilverkede. Kvister og struktur kan synes gjennom fargen. Dette gir m\u00f8blene en unik karakter. Bena er limt og ikke skrudd.<\/p>\n<p>Dette produktet lages kun ved bestilling og derfor blir leveringstiden ca 10 dager<\/p>\n<p>Designer: Bambooko<\/p>\n","protected":false},"excerpt":{"rendered":"<p>Liten og sjarmerende, akkurat som en ekte bj\u00f8rn. Denne krakken&nbsp;for barn&nbsp;kommer til \u00e5 bli ditt barns favoritt, uten tvil.&nbsp; Denne krakken passer inn p\u00e5 flere steder i barnerommet. Den er helt laget av tre og er malt med maling tilpasset for barn. Dessuten er den helt bygget for h\u00e5nd!&nbsp; Krakken er b\u00e5de lett men samtidig [&hellip;]<\/p>\n","protected":false},"featured_media":1334,"comment_status":"closed","ping_status":"open","template":"","meta":{"_acf_changed":false},"product_brand":[22],"product_cat":[80],"product_tag":[],"class_list":{"0":"post-1332","1":"product","2":"type-product","3":"status-publish","4":"has-post-thumbnail","6":"product_brand-babylove","7":"product_cat-stoler","9":"first","10":"outofstock","11":"taxable","12":"shipping-taxable","13":"purchasable","14":"product-type-simple"},"acf":[],"yoast_head":"<!-- This site is optimized with the Yoast SEO Premium plugin v25.8 (Yoast SEO v27.2) - https:\/\/yoast.com\/product\/yoast-seo-premium-wordpress\/ -->\n<title>Barnkrakk Bj\u00f8rn - Babylove Norska<\/title>\n<meta name=\"robots\" content=\"noindex, follow, max-snippet:-1, max-image-preview:large, max-video-preview:-1\" \/>\n<meta property=\"og:locale\" content=\"nb_NO\" \/>\n<meta property=\"og:type\" content=\"article\" \/>\n<meta property=\"og:title\" content=\"Barnkrakk Bj\u00f8rn\" \/>\n<meta property=\"og:description\" content=\"Liten og sjarmerende, akkurat som en ekte bj\u00f8rn. Denne krakken&nbsp;for barn&nbsp;kommer til \u00e5 bli ditt barns favoritt, uten tvil.&nbsp; Denne krakken passer inn p\u00e5 flere steder i barnerommet. Den er helt laget av tre og er malt med maling tilpasset for barn. Dessuten er den helt bygget for h\u00e5nd!&nbsp; Krakken er b\u00e5de lett men samtidig [&hellip;]\" \/>\n<meta property=\"og:url\" content=\"https:\/\/babylove.se\/no\/produkt\/barnkrakk-bjorn\/\" \/>\n<meta property=\"og:site_name\" content=\"Babylove Norska\" \/>\n<meta property=\"article:modified_time\" content=\"2026-04-08T06:41:01+00:00\" \/>\n<meta property=\"og:image\" content=\"https:\/\/babylove.se\/no\/wp-content\/uploads\/sites\/3\/2025\/07\/576066676edc7.jpeg\" \/>\n\t<meta property=\"og:image:width\" content=\"750\" \/>\n\t<meta property=\"og:image:height\" content=\"497\" \/>\n\t<meta property=\"og:image:type\" content=\"image\/jpeg\" \/>\n<meta name=\"twitter:card\" content=\"summary_large_image\" \/>\n<meta name=\"twitter:label1\" content=\"Price\" \/>\n\t<meta name=\"twitter:data1\" content=\"799,00&nbsp;&#107;&#114;\" \/>\n\t<meta name=\"twitter:label2\" content=\"Availability\" \/>\n\t<meta name=\"twitter:data2\" content=\"Out of stock\" \/>\n<script type=\"application\/ld+json\" class=\"yoast-schema-graph\">{\"@context\":\"https:\/\/schema.org\",\"@graph\":[{\"@type\":\"WebPage\",\"@id\":\"https:\/\/babylove.se\/no\/produkt\/barnkrakk-bjorn\/\",\"url\":\"https:\/\/babylove.se\/no\/produkt\/barnkrakk-bjorn\/\",\"name\":\"Barnkrakk Bj\u00f8rn - Babylove Norska\",\"isPartOf\":{\"@id\":\"https:\/\/babylove.se\/no\/#website\"},\"primaryImageOfPage\":{\"@id\":\"https:\/\/babylove.se\/no\/produkt\/barnkrakk-bjorn\/#primaryimage\"},\"image\":{\"@id\":\"https:\/\/babylove.se\/no\/produkt\/barnkrakk-bjorn\/#primaryimage\"},\"thumbnailUrl\":\"https:\/\/babylove.se\/no\/wp-content\/uploads\/sites\/3\/2025\/07\/576066676edc7.jpeg\",\"datePublished\":\"2025-07-18T19:01:22+00:00\",\"dateModified\":\"2026-04-08T06:41:01+00:00\",\"breadcrumb\":{\"@id\":\"https:\/\/babylove.se\/no\/produkt\/barnkrakk-bjorn\/#breadcrumb\"},\"inLanguage\":\"nb-NO\",\"potentialAction\":[{\"@type\":\"ReadAction\",\"target\":[\"https:\/\/babylove.se\/no\/produkt\/barnkrakk-bjorn\/\"]}]},{\"@type\":\"ImageObject\",\"inLanguage\":\"nb-NO\",\"@id\":\"https:\/\/babylove.se\/no\/produkt\/barnkrakk-bjorn\/#primaryimage\",\"url\":\"https:\/\/babylove.se\/no\/wp-content\/uploads\/sites\/3\/2025\/07\/576066676edc7.jpeg\",\"contentUrl\":\"https:\/\/babylove.se\/no\/wp-content\/uploads\/sites\/3\/2025\/07\/576066676edc7.jpeg\",\"width\":750,\"height\":497},{\"@type\":\"BreadcrumbList\",\"@id\":\"https:\/\/babylove.se\/no\/produkt\/barnkrakk-bjorn\/#breadcrumb\",\"itemListElement\":[{\"@type\":\"ListItem\",\"position\":1,\"name\":\"Hem\",\"item\":\"https:\/\/babylove.se\/no\/\"},{\"@type\":\"ListItem\",\"position\":2,\"name\":\"Butik\",\"item\":\"https:\/\/babylove.se\/no\/butik\/\"},{\"@type\":\"ListItem\",\"position\":3,\"name\":\"Barnkrakk Bj\u00f8rn\"}]},{\"@type\":\"WebSite\",\"@id\":\"https:\/\/babylove.se\/no\/#website\",\"url\":\"https:\/\/babylove.se\/no\/\",\"name\":\"Babylove Norska\",\"description\":\"\",\"potentialAction\":[{\"@type\":\"SearchAction\",\"target\":{\"@type\":\"EntryPoint\",\"urlTemplate\":\"https:\/\/babylove.se\/no\/?s={search_term_string}\"},\"query-input\":{\"@type\":\"PropertyValueSpecification\",\"valueRequired\":true,\"valueName\":\"search_term_string\"}}],\"inLanguage\":\"nb-NO\"}]}<\/script>\n<meta property=\"product:brand\" content=\"Babylove\" \/>\n<meta property=\"product:price:amount\" content=\"799.00\" \/>\n<meta property=\"product:price:currency\" content=\"SEK\" \/>\n<meta property=\"og:availability\" content=\"out of stock\" \/>\n<meta property=\"product:availability\" content=\"out of stock\" \/>\n<meta property=\"product:retailer_item_id\" content=\"BB009\" \/>\n<meta property=\"product:condition\" content=\"new\" \/>\n<!-- \/ Yoast SEO Premium plugin. -->","yoast_head_json":{"title":"Barnkrakk Bj\u00f8rn - Babylove Norska","robots":{"index":"noindex","follow":"follow","max-snippet":"max-snippet:-1","max-image-preview":"max-image-preview:large","max-video-preview":"max-video-preview:-1"},"og_locale":"nb_NO","og_type":"article","og_title":"Barnkrakk Bj\u00f8rn","og_description":"Liten og sjarmerende, akkurat som en ekte bj\u00f8rn. Denne krakken&nbsp;for barn&nbsp;kommer til \u00e5 bli ditt barns favoritt, uten tvil.&nbsp; Denne krakken passer inn p\u00e5 flere steder i barnerommet. Den er helt laget av tre og er malt med maling tilpasset for barn. Dessuten er den helt bygget for h\u00e5nd!&nbsp; Krakken er b\u00e5de lett men samtidig [&hellip;]","og_url":"https:\/\/babylove.se\/no\/produkt\/barnkrakk-bjorn\/","og_site_name":"Babylove Norska","article_modified_time":"2026-04-08T06:41:01+00:00","og_image":[{"width":750,"height":497,"url":"https:\/\/babylove.se\/no\/wp-content\/uploads\/sites\/3\/2025\/07\/576066676edc7.jpeg","type":"image\/jpeg"}],"twitter_card":"summary_large_image","twitter_misc":{"Price":"799,00&nbsp;&#107;&#114;","Availability":"Out of stock"},"schema":{"@context":"https:\/\/schema.org","@graph":[{"@type":"WebPage","@id":"https:\/\/babylove.se\/no\/produkt\/barnkrakk-bjorn\/","url":"https:\/\/babylove.se\/no\/produkt\/barnkrakk-bjorn\/","name":"Barnkrakk Bj\u00f8rn - Babylove Norska","isPartOf":{"@id":"https:\/\/babylove.se\/no\/#website"},"primaryImageOfPage":{"@id":"https:\/\/babylove.se\/no\/produkt\/barnkrakk-bjorn\/#primaryimage"},"image":{"@id":"https:\/\/babylove.se\/no\/produkt\/barnkrakk-bjorn\/#primaryimage"},"thumbnailUrl":"https:\/\/babylove.se\/no\/wp-content\/uploads\/sites\/3\/2025\/07\/576066676edc7.jpeg","datePublished":"2025-07-18T19:01:22+00:00","dateModified":"2026-04-08T06:41:01+00:00","breadcrumb":{"@id":"https:\/\/babylove.se\/no\/produkt\/barnkrakk-bjorn\/#breadcrumb"},"inLanguage":"nb-NO","potentialAction":[{"@type":"ReadAction","target":["https:\/\/babylove.se\/no\/produkt\/barnkrakk-bjorn\/"]}]},{"@type":"ImageObject","inLanguage":"nb-NO","@id":"https:\/\/babylove.se\/no\/produkt\/barnkrakk-bjorn\/#primaryimage","url":"https:\/\/babylove.se\/no\/wp-content\/uploads\/sites\/3\/2025\/07\/576066676edc7.jpeg","contentUrl":"https:\/\/babylove.se\/no\/wp-content\/uploads\/sites\/3\/2025\/07\/576066676edc7.jpeg","width":750,"height":497},{"@type":"BreadcrumbList","@id":"https:\/\/babylove.se\/no\/produkt\/barnkrakk-bjorn\/#breadcrumb","itemListElement":[{"@type":"ListItem","position":1,"name":"Hem","item":"https:\/\/babylove.se\/no\/"},{"@type":"ListItem","position":2,"name":"Butik","item":"https:\/\/babylove.se\/no\/butik\/"},{"@type":"ListItem","position":3,"name":"Barnkrakk Bj\u00f8rn"}]},{"@type":"WebSite","@id":"https:\/\/babylove.se\/no\/#website","url":"https:\/\/babylove.se\/no\/","name":"Babylove Norska","description":"","potentialAction":[{"@type":"SearchAction","target":{"@type":"EntryPoint","urlTemplate":"https:\/\/babylove.se\/no\/?s={search_term_string}"},"query-input":{"@type":"PropertyValueSpecification","valueRequired":true,"valueName":"search_term_string"}}],"inLanguage":"nb-NO"}]},"product_brand":"Babylove","product_price_amount":"799.00","product_price_currency":"SEK","og_availability":"out of stock","product_availability":"out of stock","product_retailer_item_id":"BB009","product_condition":"new"},"_links":{"self":[{"href":"https:\/\/babylove.se\/no\/wp-json\/wp\/v2\/product\/1332","targetHints":{"allow":["GET"]}}],"collection":[{"href":"https:\/\/babylove.se\/no\/wp-json\/wp\/v2\/product"}],"about":[{"href":"https:\/\/babylove.se\/no\/wp-json\/wp\/v2\/types\/product"}],"replies":[{"embeddable":true,"href":"https:\/\/babylove.se\/no\/wp-json\/wp\/v2\/comments?post=1332"}],"wp:featuredmedia":[{"embeddable":true,"href":"https:\/\/babylove.se\/no\/wp-json\/wp\/v2\/media\/1334"}],"wp:attachment":[{"href":"https:\/\/babylove.se\/no\/wp-json\/wp\/v2\/media?parent=1332"}],"wp:term":[{"taxonomy":"product_brand","embeddable":true,"href":"https:\/\/babylove.se\/no\/wp-json\/wp\/v2\/product_brand?post=1332"},{"taxonomy":"product_cat","embeddable":true,"href":"https:\/\/babylove.se\/no\/wp-json\/wp\/v2\/product_cat?post=1332"},{"taxonomy":"product_tag","embeddable":true,"href":"https:\/\/babylove.se\/no\/wp-json\/wp\/v2\/product_tag?post=1332"}],"curies":[{"name":"wp","href":"https:\/\/api.w.org\/{rel}","templated":true}]}}