{"id":13330,"date":"2025-07-18T21:31:54","date_gmt":"2025-07-18T20:31:54","guid":{"rendered":"https:\/\/babylove.se\/produkt\/gamelrosa-moln-vaggklistermarken-stickstay\/"},"modified":"2026-04-08T09:00:03","modified_gmt":"2026-04-08T08:00:03","slug":"gamelrosa-skyer-veggklistremerker-stickstay","status":"publish","type":"product","link":"https:\/\/babylove.se\/no\/produkt\/gamelrosa-skyer-veggklistremerker-stickstay\/","title":{"rendered":"Gamelrosa sky veggklistremerker, Stickstay"},"content":{"rendered":"<p>Med disse utrolig popul\u00e6re veggklistremerkene vil du kunne skape et levende og fantasifullt barnerom som ditt barn kommer til \u00e5 elske. Settet inneholder fire stykker vakre veggklistremerker som du kan skape dine egne kombinasjoner av. Du kan selvf\u00f8lgelig ogs\u00e5 med fordel kombinere dem med andre motiver fra Stickstays brede utvalg, og dermed skape ditt helt unike barnerom. \\n \\nSamtlige veggdekorasjoner fra Stickstay er laget av kraftig vinyl og av h\u00f8yeste kvalitet, noe som gj\u00f8r at du enkelt kan flytte rundt p\u00e5 dem til nye steder i rommet. Samtlige motiver er h\u00e5ndskissert av Lisa Flodmark. \\n \\nDu kan enkelt montere disse veggklistremerkene p\u00e5 de fleste typer underlag som malte tapeter eller vegger. Du b\u00f8r imidlertid alltid f\u00f8lge instruksjonene p\u00e5 emballasjen og v\u00e6re ekstra n\u00f8ye p\u00e5 litt tynnere tapeter. \\n \\nSettet omfatter 4 vakre skyer som er i st\u00f8rrelsene 10 til 18 cm. \\n \\nMateriale: Vinylplast \\n \\nDesigner: <a href=\"https:\/\/babylove.se\/inredning-barnrum-pojke\/stickstay\"><u>Stickstay<\/u><\/a><\/p>\n","protected":false},"excerpt":{"rendered":"<p>Med disse utrolig popul\u00e6re veggklistremerkene vil du kunne skape et levende og fantasifullt barnerom som ditt barn kommer til \u00e5 elske. Settet inneholder fire stykker vakre veggklistremerker som du kan skape dine egne kombinasjoner av. Du kan selvf\u00f8lgelig ogs\u00e5 med fordel kombinere dem med andre motiver fra Stickstays brede utvalg, og dermed skape ditt helt [&hellip;]<\/p>\n","protected":false},"featured_media":13332,"comment_status":"closed","ping_status":"closed","template":"","meta":{"_acf_changed":false},"product_brand":[236],"product_cat":[237,29,24],"product_tag":[],"class_list":{"0":"post-13330","1":"product","2":"type-product","3":"status-publish","4":"has-post-thumbnail","6":"product_brand-stickstay","7":"product_cat-stickstay","8":"product_cat-veggdekorasjoner","9":"product_cat-veggklistremerker","11":"first","12":"outofstock","13":"taxable","14":"shipping-taxable","15":"purchasable","16":"product-type-simple"},"acf":[],"yoast_head":"<!-- This site is optimized with the Yoast SEO Premium plugin v25.8 (Yoast SEO v27.2) - https:\/\/yoast.com\/product\/yoast-seo-premium-wordpress\/ -->\n<title>Gamelrosa sky veggklistremerker, Stickstay - Babylove Norska<\/title>\n<meta name=\"robots\" content=\"noindex, follow, max-snippet:-1, max-image-preview:large, max-video-preview:-1\" \/>\n<meta property=\"og:locale\" content=\"nb_NO\" \/>\n<meta property=\"og:type\" content=\"article\" \/>\n<meta property=\"og:title\" content=\"Gamelrosa sky veggklistremerker, Stickstay\" \/>\n<meta property=\"og:description\" content=\"Med disse utrolig popul\u00e6re veggklistremerkene vil du kunne skape et levende og fantasifullt barnerom som ditt barn kommer til \u00e5 elske. Settet inneholder fire stykker vakre veggklistremerker som du kan skape dine egne kombinasjoner av. Du kan selvf\u00f8lgelig ogs\u00e5 med fordel kombinere dem med andre motiver fra Stickstays brede utvalg, og dermed skape ditt helt [&hellip;]\" \/>\n<meta property=\"og:url\" content=\"https:\/\/babylove.se\/no\/produkt\/gamelrosa-skyer-veggklistremerker-stickstay\/\" \/>\n<meta property=\"og:site_name\" content=\"Babylove Norska\" \/>\n<meta property=\"article:modified_time\" content=\"2026-04-08T08:00:03+00:00\" \/>\n<meta property=\"og:image\" content=\"https:\/\/babylove.se\/no\/wp-content\/uploads\/sites\/3\/2025\/07\/5d7618d42792f.jpeg\" \/>\n\t<meta property=\"og:image:width\" content=\"750\" \/>\n\t<meta property=\"og:image:height\" content=\"750\" \/>\n\t<meta property=\"og:image:type\" content=\"image\/jpeg\" \/>\n<meta name=\"twitter:card\" content=\"summary_large_image\" \/>\n<meta name=\"twitter:label1\" content=\"Price\" \/>\n\t<meta name=\"twitter:data1\" content=\"399,00&nbsp;&#107;&#114;\" \/>\n\t<meta name=\"twitter:label2\" content=\"Availability\" \/>\n\t<meta name=\"twitter:data2\" content=\"Out of stock\" \/>\n<script type=\"application\/ld+json\" class=\"yoast-schema-graph\">{\"@context\":\"https:\/\/schema.org\",\"@graph\":[{\"@type\":\"WebPage\",\"@id\":\"https:\/\/babylove.se\/no\/produkt\/gamelrosa-skyer-veggklistremerker-stickstay\/\",\"url\":\"https:\/\/babylove.se\/no\/produkt\/gamelrosa-skyer-veggklistremerker-stickstay\/\",\"name\":\"Gamelrosa sky veggklistremerker, Stickstay - Babylove Norska\",\"isPartOf\":{\"@id\":\"https:\/\/babylove.se\/no\/#website\"},\"primaryImageOfPage\":{\"@id\":\"https:\/\/babylove.se\/no\/produkt\/gamelrosa-skyer-veggklistremerker-stickstay\/#primaryimage\"},\"image\":{\"@id\":\"https:\/\/babylove.se\/no\/produkt\/gamelrosa-skyer-veggklistremerker-stickstay\/#primaryimage\"},\"thumbnailUrl\":\"https:\/\/babylove.se\/no\/wp-content\/uploads\/sites\/3\/2025\/07\/5d7618d42792f.jpeg\",\"datePublished\":\"2025-07-18T20:31:54+00:00\",\"dateModified\":\"2026-04-08T08:00:03+00:00\",\"breadcrumb\":{\"@id\":\"https:\/\/babylove.se\/no\/produkt\/gamelrosa-skyer-veggklistremerker-stickstay\/#breadcrumb\"},\"inLanguage\":\"nb-NO\",\"potentialAction\":[{\"@type\":\"ReadAction\",\"target\":[\"https:\/\/babylove.se\/no\/produkt\/gamelrosa-skyer-veggklistremerker-stickstay\/\"]}]},{\"@type\":\"ImageObject\",\"inLanguage\":\"nb-NO\",\"@id\":\"https:\/\/babylove.se\/no\/produkt\/gamelrosa-skyer-veggklistremerker-stickstay\/#primaryimage\",\"url\":\"https:\/\/babylove.se\/no\/wp-content\/uploads\/sites\/3\/2025\/07\/5d7618d42792f.jpeg\",\"contentUrl\":\"https:\/\/babylove.se\/no\/wp-content\/uploads\/sites\/3\/2025\/07\/5d7618d42792f.jpeg\",\"width\":750,\"height\":750},{\"@type\":\"BreadcrumbList\",\"@id\":\"https:\/\/babylove.se\/no\/produkt\/gamelrosa-skyer-veggklistremerker-stickstay\/#breadcrumb\",\"itemListElement\":[{\"@type\":\"ListItem\",\"position\":1,\"name\":\"Hem\",\"item\":\"https:\/\/babylove.se\/no\/\"},{\"@type\":\"ListItem\",\"position\":2,\"name\":\"Butik\",\"item\":\"https:\/\/babylove.se\/no\/butik\/\"},{\"@type\":\"ListItem\",\"position\":3,\"name\":\"Gamelrosa sky veggklistremerker, Stickstay\"}]},{\"@type\":\"WebSite\",\"@id\":\"https:\/\/babylove.se\/no\/#website\",\"url\":\"https:\/\/babylove.se\/no\/\",\"name\":\"Babylove Norska\",\"description\":\"\",\"potentialAction\":[{\"@type\":\"SearchAction\",\"target\":{\"@type\":\"EntryPoint\",\"urlTemplate\":\"https:\/\/babylove.se\/no\/?s={search_term_string}\"},\"query-input\":{\"@type\":\"PropertyValueSpecification\",\"valueRequired\":true,\"valueName\":\"search_term_string\"}}],\"inLanguage\":\"nb-NO\"}]}<\/script>\n<meta property=\"product:brand\" content=\"Stickstay\" \/>\n<meta property=\"product:price:amount\" content=\"399.00\" \/>\n<meta property=\"product:price:currency\" content=\"SEK\" \/>\n<meta property=\"og:availability\" content=\"out of stock\" \/>\n<meta property=\"product:availability\" content=\"out of stock\" \/>\n<meta property=\"product:retailer_item_id\" content=\"7350104861582\" \/>\n<meta property=\"product:condition\" content=\"new\" \/>\n<!-- \/ Yoast SEO Premium plugin. -->","yoast_head_json":{"title":"Gamelrosa sky veggklistremerker, Stickstay - Babylove Norska","robots":{"index":"noindex","follow":"follow","max-snippet":"max-snippet:-1","max-image-preview":"max-image-preview:large","max-video-preview":"max-video-preview:-1"},"og_locale":"nb_NO","og_type":"article","og_title":"Gamelrosa sky veggklistremerker, Stickstay","og_description":"Med disse utrolig popul\u00e6re veggklistremerkene vil du kunne skape et levende og fantasifullt barnerom som ditt barn kommer til \u00e5 elske. Settet inneholder fire stykker vakre veggklistremerker som du kan skape dine egne kombinasjoner av. Du kan selvf\u00f8lgelig ogs\u00e5 med fordel kombinere dem med andre motiver fra Stickstays brede utvalg, og dermed skape ditt helt [&hellip;]","og_url":"https:\/\/babylove.se\/no\/produkt\/gamelrosa-skyer-veggklistremerker-stickstay\/","og_site_name":"Babylove Norska","article_modified_time":"2026-04-08T08:00:03+00:00","og_image":[{"width":750,"height":750,"url":"https:\/\/babylove.se\/no\/wp-content\/uploads\/sites\/3\/2025\/07\/5d7618d42792f.jpeg","type":"image\/jpeg"}],"twitter_card":"summary_large_image","twitter_misc":{"Price":"399,00&nbsp;&#107;&#114;","Availability":"Out of stock"},"schema":{"@context":"https:\/\/schema.org","@graph":[{"@type":"WebPage","@id":"https:\/\/babylove.se\/no\/produkt\/gamelrosa-skyer-veggklistremerker-stickstay\/","url":"https:\/\/babylove.se\/no\/produkt\/gamelrosa-skyer-veggklistremerker-stickstay\/","name":"Gamelrosa sky veggklistremerker, Stickstay - Babylove Norska","isPartOf":{"@id":"https:\/\/babylove.se\/no\/#website"},"primaryImageOfPage":{"@id":"https:\/\/babylove.se\/no\/produkt\/gamelrosa-skyer-veggklistremerker-stickstay\/#primaryimage"},"image":{"@id":"https:\/\/babylove.se\/no\/produkt\/gamelrosa-skyer-veggklistremerker-stickstay\/#primaryimage"},"thumbnailUrl":"https:\/\/babylove.se\/no\/wp-content\/uploads\/sites\/3\/2025\/07\/5d7618d42792f.jpeg","datePublished":"2025-07-18T20:31:54+00:00","dateModified":"2026-04-08T08:00:03+00:00","breadcrumb":{"@id":"https:\/\/babylove.se\/no\/produkt\/gamelrosa-skyer-veggklistremerker-stickstay\/#breadcrumb"},"inLanguage":"nb-NO","potentialAction":[{"@type":"ReadAction","target":["https:\/\/babylove.se\/no\/produkt\/gamelrosa-skyer-veggklistremerker-stickstay\/"]}]},{"@type":"ImageObject","inLanguage":"nb-NO","@id":"https:\/\/babylove.se\/no\/produkt\/gamelrosa-skyer-veggklistremerker-stickstay\/#primaryimage","url":"https:\/\/babylove.se\/no\/wp-content\/uploads\/sites\/3\/2025\/07\/5d7618d42792f.jpeg","contentUrl":"https:\/\/babylove.se\/no\/wp-content\/uploads\/sites\/3\/2025\/07\/5d7618d42792f.jpeg","width":750,"height":750},{"@type":"BreadcrumbList","@id":"https:\/\/babylove.se\/no\/produkt\/gamelrosa-skyer-veggklistremerker-stickstay\/#breadcrumb","itemListElement":[{"@type":"ListItem","position":1,"name":"Hem","item":"https:\/\/babylove.se\/no\/"},{"@type":"ListItem","position":2,"name":"Butik","item":"https:\/\/babylove.se\/no\/butik\/"},{"@type":"ListItem","position":3,"name":"Gamelrosa sky veggklistremerker, Stickstay"}]},{"@type":"WebSite","@id":"https:\/\/babylove.se\/no\/#website","url":"https:\/\/babylove.se\/no\/","name":"Babylove Norska","description":"","potentialAction":[{"@type":"SearchAction","target":{"@type":"EntryPoint","urlTemplate":"https:\/\/babylove.se\/no\/?s={search_term_string}"},"query-input":{"@type":"PropertyValueSpecification","valueRequired":true,"valueName":"search_term_string"}}],"inLanguage":"nb-NO"}]},"product_brand":"Stickstay","product_price_amount":"399.00","product_price_currency":"SEK","og_availability":"out of stock","product_availability":"out of stock","product_retailer_item_id":"7350104861582","product_condition":"new"},"_links":{"self":[{"href":"https:\/\/babylove.se\/no\/wp-json\/wp\/v2\/product\/13330","targetHints":{"allow":["GET"]}}],"collection":[{"href":"https:\/\/babylove.se\/no\/wp-json\/wp\/v2\/product"}],"about":[{"href":"https:\/\/babylove.se\/no\/wp-json\/wp\/v2\/types\/product"}],"replies":[{"embeddable":true,"href":"https:\/\/babylove.se\/no\/wp-json\/wp\/v2\/comments?post=13330"}],"wp:featuredmedia":[{"embeddable":true,"href":"https:\/\/babylove.se\/no\/wp-json\/wp\/v2\/media\/13332"}],"wp:attachment":[{"href":"https:\/\/babylove.se\/no\/wp-json\/wp\/v2\/media?parent=13330"}],"wp:term":[{"taxonomy":"product_brand","embeddable":true,"href":"https:\/\/babylove.se\/no\/wp-json\/wp\/v2\/product_brand?post=13330"},{"taxonomy":"product_cat","embeddable":true,"href":"https:\/\/babylove.se\/no\/wp-json\/wp\/v2\/product_cat?post=13330"},{"taxonomy":"product_tag","embeddable":true,"href":"https:\/\/babylove.se\/no\/wp-json\/wp\/v2\/product_tag?post=13330"}],"curies":[{"name":"wp","href":"https:\/\/api.w.org\/{rel}","templated":true}]}}