{"id":13357,"date":"2025-07-18T21:32:23","date_gmt":"2025-07-18T20:32:23","guid":{"rendered":"https:\/\/babylove.se\/produkt\/jabadabado-tygvimpel-med-tofsar-rosa\/"},"modified":"2026-04-08T09:00:17","modified_gmt":"2026-04-08T08:00:17","slug":"jabadabado-stoffvimpel-med-dusk-rosa","status":"publish","type":"product","link":"https:\/\/babylove.se\/no\/produkt\/jabadabado-stoffvimpel-med-dusk-rosa\/","title":{"rendered":"JaBaDaBaDo tekstilvimpel med dusker, rosa"},"content":{"rendered":"<p>En fin stoffvimpel som blir en vakker detalj til din barneroms innredning. Du fester den enkelt p\u00e5 veggen, eller p\u00e5 tvers over sengen. Hvorfor ikke kombinere med et fint lektelt eller en vakker sengehimmel i samme design. Med denne lange vimpelen vil du raskt og enkelt forandre barnerommet ditt til et mer levende og vakkert sted.&nbsp;<\/p>\n<p><strong>Materiale<\/strong>: Polyester, bomull, viskose. Laget av resirkulert materiale<\/p>\n<p><strong>M\u00e5l<\/strong>: 15 cm x 24 cm. Lengde 4 m.<\/p>\n<p>Designer: &nbsp;<a href=\"https:\/\/babylove.se\/varumarken\/jabadabado\">JaBaDaBaDo<\/a><\/p>\n","protected":false},"excerpt":{"rendered":"<p>En fin stoffvimpel som blir en vakker detalj til din barneroms innredning. Du fester den enkelt p\u00e5 veggen, eller p\u00e5 tvers over sengen. Hvorfor ikke kombinere med et fint lektelt eller en vakker sengehimmel i samme design. Med denne lange vimpelen vil du raskt og enkelt forandre barnerommet ditt til et mer levende og vakkert [&hellip;]<\/p>\n","protected":false},"featured_media":13359,"comment_status":"closed","ping_status":"open","template":"","meta":{"_acf_changed":false},"product_brand":[273],"product_cat":[274,58],"product_tag":[],"class_list":{"0":"post-13357","1":"product","2":"type-product","3":"status-publish","4":"has-post-thumbnail","6":"product_brand-jabadabado","7":"product_cat-jabadabado","8":"product_cat-vimpler","10":"first","11":"outofstock","12":"taxable","13":"shipping-taxable","14":"purchasable","15":"product-type-simple"},"acf":[],"yoast_head":"<!-- This site is optimized with the Yoast SEO Premium plugin v25.8 (Yoast SEO v27.2) - https:\/\/yoast.com\/product\/yoast-seo-premium-wordpress\/ -->\n<title>JaBaDaBaDo tekstilvimpel med dusker, rosa - Babylove Norska<\/title>\n<meta name=\"description\" content=\"En fin tygvimpel med flera olika m\u00f6nster blir en vacker detalj till din barnrumsinredning V\u00e4lkommen till Babylove.se - K\u00f6p den h\u00e4r - Frakt inom 24 timmar !\" \/>\n<meta name=\"robots\" content=\"noindex, follow, max-snippet:-1, max-image-preview:large, max-video-preview:-1\" \/>\n<meta property=\"og:locale\" content=\"nb_NO\" \/>\n<meta property=\"og:type\" content=\"article\" \/>\n<meta property=\"og:title\" content=\"JaBaDaBaDo tekstilvimpel med dusker, rosa\" \/>\n<meta property=\"og:description\" content=\"En fin tygvimpel med flera olika m\u00f6nster blir en vacker detalj till din barnrumsinredning V\u00e4lkommen till Babylove.se - K\u00f6p den h\u00e4r - Frakt inom 24 timmar !\" \/>\n<meta property=\"og:url\" content=\"https:\/\/babylove.se\/no\/produkt\/jabadabado-stoffvimpel-med-dusk-rosa\/\" \/>\n<meta property=\"og:site_name\" content=\"Babylove Norska\" \/>\n<meta property=\"article:modified_time\" content=\"2026-04-08T08:00:17+00:00\" \/>\n<meta property=\"og:image\" content=\"https:\/\/babylove.se\/no\/wp-content\/uploads\/sites\/3\/2025\/07\/5d778726a9813.jpeg\" \/>\n\t<meta property=\"og:image:width\" content=\"750\" \/>\n\t<meta property=\"og:image:height\" content=\"540\" \/>\n\t<meta property=\"og:image:type\" content=\"image\/jpeg\" \/>\n<meta name=\"twitter:card\" content=\"summary_large_image\" \/>\n<meta name=\"twitter:label1\" content=\"Price\" \/>\n\t<meta name=\"twitter:data1\" content=\"199,00&nbsp;&#107;&#114;\" \/>\n\t<meta name=\"twitter:label2\" content=\"Availability\" \/>\n\t<meta name=\"twitter:data2\" content=\"Out of stock\" \/>\n<script type=\"application\/ld+json\" class=\"yoast-schema-graph\">{\"@context\":\"https:\/\/schema.org\",\"@graph\":[{\"@type\":\"WebPage\",\"@id\":\"https:\/\/babylove.se\/no\/produkt\/jabadabado-stoffvimpel-med-dusk-rosa\/\",\"url\":\"https:\/\/babylove.se\/no\/produkt\/jabadabado-stoffvimpel-med-dusk-rosa\/\",\"name\":\"JaBaDaBaDo tekstilvimpel med dusker, rosa - Babylove Norska\",\"isPartOf\":{\"@id\":\"https:\/\/babylove.se\/no\/#website\"},\"primaryImageOfPage\":{\"@id\":\"https:\/\/babylove.se\/no\/produkt\/jabadabado-stoffvimpel-med-dusk-rosa\/#primaryimage\"},\"image\":{\"@id\":\"https:\/\/babylove.se\/no\/produkt\/jabadabado-stoffvimpel-med-dusk-rosa\/#primaryimage\"},\"thumbnailUrl\":\"https:\/\/babylove.se\/no\/wp-content\/uploads\/sites\/3\/2025\/07\/5d778726a9813.jpeg\",\"datePublished\":\"2025-07-18T20:32:23+00:00\",\"dateModified\":\"2026-04-08T08:00:17+00:00\",\"description\":\"En fin tygvimpel med flera olika m\u00f6nster blir en vacker detalj till din barnrumsinredning V\u00e4lkommen till Babylove.se - K\u00f6p den h\u00e4r - Frakt inom 24 timmar !\",\"breadcrumb\":{\"@id\":\"https:\/\/babylove.se\/no\/produkt\/jabadabado-stoffvimpel-med-dusk-rosa\/#breadcrumb\"},\"inLanguage\":\"nb-NO\",\"potentialAction\":[{\"@type\":\"ReadAction\",\"target\":[\"https:\/\/babylove.se\/no\/produkt\/jabadabado-stoffvimpel-med-dusk-rosa\/\"]}]},{\"@type\":\"ImageObject\",\"inLanguage\":\"nb-NO\",\"@id\":\"https:\/\/babylove.se\/no\/produkt\/jabadabado-stoffvimpel-med-dusk-rosa\/#primaryimage\",\"url\":\"https:\/\/babylove.se\/no\/wp-content\/uploads\/sites\/3\/2025\/07\/5d778726a9813.jpeg\",\"contentUrl\":\"https:\/\/babylove.se\/no\/wp-content\/uploads\/sites\/3\/2025\/07\/5d778726a9813.jpeg\",\"width\":750,\"height\":540},{\"@type\":\"BreadcrumbList\",\"@id\":\"https:\/\/babylove.se\/no\/produkt\/jabadabado-stoffvimpel-med-dusk-rosa\/#breadcrumb\",\"itemListElement\":[{\"@type\":\"ListItem\",\"position\":1,\"name\":\"Hem\",\"item\":\"https:\/\/babylove.se\/no\/\"},{\"@type\":\"ListItem\",\"position\":2,\"name\":\"Butik\",\"item\":\"https:\/\/babylove.se\/no\/butik\/\"},{\"@type\":\"ListItem\",\"position\":3,\"name\":\"JaBaDaBaDo tekstilvimpel med dusker, rosa\"}]},{\"@type\":\"WebSite\",\"@id\":\"https:\/\/babylove.se\/no\/#website\",\"url\":\"https:\/\/babylove.se\/no\/\",\"name\":\"Babylove Norska\",\"description\":\"\",\"potentialAction\":[{\"@type\":\"SearchAction\",\"target\":{\"@type\":\"EntryPoint\",\"urlTemplate\":\"https:\/\/babylove.se\/no\/?s={search_term_string}\"},\"query-input\":{\"@type\":\"PropertyValueSpecification\",\"valueRequired\":true,\"valueName\":\"search_term_string\"}}],\"inLanguage\":\"nb-NO\"}]}<\/script>\n<meta property=\"product:brand\" content=\"JaBaDaBaDo\" \/>\n<meta property=\"product:price:amount\" content=\"199.00\" \/>\n<meta property=\"product:price:currency\" content=\"SEK\" \/>\n<meta property=\"og:availability\" content=\"out of stock\" \/>\n<meta property=\"product:availability\" content=\"out of stock\" \/>\n<meta property=\"product:retailer_item_id\" content=\"K031\" \/>\n<meta property=\"product:condition\" content=\"new\" \/>\n<!-- \/ Yoast SEO Premium plugin. -->","yoast_head_json":{"title":"JaBaDaBaDo tekstilvimpel med dusker, rosa - Babylove Norska","description":"En fin tygvimpel med flera olika m\u00f6nster blir en vacker detalj till din barnrumsinredning V\u00e4lkommen till Babylove.se - K\u00f6p den h\u00e4r - Frakt inom 24 timmar !","robots":{"index":"noindex","follow":"follow","max-snippet":"max-snippet:-1","max-image-preview":"max-image-preview:large","max-video-preview":"max-video-preview:-1"},"og_locale":"nb_NO","og_type":"article","og_title":"JaBaDaBaDo tekstilvimpel med dusker, rosa","og_description":"En fin tygvimpel med flera olika m\u00f6nster blir en vacker detalj till din barnrumsinredning V\u00e4lkommen till Babylove.se - K\u00f6p den h\u00e4r - Frakt inom 24 timmar !","og_url":"https:\/\/babylove.se\/no\/produkt\/jabadabado-stoffvimpel-med-dusk-rosa\/","og_site_name":"Babylove Norska","article_modified_time":"2026-04-08T08:00:17+00:00","og_image":[{"width":750,"height":540,"url":"https:\/\/babylove.se\/no\/wp-content\/uploads\/sites\/3\/2025\/07\/5d778726a9813.jpeg","type":"image\/jpeg"}],"twitter_card":"summary_large_image","twitter_misc":{"Price":"199,00&nbsp;&#107;&#114;","Availability":"Out of stock"},"schema":{"@context":"https:\/\/schema.org","@graph":[{"@type":"WebPage","@id":"https:\/\/babylove.se\/no\/produkt\/jabadabado-stoffvimpel-med-dusk-rosa\/","url":"https:\/\/babylove.se\/no\/produkt\/jabadabado-stoffvimpel-med-dusk-rosa\/","name":"JaBaDaBaDo tekstilvimpel med dusker, rosa - Babylove Norska","isPartOf":{"@id":"https:\/\/babylove.se\/no\/#website"},"primaryImageOfPage":{"@id":"https:\/\/babylove.se\/no\/produkt\/jabadabado-stoffvimpel-med-dusk-rosa\/#primaryimage"},"image":{"@id":"https:\/\/babylove.se\/no\/produkt\/jabadabado-stoffvimpel-med-dusk-rosa\/#primaryimage"},"thumbnailUrl":"https:\/\/babylove.se\/no\/wp-content\/uploads\/sites\/3\/2025\/07\/5d778726a9813.jpeg","datePublished":"2025-07-18T20:32:23+00:00","dateModified":"2026-04-08T08:00:17+00:00","description":"En fin tygvimpel med flera olika m\u00f6nster blir en vacker detalj till din barnrumsinredning V\u00e4lkommen till Babylove.se - K\u00f6p den h\u00e4r - Frakt inom 24 timmar !","breadcrumb":{"@id":"https:\/\/babylove.se\/no\/produkt\/jabadabado-stoffvimpel-med-dusk-rosa\/#breadcrumb"},"inLanguage":"nb-NO","potentialAction":[{"@type":"ReadAction","target":["https:\/\/babylove.se\/no\/produkt\/jabadabado-stoffvimpel-med-dusk-rosa\/"]}]},{"@type":"ImageObject","inLanguage":"nb-NO","@id":"https:\/\/babylove.se\/no\/produkt\/jabadabado-stoffvimpel-med-dusk-rosa\/#primaryimage","url":"https:\/\/babylove.se\/no\/wp-content\/uploads\/sites\/3\/2025\/07\/5d778726a9813.jpeg","contentUrl":"https:\/\/babylove.se\/no\/wp-content\/uploads\/sites\/3\/2025\/07\/5d778726a9813.jpeg","width":750,"height":540},{"@type":"BreadcrumbList","@id":"https:\/\/babylove.se\/no\/produkt\/jabadabado-stoffvimpel-med-dusk-rosa\/#breadcrumb","itemListElement":[{"@type":"ListItem","position":1,"name":"Hem","item":"https:\/\/babylove.se\/no\/"},{"@type":"ListItem","position":2,"name":"Butik","item":"https:\/\/babylove.se\/no\/butik\/"},{"@type":"ListItem","position":3,"name":"JaBaDaBaDo tekstilvimpel med dusker, rosa"}]},{"@type":"WebSite","@id":"https:\/\/babylove.se\/no\/#website","url":"https:\/\/babylove.se\/no\/","name":"Babylove Norska","description":"","potentialAction":[{"@type":"SearchAction","target":{"@type":"EntryPoint","urlTemplate":"https:\/\/babylove.se\/no\/?s={search_term_string}"},"query-input":{"@type":"PropertyValueSpecification","valueRequired":true,"valueName":"search_term_string"}}],"inLanguage":"nb-NO"}]},"product_brand":"JaBaDaBaDo","product_price_amount":"199.00","product_price_currency":"SEK","og_availability":"out of stock","product_availability":"out of stock","product_retailer_item_id":"K031","product_condition":"new"},"_links":{"self":[{"href":"https:\/\/babylove.se\/no\/wp-json\/wp\/v2\/product\/13357","targetHints":{"allow":["GET"]}}],"collection":[{"href":"https:\/\/babylove.se\/no\/wp-json\/wp\/v2\/product"}],"about":[{"href":"https:\/\/babylove.se\/no\/wp-json\/wp\/v2\/types\/product"}],"replies":[{"embeddable":true,"href":"https:\/\/babylove.se\/no\/wp-json\/wp\/v2\/comments?post=13357"}],"wp:featuredmedia":[{"embeddable":true,"href":"https:\/\/babylove.se\/no\/wp-json\/wp\/v2\/media\/13359"}],"wp:attachment":[{"href":"https:\/\/babylove.se\/no\/wp-json\/wp\/v2\/media?parent=13357"}],"wp:term":[{"taxonomy":"product_brand","embeddable":true,"href":"https:\/\/babylove.se\/no\/wp-json\/wp\/v2\/product_brand?post=13357"},{"taxonomy":"product_cat","embeddable":true,"href":"https:\/\/babylove.se\/no\/wp-json\/wp\/v2\/product_cat?post=13357"},{"taxonomy":"product_tag","embeddable":true,"href":"https:\/\/babylove.se\/no\/wp-json\/wp\/v2\/product_tag?post=13357"}],"curies":[{"name":"wp","href":"https:\/\/api.w.org\/{rel}","templated":true}]}}