{"id":1336,"date":"2025-07-18T20:01:22","date_gmt":"2025-07-18T19:01:22","guid":{"rendered":"https:\/\/babylove.se\/produkt\/done-by-deer-zoopreme-matskal-powder\/"},"modified":"2026-04-08T07:41:04","modified_gmt":"2026-04-08T06:41:04","slug":"laget-av-hjort-zoopreme-matskal-pulver","status":"publish","type":"product","link":"https:\/\/babylove.se\/no\/produkt\/laget-av-hjort-zoopreme-matskal-pulver\/","title":{"rendered":"Done By Deer Zoopreme matsk\u00e5l, powder"},"content":{"rendered":"<p>En fantastisk fin og smart <strong>matsk\u00e5l&nbsp;<\/strong>fra Done by Deer.&nbsp;<\/p>\n<p>P\u00e5 undersiden finnes en<strong>&nbsp;&#8220;anti-slip&#8221;<\/strong> funksjon som gj\u00f8r at sk\u00e5len ikke flyttes eller veltes like lett. Kanten er dessuten ekstra bred hvilket gj\u00f8r denne <strong>matsk\u00e5len&nbsp;<\/strong>ideell for den lille matentusiasten.&nbsp;<\/p>\n<p>Fra bunnen av sk\u00e5len hilser Zebee p\u00e5 deg med et smil.&nbsp;<\/p>\n<p>Sk\u00e5len er trygg \u00e5 vaske i maskin, men bruk den ikke i mikrob\u00f8lgeovnen.&nbsp;<\/p>\n<p>Materiale: 100 % melamin. Anti-slip funksjonen er laget av naturlig gummi.&nbsp;<\/p>\n<p><strong>St\u00f8rrelse<\/strong>: 13 x 16,5 cm<\/p>\n","protected":false},"excerpt":{"rendered":"<p>En fantastisk fin og smart matsk\u00e5l&nbsp;fra Done by Deer.&nbsp; P\u00e5 undersiden finnes en&nbsp;&#8220;anti-slip&#8221; funksjon som gj\u00f8r at sk\u00e5len ikke flyttes eller veltes like lett. Kanten er dessuten ekstra bred hvilket gj\u00f8r denne matsk\u00e5len&nbsp;ideell for den lille matentusiasten.&nbsp; Fra bunnen av sk\u00e5len hilser Zebee p\u00e5 deg med et smil.&nbsp; Sk\u00e5len er trygg \u00e5 vaske i maskin, [&hellip;]<\/p>\n","protected":false},"featured_media":1338,"comment_status":"closed","ping_status":"open","template":"","meta":{"_acf_changed":false},"product_brand":[54],"product_cat":[55,91],"product_tag":[1689],"class_list":{"0":"post-1336","1":"product","2":"type-product","3":"status-publish","4":"has-post-thumbnail","6":"product_brand-done-by-deer","7":"product_cat-done-by-deer","8":"product_cat-servering","9":"product_tag-bestillingsvaror","11":"first","12":"outofstock","13":"taxable","14":"shipping-taxable","15":"purchasable","16":"product-type-simple"},"acf":[],"yoast_head":"<!-- This site is optimized with the Yoast SEO Premium plugin v25.8 (Yoast SEO v27.2) - https:\/\/yoast.com\/product\/yoast-seo-premium-wordpress\/ -->\n<title>Done By Deer Zoopreme matsk\u00e5l, powder - Babylove Norska<\/title>\n<meta name=\"robots\" content=\"noindex, follow, max-snippet:-1, max-image-preview:large, max-video-preview:-1\" \/>\n<meta property=\"og:locale\" content=\"nb_NO\" \/>\n<meta property=\"og:type\" content=\"article\" \/>\n<meta property=\"og:title\" content=\"Done By Deer Zoopreme matsk\u00e5l, powder\" \/>\n<meta property=\"og:description\" content=\"En fantastisk fin og smart matsk\u00e5l&nbsp;fra Done by Deer.&nbsp; P\u00e5 undersiden finnes en&nbsp;&#8220;anti-slip&#8221; funksjon som gj\u00f8r at sk\u00e5len ikke flyttes eller veltes like lett. Kanten er dessuten ekstra bred hvilket gj\u00f8r denne matsk\u00e5len&nbsp;ideell for den lille matentusiasten.&nbsp; Fra bunnen av sk\u00e5len hilser Zebee p\u00e5 deg med et smil.&nbsp; Sk\u00e5len er trygg \u00e5 vaske i maskin, [&hellip;]\" \/>\n<meta property=\"og:url\" content=\"https:\/\/babylove.se\/no\/produkt\/laget-av-hjort-zoopreme-matskal-pulver\/\" \/>\n<meta property=\"og:site_name\" content=\"Babylove Norska\" \/>\n<meta property=\"article:modified_time\" content=\"2026-04-08T06:41:04+00:00\" \/>\n<meta property=\"og:image\" content=\"https:\/\/babylove.se\/no\/wp-content\/uploads\/sites\/3\/2025\/07\/57685784c6ea6.jpeg\" \/>\n\t<meta property=\"og:image:width\" content=\"750\" \/>\n\t<meta property=\"og:image:height\" content=\"750\" \/>\n\t<meta property=\"og:image:type\" content=\"image\/jpeg\" \/>\n<meta name=\"twitter:card\" content=\"summary_large_image\" \/>\n<meta name=\"twitter:label1\" content=\"Price\" \/>\n\t<meta name=\"twitter:data1\" content=\"50,15&nbsp;&#107;&#114;\" \/>\n\t<meta name=\"twitter:label2\" content=\"Availability\" \/>\n\t<meta name=\"twitter:data2\" content=\"Out of stock\" \/>\n<script type=\"application\/ld+json\" class=\"yoast-schema-graph\">{\"@context\":\"https:\/\/schema.org\",\"@graph\":[{\"@type\":\"WebPage\",\"@id\":\"https:\/\/babylove.se\/no\/produkt\/laget-av-hjort-zoopreme-matskal-pulver\/\",\"url\":\"https:\/\/babylove.se\/no\/produkt\/laget-av-hjort-zoopreme-matskal-pulver\/\",\"name\":\"Done By Deer Zoopreme matsk\u00e5l, powder - Babylove Norska\",\"isPartOf\":{\"@id\":\"https:\/\/babylove.se\/no\/#website\"},\"primaryImageOfPage\":{\"@id\":\"https:\/\/babylove.se\/no\/produkt\/laget-av-hjort-zoopreme-matskal-pulver\/#primaryimage\"},\"image\":{\"@id\":\"https:\/\/babylove.se\/no\/produkt\/laget-av-hjort-zoopreme-matskal-pulver\/#primaryimage\"},\"thumbnailUrl\":\"https:\/\/babylove.se\/no\/wp-content\/uploads\/sites\/3\/2025\/07\/57685784c6ea6.jpeg\",\"datePublished\":\"2025-07-18T19:01:22+00:00\",\"dateModified\":\"2026-04-08T06:41:04+00:00\",\"breadcrumb\":{\"@id\":\"https:\/\/babylove.se\/no\/produkt\/laget-av-hjort-zoopreme-matskal-pulver\/#breadcrumb\"},\"inLanguage\":\"nb-NO\",\"potentialAction\":[{\"@type\":\"ReadAction\",\"target\":[\"https:\/\/babylove.se\/no\/produkt\/laget-av-hjort-zoopreme-matskal-pulver\/\"]}]},{\"@type\":\"ImageObject\",\"inLanguage\":\"nb-NO\",\"@id\":\"https:\/\/babylove.se\/no\/produkt\/laget-av-hjort-zoopreme-matskal-pulver\/#primaryimage\",\"url\":\"https:\/\/babylove.se\/no\/wp-content\/uploads\/sites\/3\/2025\/07\/57685784c6ea6.jpeg\",\"contentUrl\":\"https:\/\/babylove.se\/no\/wp-content\/uploads\/sites\/3\/2025\/07\/57685784c6ea6.jpeg\",\"width\":750,\"height\":750},{\"@type\":\"BreadcrumbList\",\"@id\":\"https:\/\/babylove.se\/no\/produkt\/laget-av-hjort-zoopreme-matskal-pulver\/#breadcrumb\",\"itemListElement\":[{\"@type\":\"ListItem\",\"position\":1,\"name\":\"Hem\",\"item\":\"https:\/\/babylove.se\/no\/\"},{\"@type\":\"ListItem\",\"position\":2,\"name\":\"Butik\",\"item\":\"https:\/\/babylove.se\/no\/butik\/\"},{\"@type\":\"ListItem\",\"position\":3,\"name\":\"Done By Deer Zoopreme matsk\u00e5l, powder\"}]},{\"@type\":\"WebSite\",\"@id\":\"https:\/\/babylove.se\/no\/#website\",\"url\":\"https:\/\/babylove.se\/no\/\",\"name\":\"Babylove Norska\",\"description\":\"\",\"potentialAction\":[{\"@type\":\"SearchAction\",\"target\":{\"@type\":\"EntryPoint\",\"urlTemplate\":\"https:\/\/babylove.se\/no\/?s={search_term_string}\"},\"query-input\":{\"@type\":\"PropertyValueSpecification\",\"valueRequired\":true,\"valueName\":\"search_term_string\"}}],\"inLanguage\":\"nb-NO\"}]}<\/script>\n<meta property=\"product:brand\" content=\"Done by Deer\" \/>\n<meta property=\"product:price:amount\" content=\"50.15\" \/>\n<meta property=\"product:price:currency\" content=\"SEK\" \/>\n<meta property=\"og:availability\" content=\"out of stock\" \/>\n<meta property=\"product:availability\" content=\"out of stock\" \/>\n<meta property=\"product:retailer_item_id\" content=\"629\" \/>\n<meta property=\"product:condition\" content=\"new\" \/>\n<!-- \/ Yoast SEO Premium plugin. -->","yoast_head_json":{"title":"Done By Deer Zoopreme matsk\u00e5l, powder - Babylove Norska","robots":{"index":"noindex","follow":"follow","max-snippet":"max-snippet:-1","max-image-preview":"max-image-preview:large","max-video-preview":"max-video-preview:-1"},"og_locale":"nb_NO","og_type":"article","og_title":"Done By Deer Zoopreme matsk\u00e5l, powder","og_description":"En fantastisk fin og smart matsk\u00e5l&nbsp;fra Done by Deer.&nbsp; P\u00e5 undersiden finnes en&nbsp;&#8220;anti-slip&#8221; funksjon som gj\u00f8r at sk\u00e5len ikke flyttes eller veltes like lett. Kanten er dessuten ekstra bred hvilket gj\u00f8r denne matsk\u00e5len&nbsp;ideell for den lille matentusiasten.&nbsp; Fra bunnen av sk\u00e5len hilser Zebee p\u00e5 deg med et smil.&nbsp; Sk\u00e5len er trygg \u00e5 vaske i maskin, [&hellip;]","og_url":"https:\/\/babylove.se\/no\/produkt\/laget-av-hjort-zoopreme-matskal-pulver\/","og_site_name":"Babylove Norska","article_modified_time":"2026-04-08T06:41:04+00:00","og_image":[{"width":750,"height":750,"url":"https:\/\/babylove.se\/no\/wp-content\/uploads\/sites\/3\/2025\/07\/57685784c6ea6.jpeg","type":"image\/jpeg"}],"twitter_card":"summary_large_image","twitter_misc":{"Price":"50,15&nbsp;&#107;&#114;","Availability":"Out of stock"},"schema":{"@context":"https:\/\/schema.org","@graph":[{"@type":"WebPage","@id":"https:\/\/babylove.se\/no\/produkt\/laget-av-hjort-zoopreme-matskal-pulver\/","url":"https:\/\/babylove.se\/no\/produkt\/laget-av-hjort-zoopreme-matskal-pulver\/","name":"Done By Deer Zoopreme matsk\u00e5l, powder - Babylove Norska","isPartOf":{"@id":"https:\/\/babylove.se\/no\/#website"},"primaryImageOfPage":{"@id":"https:\/\/babylove.se\/no\/produkt\/laget-av-hjort-zoopreme-matskal-pulver\/#primaryimage"},"image":{"@id":"https:\/\/babylove.se\/no\/produkt\/laget-av-hjort-zoopreme-matskal-pulver\/#primaryimage"},"thumbnailUrl":"https:\/\/babylove.se\/no\/wp-content\/uploads\/sites\/3\/2025\/07\/57685784c6ea6.jpeg","datePublished":"2025-07-18T19:01:22+00:00","dateModified":"2026-04-08T06:41:04+00:00","breadcrumb":{"@id":"https:\/\/babylove.se\/no\/produkt\/laget-av-hjort-zoopreme-matskal-pulver\/#breadcrumb"},"inLanguage":"nb-NO","potentialAction":[{"@type":"ReadAction","target":["https:\/\/babylove.se\/no\/produkt\/laget-av-hjort-zoopreme-matskal-pulver\/"]}]},{"@type":"ImageObject","inLanguage":"nb-NO","@id":"https:\/\/babylove.se\/no\/produkt\/laget-av-hjort-zoopreme-matskal-pulver\/#primaryimage","url":"https:\/\/babylove.se\/no\/wp-content\/uploads\/sites\/3\/2025\/07\/57685784c6ea6.jpeg","contentUrl":"https:\/\/babylove.se\/no\/wp-content\/uploads\/sites\/3\/2025\/07\/57685784c6ea6.jpeg","width":750,"height":750},{"@type":"BreadcrumbList","@id":"https:\/\/babylove.se\/no\/produkt\/laget-av-hjort-zoopreme-matskal-pulver\/#breadcrumb","itemListElement":[{"@type":"ListItem","position":1,"name":"Hem","item":"https:\/\/babylove.se\/no\/"},{"@type":"ListItem","position":2,"name":"Butik","item":"https:\/\/babylove.se\/no\/butik\/"},{"@type":"ListItem","position":3,"name":"Done By Deer Zoopreme matsk\u00e5l, powder"}]},{"@type":"WebSite","@id":"https:\/\/babylove.se\/no\/#website","url":"https:\/\/babylove.se\/no\/","name":"Babylove Norska","description":"","potentialAction":[{"@type":"SearchAction","target":{"@type":"EntryPoint","urlTemplate":"https:\/\/babylove.se\/no\/?s={search_term_string}"},"query-input":{"@type":"PropertyValueSpecification","valueRequired":true,"valueName":"search_term_string"}}],"inLanguage":"nb-NO"}]},"product_brand":"Done by Deer","product_price_amount":"50.15","product_price_currency":"SEK","og_availability":"out of stock","product_availability":"out of stock","product_retailer_item_id":"629","product_condition":"new"},"_links":{"self":[{"href":"https:\/\/babylove.se\/no\/wp-json\/wp\/v2\/product\/1336","targetHints":{"allow":["GET"]}}],"collection":[{"href":"https:\/\/babylove.se\/no\/wp-json\/wp\/v2\/product"}],"about":[{"href":"https:\/\/babylove.se\/no\/wp-json\/wp\/v2\/types\/product"}],"replies":[{"embeddable":true,"href":"https:\/\/babylove.se\/no\/wp-json\/wp\/v2\/comments?post=1336"}],"wp:featuredmedia":[{"embeddable":true,"href":"https:\/\/babylove.se\/no\/wp-json\/wp\/v2\/media\/1338"}],"wp:attachment":[{"href":"https:\/\/babylove.se\/no\/wp-json\/wp\/v2\/media?parent=1336"}],"wp:term":[{"taxonomy":"product_brand","embeddable":true,"href":"https:\/\/babylove.se\/no\/wp-json\/wp\/v2\/product_brand?post=1336"},{"taxonomy":"product_cat","embeddable":true,"href":"https:\/\/babylove.se\/no\/wp-json\/wp\/v2\/product_cat?post=1336"},{"taxonomy":"product_tag","embeddable":true,"href":"https:\/\/babylove.se\/no\/wp-json\/wp\/v2\/product_tag?post=1336"}],"curies":[{"name":"wp","href":"https:\/\/api.w.org\/{rel}","templated":true}]}}