{"id":13366,"date":"2025-07-18T21:32:23","date_gmt":"2025-07-18T20:32:23","guid":{"rendered":"https:\/\/babylove.se\/produkt\/jabadabado-vagglampa-trof-enhorning\/"},"modified":"2026-04-08T09:00:23","modified_gmt":"2026-04-08T08:00:23","slug":"jabadabado-vegglampe-trough-enhjorning","status":"publish","type":"product","link":"https:\/\/babylove.se\/no\/produkt\/jabadabado-vegglampe-trough-enhjorning\/","title":{"rendered":"JaBaDaBaDo vegglampe trof\u00e9 enhj\u00f8rning"},"content":{"rendered":"<p>En utrolig vakker vegglampe i form av en liten enhj\u00f8rning. Denne spesielle nattlampen lyser opp i m\u00f8rket og skaper et trygt og behagelig lys for ditt lille barn. En meget bra ting er at denne lampen er batteridrevet hvilket gj\u00f8r at du kan plassere den etter behov, og ogs\u00e5 legge den i sengen da den ikke kommer til \u00e5 bli varm. En fin nattlampe er alltid verdsatt b\u00e5de hos barn og foreldre og er n\u00e5 en vanlig gave p\u00e5 bursdag, d\u00e5p eller hvorfor ikke p\u00e5 en babyshower?<\/p>\n<p>P\u00e5 siden av lampen finnes en liten p\u00e5-av knapp. Det f\u00f8lger ogs\u00e5 med en fjernkontroll til lampen med en rekkevidde p\u00e5 ca 5 m.<\/p>\n<p><strong>Material<\/strong>: Polyresin<\/p>\n<p><strong>M\u00e5l<\/strong>: 26 cm x 25 cm x 15 cm&nbsp;<\/p>\n<p>Designer: <a href=\"https:\/\/babylove.se\/varumarken\/jabadabado\"><u>JaBaDaBaDo<\/u><\/a><\/p>\n","protected":false},"excerpt":{"rendered":"<p>En utrolig vakker vegglampe i form av en liten enhj\u00f8rning. Denne spesielle nattlampen lyser opp i m\u00f8rket og skaper et trygt og behagelig lys for ditt lille barn. En meget bra ting er at denne lampen er batteridrevet hvilket gj\u00f8r at du kan plassere den etter behov, og ogs\u00e5 legge den i sengen da den [&hellip;]<\/p>\n","protected":false},"featured_media":13368,"comment_status":"closed","ping_status":"open","template":"","meta":{"_acf_changed":false},"product_brand":[273],"product_cat":[70,90,274,72,31,179,37],"product_tag":[],"class_list":{"0":"post-13366","1":"product","2":"type-product","3":"status-publish","4":"has-post-thumbnail","6":"product_brand-jabadabado","7":"product_cat-gaver","8":"product_cat-dyr","9":"product_cat-jabadabado","10":"product_cat-julegaver","11":"product_cat-lamper","12":"product_cat-nattlamper","13":"product_cat-vegglamper","15":"first","16":"outofstock","17":"taxable","18":"shipping-taxable","19":"purchasable","20":"product-type-simple"},"acf":[],"yoast_head":"<!-- This site is optimized with the Yoast SEO Premium plugin v25.8 (Yoast SEO v27.2) - https:\/\/yoast.com\/product\/yoast-seo-premium-wordpress\/ -->\n<title>JaBaDaBaDo vegglampe trof\u00e9 enhj\u00f8rning - Babylove Norska<\/title>\n<meta name=\"description\" content=\"En fantastisk vacker och s\u00f6t nattlampa fr\u00e5n svenska JaBaDaBaDo i formen av en fin enh\u00f6rning - K\u00f6p den h\u00e4r - Frakt inom 24 timmar - V\u00e4lkommen till Babylove.se -\" \/>\n<meta name=\"robots\" content=\"noindex, follow, max-snippet:-1, max-image-preview:large, max-video-preview:-1\" \/>\n<meta property=\"og:locale\" content=\"nb_NO\" \/>\n<meta property=\"og:type\" content=\"article\" \/>\n<meta property=\"og:title\" content=\"JaBaDaBaDo vegglampe trof\u00e9 enhj\u00f8rning\" \/>\n<meta property=\"og:description\" content=\"En fantastisk vacker och s\u00f6t nattlampa fr\u00e5n svenska JaBaDaBaDo i formen av en fin enh\u00f6rning - K\u00f6p den h\u00e4r - Frakt inom 24 timmar - V\u00e4lkommen till Babylove.se -\" \/>\n<meta property=\"og:url\" content=\"https:\/\/babylove.se\/no\/produkt\/jabadabado-vegglampe-trough-enhjorning\/\" \/>\n<meta property=\"og:site_name\" content=\"Babylove Norska\" \/>\n<meta property=\"article:modified_time\" content=\"2026-04-08T08:00:23+00:00\" \/>\n<meta property=\"og:image\" content=\"https:\/\/babylove.se\/no\/wp-content\/uploads\/sites\/3\/2025\/07\/5d778899d1753.jpeg\" \/>\n\t<meta property=\"og:image:width\" content=\"574\" \/>\n\t<meta property=\"og:image:height\" content=\"750\" \/>\n\t<meta property=\"og:image:type\" content=\"image\/jpeg\" \/>\n<meta name=\"twitter:card\" content=\"summary_large_image\" \/>\n<meta name=\"twitter:label1\" content=\"Price\" \/>\n\t<meta name=\"twitter:data1\" content=\"399,00&nbsp;&#107;&#114;\" \/>\n\t<meta name=\"twitter:label2\" content=\"Availability\" \/>\n\t<meta name=\"twitter:data2\" content=\"Out of stock\" \/>\n<script type=\"application\/ld+json\" class=\"yoast-schema-graph\">{\"@context\":\"https:\/\/schema.org\",\"@graph\":[{\"@type\":\"WebPage\",\"@id\":\"https:\/\/babylove.se\/no\/produkt\/jabadabado-vegglampe-trough-enhjorning\/\",\"url\":\"https:\/\/babylove.se\/no\/produkt\/jabadabado-vegglampe-trough-enhjorning\/\",\"name\":\"JaBaDaBaDo vegglampe trof\u00e9 enhj\u00f8rning - Babylove Norska\",\"isPartOf\":{\"@id\":\"https:\/\/babylove.se\/no\/#website\"},\"primaryImageOfPage\":{\"@id\":\"https:\/\/babylove.se\/no\/produkt\/jabadabado-vegglampe-trough-enhjorning\/#primaryimage\"},\"image\":{\"@id\":\"https:\/\/babylove.se\/no\/produkt\/jabadabado-vegglampe-trough-enhjorning\/#primaryimage\"},\"thumbnailUrl\":\"https:\/\/babylove.se\/no\/wp-content\/uploads\/sites\/3\/2025\/07\/5d778899d1753.jpeg\",\"datePublished\":\"2025-07-18T20:32:23+00:00\",\"dateModified\":\"2026-04-08T08:00:23+00:00\",\"description\":\"En fantastisk vacker och s\u00f6t nattlampa fr\u00e5n svenska JaBaDaBaDo i formen av en fin enh\u00f6rning - K\u00f6p den h\u00e4r - Frakt inom 24 timmar - V\u00e4lkommen till Babylove.se -\",\"breadcrumb\":{\"@id\":\"https:\/\/babylove.se\/no\/produkt\/jabadabado-vegglampe-trough-enhjorning\/#breadcrumb\"},\"inLanguage\":\"nb-NO\",\"potentialAction\":[{\"@type\":\"ReadAction\",\"target\":[\"https:\/\/babylove.se\/no\/produkt\/jabadabado-vegglampe-trough-enhjorning\/\"]}]},{\"@type\":\"ImageObject\",\"inLanguage\":\"nb-NO\",\"@id\":\"https:\/\/babylove.se\/no\/produkt\/jabadabado-vegglampe-trough-enhjorning\/#primaryimage\",\"url\":\"https:\/\/babylove.se\/no\/wp-content\/uploads\/sites\/3\/2025\/07\/5d778899d1753.jpeg\",\"contentUrl\":\"https:\/\/babylove.se\/no\/wp-content\/uploads\/sites\/3\/2025\/07\/5d778899d1753.jpeg\",\"width\":574,\"height\":750},{\"@type\":\"BreadcrumbList\",\"@id\":\"https:\/\/babylove.se\/no\/produkt\/jabadabado-vegglampe-trough-enhjorning\/#breadcrumb\",\"itemListElement\":[{\"@type\":\"ListItem\",\"position\":1,\"name\":\"Hem\",\"item\":\"https:\/\/babylove.se\/no\/\"},{\"@type\":\"ListItem\",\"position\":2,\"name\":\"Butik\",\"item\":\"https:\/\/babylove.se\/no\/butik\/\"},{\"@type\":\"ListItem\",\"position\":3,\"name\":\"JaBaDaBaDo vegglampe trof\u00e9 enhj\u00f8rning\"}]},{\"@type\":\"WebSite\",\"@id\":\"https:\/\/babylove.se\/no\/#website\",\"url\":\"https:\/\/babylove.se\/no\/\",\"name\":\"Babylove Norska\",\"description\":\"\",\"potentialAction\":[{\"@type\":\"SearchAction\",\"target\":{\"@type\":\"EntryPoint\",\"urlTemplate\":\"https:\/\/babylove.se\/no\/?s={search_term_string}\"},\"query-input\":{\"@type\":\"PropertyValueSpecification\",\"valueRequired\":true,\"valueName\":\"search_term_string\"}}],\"inLanguage\":\"nb-NO\"}]}<\/script>\n<meta property=\"product:brand\" content=\"JaBaDaBaDo\" \/>\n<meta property=\"product:price:amount\" content=\"399.00\" \/>\n<meta property=\"product:price:currency\" content=\"SEK\" \/>\n<meta property=\"og:availability\" content=\"out of stock\" \/>\n<meta property=\"product:availability\" content=\"out of stock\" \/>\n<meta property=\"product:retailer_item_id\" content=\"X6109\" \/>\n<meta property=\"product:condition\" content=\"new\" \/>\n<!-- \/ Yoast SEO Premium plugin. -->","yoast_head_json":{"title":"JaBaDaBaDo vegglampe trof\u00e9 enhj\u00f8rning - Babylove Norska","description":"En fantastisk vacker och s\u00f6t nattlampa fr\u00e5n svenska JaBaDaBaDo i formen av en fin enh\u00f6rning - K\u00f6p den h\u00e4r - Frakt inom 24 timmar - V\u00e4lkommen till Babylove.se -","robots":{"index":"noindex","follow":"follow","max-snippet":"max-snippet:-1","max-image-preview":"max-image-preview:large","max-video-preview":"max-video-preview:-1"},"og_locale":"nb_NO","og_type":"article","og_title":"JaBaDaBaDo vegglampe trof\u00e9 enhj\u00f8rning","og_description":"En fantastisk vacker och s\u00f6t nattlampa fr\u00e5n svenska JaBaDaBaDo i formen av en fin enh\u00f6rning - K\u00f6p den h\u00e4r - Frakt inom 24 timmar - V\u00e4lkommen till Babylove.se -","og_url":"https:\/\/babylove.se\/no\/produkt\/jabadabado-vegglampe-trough-enhjorning\/","og_site_name":"Babylove Norska","article_modified_time":"2026-04-08T08:00:23+00:00","og_image":[{"width":574,"height":750,"url":"https:\/\/babylove.se\/no\/wp-content\/uploads\/sites\/3\/2025\/07\/5d778899d1753.jpeg","type":"image\/jpeg"}],"twitter_card":"summary_large_image","twitter_misc":{"Price":"399,00&nbsp;&#107;&#114;","Availability":"Out of stock"},"schema":{"@context":"https:\/\/schema.org","@graph":[{"@type":"WebPage","@id":"https:\/\/babylove.se\/no\/produkt\/jabadabado-vegglampe-trough-enhjorning\/","url":"https:\/\/babylove.se\/no\/produkt\/jabadabado-vegglampe-trough-enhjorning\/","name":"JaBaDaBaDo vegglampe trof\u00e9 enhj\u00f8rning - Babylove Norska","isPartOf":{"@id":"https:\/\/babylove.se\/no\/#website"},"primaryImageOfPage":{"@id":"https:\/\/babylove.se\/no\/produkt\/jabadabado-vegglampe-trough-enhjorning\/#primaryimage"},"image":{"@id":"https:\/\/babylove.se\/no\/produkt\/jabadabado-vegglampe-trough-enhjorning\/#primaryimage"},"thumbnailUrl":"https:\/\/babylove.se\/no\/wp-content\/uploads\/sites\/3\/2025\/07\/5d778899d1753.jpeg","datePublished":"2025-07-18T20:32:23+00:00","dateModified":"2026-04-08T08:00:23+00:00","description":"En fantastisk vacker och s\u00f6t nattlampa fr\u00e5n svenska JaBaDaBaDo i formen av en fin enh\u00f6rning - K\u00f6p den h\u00e4r - Frakt inom 24 timmar - V\u00e4lkommen till Babylove.se -","breadcrumb":{"@id":"https:\/\/babylove.se\/no\/produkt\/jabadabado-vegglampe-trough-enhjorning\/#breadcrumb"},"inLanguage":"nb-NO","potentialAction":[{"@type":"ReadAction","target":["https:\/\/babylove.se\/no\/produkt\/jabadabado-vegglampe-trough-enhjorning\/"]}]},{"@type":"ImageObject","inLanguage":"nb-NO","@id":"https:\/\/babylove.se\/no\/produkt\/jabadabado-vegglampe-trough-enhjorning\/#primaryimage","url":"https:\/\/babylove.se\/no\/wp-content\/uploads\/sites\/3\/2025\/07\/5d778899d1753.jpeg","contentUrl":"https:\/\/babylove.se\/no\/wp-content\/uploads\/sites\/3\/2025\/07\/5d778899d1753.jpeg","width":574,"height":750},{"@type":"BreadcrumbList","@id":"https:\/\/babylove.se\/no\/produkt\/jabadabado-vegglampe-trough-enhjorning\/#breadcrumb","itemListElement":[{"@type":"ListItem","position":1,"name":"Hem","item":"https:\/\/babylove.se\/no\/"},{"@type":"ListItem","position":2,"name":"Butik","item":"https:\/\/babylove.se\/no\/butik\/"},{"@type":"ListItem","position":3,"name":"JaBaDaBaDo vegglampe trof\u00e9 enhj\u00f8rning"}]},{"@type":"WebSite","@id":"https:\/\/babylove.se\/no\/#website","url":"https:\/\/babylove.se\/no\/","name":"Babylove Norska","description":"","potentialAction":[{"@type":"SearchAction","target":{"@type":"EntryPoint","urlTemplate":"https:\/\/babylove.se\/no\/?s={search_term_string}"},"query-input":{"@type":"PropertyValueSpecification","valueRequired":true,"valueName":"search_term_string"}}],"inLanguage":"nb-NO"}]},"product_brand":"JaBaDaBaDo","product_price_amount":"399.00","product_price_currency":"SEK","og_availability":"out of stock","product_availability":"out of stock","product_retailer_item_id":"X6109","product_condition":"new"},"_links":{"self":[{"href":"https:\/\/babylove.se\/no\/wp-json\/wp\/v2\/product\/13366","targetHints":{"allow":["GET"]}}],"collection":[{"href":"https:\/\/babylove.se\/no\/wp-json\/wp\/v2\/product"}],"about":[{"href":"https:\/\/babylove.se\/no\/wp-json\/wp\/v2\/types\/product"}],"replies":[{"embeddable":true,"href":"https:\/\/babylove.se\/no\/wp-json\/wp\/v2\/comments?post=13366"}],"wp:featuredmedia":[{"embeddable":true,"href":"https:\/\/babylove.se\/no\/wp-json\/wp\/v2\/media\/13368"}],"wp:attachment":[{"href":"https:\/\/babylove.se\/no\/wp-json\/wp\/v2\/media?parent=13366"}],"wp:term":[{"taxonomy":"product_brand","embeddable":true,"href":"https:\/\/babylove.se\/no\/wp-json\/wp\/v2\/product_brand?post=13366"},{"taxonomy":"product_cat","embeddable":true,"href":"https:\/\/babylove.se\/no\/wp-json\/wp\/v2\/product_cat?post=13366"},{"taxonomy":"product_tag","embeddable":true,"href":"https:\/\/babylove.se\/no\/wp-json\/wp\/v2\/product_tag?post=13366"}],"curies":[{"name":"wp","href":"https:\/\/api.w.org\/{rel}","templated":true}]}}