{"id":13413,"date":"2025-07-18T21:32:41","date_gmt":"2025-07-18T20:32:41","guid":{"rendered":"https:\/\/babylove.se\/produkt\/eco-madrass-till-barnsang-80x160x12-cm\/"},"modified":"2026-04-08T09:00:46","modified_gmt":"2026-04-08T08:00:46","slug":"eco-madrass-til-barneseng-80x160x12-cm","status":"publish","type":"product","link":"https:\/\/babylove.se\/no\/produkt\/eco-madrass-til-barneseng-80x160x12-cm\/","title":{"rendered":"Madrass til barneseng 80&#215;160 , 12 cm tykk"},"content":{"rendered":"<p>En komfortabel og deilig skummadrass som passer til barneseng eller til husseng.&nbsp;<\/p>\n<p>Madrassen er tosidig og har dessuten et avtakbart overtrekk som gj\u00f8r at du enkelt kan vaske den og holde den frisk.<\/p>\n<p>Denne barnemadrass fungerer perfekt til v\u00e5re superfine hussengar og er laget av barnevennlig skum med et overtrekk av deilig blanding av bomull og polyester.<\/p>\n<p>Madrassen er semi-myk, produsert for \u00e5 passe barn og garanterer en deilig s\u00f8vn.<\/p>\n<p>M\u00e5l:<\/p>\n<ul>\n<li>tykkelse 12 cm<\/li>\n<li>bredde 80 cm<\/li>\n<li>lengde 160 cm<\/li>\n<\/ul>\n<p>Madrassen passer barnesenger med sengem\u00e5l 80 * 160 cm&nbsp;<\/p>\n<p><u>Material<\/u>: polyuretanskum T1830 ,<\/p>\n<p>Vasker\u00e5d: Overtrekk maskinvaskes ved 40 \u00b0 C&nbsp;<\/p>\n<p>Madrassene produseres i Europa av 100 % OEKO-tex sertifisert stoff. Fyllet er antiallergisk samt giftfritt og produseres av sertifisert leverand\u00f8r.<\/p>\n","protected":false},"excerpt":{"rendered":"<p>En komfortabel og deilig skummadrass som passer til barneseng eller til husseng.&nbsp; Madrassen er tosidig og har dessuten et avtakbart overtrekk som gj\u00f8r at du enkelt kan vaske den og holde den frisk. Denne barnemadrass fungerer perfekt til v\u00e5re superfine hussengar og er laget av barnevennlig skum med et overtrekk av deilig blanding av bomull [&hellip;]<\/p>\n","protected":false},"featured_media":13415,"comment_status":"closed","ping_status":"open","template":"","meta":{"_acf_changed":false},"product_brand":[375],"product_cat":[628,377,376],"product_tag":[1689],"class_list":{"0":"post-13413","1":"product","2":"type-product","3":"status-publish","4":"has-post-thumbnail","6":"product_brand-pqp-ttm","7":"product_cat-barn-junior-sengeklaer-80x160-90x160","8":"product_cat-barnmadrasser","9":"product_cat-pp","10":"product_tag-bestillingsvaror","12":"first","13":"instock","14":"taxable","15":"shipping-taxable","16":"purchasable","17":"product-type-simple"},"acf":[],"yoast_head":"<!-- This site is optimized with the Yoast SEO Premium plugin v25.8 (Yoast SEO v27.2) - https:\/\/yoast.com\/product\/yoast-seo-premium-wordpress\/ -->\n<title>Eco madrass till barns\u00e4ng 80x160x12 cm | Babylove.se<\/title>\n<meta name=\"description\" content=\"Bekv\u00e4m skummadrass 80x160 medium mjuk. Hos oss hittar du m\u00e5nga madrasser till juniors\u00e4ngar och barns\u00e4ngar - K\u00f6p den h\u00e4r - V\u00e4lkommen till Babylove.se\" \/>\n<meta name=\"robots\" content=\"noindex, follow, max-snippet:-1, max-image-preview:large, max-video-preview:-1\" \/>\n<meta property=\"og:locale\" content=\"nb_NO\" \/>\n<meta property=\"og:type\" content=\"article\" \/>\n<meta property=\"og:title\" content=\"Madrass til barneseng 80x160 , 12 cm tykk\" \/>\n<meta property=\"og:description\" content=\"Bekv\u00e4m skummadrass 80x160 medium mjuk. Hos oss hittar du m\u00e5nga madrasser till juniors\u00e4ngar och barns\u00e4ngar - K\u00f6p den h\u00e4r - V\u00e4lkommen till Babylove.se\" \/>\n<meta property=\"og:url\" content=\"https:\/\/babylove.se\/no\/produkt\/eco-madrass-til-barneseng-80x160x12-cm\/\" \/>\n<meta property=\"og:site_name\" content=\"Babylove Norska\" \/>\n<meta property=\"article:modified_time\" content=\"2026-04-08T08:00:46+00:00\" \/>\n<meta property=\"og:image\" content=\"https:\/\/babylove.se\/no\/wp-content\/uploads\/sites\/3\/2025\/07\/15681203965c3caef356df1.jpeg\" \/>\n\t<meta property=\"og:image:width\" content=\"750\" \/>\n\t<meta property=\"og:image:height\" content=\"600\" \/>\n\t<meta property=\"og:image:type\" content=\"image\/jpeg\" \/>\n<meta name=\"twitter:card\" content=\"summary_large_image\" \/>\n<meta name=\"twitter:label1\" content=\"Price\" \/>\n\t<meta name=\"twitter:data1\" content=\"1 399,00&nbsp;&#107;&#114;\" \/>\n\t<meta name=\"twitter:label2\" content=\"Availability\" \/>\n\t<meta name=\"twitter:data2\" content=\"In stock\" \/>\n<script type=\"application\/ld+json\" class=\"yoast-schema-graph\">{\"@context\":\"https:\/\/schema.org\",\"@graph\":[{\"@type\":\"WebPage\",\"@id\":\"https:\/\/babylove.se\/no\/produkt\/eco-madrass-til-barneseng-80x160x12-cm\/\",\"url\":\"https:\/\/babylove.se\/no\/produkt\/eco-madrass-til-barneseng-80x160x12-cm\/\",\"name\":\"Eco madrass till barns\u00e4ng 80x160x12 cm | Babylove.se\",\"isPartOf\":{\"@id\":\"https:\/\/babylove.se\/no\/#website\"},\"primaryImageOfPage\":{\"@id\":\"https:\/\/babylove.se\/no\/produkt\/eco-madrass-til-barneseng-80x160x12-cm\/#primaryimage\"},\"image\":{\"@id\":\"https:\/\/babylove.se\/no\/produkt\/eco-madrass-til-barneseng-80x160x12-cm\/#primaryimage\"},\"thumbnailUrl\":\"https:\/\/babylove.se\/no\/wp-content\/uploads\/sites\/3\/2025\/07\/15681203965c3caef356df1.jpeg\",\"datePublished\":\"2025-07-18T20:32:41+00:00\",\"dateModified\":\"2026-04-08T08:00:46+00:00\",\"description\":\"Bekv\u00e4m skummadrass 80x160 medium mjuk. Hos oss hittar du m\u00e5nga madrasser till juniors\u00e4ngar och barns\u00e4ngar - K\u00f6p den h\u00e4r - V\u00e4lkommen till Babylove.se\",\"breadcrumb\":{\"@id\":\"https:\/\/babylove.se\/no\/produkt\/eco-madrass-til-barneseng-80x160x12-cm\/#breadcrumb\"},\"inLanguage\":\"nb-NO\",\"potentialAction\":[{\"@type\":\"ReadAction\",\"target\":[\"https:\/\/babylove.se\/no\/produkt\/eco-madrass-til-barneseng-80x160x12-cm\/\"]}]},{\"@type\":\"ImageObject\",\"inLanguage\":\"nb-NO\",\"@id\":\"https:\/\/babylove.se\/no\/produkt\/eco-madrass-til-barneseng-80x160x12-cm\/#primaryimage\",\"url\":\"https:\/\/babylove.se\/no\/wp-content\/uploads\/sites\/3\/2025\/07\/15681203965c3caef356df1.jpeg\",\"contentUrl\":\"https:\/\/babylove.se\/no\/wp-content\/uploads\/sites\/3\/2025\/07\/15681203965c3caef356df1.jpeg\",\"width\":750,\"height\":600},{\"@type\":\"BreadcrumbList\",\"@id\":\"https:\/\/babylove.se\/no\/produkt\/eco-madrass-til-barneseng-80x160x12-cm\/#breadcrumb\",\"itemListElement\":[{\"@type\":\"ListItem\",\"position\":1,\"name\":\"Hem\",\"item\":\"https:\/\/babylove.se\/no\/\"},{\"@type\":\"ListItem\",\"position\":2,\"name\":\"Butik\",\"item\":\"https:\/\/babylove.se\/no\/butik\/\"},{\"@type\":\"ListItem\",\"position\":3,\"name\":\"Madrass til barneseng 80&#215;160 , 12 cm tykk\"}]},{\"@type\":\"WebSite\",\"@id\":\"https:\/\/babylove.se\/no\/#website\",\"url\":\"https:\/\/babylove.se\/no\/\",\"name\":\"Babylove Norska\",\"description\":\"\",\"potentialAction\":[{\"@type\":\"SearchAction\",\"target\":{\"@type\":\"EntryPoint\",\"urlTemplate\":\"https:\/\/babylove.se\/no\/?s={search_term_string}\"},\"query-input\":{\"@type\":\"PropertyValueSpecification\",\"valueRequired\":true,\"valueName\":\"search_term_string\"}}],\"inLanguage\":\"nb-NO\"}]}<\/script>\n<meta property=\"product:brand\" content=\"PQP\/TTM\" \/>\n<meta property=\"product:price:amount\" content=\"1399.00\" \/>\n<meta property=\"product:price:currency\" content=\"SEK\" \/>\n<meta property=\"og:availability\" content=\"instock\" \/>\n<meta property=\"product:availability\" content=\"instock\" \/>\n<meta property=\"product:retailer_item_id\" content=\"24702\" \/>\n<meta property=\"product:condition\" content=\"new\" \/>\n<!-- \/ Yoast SEO Premium plugin. -->","yoast_head_json":{"title":"Eco madrass till barns\u00e4ng 80x160x12 cm | Babylove.se","description":"Bekv\u00e4m skummadrass 80x160 medium mjuk. Hos oss hittar du m\u00e5nga madrasser till juniors\u00e4ngar och barns\u00e4ngar - K\u00f6p den h\u00e4r - V\u00e4lkommen till Babylove.se","robots":{"index":"noindex","follow":"follow","max-snippet":"max-snippet:-1","max-image-preview":"max-image-preview:large","max-video-preview":"max-video-preview:-1"},"og_locale":"nb_NO","og_type":"article","og_title":"Madrass til barneseng 80x160 , 12 cm tykk","og_description":"Bekv\u00e4m skummadrass 80x160 medium mjuk. Hos oss hittar du m\u00e5nga madrasser till juniors\u00e4ngar och barns\u00e4ngar - K\u00f6p den h\u00e4r - V\u00e4lkommen till Babylove.se","og_url":"https:\/\/babylove.se\/no\/produkt\/eco-madrass-til-barneseng-80x160x12-cm\/","og_site_name":"Babylove Norska","article_modified_time":"2026-04-08T08:00:46+00:00","og_image":[{"width":750,"height":600,"url":"https:\/\/babylove.se\/no\/wp-content\/uploads\/sites\/3\/2025\/07\/15681203965c3caef356df1.jpeg","type":"image\/jpeg"}],"twitter_card":"summary_large_image","twitter_misc":{"Price":"1 399,00&nbsp;&#107;&#114;","Availability":"In stock"},"schema":{"@context":"https:\/\/schema.org","@graph":[{"@type":"WebPage","@id":"https:\/\/babylove.se\/no\/produkt\/eco-madrass-til-barneseng-80x160x12-cm\/","url":"https:\/\/babylove.se\/no\/produkt\/eco-madrass-til-barneseng-80x160x12-cm\/","name":"Eco madrass till barns\u00e4ng 80x160x12 cm | Babylove.se","isPartOf":{"@id":"https:\/\/babylove.se\/no\/#website"},"primaryImageOfPage":{"@id":"https:\/\/babylove.se\/no\/produkt\/eco-madrass-til-barneseng-80x160x12-cm\/#primaryimage"},"image":{"@id":"https:\/\/babylove.se\/no\/produkt\/eco-madrass-til-barneseng-80x160x12-cm\/#primaryimage"},"thumbnailUrl":"https:\/\/babylove.se\/no\/wp-content\/uploads\/sites\/3\/2025\/07\/15681203965c3caef356df1.jpeg","datePublished":"2025-07-18T20:32:41+00:00","dateModified":"2026-04-08T08:00:46+00:00","description":"Bekv\u00e4m skummadrass 80x160 medium mjuk. Hos oss hittar du m\u00e5nga madrasser till juniors\u00e4ngar och barns\u00e4ngar - K\u00f6p den h\u00e4r - V\u00e4lkommen till Babylove.se","breadcrumb":{"@id":"https:\/\/babylove.se\/no\/produkt\/eco-madrass-til-barneseng-80x160x12-cm\/#breadcrumb"},"inLanguage":"nb-NO","potentialAction":[{"@type":"ReadAction","target":["https:\/\/babylove.se\/no\/produkt\/eco-madrass-til-barneseng-80x160x12-cm\/"]}]},{"@type":"ImageObject","inLanguage":"nb-NO","@id":"https:\/\/babylove.se\/no\/produkt\/eco-madrass-til-barneseng-80x160x12-cm\/#primaryimage","url":"https:\/\/babylove.se\/no\/wp-content\/uploads\/sites\/3\/2025\/07\/15681203965c3caef356df1.jpeg","contentUrl":"https:\/\/babylove.se\/no\/wp-content\/uploads\/sites\/3\/2025\/07\/15681203965c3caef356df1.jpeg","width":750,"height":600},{"@type":"BreadcrumbList","@id":"https:\/\/babylove.se\/no\/produkt\/eco-madrass-til-barneseng-80x160x12-cm\/#breadcrumb","itemListElement":[{"@type":"ListItem","position":1,"name":"Hem","item":"https:\/\/babylove.se\/no\/"},{"@type":"ListItem","position":2,"name":"Butik","item":"https:\/\/babylove.se\/no\/butik\/"},{"@type":"ListItem","position":3,"name":"Madrass til barneseng 80&#215;160 , 12 cm tykk"}]},{"@type":"WebSite","@id":"https:\/\/babylove.se\/no\/#website","url":"https:\/\/babylove.se\/no\/","name":"Babylove Norska","description":"","potentialAction":[{"@type":"SearchAction","target":{"@type":"EntryPoint","urlTemplate":"https:\/\/babylove.se\/no\/?s={search_term_string}"},"query-input":{"@type":"PropertyValueSpecification","valueRequired":true,"valueName":"search_term_string"}}],"inLanguage":"nb-NO"}]},"product_brand":"PQP\/TTM","product_price_amount":"1399.00","product_price_currency":"SEK","og_availability":"instock","product_availability":"instock","product_retailer_item_id":"24702","product_condition":"new"},"_links":{"self":[{"href":"https:\/\/babylove.se\/no\/wp-json\/wp\/v2\/product\/13413","targetHints":{"allow":["GET"]}}],"collection":[{"href":"https:\/\/babylove.se\/no\/wp-json\/wp\/v2\/product"}],"about":[{"href":"https:\/\/babylove.se\/no\/wp-json\/wp\/v2\/types\/product"}],"replies":[{"embeddable":true,"href":"https:\/\/babylove.se\/no\/wp-json\/wp\/v2\/comments?post=13413"}],"wp:featuredmedia":[{"embeddable":true,"href":"https:\/\/babylove.se\/no\/wp-json\/wp\/v2\/media\/13415"}],"wp:attachment":[{"href":"https:\/\/babylove.se\/no\/wp-json\/wp\/v2\/media?parent=13413"}],"wp:term":[{"taxonomy":"product_brand","embeddable":true,"href":"https:\/\/babylove.se\/no\/wp-json\/wp\/v2\/product_brand?post=13413"},{"taxonomy":"product_cat","embeddable":true,"href":"https:\/\/babylove.se\/no\/wp-json\/wp\/v2\/product_cat?post=13413"},{"taxonomy":"product_tag","embeddable":true,"href":"https:\/\/babylove.se\/no\/wp-json\/wp\/v2\/product_tag?post=13413"}],"curies":[{"name":"wp","href":"https:\/\/api.w.org\/{rel}","templated":true}]}}