{"id":13433,"date":"2025-07-18T21:32:41","date_gmt":"2025-07-18T20:32:41","guid":{"rendered":"https:\/\/babylove.se\/produkt\/dekornik-dockteater-circus-blue\/"},"modified":"2026-04-08T09:01:00","modified_gmt":"2026-04-08T08:01:00","slug":"dekornik-dukketeater-sirkus-bla","status":"publish","type":"product","link":"https:\/\/babylove.se\/no\/produkt\/dekornik-dukketeater-sirkus-bla\/","title":{"rendered":"Dekornik, Dukketeateret Sirkus Bl\u00e5"},"content":{"rendered":"<p>Et unikt produkt som barnet ditt vil elske! Et eget dukketeatre tilpasset barnerommet som dessuten er en vakker detalj i barneroms-innredningen din.&nbsp;<\/p>\n<p>Takket v\u00e6re sitt enkle klikk-system setter du enkelt sammen det uten verkt\u00f8y, og tar like enkelt fra hverandre det hvis du mot all formodning skulle \u00f8nske \u00e5 stuv det unna for en stund. Det finnes ingen skruer, hengsler eller metallelementer. Teatret er laget av 10 mm tykk kryssfiner og er en solid konstruksjon.<\/p>\n<p>Dukketeatret kommer til \u00e5 bli barnerommets nye h\u00f8ydepunkt og vi garanterer at du kommer til \u00e5 f\u00e5 nyte utallige forestillinger fra barna dine.&nbsp;<\/p>\n<p>Dessuten medf\u00f8lger fine klistremerker \u00e5 sette b\u00e5de oppe som nedetil p\u00e5 dukketeatret. &nbsp;Og selvf\u00f8lgelig, en masse stjerner \u00e5 klistre p\u00e5 der man s\u00e5 \u00f8nsker,<\/p>\n<p><strong>M\u00e5l<\/strong>: H\u00f8yde 135 cm og bredde (med utbrettede sider) 80 cm.<\/p>\n<p>Designer: <a href=\"https:\/\/babylove.se\/varumarken\/dekornik\">Dekornik<\/a><\/p>\n","protected":false},"excerpt":{"rendered":"<p>Et unikt produkt som barnet ditt vil elske! Et eget dukketeatre tilpasset barnerommet som dessuten er en vakker detalj i barneroms-innredningen din.&nbsp; Takket v\u00e6re sitt enkle klikk-system setter du enkelt sammen det uten verkt\u00f8y, og tar like enkelt fra hverandre det hvis du mot all formodning skulle \u00f8nske \u00e5 stuv det unna for en stund. [&hellip;]<\/p>\n","protected":false},"featured_media":13435,"comment_status":"closed","ping_status":"open","template":"","meta":{"_acf_changed":false},"product_brand":[190],"product_cat":[69,191,72,68,270,112],"product_tag":[1689],"class_list":{"0":"post-13433","1":"product","2":"type-product","3":"status-publish","4":"has-post-thumbnail","6":"product_brand-dekornik","7":"product_cat-dukker-tilbehoer","8":"product_cat-dekornik","9":"product_cat-julegaver","10":"product_cat-leker","11":"product_cat-sirkus","12":"product_cat-treleker","13":"product_tag-bestillingsvaror","15":"first","16":"instock","17":"taxable","18":"shipping-taxable","19":"purchasable","20":"product-type-simple"},"acf":[],"yoast_head":"<!-- This site is optimized with the Yoast SEO Premium plugin v25.8 (Yoast SEO v27.2) - https:\/\/yoast.com\/product\/yoast-seo-premium-wordpress\/ -->\n<title>Dekornik, Dukketeateret Sirkus Bl\u00e5 - Babylove Norska<\/title>\n<meta name=\"robots\" content=\"noindex, follow, max-snippet:-1, max-image-preview:large, max-video-preview:-1\" \/>\n<meta property=\"og:locale\" content=\"nb_NO\" \/>\n<meta property=\"og:type\" content=\"article\" \/>\n<meta property=\"og:title\" content=\"Dekornik, Dukketeateret Sirkus Bl\u00e5\" \/>\n<meta property=\"og:description\" content=\"Et unikt produkt som barnet ditt vil elske! Et eget dukketeatre tilpasset barnerommet som dessuten er en vakker detalj i barneroms-innredningen din.&nbsp; Takket v\u00e6re sitt enkle klikk-system setter du enkelt sammen det uten verkt\u00f8y, og tar like enkelt fra hverandre det hvis du mot all formodning skulle \u00f8nske \u00e5 stuv det unna for en stund. [&hellip;]\" \/>\n<meta property=\"og:url\" content=\"https:\/\/babylove.se\/no\/produkt\/dekornik-dukketeater-sirkus-bla\/\" \/>\n<meta property=\"og:site_name\" content=\"Babylove Norska\" \/>\n<meta property=\"article:modified_time\" content=\"2026-04-08T08:01:00+00:00\" \/>\n<meta property=\"og:image\" content=\"https:\/\/babylove.se\/no\/wp-content\/uploads\/sites\/3\/2025\/07\/5d78b15c330f7.jpeg\" \/>\n\t<meta property=\"og:image:width\" content=\"750\" \/>\n\t<meta property=\"og:image:height\" content=\"750\" \/>\n\t<meta property=\"og:image:type\" content=\"image\/jpeg\" \/>\n<meta name=\"twitter:card\" content=\"summary_large_image\" \/>\n<meta name=\"twitter:label1\" content=\"Price\" \/>\n\t<meta name=\"twitter:data1\" content=\"1 999,00&nbsp;&#107;&#114;\" \/>\n\t<meta name=\"twitter:label2\" content=\"Availability\" \/>\n\t<meta name=\"twitter:data2\" content=\"In stock\" \/>\n<script type=\"application\/ld+json\" class=\"yoast-schema-graph\">{\"@context\":\"https:\/\/schema.org\",\"@graph\":[{\"@type\":\"WebPage\",\"@id\":\"https:\/\/babylove.se\/no\/produkt\/dekornik-dukketeater-sirkus-bla\/\",\"url\":\"https:\/\/babylove.se\/no\/produkt\/dekornik-dukketeater-sirkus-bla\/\",\"name\":\"Dekornik, Dukketeateret Sirkus Bl\u00e5 - Babylove Norska\",\"isPartOf\":{\"@id\":\"https:\/\/babylove.se\/no\/#website\"},\"primaryImageOfPage\":{\"@id\":\"https:\/\/babylove.se\/no\/produkt\/dekornik-dukketeater-sirkus-bla\/#primaryimage\"},\"image\":{\"@id\":\"https:\/\/babylove.se\/no\/produkt\/dekornik-dukketeater-sirkus-bla\/#primaryimage\"},\"thumbnailUrl\":\"https:\/\/babylove.se\/no\/wp-content\/uploads\/sites\/3\/2025\/07\/5d78b15c330f7.jpeg\",\"datePublished\":\"2025-07-18T20:32:41+00:00\",\"dateModified\":\"2026-04-08T08:01:00+00:00\",\"breadcrumb\":{\"@id\":\"https:\/\/babylove.se\/no\/produkt\/dekornik-dukketeater-sirkus-bla\/#breadcrumb\"},\"inLanguage\":\"nb-NO\",\"potentialAction\":[{\"@type\":\"ReadAction\",\"target\":[\"https:\/\/babylove.se\/no\/produkt\/dekornik-dukketeater-sirkus-bla\/\"]}]},{\"@type\":\"ImageObject\",\"inLanguage\":\"nb-NO\",\"@id\":\"https:\/\/babylove.se\/no\/produkt\/dekornik-dukketeater-sirkus-bla\/#primaryimage\",\"url\":\"https:\/\/babylove.se\/no\/wp-content\/uploads\/sites\/3\/2025\/07\/5d78b15c330f7.jpeg\",\"contentUrl\":\"https:\/\/babylove.se\/no\/wp-content\/uploads\/sites\/3\/2025\/07\/5d78b15c330f7.jpeg\",\"width\":750,\"height\":750},{\"@type\":\"BreadcrumbList\",\"@id\":\"https:\/\/babylove.se\/no\/produkt\/dekornik-dukketeater-sirkus-bla\/#breadcrumb\",\"itemListElement\":[{\"@type\":\"ListItem\",\"position\":1,\"name\":\"Hem\",\"item\":\"https:\/\/babylove.se\/no\/\"},{\"@type\":\"ListItem\",\"position\":2,\"name\":\"Butik\",\"item\":\"https:\/\/babylove.se\/no\/butik\/\"},{\"@type\":\"ListItem\",\"position\":3,\"name\":\"Dekornik, Dukketeateret Sirkus Bl\u00e5\"}]},{\"@type\":\"WebSite\",\"@id\":\"https:\/\/babylove.se\/no\/#website\",\"url\":\"https:\/\/babylove.se\/no\/\",\"name\":\"Babylove Norska\",\"description\":\"\",\"potentialAction\":[{\"@type\":\"SearchAction\",\"target\":{\"@type\":\"EntryPoint\",\"urlTemplate\":\"https:\/\/babylove.se\/no\/?s={search_term_string}\"},\"query-input\":{\"@type\":\"PropertyValueSpecification\",\"valueRequired\":true,\"valueName\":\"search_term_string\"}}],\"inLanguage\":\"nb-NO\"}]}<\/script>\n<meta property=\"product:brand\" content=\"Dekornik\" \/>\n<meta property=\"product:price:amount\" content=\"1999.00\" \/>\n<meta property=\"product:price:currency\" content=\"SEK\" \/>\n<meta property=\"og:availability\" content=\"instock\" \/>\n<meta property=\"product:availability\" content=\"instock\" \/>\n<meta property=\"product:retailer_item_id\" content=\"DEKO.WOOD.020\" \/>\n<meta property=\"product:condition\" content=\"new\" \/>\n<!-- \/ Yoast SEO Premium plugin. -->","yoast_head_json":{"title":"Dekornik, Dukketeateret Sirkus Bl\u00e5 - Babylove Norska","robots":{"index":"noindex","follow":"follow","max-snippet":"max-snippet:-1","max-image-preview":"max-image-preview:large","max-video-preview":"max-video-preview:-1"},"og_locale":"nb_NO","og_type":"article","og_title":"Dekornik, Dukketeateret Sirkus Bl\u00e5","og_description":"Et unikt produkt som barnet ditt vil elske! Et eget dukketeatre tilpasset barnerommet som dessuten er en vakker detalj i barneroms-innredningen din.&nbsp; Takket v\u00e6re sitt enkle klikk-system setter du enkelt sammen det uten verkt\u00f8y, og tar like enkelt fra hverandre det hvis du mot all formodning skulle \u00f8nske \u00e5 stuv det unna for en stund. [&hellip;]","og_url":"https:\/\/babylove.se\/no\/produkt\/dekornik-dukketeater-sirkus-bla\/","og_site_name":"Babylove Norska","article_modified_time":"2026-04-08T08:01:00+00:00","og_image":[{"width":750,"height":750,"url":"https:\/\/babylove.se\/no\/wp-content\/uploads\/sites\/3\/2025\/07\/5d78b15c330f7.jpeg","type":"image\/jpeg"}],"twitter_card":"summary_large_image","twitter_misc":{"Price":"1 999,00&nbsp;&#107;&#114;","Availability":"In stock"},"schema":{"@context":"https:\/\/schema.org","@graph":[{"@type":"WebPage","@id":"https:\/\/babylove.se\/no\/produkt\/dekornik-dukketeater-sirkus-bla\/","url":"https:\/\/babylove.se\/no\/produkt\/dekornik-dukketeater-sirkus-bla\/","name":"Dekornik, Dukketeateret Sirkus Bl\u00e5 - Babylove Norska","isPartOf":{"@id":"https:\/\/babylove.se\/no\/#website"},"primaryImageOfPage":{"@id":"https:\/\/babylove.se\/no\/produkt\/dekornik-dukketeater-sirkus-bla\/#primaryimage"},"image":{"@id":"https:\/\/babylove.se\/no\/produkt\/dekornik-dukketeater-sirkus-bla\/#primaryimage"},"thumbnailUrl":"https:\/\/babylove.se\/no\/wp-content\/uploads\/sites\/3\/2025\/07\/5d78b15c330f7.jpeg","datePublished":"2025-07-18T20:32:41+00:00","dateModified":"2026-04-08T08:01:00+00:00","breadcrumb":{"@id":"https:\/\/babylove.se\/no\/produkt\/dekornik-dukketeater-sirkus-bla\/#breadcrumb"},"inLanguage":"nb-NO","potentialAction":[{"@type":"ReadAction","target":["https:\/\/babylove.se\/no\/produkt\/dekornik-dukketeater-sirkus-bla\/"]}]},{"@type":"ImageObject","inLanguage":"nb-NO","@id":"https:\/\/babylove.se\/no\/produkt\/dekornik-dukketeater-sirkus-bla\/#primaryimage","url":"https:\/\/babylove.se\/no\/wp-content\/uploads\/sites\/3\/2025\/07\/5d78b15c330f7.jpeg","contentUrl":"https:\/\/babylove.se\/no\/wp-content\/uploads\/sites\/3\/2025\/07\/5d78b15c330f7.jpeg","width":750,"height":750},{"@type":"BreadcrumbList","@id":"https:\/\/babylove.se\/no\/produkt\/dekornik-dukketeater-sirkus-bla\/#breadcrumb","itemListElement":[{"@type":"ListItem","position":1,"name":"Hem","item":"https:\/\/babylove.se\/no\/"},{"@type":"ListItem","position":2,"name":"Butik","item":"https:\/\/babylove.se\/no\/butik\/"},{"@type":"ListItem","position":3,"name":"Dekornik, Dukketeateret Sirkus Bl\u00e5"}]},{"@type":"WebSite","@id":"https:\/\/babylove.se\/no\/#website","url":"https:\/\/babylove.se\/no\/","name":"Babylove Norska","description":"","potentialAction":[{"@type":"SearchAction","target":{"@type":"EntryPoint","urlTemplate":"https:\/\/babylove.se\/no\/?s={search_term_string}"},"query-input":{"@type":"PropertyValueSpecification","valueRequired":true,"valueName":"search_term_string"}}],"inLanguage":"nb-NO"}]},"product_brand":"Dekornik","product_price_amount":"1999.00","product_price_currency":"SEK","og_availability":"instock","product_availability":"instock","product_retailer_item_id":"DEKO.WOOD.020","product_condition":"new"},"_links":{"self":[{"href":"https:\/\/babylove.se\/no\/wp-json\/wp\/v2\/product\/13433","targetHints":{"allow":["GET"]}}],"collection":[{"href":"https:\/\/babylove.se\/no\/wp-json\/wp\/v2\/product"}],"about":[{"href":"https:\/\/babylove.se\/no\/wp-json\/wp\/v2\/types\/product"}],"replies":[{"embeddable":true,"href":"https:\/\/babylove.se\/no\/wp-json\/wp\/v2\/comments?post=13433"}],"wp:featuredmedia":[{"embeddable":true,"href":"https:\/\/babylove.se\/no\/wp-json\/wp\/v2\/media\/13435"}],"wp:attachment":[{"href":"https:\/\/babylove.se\/no\/wp-json\/wp\/v2\/media?parent=13433"}],"wp:term":[{"taxonomy":"product_brand","embeddable":true,"href":"https:\/\/babylove.se\/no\/wp-json\/wp\/v2\/product_brand?post=13433"},{"taxonomy":"product_cat","embeddable":true,"href":"https:\/\/babylove.se\/no\/wp-json\/wp\/v2\/product_cat?post=13433"},{"taxonomy":"product_tag","embeddable":true,"href":"https:\/\/babylove.se\/no\/wp-json\/wp\/v2\/product_tag?post=13433"}],"curies":[{"name":"wp","href":"https:\/\/api.w.org\/{rel}","templated":true}]}}