{"id":13447,"date":"2025-07-18T21:33:01","date_gmt":"2025-07-18T20:33:01","guid":{"rendered":"https:\/\/babylove.se\/produkt\/troll-3-delad-madrass-till-victor-sang\/"},"modified":"2026-04-08T09:01:08","modified_gmt":"2026-04-08T08:01:08","slug":"troll-3-delt-madrass-til-victor-seng","status":"publish","type":"product","link":"https:\/\/babylove.se\/no\/produkt\/troll-3-delt-madrass-til-victor-seng\/","title":{"rendered":"Troll, 3-delt madrass til Victor seng"},"content":{"rendered":"<p>\u00d8kologisk madrass i tre deler, for vokseseng Victor fra Troll. Yttert\u00f8y i GOTS-sertifisert bomullssatin og komfortabel stoppning av resirkulert materiale.<\/p>\n<p>Praktisk og komfortabel tredelt madrass tilpasset Victor seng fra Troll<a href=\"https:\/\/www.ngbaby.se\/product\/victor-vaxa-sang\" target=\"_blank\">.<\/a><span>&nbsp;<\/span>Ved \u00e5 kombinere de ulike delene kan du tilpasse sengens st\u00f8rrelse og forlenge den i fire trinn. Minste sengem\u00e5l blir 105 cm, neste 140 cm, ytterligere ett trinn gir 160 cm og med samtlige madrasser i sengen blir sengem\u00e5let 195 cm.&nbsp;<\/p>\n<p>Madrassen har komfortabel stoppning av komprimert fibervadd fra svensk leverand\u00f8r. Materialet er i hovedsak fremstilt av resirkulerte PET-flasker. Yttert\u00f8yet i \u00f8kologisk bomull er&nbsp;enkelt \u00e5 ta av og vaske.<\/p>\n<p>Tips! Husk \u00e5 snu barnets madrass med jevne mellomrom. P\u00e5 den m\u00e5ten blir belastningen jevnere.&nbsp;<\/p>\n<ul>\n<li><strong>St\u00f8rrelse&nbsp;<\/strong>Lengde: 105&nbsp;cm | Bredde: 71&nbsp;cm | H\u00f8yde: 8&nbsp;cm<\/li>\n<li><strong>St\u00f8rrelse&nbsp;<\/strong>Lengde: 55&nbsp;cm | Bredde: 74&nbsp;cm | H\u00f8yde: 10&nbsp;cm<\/li>\n<li><strong>St\u00f8rrelse&nbsp;<\/strong>Lengde: 35&nbsp;cm | Bredde: 74&nbsp;cm | H\u00f8yde: 10&nbsp;cm<\/li>\n<li><strong>Materiale<\/strong> Yttert\u00f8y i 100 % \u00f8kologisk bomull<\/li>\n<li><strong>Fyll&nbsp;<\/strong>Komprimert fibervadd av&nbsp;100 % polyester, i hovedsak fremstilt&nbsp;av resirkulert materiale<\/li>\n<li><strong>Vasker\u00e5d&nbsp;<\/strong>Yttert\u00f8yet som tas av og p\u00e5 vaskes i maskin 60 grader. Madrassen kan skylles av for h\u00e5nd, maks 40 grader, uten vaskemiddel. Klem ut vannet, ikke vri madrassen.<\/li>\n<\/ul>\n","protected":false},"excerpt":{"rendered":"<p>\u00d8kologisk madrass i tre deler, for vokseseng Victor fra Troll. Yttert\u00f8y i GOTS-sertifisert bomullssatin og komfortabel stoppning av resirkulert materiale. Praktisk og komfortabel tredelt madrass tilpasset Victor seng fra Troll.&nbsp;Ved \u00e5 kombinere de ulike delene kan du tilpasse sengens st\u00f8rrelse og forlenge den i fire trinn. Minste sengem\u00e5l blir 105 cm, neste 140 cm, ytterligere [&hellip;]<\/p>\n","protected":false},"featured_media":13449,"comment_status":"closed","ping_status":"open","template":"","meta":{"_acf_changed":false},"product_brand":[664],"product_cat":[377],"product_tag":[],"class_list":{"0":"post-13447","1":"product","2":"type-product","3":"status-publish","4":"has-post-thumbnail","6":"product_brand-troll","7":"product_cat-barnmadrasser","9":"first","10":"outofstock","11":"taxable","12":"shipping-taxable","13":"purchasable","14":"product-type-simple"},"acf":[],"yoast_head":"<!-- This site is optimized with the Yoast SEO Premium plugin v25.8 (Yoast SEO v27.2) - https:\/\/yoast.com\/product\/yoast-seo-premium-wordpress\/ -->\n<title>Troll, 3-delt madrass til Victor seng - Babylove Norska<\/title>\n<meta name=\"robots\" content=\"noindex, follow, max-snippet:-1, max-image-preview:large, max-video-preview:-1\" \/>\n<meta property=\"og:locale\" content=\"nb_NO\" \/>\n<meta property=\"og:type\" content=\"article\" \/>\n<meta property=\"og:title\" content=\"Troll, 3-delt madrass til Victor seng\" \/>\n<meta property=\"og:description\" content=\"\u00d8kologisk madrass i tre deler, for vokseseng Victor fra Troll. Yttert\u00f8y i GOTS-sertifisert bomullssatin og komfortabel stoppning av resirkulert materiale. Praktisk og komfortabel tredelt madrass tilpasset Victor seng fra Troll.&nbsp;Ved \u00e5 kombinere de ulike delene kan du tilpasse sengens st\u00f8rrelse og forlenge den i fire trinn. Minste sengem\u00e5l blir 105 cm, neste 140 cm, ytterligere [&hellip;]\" \/>\n<meta property=\"og:url\" content=\"https:\/\/babylove.se\/no\/produkt\/troll-3-delt-madrass-til-victor-seng\/\" \/>\n<meta property=\"og:site_name\" content=\"Babylove Norska\" \/>\n<meta property=\"article:modified_time\" content=\"2026-04-08T08:01:08+00:00\" \/>\n<meta property=\"og:image\" content=\"https:\/\/babylove.se\/no\/wp-content\/uploads\/sites\/3\/2025\/07\/5d78c7541fdc7.jpeg\" \/>\n\t<meta property=\"og:image:width\" content=\"600\" \/>\n\t<meta property=\"og:image:height\" content=\"368\" \/>\n\t<meta property=\"og:image:type\" content=\"image\/jpeg\" \/>\n<meta name=\"twitter:card\" content=\"summary_large_image\" \/>\n<meta name=\"twitter:label1\" content=\"Price\" \/>\n\t<meta name=\"twitter:data1\" content=\"999,00&nbsp;&#107;&#114;\" \/>\n\t<meta name=\"twitter:label2\" content=\"Availability\" \/>\n\t<meta name=\"twitter:data2\" content=\"Out of stock\" \/>\n<script type=\"application\/ld+json\" class=\"yoast-schema-graph\">{\"@context\":\"https:\/\/schema.org\",\"@graph\":[{\"@type\":\"WebPage\",\"@id\":\"https:\/\/babylove.se\/no\/produkt\/troll-3-delt-madrass-til-victor-seng\/\",\"url\":\"https:\/\/babylove.se\/no\/produkt\/troll-3-delt-madrass-til-victor-seng\/\",\"name\":\"Troll, 3-delt madrass til Victor seng - Babylove Norska\",\"isPartOf\":{\"@id\":\"https:\/\/babylove.se\/no\/#website\"},\"primaryImageOfPage\":{\"@id\":\"https:\/\/babylove.se\/no\/produkt\/troll-3-delt-madrass-til-victor-seng\/#primaryimage\"},\"image\":{\"@id\":\"https:\/\/babylove.se\/no\/produkt\/troll-3-delt-madrass-til-victor-seng\/#primaryimage\"},\"thumbnailUrl\":\"https:\/\/babylove.se\/no\/wp-content\/uploads\/sites\/3\/2025\/07\/5d78c7541fdc7.jpeg\",\"datePublished\":\"2025-07-18T20:33:01+00:00\",\"dateModified\":\"2026-04-08T08:01:08+00:00\",\"breadcrumb\":{\"@id\":\"https:\/\/babylove.se\/no\/produkt\/troll-3-delt-madrass-til-victor-seng\/#breadcrumb\"},\"inLanguage\":\"nb-NO\",\"potentialAction\":[{\"@type\":\"ReadAction\",\"target\":[\"https:\/\/babylove.se\/no\/produkt\/troll-3-delt-madrass-til-victor-seng\/\"]}]},{\"@type\":\"ImageObject\",\"inLanguage\":\"nb-NO\",\"@id\":\"https:\/\/babylove.se\/no\/produkt\/troll-3-delt-madrass-til-victor-seng\/#primaryimage\",\"url\":\"https:\/\/babylove.se\/no\/wp-content\/uploads\/sites\/3\/2025\/07\/5d78c7541fdc7.jpeg\",\"contentUrl\":\"https:\/\/babylove.se\/no\/wp-content\/uploads\/sites\/3\/2025\/07\/5d78c7541fdc7.jpeg\",\"width\":600,\"height\":368},{\"@type\":\"BreadcrumbList\",\"@id\":\"https:\/\/babylove.se\/no\/produkt\/troll-3-delt-madrass-til-victor-seng\/#breadcrumb\",\"itemListElement\":[{\"@type\":\"ListItem\",\"position\":1,\"name\":\"Hem\",\"item\":\"https:\/\/babylove.se\/no\/\"},{\"@type\":\"ListItem\",\"position\":2,\"name\":\"Butik\",\"item\":\"https:\/\/babylove.se\/no\/butik\/\"},{\"@type\":\"ListItem\",\"position\":3,\"name\":\"Troll, 3-delt madrass til Victor seng\"}]},{\"@type\":\"WebSite\",\"@id\":\"https:\/\/babylove.se\/no\/#website\",\"url\":\"https:\/\/babylove.se\/no\/\",\"name\":\"Babylove Norska\",\"description\":\"\",\"potentialAction\":[{\"@type\":\"SearchAction\",\"target\":{\"@type\":\"EntryPoint\",\"urlTemplate\":\"https:\/\/babylove.se\/no\/?s={search_term_string}\"},\"query-input\":{\"@type\":\"PropertyValueSpecification\",\"valueRequired\":true,\"valueName\":\"search_term_string\"}}],\"inLanguage\":\"nb-NO\"}]}<\/script>\n<meta property=\"product:brand\" content=\"Troll\" \/>\n<meta property=\"product:price:amount\" content=\"999.00\" \/>\n<meta property=\"product:price:currency\" content=\"SEK\" \/>\n<meta property=\"og:availability\" content=\"out of stock\" \/>\n<meta property=\"product:availability\" content=\"out of stock\" \/>\n<meta property=\"product:retailer_item_id\" content=\"2768\" \/>\n<meta property=\"product:condition\" content=\"new\" \/>\n<!-- \/ Yoast SEO Premium plugin. -->","yoast_head_json":{"title":"Troll, 3-delt madrass til Victor seng - Babylove Norska","robots":{"index":"noindex","follow":"follow","max-snippet":"max-snippet:-1","max-image-preview":"max-image-preview:large","max-video-preview":"max-video-preview:-1"},"og_locale":"nb_NO","og_type":"article","og_title":"Troll, 3-delt madrass til Victor seng","og_description":"\u00d8kologisk madrass i tre deler, for vokseseng Victor fra Troll. Yttert\u00f8y i GOTS-sertifisert bomullssatin og komfortabel stoppning av resirkulert materiale. Praktisk og komfortabel tredelt madrass tilpasset Victor seng fra Troll.&nbsp;Ved \u00e5 kombinere de ulike delene kan du tilpasse sengens st\u00f8rrelse og forlenge den i fire trinn. Minste sengem\u00e5l blir 105 cm, neste 140 cm, ytterligere [&hellip;]","og_url":"https:\/\/babylove.se\/no\/produkt\/troll-3-delt-madrass-til-victor-seng\/","og_site_name":"Babylove Norska","article_modified_time":"2026-04-08T08:01:08+00:00","og_image":[{"width":600,"height":368,"url":"https:\/\/babylove.se\/no\/wp-content\/uploads\/sites\/3\/2025\/07\/5d78c7541fdc7.jpeg","type":"image\/jpeg"}],"twitter_card":"summary_large_image","twitter_misc":{"Price":"999,00&nbsp;&#107;&#114;","Availability":"Out of stock"},"schema":{"@context":"https:\/\/schema.org","@graph":[{"@type":"WebPage","@id":"https:\/\/babylove.se\/no\/produkt\/troll-3-delt-madrass-til-victor-seng\/","url":"https:\/\/babylove.se\/no\/produkt\/troll-3-delt-madrass-til-victor-seng\/","name":"Troll, 3-delt madrass til Victor seng - Babylove Norska","isPartOf":{"@id":"https:\/\/babylove.se\/no\/#website"},"primaryImageOfPage":{"@id":"https:\/\/babylove.se\/no\/produkt\/troll-3-delt-madrass-til-victor-seng\/#primaryimage"},"image":{"@id":"https:\/\/babylove.se\/no\/produkt\/troll-3-delt-madrass-til-victor-seng\/#primaryimage"},"thumbnailUrl":"https:\/\/babylove.se\/no\/wp-content\/uploads\/sites\/3\/2025\/07\/5d78c7541fdc7.jpeg","datePublished":"2025-07-18T20:33:01+00:00","dateModified":"2026-04-08T08:01:08+00:00","breadcrumb":{"@id":"https:\/\/babylove.se\/no\/produkt\/troll-3-delt-madrass-til-victor-seng\/#breadcrumb"},"inLanguage":"nb-NO","potentialAction":[{"@type":"ReadAction","target":["https:\/\/babylove.se\/no\/produkt\/troll-3-delt-madrass-til-victor-seng\/"]}]},{"@type":"ImageObject","inLanguage":"nb-NO","@id":"https:\/\/babylove.se\/no\/produkt\/troll-3-delt-madrass-til-victor-seng\/#primaryimage","url":"https:\/\/babylove.se\/no\/wp-content\/uploads\/sites\/3\/2025\/07\/5d78c7541fdc7.jpeg","contentUrl":"https:\/\/babylove.se\/no\/wp-content\/uploads\/sites\/3\/2025\/07\/5d78c7541fdc7.jpeg","width":600,"height":368},{"@type":"BreadcrumbList","@id":"https:\/\/babylove.se\/no\/produkt\/troll-3-delt-madrass-til-victor-seng\/#breadcrumb","itemListElement":[{"@type":"ListItem","position":1,"name":"Hem","item":"https:\/\/babylove.se\/no\/"},{"@type":"ListItem","position":2,"name":"Butik","item":"https:\/\/babylove.se\/no\/butik\/"},{"@type":"ListItem","position":3,"name":"Troll, 3-delt madrass til Victor seng"}]},{"@type":"WebSite","@id":"https:\/\/babylove.se\/no\/#website","url":"https:\/\/babylove.se\/no\/","name":"Babylove Norska","description":"","potentialAction":[{"@type":"SearchAction","target":{"@type":"EntryPoint","urlTemplate":"https:\/\/babylove.se\/no\/?s={search_term_string}"},"query-input":{"@type":"PropertyValueSpecification","valueRequired":true,"valueName":"search_term_string"}}],"inLanguage":"nb-NO"}]},"product_brand":"Troll","product_price_amount":"999.00","product_price_currency":"SEK","og_availability":"out of stock","product_availability":"out of stock","product_retailer_item_id":"2768","product_condition":"new"},"_links":{"self":[{"href":"https:\/\/babylove.se\/no\/wp-json\/wp\/v2\/product\/13447","targetHints":{"allow":["GET"]}}],"collection":[{"href":"https:\/\/babylove.se\/no\/wp-json\/wp\/v2\/product"}],"about":[{"href":"https:\/\/babylove.se\/no\/wp-json\/wp\/v2\/types\/product"}],"replies":[{"embeddable":true,"href":"https:\/\/babylove.se\/no\/wp-json\/wp\/v2\/comments?post=13447"}],"wp:featuredmedia":[{"embeddable":true,"href":"https:\/\/babylove.se\/no\/wp-json\/wp\/v2\/media\/13449"}],"wp:attachment":[{"href":"https:\/\/babylove.se\/no\/wp-json\/wp\/v2\/media?parent=13447"}],"wp:term":[{"taxonomy":"product_brand","embeddable":true,"href":"https:\/\/babylove.se\/no\/wp-json\/wp\/v2\/product_brand?post=13447"},{"taxonomy":"product_cat","embeddable":true,"href":"https:\/\/babylove.se\/no\/wp-json\/wp\/v2\/product_cat?post=13447"},{"taxonomy":"product_tag","embeddable":true,"href":"https:\/\/babylove.se\/no\/wp-json\/wp\/v2\/product_tag?post=13447"}],"curies":[{"name":"wp","href":"https:\/\/api.w.org\/{rel}","templated":true}]}}