{"id":13450,"date":"2025-07-18T21:33:01","date_gmt":"2025-07-18T20:33:01","guid":{"rendered":"https:\/\/babylove.se\/produkt\/gra-myspol-ng-baby-basic\/"},"modified":"2026-04-08T09:01:11","modified_gmt":"2026-04-08T08:01:11","slug":"gra-musemaling-baby-basic","status":"publish","type":"product","link":"https:\/\/babylove.se\/no\/produkt\/gra-musemaling-baby-basic\/","title":{"rendered":"Gr\u00e5 musepose NG baby basic"},"content":{"rendered":"<p>En fantastisk fin kosep\u00f8l fra NG Babys basic kolleksjon. Ikke bare en perfekt lekeplass for babyen din, men ogs\u00e5 en meget fin barnerominnredning. <\/p>\n<p>Denne kosep\u00f8len har masse plass for b\u00e5de venner og leker. Det er ikke umulig at barnet ditt tar en blund i denne kosep\u00f8len, den fungerer perfekt til det form\u00e5let. For best matching, heng gjerne en sengehimmel fra samme serie over den og du har raskt skapt deg en koselig koja. <\/p>\n<p>Kosep\u00f8lens overtrekk er laget av bl.a. bomull og er b\u00e5de avtakbart og vaskbart. <\/p>\n<p><strong>Material<\/strong>: Yterstoff:<strong> <\/strong>80 % bomull \/ 20 % polyester | Fyll: Bunn av komprimert fibervatt. Innholdet av 100 % polyester best\u00e5r for det meste av resirkulerte PET-flasker. Ytterring av styrolittkuler (EPS) EPS betyr ekspanderende polystyren <\/p>\n<p><strong>M\u00e5l<\/strong>: Finnes i to st\u00f8rrelser, 100 cm og 120 cm (Diameter). <\/p>\n<p>Kan maskinvaskes i h\u00f8yst 40 grader. <\/p>\n<p>Designer: <a href=\"https:\/\/babylove.se\/varumarken\/ng-baby\">NG Baby<\/a><\/p>\n","protected":false},"excerpt":{"rendered":"<p>En fantastisk fin kosep\u00f8l fra NG Babys basic kolleksjon. Ikke bare en perfekt lekeplass for babyen din, men ogs\u00e5 en meget fin barnerominnredning. Denne kosep\u00f8len har masse plass for b\u00e5de venner og leker. Det er ikke umulig at barnet ditt tar en blund i denne kosep\u00f8len, den fungerer perfekt til det form\u00e5let. For best matching, [&hellip;]<\/p>\n","protected":false},"featured_media":13452,"comment_status":"closed","ping_status":"closed","template":"","meta":{"_acf_changed":false},"product_brand":[107],"product_cat":[122,109],"product_tag":[],"class_list":{"0":"post-13450","1":"product","2":"type-product","3":"status-publish","4":"has-post-thumbnail","6":"product_brand-ng-baby","7":"product_cat-myspolar","8":"product_cat-ng-baby","9":"pa_storlek-100-cm","10":"pa_storlek-120-cm","12":"first","13":"outofstock","14":"taxable","15":"shipping-taxable","16":"purchasable","17":"product-type-variable"},"acf":[],"yoast_head":"<!-- This site is optimized with the Yoast SEO Premium plugin v25.8 (Yoast SEO v27.2) - https:\/\/yoast.com\/product\/yoast-seo-premium-wordpress\/ -->\n<title>Gr\u00e5 musepose NG baby basic - Babylove Norska<\/title>\n<meta name=\"robots\" content=\"noindex, follow, max-snippet:-1, max-image-preview:large, max-video-preview:-1\" \/>\n<meta property=\"og:locale\" content=\"nb_NO\" \/>\n<meta property=\"og:type\" content=\"article\" \/>\n<meta property=\"og:title\" content=\"Gr\u00e5 musepose NG baby basic\" \/>\n<meta property=\"og:description\" content=\"En fantastisk fin kosep\u00f8l fra NG Babys basic kolleksjon. Ikke bare en perfekt lekeplass for babyen din, men ogs\u00e5 en meget fin barnerominnredning. Denne kosep\u00f8len har masse plass for b\u00e5de venner og leker. Det er ikke umulig at barnet ditt tar en blund i denne kosep\u00f8len, den fungerer perfekt til det form\u00e5let. For best matching, [&hellip;]\" \/>\n<meta property=\"og:url\" content=\"https:\/\/babylove.se\/no\/produkt\/gra-musemaling-baby-basic\/\" \/>\n<meta property=\"og:site_name\" content=\"Babylove Norska\" \/>\n<meta property=\"article:modified_time\" content=\"2026-04-08T08:01:11+00:00\" \/>\n<meta property=\"og:image\" content=\"https:\/\/babylove.se\/no\/wp-content\/uploads\/sites\/3\/2025\/07\/5d78c8258b025.jpeg\" \/>\n\t<meta property=\"og:image:width\" content=\"750\" \/>\n\t<meta property=\"og:image:height\" content=\"562\" \/>\n\t<meta property=\"og:image:type\" content=\"image\/jpeg\" \/>\n<meta name=\"twitter:card\" content=\"summary_large_image\" \/>\n<meta name=\"twitter:label1\" content=\"Availability\" \/>\n\t<meta name=\"twitter:data1\" content=\"Out of stock\" \/>\n<script type=\"application\/ld+json\" class=\"yoast-schema-graph\">{\"@context\":\"https:\/\/schema.org\",\"@graph\":[{\"@type\":\"WebPage\",\"@id\":\"https:\/\/babylove.se\/no\/produkt\/gra-musemaling-baby-basic\/\",\"url\":\"https:\/\/babylove.se\/no\/produkt\/gra-musemaling-baby-basic\/\",\"name\":\"Gr\u00e5 musepose NG baby basic - Babylove Norska\",\"isPartOf\":{\"@id\":\"https:\/\/babylove.se\/no\/#website\"},\"primaryImageOfPage\":{\"@id\":\"https:\/\/babylove.se\/no\/produkt\/gra-musemaling-baby-basic\/#primaryimage\"},\"image\":{\"@id\":\"https:\/\/babylove.se\/no\/produkt\/gra-musemaling-baby-basic\/#primaryimage\"},\"thumbnailUrl\":\"https:\/\/babylove.se\/no\/wp-content\/uploads\/sites\/3\/2025\/07\/5d78c8258b025.jpeg\",\"datePublished\":\"2025-07-18T20:33:01+00:00\",\"dateModified\":\"2026-04-08T08:01:11+00:00\",\"breadcrumb\":{\"@id\":\"https:\/\/babylove.se\/no\/produkt\/gra-musemaling-baby-basic\/#breadcrumb\"},\"inLanguage\":\"nb-NO\",\"potentialAction\":[{\"@type\":\"ReadAction\",\"target\":[\"https:\/\/babylove.se\/no\/produkt\/gra-musemaling-baby-basic\/\"]}]},{\"@type\":\"ImageObject\",\"inLanguage\":\"nb-NO\",\"@id\":\"https:\/\/babylove.se\/no\/produkt\/gra-musemaling-baby-basic\/#primaryimage\",\"url\":\"https:\/\/babylove.se\/no\/wp-content\/uploads\/sites\/3\/2025\/07\/5d78c8258b025.jpeg\",\"contentUrl\":\"https:\/\/babylove.se\/no\/wp-content\/uploads\/sites\/3\/2025\/07\/5d78c8258b025.jpeg\",\"width\":750,\"height\":562},{\"@type\":\"BreadcrumbList\",\"@id\":\"https:\/\/babylove.se\/no\/produkt\/gra-musemaling-baby-basic\/#breadcrumb\",\"itemListElement\":[{\"@type\":\"ListItem\",\"position\":1,\"name\":\"Hem\",\"item\":\"https:\/\/babylove.se\/no\/\"},{\"@type\":\"ListItem\",\"position\":2,\"name\":\"Butik\",\"item\":\"https:\/\/babylove.se\/no\/butik\/\"},{\"@type\":\"ListItem\",\"position\":3,\"name\":\"Gr\u00e5 musepose NG baby basic\"}]},{\"@type\":\"WebSite\",\"@id\":\"https:\/\/babylove.se\/no\/#website\",\"url\":\"https:\/\/babylove.se\/no\/\",\"name\":\"Babylove Norska\",\"description\":\"\",\"potentialAction\":[{\"@type\":\"SearchAction\",\"target\":{\"@type\":\"EntryPoint\",\"urlTemplate\":\"https:\/\/babylove.se\/no\/?s={search_term_string}\"},\"query-input\":{\"@type\":\"PropertyValueSpecification\",\"valueRequired\":true,\"valueName\":\"search_term_string\"}}],\"inLanguage\":\"nb-NO\"}]}<\/script>\n<meta property=\"product:brand\" content=\"Ng Baby\" \/>\n<meta property=\"og:availability\" content=\"out of stock\" \/>\n<meta property=\"product:availability\" content=\"out of stock\" \/>\n<meta property=\"product:retailer_item_id\" content=\"8320-015\" \/>\n<meta property=\"product:condition\" content=\"new\" \/>\n<!-- \/ Yoast SEO Premium plugin. -->","yoast_head_json":{"title":"Gr\u00e5 musepose NG baby basic - Babylove Norska","robots":{"index":"noindex","follow":"follow","max-snippet":"max-snippet:-1","max-image-preview":"max-image-preview:large","max-video-preview":"max-video-preview:-1"},"og_locale":"nb_NO","og_type":"article","og_title":"Gr\u00e5 musepose NG baby basic","og_description":"En fantastisk fin kosep\u00f8l fra NG Babys basic kolleksjon. Ikke bare en perfekt lekeplass for babyen din, men ogs\u00e5 en meget fin barnerominnredning. Denne kosep\u00f8len har masse plass for b\u00e5de venner og leker. Det er ikke umulig at barnet ditt tar en blund i denne kosep\u00f8len, den fungerer perfekt til det form\u00e5let. For best matching, [&hellip;]","og_url":"https:\/\/babylove.se\/no\/produkt\/gra-musemaling-baby-basic\/","og_site_name":"Babylove Norska","article_modified_time":"2026-04-08T08:01:11+00:00","og_image":[{"width":750,"height":562,"url":"https:\/\/babylove.se\/no\/wp-content\/uploads\/sites\/3\/2025\/07\/5d78c8258b025.jpeg","type":"image\/jpeg"}],"twitter_card":"summary_large_image","twitter_misc":{"Availability":"Out of stock"},"schema":{"@context":"https:\/\/schema.org","@graph":[{"@type":"WebPage","@id":"https:\/\/babylove.se\/no\/produkt\/gra-musemaling-baby-basic\/","url":"https:\/\/babylove.se\/no\/produkt\/gra-musemaling-baby-basic\/","name":"Gr\u00e5 musepose NG baby basic - Babylove Norska","isPartOf":{"@id":"https:\/\/babylove.se\/no\/#website"},"primaryImageOfPage":{"@id":"https:\/\/babylove.se\/no\/produkt\/gra-musemaling-baby-basic\/#primaryimage"},"image":{"@id":"https:\/\/babylove.se\/no\/produkt\/gra-musemaling-baby-basic\/#primaryimage"},"thumbnailUrl":"https:\/\/babylove.se\/no\/wp-content\/uploads\/sites\/3\/2025\/07\/5d78c8258b025.jpeg","datePublished":"2025-07-18T20:33:01+00:00","dateModified":"2026-04-08T08:01:11+00:00","breadcrumb":{"@id":"https:\/\/babylove.se\/no\/produkt\/gra-musemaling-baby-basic\/#breadcrumb"},"inLanguage":"nb-NO","potentialAction":[{"@type":"ReadAction","target":["https:\/\/babylove.se\/no\/produkt\/gra-musemaling-baby-basic\/"]}]},{"@type":"ImageObject","inLanguage":"nb-NO","@id":"https:\/\/babylove.se\/no\/produkt\/gra-musemaling-baby-basic\/#primaryimage","url":"https:\/\/babylove.se\/no\/wp-content\/uploads\/sites\/3\/2025\/07\/5d78c8258b025.jpeg","contentUrl":"https:\/\/babylove.se\/no\/wp-content\/uploads\/sites\/3\/2025\/07\/5d78c8258b025.jpeg","width":750,"height":562},{"@type":"BreadcrumbList","@id":"https:\/\/babylove.se\/no\/produkt\/gra-musemaling-baby-basic\/#breadcrumb","itemListElement":[{"@type":"ListItem","position":1,"name":"Hem","item":"https:\/\/babylove.se\/no\/"},{"@type":"ListItem","position":2,"name":"Butik","item":"https:\/\/babylove.se\/no\/butik\/"},{"@type":"ListItem","position":3,"name":"Gr\u00e5 musepose NG baby basic"}]},{"@type":"WebSite","@id":"https:\/\/babylove.se\/no\/#website","url":"https:\/\/babylove.se\/no\/","name":"Babylove Norska","description":"","potentialAction":[{"@type":"SearchAction","target":{"@type":"EntryPoint","urlTemplate":"https:\/\/babylove.se\/no\/?s={search_term_string}"},"query-input":{"@type":"PropertyValueSpecification","valueRequired":true,"valueName":"search_term_string"}}],"inLanguage":"nb-NO"}]},"product_brand":"Ng Baby","og_availability":"out of stock","product_availability":"out of stock","product_retailer_item_id":"8320-015","product_condition":"new"},"_links":{"self":[{"href":"https:\/\/babylove.se\/no\/wp-json\/wp\/v2\/product\/13450","targetHints":{"allow":["GET"]}}],"collection":[{"href":"https:\/\/babylove.se\/no\/wp-json\/wp\/v2\/product"}],"about":[{"href":"https:\/\/babylove.se\/no\/wp-json\/wp\/v2\/types\/product"}],"replies":[{"embeddable":true,"href":"https:\/\/babylove.se\/no\/wp-json\/wp\/v2\/comments?post=13450"}],"wp:featuredmedia":[{"embeddable":true,"href":"https:\/\/babylove.se\/no\/wp-json\/wp\/v2\/media\/13452"}],"wp:attachment":[{"href":"https:\/\/babylove.se\/no\/wp-json\/wp\/v2\/media?parent=13450"}],"wp:term":[{"taxonomy":"product_brand","embeddable":true,"href":"https:\/\/babylove.se\/no\/wp-json\/wp\/v2\/product_brand?post=13450"},{"taxonomy":"product_cat","embeddable":true,"href":"https:\/\/babylove.se\/no\/wp-json\/wp\/v2\/product_cat?post=13450"},{"taxonomy":"product_tag","embeddable":true,"href":"https:\/\/babylove.se\/no\/wp-json\/wp\/v2\/product_tag?post=13450"}],"curies":[{"name":"wp","href":"https:\/\/api.w.org\/{rel}","templated":true}]}}