{"id":13470,"date":"2025-07-18T21:33:11","date_gmt":"2025-07-18T20:33:11","guid":{"rendered":"https:\/\/babylove.se\/produkt\/sand-stjarna-myspol-ng-baby-basic\/"},"modified":"2026-04-08T09:01:23","modified_gmt":"2026-04-08T08:01:23","slug":"sand-stjerne-myspeling-baby-basic","status":"publish","type":"product","link":"https:\/\/babylove.se\/no\/produkt\/sand-stjerne-myspeling-baby-basic\/","title":{"rendered":"Sand stjerne mysp\u00f6l NG baby basic"},"content":{"rendered":"<p>En fantastisk fin mysp\u00f8l fra NG Babys basic kolleksjon. Ikke bare den perfekte lekeplassen for babyen din, men ogs\u00e5 en meget fin barnerominredning. <\/p>\n<p>Denne mysp\u00f8len har masse plass til b\u00e5de kompiser og leker. Det er ikke umulig at barnet ditt tar en blund i denne mysp\u00f8len, den fungerer perfekt til det form\u00e5let. For beste matching, heng gjerne en sengehimmel fra samme serie over den og du har raskt skapt deg en koselig koie. <\/p>\n<p>Mysp\u00f8lens overtrekk er laget i bl.a. bomull og er b\u00e5de avtakbart og vaskbart. <\/p>\n<p><strong>Materiale<\/strong>: Ytterstoff:<strong> <\/strong>80 % bomull \/ 20 % polyester | Fyll: Bunn av komprimert fibervatt. Innholdet av 100 % polyester best\u00e5r for det meste av resirkulerte PET-flasker. Ytterring av styrolitkuler (EPS) EPS betyr ekspanderende polystyren <\/p>\n<p><strong>M\u00e5l<\/strong>: Finnes i to st\u00f8rrelser, 100 cm og 120 cm (diameter). <\/p>\n<p>Kan maskinvaskes i maks 40 grader. <\/p>\n<p>Designer: <a href=\"https:\/\/babylove.se\/varumarken\/ng-baby\">NG Baby<\/a><\/p>\n","protected":false},"excerpt":{"rendered":"<p>En fantastisk fin mysp\u00f8l fra NG Babys basic kolleksjon. Ikke bare den perfekte lekeplassen for babyen din, men ogs\u00e5 en meget fin barnerominredning. Denne mysp\u00f8len har masse plass til b\u00e5de kompiser og leker. Det er ikke umulig at barnet ditt tar en blund i denne mysp\u00f8len, den fungerer perfekt til det form\u00e5let. For beste matching, [&hellip;]<\/p>\n","protected":false},"featured_media":13472,"comment_status":"closed","ping_status":"closed","template":"","meta":{"_acf_changed":false},"product_brand":[107],"product_cat":[122,109],"product_tag":[],"class_list":{"0":"post-13470","1":"product","2":"type-product","3":"status-publish","4":"has-post-thumbnail","6":"product_brand-ng-baby","7":"product_cat-myspolar","8":"product_cat-ng-baby","9":"pa_storlek-100-cm","10":"pa_storlek-120-cm","12":"first","13":"outofstock","14":"taxable","15":"shipping-taxable","16":"purchasable","17":"product-type-variable"},"acf":[],"yoast_head":"<!-- This site is optimized with the Yoast SEO Premium plugin v25.8 (Yoast SEO v27.2) - https:\/\/yoast.com\/product\/yoast-seo-premium-wordpress\/ -->\n<title>Sand stjerne mysp\u00f6l NG baby basic - Babylove Norska<\/title>\n<meta name=\"robots\" content=\"noindex, follow, max-snippet:-1, max-image-preview:large, max-video-preview:-1\" \/>\n<meta property=\"og:locale\" content=\"nb_NO\" \/>\n<meta property=\"og:type\" content=\"article\" \/>\n<meta property=\"og:title\" content=\"Sand stjerne mysp\u00f6l NG baby basic\" \/>\n<meta property=\"og:description\" content=\"En fantastisk fin mysp\u00f8l fra NG Babys basic kolleksjon. Ikke bare den perfekte lekeplassen for babyen din, men ogs\u00e5 en meget fin barnerominredning. Denne mysp\u00f8len har masse plass til b\u00e5de kompiser og leker. Det er ikke umulig at barnet ditt tar en blund i denne mysp\u00f8len, den fungerer perfekt til det form\u00e5let. For beste matching, [&hellip;]\" \/>\n<meta property=\"og:url\" content=\"https:\/\/babylove.se\/no\/produkt\/sand-stjerne-myspeling-baby-basic\/\" \/>\n<meta property=\"og:site_name\" content=\"Babylove Norska\" \/>\n<meta property=\"article:modified_time\" content=\"2026-04-08T08:01:23+00:00\" \/>\n<meta property=\"og:image\" content=\"https:\/\/babylove.se\/no\/wp-content\/uploads\/sites\/3\/2025\/07\/5d78cd3517d5b.jpeg\" \/>\n\t<meta property=\"og:image:width\" content=\"750\" \/>\n\t<meta property=\"og:image:height\" content=\"750\" \/>\n\t<meta property=\"og:image:type\" content=\"image\/jpeg\" \/>\n<meta name=\"twitter:card\" content=\"summary_large_image\" \/>\n<meta name=\"twitter:label1\" content=\"Availability\" \/>\n\t<meta name=\"twitter:data1\" content=\"Out of stock\" \/>\n<script type=\"application\/ld+json\" class=\"yoast-schema-graph\">{\"@context\":\"https:\/\/schema.org\",\"@graph\":[{\"@type\":\"WebPage\",\"@id\":\"https:\/\/babylove.se\/no\/produkt\/sand-stjerne-myspeling-baby-basic\/\",\"url\":\"https:\/\/babylove.se\/no\/produkt\/sand-stjerne-myspeling-baby-basic\/\",\"name\":\"Sand stjerne mysp\u00f6l NG baby basic - Babylove Norska\",\"isPartOf\":{\"@id\":\"https:\/\/babylove.se\/no\/#website\"},\"primaryImageOfPage\":{\"@id\":\"https:\/\/babylove.se\/no\/produkt\/sand-stjerne-myspeling-baby-basic\/#primaryimage\"},\"image\":{\"@id\":\"https:\/\/babylove.se\/no\/produkt\/sand-stjerne-myspeling-baby-basic\/#primaryimage\"},\"thumbnailUrl\":\"https:\/\/babylove.se\/no\/wp-content\/uploads\/sites\/3\/2025\/07\/5d78cd3517d5b.jpeg\",\"datePublished\":\"2025-07-18T20:33:11+00:00\",\"dateModified\":\"2026-04-08T08:01:23+00:00\",\"breadcrumb\":{\"@id\":\"https:\/\/babylove.se\/no\/produkt\/sand-stjerne-myspeling-baby-basic\/#breadcrumb\"},\"inLanguage\":\"nb-NO\",\"potentialAction\":[{\"@type\":\"ReadAction\",\"target\":[\"https:\/\/babylove.se\/no\/produkt\/sand-stjerne-myspeling-baby-basic\/\"]}]},{\"@type\":\"ImageObject\",\"inLanguage\":\"nb-NO\",\"@id\":\"https:\/\/babylove.se\/no\/produkt\/sand-stjerne-myspeling-baby-basic\/#primaryimage\",\"url\":\"https:\/\/babylove.se\/no\/wp-content\/uploads\/sites\/3\/2025\/07\/5d78cd3517d5b.jpeg\",\"contentUrl\":\"https:\/\/babylove.se\/no\/wp-content\/uploads\/sites\/3\/2025\/07\/5d78cd3517d5b.jpeg\",\"width\":750,\"height\":750},{\"@type\":\"BreadcrumbList\",\"@id\":\"https:\/\/babylove.se\/no\/produkt\/sand-stjerne-myspeling-baby-basic\/#breadcrumb\",\"itemListElement\":[{\"@type\":\"ListItem\",\"position\":1,\"name\":\"Hem\",\"item\":\"https:\/\/babylove.se\/no\/\"},{\"@type\":\"ListItem\",\"position\":2,\"name\":\"Butik\",\"item\":\"https:\/\/babylove.se\/no\/butik\/\"},{\"@type\":\"ListItem\",\"position\":3,\"name\":\"Sand stjerne mysp\u00f6l NG baby basic\"}]},{\"@type\":\"WebSite\",\"@id\":\"https:\/\/babylove.se\/no\/#website\",\"url\":\"https:\/\/babylove.se\/no\/\",\"name\":\"Babylove Norska\",\"description\":\"\",\"potentialAction\":[{\"@type\":\"SearchAction\",\"target\":{\"@type\":\"EntryPoint\",\"urlTemplate\":\"https:\/\/babylove.se\/no\/?s={search_term_string}\"},\"query-input\":{\"@type\":\"PropertyValueSpecification\",\"valueRequired\":true,\"valueName\":\"search_term_string\"}}],\"inLanguage\":\"nb-NO\"}]}<\/script>\n<meta property=\"product:brand\" content=\"Ng Baby\" \/>\n<meta property=\"og:availability\" content=\"out of stock\" \/>\n<meta property=\"product:availability\" content=\"out of stock\" \/>\n<meta property=\"product:retailer_item_id\" content=\"Sand100-cm\" \/>\n<meta property=\"product:condition\" content=\"new\" \/>\n<!-- \/ Yoast SEO Premium plugin. -->","yoast_head_json":{"title":"Sand stjerne mysp\u00f6l NG baby basic - Babylove Norska","robots":{"index":"noindex","follow":"follow","max-snippet":"max-snippet:-1","max-image-preview":"max-image-preview:large","max-video-preview":"max-video-preview:-1"},"og_locale":"nb_NO","og_type":"article","og_title":"Sand stjerne mysp\u00f6l NG baby basic","og_description":"En fantastisk fin mysp\u00f8l fra NG Babys basic kolleksjon. Ikke bare den perfekte lekeplassen for babyen din, men ogs\u00e5 en meget fin barnerominredning. Denne mysp\u00f8len har masse plass til b\u00e5de kompiser og leker. Det er ikke umulig at barnet ditt tar en blund i denne mysp\u00f8len, den fungerer perfekt til det form\u00e5let. For beste matching, [&hellip;]","og_url":"https:\/\/babylove.se\/no\/produkt\/sand-stjerne-myspeling-baby-basic\/","og_site_name":"Babylove Norska","article_modified_time":"2026-04-08T08:01:23+00:00","og_image":[{"width":750,"height":750,"url":"https:\/\/babylove.se\/no\/wp-content\/uploads\/sites\/3\/2025\/07\/5d78cd3517d5b.jpeg","type":"image\/jpeg"}],"twitter_card":"summary_large_image","twitter_misc":{"Availability":"Out of stock"},"schema":{"@context":"https:\/\/schema.org","@graph":[{"@type":"WebPage","@id":"https:\/\/babylove.se\/no\/produkt\/sand-stjerne-myspeling-baby-basic\/","url":"https:\/\/babylove.se\/no\/produkt\/sand-stjerne-myspeling-baby-basic\/","name":"Sand stjerne mysp\u00f6l NG baby basic - Babylove Norska","isPartOf":{"@id":"https:\/\/babylove.se\/no\/#website"},"primaryImageOfPage":{"@id":"https:\/\/babylove.se\/no\/produkt\/sand-stjerne-myspeling-baby-basic\/#primaryimage"},"image":{"@id":"https:\/\/babylove.se\/no\/produkt\/sand-stjerne-myspeling-baby-basic\/#primaryimage"},"thumbnailUrl":"https:\/\/babylove.se\/no\/wp-content\/uploads\/sites\/3\/2025\/07\/5d78cd3517d5b.jpeg","datePublished":"2025-07-18T20:33:11+00:00","dateModified":"2026-04-08T08:01:23+00:00","breadcrumb":{"@id":"https:\/\/babylove.se\/no\/produkt\/sand-stjerne-myspeling-baby-basic\/#breadcrumb"},"inLanguage":"nb-NO","potentialAction":[{"@type":"ReadAction","target":["https:\/\/babylove.se\/no\/produkt\/sand-stjerne-myspeling-baby-basic\/"]}]},{"@type":"ImageObject","inLanguage":"nb-NO","@id":"https:\/\/babylove.se\/no\/produkt\/sand-stjerne-myspeling-baby-basic\/#primaryimage","url":"https:\/\/babylove.se\/no\/wp-content\/uploads\/sites\/3\/2025\/07\/5d78cd3517d5b.jpeg","contentUrl":"https:\/\/babylove.se\/no\/wp-content\/uploads\/sites\/3\/2025\/07\/5d78cd3517d5b.jpeg","width":750,"height":750},{"@type":"BreadcrumbList","@id":"https:\/\/babylove.se\/no\/produkt\/sand-stjerne-myspeling-baby-basic\/#breadcrumb","itemListElement":[{"@type":"ListItem","position":1,"name":"Hem","item":"https:\/\/babylove.se\/no\/"},{"@type":"ListItem","position":2,"name":"Butik","item":"https:\/\/babylove.se\/no\/butik\/"},{"@type":"ListItem","position":3,"name":"Sand stjerne mysp\u00f6l NG baby basic"}]},{"@type":"WebSite","@id":"https:\/\/babylove.se\/no\/#website","url":"https:\/\/babylove.se\/no\/","name":"Babylove Norska","description":"","potentialAction":[{"@type":"SearchAction","target":{"@type":"EntryPoint","urlTemplate":"https:\/\/babylove.se\/no\/?s={search_term_string}"},"query-input":{"@type":"PropertyValueSpecification","valueRequired":true,"valueName":"search_term_string"}}],"inLanguage":"nb-NO"}]},"product_brand":"Ng Baby","og_availability":"out of stock","product_availability":"out of stock","product_retailer_item_id":"Sand100-cm","product_condition":"new"},"_links":{"self":[{"href":"https:\/\/babylove.se\/no\/wp-json\/wp\/v2\/product\/13470","targetHints":{"allow":["GET"]}}],"collection":[{"href":"https:\/\/babylove.se\/no\/wp-json\/wp\/v2\/product"}],"about":[{"href":"https:\/\/babylove.se\/no\/wp-json\/wp\/v2\/types\/product"}],"replies":[{"embeddable":true,"href":"https:\/\/babylove.se\/no\/wp-json\/wp\/v2\/comments?post=13470"}],"wp:featuredmedia":[{"embeddable":true,"href":"https:\/\/babylove.se\/no\/wp-json\/wp\/v2\/media\/13472"}],"wp:attachment":[{"href":"https:\/\/babylove.se\/no\/wp-json\/wp\/v2\/media?parent=13470"}],"wp:term":[{"taxonomy":"product_brand","embeddable":true,"href":"https:\/\/babylove.se\/no\/wp-json\/wp\/v2\/product_brand?post=13470"},{"taxonomy":"product_cat","embeddable":true,"href":"https:\/\/babylove.se\/no\/wp-json\/wp\/v2\/product_cat?post=13470"},{"taxonomy":"product_tag","embeddable":true,"href":"https:\/\/babylove.se\/no\/wp-json\/wp\/v2\/product_tag?post=13470"}],"curies":[{"name":"wp","href":"https:\/\/api.w.org\/{rel}","templated":true}]}}