{"id":13489,"date":"2025-07-18T21:33:11","date_gmt":"2025-07-18T20:33:11","guid":{"rendered":"https:\/\/babylove.se\/produkt\/barnsang-philip-hussang\/"},"modified":"2026-04-08T09:01:28","modified_gmt":"2026-04-08T08:01:28","slug":"barnesang-philip-hussang","status":"publish","type":"product","link":"https:\/\/babylove.se\/no\/produkt\/barnesang-philip-hussang\/","title":{"rendered":"Barneseng Philip husseng"},"content":{"rendered":"<p>Her har dere v\u00e5r s\u00f8te enkelt\u0633eng med en fast st\u00f8ttebrett, Philip! <\/p>\n<p>Denne fantastiske husseng er helt h\u00e5ndlaget med stor lidenskap<em>, <\/em>av h\u00f8ykvalitets limtre. <\/p>\n<p>Philip kommer som et byggesett med en stabil ribbbunn, som best\u00e5r av remser som skal boltes inn i sengrammen, boltene f\u00f8lger selvf\u00f8lgelig med! <\/p>\n<p>En stabil og vakker seng av h\u00f8y kvalitet! <\/p>\n<p><strong>Tilvalg<\/strong>: <\/p>\n<ul>\n<li>Uten ben (1 cm h\u00f8yde pga ventilasjon)\/(standardh\u00f8yde er 19cm)<\/li>\n<li>Skorstein<\/li>\n<\/ul>\n<p>Madrass er ikke inkludert, men ta gjerne en titt i v\u00e5rt store madrassutvalg. Vi anbefaler en skummadrass med tykkelse p\u00e5 ca 10-12 cm. <\/p>\n<p><strong>Info:<\/strong> <\/p>\n<ul>\n<li>Farge: velg mellom natur (ubehandlet), lakkert, hvit og gr\u00e5<\/li>\n<li>St\u00f8ttebrett monteres p\u00e5 \u00f8nsket side.<\/li>\n<li>De oppgitte m\u00e5lene er sengem\u00e5l. For totale m\u00e5let, legg til 9 cm i lengde og bredde.<\/li>\n<li>Hvis du velger oppbevaringsboks; M\u00e5l opp til 160 cm leveres med 1 stk boks, med m\u00e5l over 160cm leveres 2 bokser.<\/li>\n<li>Maksvekt. 100kg<\/li>\n<\/ul>\n<p>Sengene kommer fra v\u00e5r fabrikk i Europa som har h\u00f8ye kvalitetskrav og kontrollerer hvert steg fra det at t\u00f8mmeret kommer inn i fabrikken til at et ferdig produkt forlater. Farge, lakk og lim er vannbasert, milj\u00f8vennlig og produsert innenfor Europa <\/p>\n<p><em>Sengen leveres umontert og b\u00f8r settes sammen i rommet den skal brukes i.<\/em><\/p>\n","protected":false},"excerpt":{"rendered":"<p>Her har dere v\u00e5r s\u00f8te enkelt\u0633eng med en fast st\u00f8ttebrett, Philip! Denne fantastiske husseng er helt h\u00e5ndlaget med stor lidenskap, av h\u00f8ykvalitets limtre. Philip kommer som et byggesett med en stabil ribbbunn, som best\u00e5r av remser som skal boltes inn i sengrammen, boltene f\u00f8lger selvf\u00f8lgelig med! En stabil og vakker seng av h\u00f8y kvalitet! Tilvalg: [&hellip;]<\/p>\n","protected":false},"featured_media":13491,"comment_status":"open","ping_status":"closed","template":"","meta":{"_acf_changed":false},"product_brand":[600],"product_cat":[602,220,221,218,219,217,269,601,40],"product_tag":[1689],"class_list":{"0":"post-13489","1":"product","2":"type-product","3":"status-publish","4":"has-post-thumbnail","6":"product_brand-luletto","7":"product_cat-babylove-lul","8":"product_cat-barneseng-120","9":"product_cat-barneseng-140","10":"product_cat-barneseng-80","11":"product_cat-barneseng-90","12":"product_cat-sengesanger","13":"product_cat-juniorsenger","14":"product_cat-baby","15":"product_cat-soverom-barn","16":"product_tag-bestillingsvaror","17":"pa_farg-gra","18":"pa_farg-vit","19":"pa_farg-lackad","20":"pa_farg-natur","21":"pa_storlek-60x120-cm","22":"pa_storlek-70x140-cm","23":"pa_storlek-70x160-cm","24":"pa_storlek-80x140-cm","25":"pa_storlek-80x160-cm","26":"pa_storlek-80x180-cm","27":"pa_storlek-80x190-cm","28":"pa_storlek-90x160-cm","29":"pa_storlek-90x190-cm","30":"pa_storlek-90x200-cm","32":"first","33":"instock","34":"taxable","35":"shipping-taxable","36":"purchasable","37":"product-type-variable"},"acf":[],"yoast_head":"<!-- This site is optimized with the Yoast SEO Premium plugin v25.8 (Yoast SEO v27.2) - https:\/\/yoast.com\/product\/yoast-seo-premium-wordpress\/ -->\n<title>Huss\u00e4ng Alex | Huss\u00e4ng till barnrummet | Babylove.se<\/title>\n<meta name=\"description\" content=\"Fantastisk Huss\u00e4ng i Tr\u00e4 i olika varianter ! - H\u00f6g Kvalitet - FRI Frakt \u00f6ver 999 kr - Snabba Leveranser - Betala med Klarna Faktura - V\u00e4lkommen!\" \/>\n<meta name=\"robots\" content=\"noindex, follow, max-snippet:-1, max-image-preview:large, max-video-preview:-1\" \/>\n<meta property=\"og:locale\" content=\"nb_NO\" \/>\n<meta property=\"og:type\" content=\"article\" \/>\n<meta property=\"og:title\" content=\"Barneseng Philip husseng\" \/>\n<meta property=\"og:description\" content=\"Fantastisk Huss\u00e4ng i Tr\u00e4 i olika varianter ! - H\u00f6g Kvalitet - FRI Frakt \u00f6ver 999 kr - Snabba Leveranser - Betala med Klarna Faktura - V\u00e4lkommen!\" \/>\n<meta property=\"og:url\" content=\"https:\/\/babylove.se\/no\/produkt\/barnesang-philip-hussang\/\" \/>\n<meta property=\"og:site_name\" content=\"Babylove Norska\" \/>\n<meta property=\"article:modified_time\" content=\"2026-04-08T08:01:28+00:00\" \/>\n<meta property=\"og:image\" content=\"https:\/\/babylove.se\/no\/wp-content\/uploads\/sites\/3\/2025\/07\/5ed7fb6d1a15c.png\" \/>\n\t<meta property=\"og:image:width\" content=\"750\" \/>\n\t<meta property=\"og:image:height\" content=\"750\" \/>\n\t<meta property=\"og:image:type\" content=\"image\/png\" \/>\n<meta name=\"twitter:card\" content=\"summary_large_image\" \/>\n<meta name=\"twitter:label1\" content=\"Availability\" \/>\n\t<meta name=\"twitter:data1\" content=\"In stock\" \/>\n<script type=\"application\/ld+json\" class=\"yoast-schema-graph\">{\"@context\":\"https:\/\/schema.org\",\"@graph\":[{\"@type\":\"WebPage\",\"@id\":\"https:\/\/babylove.se\/no\/produkt\/barnesang-philip-hussang\/\",\"url\":\"https:\/\/babylove.se\/no\/produkt\/barnesang-philip-hussang\/\",\"name\":\"Huss\u00e4ng Alex | Huss\u00e4ng till barnrummet | Babylove.se\",\"isPartOf\":{\"@id\":\"https:\/\/babylove.se\/no\/#website\"},\"primaryImageOfPage\":{\"@id\":\"https:\/\/babylove.se\/no\/produkt\/barnesang-philip-hussang\/#primaryimage\"},\"image\":{\"@id\":\"https:\/\/babylove.se\/no\/produkt\/barnesang-philip-hussang\/#primaryimage\"},\"thumbnailUrl\":\"https:\/\/babylove.se\/no\/wp-content\/uploads\/sites\/3\/2025\/07\/5ed7fb6d1a15c.png\",\"datePublished\":\"2025-07-18T20:33:11+00:00\",\"dateModified\":\"2026-04-08T08:01:28+00:00\",\"description\":\"Fantastisk Huss\u00e4ng i Tr\u00e4 i olika varianter ! - H\u00f6g Kvalitet - FRI Frakt \u00f6ver 999 kr - Snabba Leveranser - Betala med Klarna Faktura - V\u00e4lkommen!\",\"breadcrumb\":{\"@id\":\"https:\/\/babylove.se\/no\/produkt\/barnesang-philip-hussang\/#breadcrumb\"},\"inLanguage\":\"nb-NO\",\"potentialAction\":[{\"@type\":\"ReadAction\",\"target\":[\"https:\/\/babylove.se\/no\/produkt\/barnesang-philip-hussang\/\"]}]},{\"@type\":\"ImageObject\",\"inLanguage\":\"nb-NO\",\"@id\":\"https:\/\/babylove.se\/no\/produkt\/barnesang-philip-hussang\/#primaryimage\",\"url\":\"https:\/\/babylove.se\/no\/wp-content\/uploads\/sites\/3\/2025\/07\/5ed7fb6d1a15c.png\",\"contentUrl\":\"https:\/\/babylove.se\/no\/wp-content\/uploads\/sites\/3\/2025\/07\/5ed7fb6d1a15c.png\",\"width\":750,\"height\":750},{\"@type\":\"BreadcrumbList\",\"@id\":\"https:\/\/babylove.se\/no\/produkt\/barnesang-philip-hussang\/#breadcrumb\",\"itemListElement\":[{\"@type\":\"ListItem\",\"position\":1,\"name\":\"Hem\",\"item\":\"https:\/\/babylove.se\/no\/\"},{\"@type\":\"ListItem\",\"position\":2,\"name\":\"Butik\",\"item\":\"https:\/\/babylove.se\/no\/butik\/\"},{\"@type\":\"ListItem\",\"position\":3,\"name\":\"Barneseng Philip husseng\"}]},{\"@type\":\"WebSite\",\"@id\":\"https:\/\/babylove.se\/no\/#website\",\"url\":\"https:\/\/babylove.se\/no\/\",\"name\":\"Babylove Norska\",\"description\":\"\",\"potentialAction\":[{\"@type\":\"SearchAction\",\"target\":{\"@type\":\"EntryPoint\",\"urlTemplate\":\"https:\/\/babylove.se\/no\/?s={search_term_string}\"},\"query-input\":{\"@type\":\"PropertyValueSpecification\",\"valueRequired\":true,\"valueName\":\"search_term_string\"}}],\"inLanguage\":\"nb-NO\"}]}<\/script>\n<meta property=\"product:brand\" content=\"Luletto\" \/>\n<meta property=\"og:availability\" content=\"instock\" \/>\n<meta property=\"product:availability\" content=\"instock\" \/>\n<meta property=\"product:retailer_item_id\" content=\"Natur-60x120-Philip\" \/>\n<meta property=\"product:condition\" content=\"new\" \/>\n<!-- \/ Yoast SEO Premium plugin. -->","yoast_head_json":{"title":"Huss\u00e4ng Alex | Huss\u00e4ng till barnrummet | Babylove.se","description":"Fantastisk Huss\u00e4ng i Tr\u00e4 i olika varianter ! - H\u00f6g Kvalitet - FRI Frakt \u00f6ver 999 kr - Snabba Leveranser - Betala med Klarna Faktura - V\u00e4lkommen!","robots":{"index":"noindex","follow":"follow","max-snippet":"max-snippet:-1","max-image-preview":"max-image-preview:large","max-video-preview":"max-video-preview:-1"},"og_locale":"nb_NO","og_type":"article","og_title":"Barneseng Philip husseng","og_description":"Fantastisk Huss\u00e4ng i Tr\u00e4 i olika varianter ! - H\u00f6g Kvalitet - FRI Frakt \u00f6ver 999 kr - Snabba Leveranser - Betala med Klarna Faktura - V\u00e4lkommen!","og_url":"https:\/\/babylove.se\/no\/produkt\/barnesang-philip-hussang\/","og_site_name":"Babylove Norska","article_modified_time":"2026-04-08T08:01:28+00:00","og_image":[{"width":750,"height":750,"url":"https:\/\/babylove.se\/no\/wp-content\/uploads\/sites\/3\/2025\/07\/5ed7fb6d1a15c.png","type":"image\/png"}],"twitter_card":"summary_large_image","twitter_misc":{"Availability":"In stock"},"schema":{"@context":"https:\/\/schema.org","@graph":[{"@type":"WebPage","@id":"https:\/\/babylove.se\/no\/produkt\/barnesang-philip-hussang\/","url":"https:\/\/babylove.se\/no\/produkt\/barnesang-philip-hussang\/","name":"Huss\u00e4ng Alex | Huss\u00e4ng till barnrummet | Babylove.se","isPartOf":{"@id":"https:\/\/babylove.se\/no\/#website"},"primaryImageOfPage":{"@id":"https:\/\/babylove.se\/no\/produkt\/barnesang-philip-hussang\/#primaryimage"},"image":{"@id":"https:\/\/babylove.se\/no\/produkt\/barnesang-philip-hussang\/#primaryimage"},"thumbnailUrl":"https:\/\/babylove.se\/no\/wp-content\/uploads\/sites\/3\/2025\/07\/5ed7fb6d1a15c.png","datePublished":"2025-07-18T20:33:11+00:00","dateModified":"2026-04-08T08:01:28+00:00","description":"Fantastisk Huss\u00e4ng i Tr\u00e4 i olika varianter ! - H\u00f6g Kvalitet - FRI Frakt \u00f6ver 999 kr - Snabba Leveranser - Betala med Klarna Faktura - V\u00e4lkommen!","breadcrumb":{"@id":"https:\/\/babylove.se\/no\/produkt\/barnesang-philip-hussang\/#breadcrumb"},"inLanguage":"nb-NO","potentialAction":[{"@type":"ReadAction","target":["https:\/\/babylove.se\/no\/produkt\/barnesang-philip-hussang\/"]}]},{"@type":"ImageObject","inLanguage":"nb-NO","@id":"https:\/\/babylove.se\/no\/produkt\/barnesang-philip-hussang\/#primaryimage","url":"https:\/\/babylove.se\/no\/wp-content\/uploads\/sites\/3\/2025\/07\/5ed7fb6d1a15c.png","contentUrl":"https:\/\/babylove.se\/no\/wp-content\/uploads\/sites\/3\/2025\/07\/5ed7fb6d1a15c.png","width":750,"height":750},{"@type":"BreadcrumbList","@id":"https:\/\/babylove.se\/no\/produkt\/barnesang-philip-hussang\/#breadcrumb","itemListElement":[{"@type":"ListItem","position":1,"name":"Hem","item":"https:\/\/babylove.se\/no\/"},{"@type":"ListItem","position":2,"name":"Butik","item":"https:\/\/babylove.se\/no\/butik\/"},{"@type":"ListItem","position":3,"name":"Barneseng Philip husseng"}]},{"@type":"WebSite","@id":"https:\/\/babylove.se\/no\/#website","url":"https:\/\/babylove.se\/no\/","name":"Babylove Norska","description":"","potentialAction":[{"@type":"SearchAction","target":{"@type":"EntryPoint","urlTemplate":"https:\/\/babylove.se\/no\/?s={search_term_string}"},"query-input":{"@type":"PropertyValueSpecification","valueRequired":true,"valueName":"search_term_string"}}],"inLanguage":"nb-NO"}]},"product_brand":"Luletto","og_availability":"instock","product_availability":"instock","product_retailer_item_id":"Natur-60x120-Philip","product_condition":"new"},"_links":{"self":[{"href":"https:\/\/babylove.se\/no\/wp-json\/wp\/v2\/product\/13489","targetHints":{"allow":["GET"]}}],"collection":[{"href":"https:\/\/babylove.se\/no\/wp-json\/wp\/v2\/product"}],"about":[{"href":"https:\/\/babylove.se\/no\/wp-json\/wp\/v2\/types\/product"}],"replies":[{"embeddable":true,"href":"https:\/\/babylove.se\/no\/wp-json\/wp\/v2\/comments?post=13489"}],"wp:featuredmedia":[{"embeddable":true,"href":"https:\/\/babylove.se\/no\/wp-json\/wp\/v2\/media\/13491"}],"wp:attachment":[{"href":"https:\/\/babylove.se\/no\/wp-json\/wp\/v2\/media?parent=13489"}],"wp:term":[{"taxonomy":"product_brand","embeddable":true,"href":"https:\/\/babylove.se\/no\/wp-json\/wp\/v2\/product_brand?post=13489"},{"taxonomy":"product_cat","embeddable":true,"href":"https:\/\/babylove.se\/no\/wp-json\/wp\/v2\/product_cat?post=13489"},{"taxonomy":"product_tag","embeddable":true,"href":"https:\/\/babylove.se\/no\/wp-json\/wp\/v2\/product_tag?post=13489"}],"curies":[{"name":"wp","href":"https:\/\/api.w.org\/{rel}","templated":true}]}}