{"id":1354,"date":"2025-07-18T20:01:22","date_gmt":"2025-07-18T19:01:22","guid":{"rendered":"https:\/\/babylove.se\/produkt\/vagghangare-staket\/"},"modified":"2026-04-08T07:41:16","modified_gmt":"2026-04-08T06:41:16","slug":"vegghengsler-gjerde","status":"publish","type":"product","link":"https:\/\/babylove.se\/no\/produkt\/vegghengsler-gjerde\/","title":{"rendered":"Vegghenger for barnerommet, gjerde"},"content":{"rendered":"<p>En meget fin vegghenger for barn i form av et gjerde. Ikke bare er denne hengeren praktisk, men gir ogs\u00e5 et meget vakkert inntrykk i barnerommet.&nbsp;<\/p>\n<p>Et perfekt sted for barnet \u00e5 henge viktige ting p\u00e5 for ikke \u00e5 miste dem. Denne hengeren passer perfekt med andre produkter fra kategorien barnem\u00f8bler. Hengeren er laget for h\u00e5nd og 100 % i naturtre. Fargen den er malt i er farge spesielt tilpasset for barn.<\/p>\n<p><strong>M\u00e5l:<\/strong> 46&#215;25 cm.&nbsp;<\/p>\n","protected":false},"excerpt":{"rendered":"<p>En meget fin vegghenger for barn i form av et gjerde. Ikke bare er denne hengeren praktisk, men gir ogs\u00e5 et meget vakkert inntrykk i barnerommet.&nbsp; Et perfekt sted for barnet \u00e5 henge viktige ting p\u00e5 for ikke \u00e5 miste dem. Denne hengeren passer perfekt med andre produkter fra kategorien barnem\u00f8bler. Hengeren er laget for [&hellip;]<\/p>\n","protected":false},"featured_media":1356,"comment_status":"closed","ping_status":"open","template":"","meta":{"_acf_changed":false},"product_brand":[78],"product_cat":[94],"product_tag":[1689],"class_list":{"0":"post-1354","1":"product","2":"type-product","3":"status-publish","4":"has-post-thumbnail","6":"product_brand-bambooko","7":"product_cat-vegghengeere","8":"product_tag-bestillingsvaror","9":"pa_personifierad-barnets-namn-pa-49-sek","10":"pa_personifierad-standard-ingen-personifiering","12":"first","13":"instock","14":"taxable","15":"shipping-taxable","16":"purchasable","17":"product-type-variable"},"acf":[],"yoast_head":"<!-- This site is optimized with the Yoast SEO Premium plugin v25.8 (Yoast SEO v27.2) - https:\/\/yoast.com\/product\/yoast-seo-premium-wordpress\/ -->\n<title>Vegghenger for barnerommet, gjerde - Babylove Norska<\/title>\n<meta name=\"robots\" content=\"noindex, follow, max-snippet:-1, max-image-preview:large, max-video-preview:-1\" \/>\n<meta property=\"og:locale\" content=\"nb_NO\" \/>\n<meta property=\"og:type\" content=\"article\" \/>\n<meta property=\"og:title\" content=\"Vegghenger for barnerommet, gjerde\" \/>\n<meta property=\"og:description\" content=\"En meget fin vegghenger for barn i form av et gjerde. Ikke bare er denne hengeren praktisk, men gir ogs\u00e5 et meget vakkert inntrykk i barnerommet.&nbsp; Et perfekt sted for barnet \u00e5 henge viktige ting p\u00e5 for ikke \u00e5 miste dem. Denne hengeren passer perfekt med andre produkter fra kategorien barnem\u00f8bler. Hengeren er laget for [&hellip;]\" \/>\n<meta property=\"og:url\" content=\"https:\/\/babylove.se\/no\/produkt\/vegghengsler-gjerde\/\" \/>\n<meta property=\"og:site_name\" content=\"Babylove Norska\" \/>\n<meta property=\"article:modified_time\" content=\"2026-04-08T06:41:16+00:00\" \/>\n<meta property=\"og:image\" content=\"https:\/\/babylove.se\/no\/wp-content\/uploads\/sites\/3\/2025\/07\/57714ccbe612c.jpeg\" \/>\n\t<meta property=\"og:image:width\" content=\"750\" \/>\n\t<meta property=\"og:image:height\" content=\"489\" \/>\n\t<meta property=\"og:image:type\" content=\"image\/jpeg\" \/>\n<meta name=\"twitter:card\" content=\"summary_large_image\" \/>\n<meta name=\"twitter:label1\" content=\"Availability\" \/>\n\t<meta name=\"twitter:data1\" content=\"In stock\" \/>\n<script type=\"application\/ld+json\" class=\"yoast-schema-graph\">{\"@context\":\"https:\/\/schema.org\",\"@graph\":[{\"@type\":\"WebPage\",\"@id\":\"https:\/\/babylove.se\/no\/produkt\/vegghengsler-gjerde\/\",\"url\":\"https:\/\/babylove.se\/no\/produkt\/vegghengsler-gjerde\/\",\"name\":\"Vegghenger for barnerommet, gjerde - Babylove Norska\",\"isPartOf\":{\"@id\":\"https:\/\/babylove.se\/no\/#website\"},\"primaryImageOfPage\":{\"@id\":\"https:\/\/babylove.se\/no\/produkt\/vegghengsler-gjerde\/#primaryimage\"},\"image\":{\"@id\":\"https:\/\/babylove.se\/no\/produkt\/vegghengsler-gjerde\/#primaryimage\"},\"thumbnailUrl\":\"https:\/\/babylove.se\/no\/wp-content\/uploads\/sites\/3\/2025\/07\/57714ccbe612c.jpeg\",\"datePublished\":\"2025-07-18T19:01:22+00:00\",\"dateModified\":\"2026-04-08T06:41:16+00:00\",\"breadcrumb\":{\"@id\":\"https:\/\/babylove.se\/no\/produkt\/vegghengsler-gjerde\/#breadcrumb\"},\"inLanguage\":\"nb-NO\",\"potentialAction\":[{\"@type\":\"ReadAction\",\"target\":[\"https:\/\/babylove.se\/no\/produkt\/vegghengsler-gjerde\/\"]}]},{\"@type\":\"ImageObject\",\"inLanguage\":\"nb-NO\",\"@id\":\"https:\/\/babylove.se\/no\/produkt\/vegghengsler-gjerde\/#primaryimage\",\"url\":\"https:\/\/babylove.se\/no\/wp-content\/uploads\/sites\/3\/2025\/07\/57714ccbe612c.jpeg\",\"contentUrl\":\"https:\/\/babylove.se\/no\/wp-content\/uploads\/sites\/3\/2025\/07\/57714ccbe612c.jpeg\",\"width\":750,\"height\":489},{\"@type\":\"BreadcrumbList\",\"@id\":\"https:\/\/babylove.se\/no\/produkt\/vegghengsler-gjerde\/#breadcrumb\",\"itemListElement\":[{\"@type\":\"ListItem\",\"position\":1,\"name\":\"Hem\",\"item\":\"https:\/\/babylove.se\/no\/\"},{\"@type\":\"ListItem\",\"position\":2,\"name\":\"Butik\",\"item\":\"https:\/\/babylove.se\/no\/butik\/\"},{\"@type\":\"ListItem\",\"position\":3,\"name\":\"Vegghenger for barnerommet, gjerde\"}]},{\"@type\":\"WebSite\",\"@id\":\"https:\/\/babylove.se\/no\/#website\",\"url\":\"https:\/\/babylove.se\/no\/\",\"name\":\"Babylove Norska\",\"description\":\"\",\"potentialAction\":[{\"@type\":\"SearchAction\",\"target\":{\"@type\":\"EntryPoint\",\"urlTemplate\":\"https:\/\/babylove.se\/no\/?s={search_term_string}\"},\"query-input\":{\"@type\":\"PropertyValueSpecification\",\"valueRequired\":true,\"valueName\":\"search_term_string\"}}],\"inLanguage\":\"nb-NO\"}]}<\/script>\n<meta property=\"product:brand\" content=\"Bambooko\" \/>\n<meta property=\"og:availability\" content=\"instock\" \/>\n<meta property=\"product:availability\" content=\"instock\" \/>\n<meta property=\"product:retailer_item_id\" content=\"Staket\" \/>\n<meta property=\"product:condition\" content=\"new\" \/>\n<!-- \/ Yoast SEO Premium plugin. -->","yoast_head_json":{"title":"Vegghenger for barnerommet, gjerde - Babylove Norska","robots":{"index":"noindex","follow":"follow","max-snippet":"max-snippet:-1","max-image-preview":"max-image-preview:large","max-video-preview":"max-video-preview:-1"},"og_locale":"nb_NO","og_type":"article","og_title":"Vegghenger for barnerommet, gjerde","og_description":"En meget fin vegghenger for barn i form av et gjerde. Ikke bare er denne hengeren praktisk, men gir ogs\u00e5 et meget vakkert inntrykk i barnerommet.&nbsp; Et perfekt sted for barnet \u00e5 henge viktige ting p\u00e5 for ikke \u00e5 miste dem. Denne hengeren passer perfekt med andre produkter fra kategorien barnem\u00f8bler. Hengeren er laget for [&hellip;]","og_url":"https:\/\/babylove.se\/no\/produkt\/vegghengsler-gjerde\/","og_site_name":"Babylove Norska","article_modified_time":"2026-04-08T06:41:16+00:00","og_image":[{"width":750,"height":489,"url":"https:\/\/babylove.se\/no\/wp-content\/uploads\/sites\/3\/2025\/07\/57714ccbe612c.jpeg","type":"image\/jpeg"}],"twitter_card":"summary_large_image","twitter_misc":{"Availability":"In stock"},"schema":{"@context":"https:\/\/schema.org","@graph":[{"@type":"WebPage","@id":"https:\/\/babylove.se\/no\/produkt\/vegghengsler-gjerde\/","url":"https:\/\/babylove.se\/no\/produkt\/vegghengsler-gjerde\/","name":"Vegghenger for barnerommet, gjerde - Babylove Norska","isPartOf":{"@id":"https:\/\/babylove.se\/no\/#website"},"primaryImageOfPage":{"@id":"https:\/\/babylove.se\/no\/produkt\/vegghengsler-gjerde\/#primaryimage"},"image":{"@id":"https:\/\/babylove.se\/no\/produkt\/vegghengsler-gjerde\/#primaryimage"},"thumbnailUrl":"https:\/\/babylove.se\/no\/wp-content\/uploads\/sites\/3\/2025\/07\/57714ccbe612c.jpeg","datePublished":"2025-07-18T19:01:22+00:00","dateModified":"2026-04-08T06:41:16+00:00","breadcrumb":{"@id":"https:\/\/babylove.se\/no\/produkt\/vegghengsler-gjerde\/#breadcrumb"},"inLanguage":"nb-NO","potentialAction":[{"@type":"ReadAction","target":["https:\/\/babylove.se\/no\/produkt\/vegghengsler-gjerde\/"]}]},{"@type":"ImageObject","inLanguage":"nb-NO","@id":"https:\/\/babylove.se\/no\/produkt\/vegghengsler-gjerde\/#primaryimage","url":"https:\/\/babylove.se\/no\/wp-content\/uploads\/sites\/3\/2025\/07\/57714ccbe612c.jpeg","contentUrl":"https:\/\/babylove.se\/no\/wp-content\/uploads\/sites\/3\/2025\/07\/57714ccbe612c.jpeg","width":750,"height":489},{"@type":"BreadcrumbList","@id":"https:\/\/babylove.se\/no\/produkt\/vegghengsler-gjerde\/#breadcrumb","itemListElement":[{"@type":"ListItem","position":1,"name":"Hem","item":"https:\/\/babylove.se\/no\/"},{"@type":"ListItem","position":2,"name":"Butik","item":"https:\/\/babylove.se\/no\/butik\/"},{"@type":"ListItem","position":3,"name":"Vegghenger for barnerommet, gjerde"}]},{"@type":"WebSite","@id":"https:\/\/babylove.se\/no\/#website","url":"https:\/\/babylove.se\/no\/","name":"Babylove Norska","description":"","potentialAction":[{"@type":"SearchAction","target":{"@type":"EntryPoint","urlTemplate":"https:\/\/babylove.se\/no\/?s={search_term_string}"},"query-input":{"@type":"PropertyValueSpecification","valueRequired":true,"valueName":"search_term_string"}}],"inLanguage":"nb-NO"}]},"product_brand":"Bambooko","og_availability":"instock","product_availability":"instock","product_retailer_item_id":"Staket","product_condition":"new"},"_links":{"self":[{"href":"https:\/\/babylove.se\/no\/wp-json\/wp\/v2\/product\/1354","targetHints":{"allow":["GET"]}}],"collection":[{"href":"https:\/\/babylove.se\/no\/wp-json\/wp\/v2\/product"}],"about":[{"href":"https:\/\/babylove.se\/no\/wp-json\/wp\/v2\/types\/product"}],"replies":[{"embeddable":true,"href":"https:\/\/babylove.se\/no\/wp-json\/wp\/v2\/comments?post=1354"}],"wp:featuredmedia":[{"embeddable":true,"href":"https:\/\/babylove.se\/no\/wp-json\/wp\/v2\/media\/1356"}],"wp:attachment":[{"href":"https:\/\/babylove.se\/no\/wp-json\/wp\/v2\/media?parent=1354"}],"wp:term":[{"taxonomy":"product_brand","embeddable":true,"href":"https:\/\/babylove.se\/no\/wp-json\/wp\/v2\/product_brand?post=1354"},{"taxonomy":"product_cat","embeddable":true,"href":"https:\/\/babylove.se\/no\/wp-json\/wp\/v2\/product_cat?post=1354"},{"taxonomy":"product_tag","embeddable":true,"href":"https:\/\/babylove.se\/no\/wp-json\/wp\/v2\/product_tag?post=1354"}],"curies":[{"name":"wp","href":"https:\/\/api.w.org\/{rel}","templated":true}]}}