{"id":13540,"date":"2025-07-18T21:33:39","date_gmt":"2025-07-18T20:33:39","guid":{"rendered":"https:\/\/babylove.se\/produkt\/stort-rectangular-ljusgra-bollhav-120x120x40-cm\/"},"modified":"2026-04-08T09:01:34","modified_gmt":"2026-04-08T08:01:34","slug":"stort-rektangulaert-lysegra-ballbasseng-120x120x40-cm","status":"publish","type":"product","link":"https:\/\/babylove.se\/no\/produkt\/stort-rektangulaert-lysegra-ballbasseng-120x120x40-cm\/","title":{"rendered":"Kvadratisk lysgr\u00e5 ballhav XL 120x120x40 cm"},"content":{"rendered":"<p>Giftfritt og CE-merket ballbad &#8211; <strong>Skap en unik fargekombinasjons av baller <\/strong> <\/p>\n<p>Dette st\u00f8rre ballbadet i kvadratisk modell, tillater flere barn \u00e5 leke samtidig, perfekt for s\u00f8sken!<br \/>\nBallbad Basic holder h\u00f8y kvalitet og har et unikt konsept hvor du som kunde kan velge hvilke farger du vil ha p\u00e5 ballene. <\/p>\n<p>Men best av alt &#8211; <em>ballbadet er h\u00e5ndlaget med st\u00f8rste omhu av et lite familieselskap i Europa!<br \/>\n<\/em> <\/p>\n<p><strong>M\u00e5l<\/strong>: <\/p>\n<ul>\n<li>Bredde: 120&#215;120 cm.<\/li>\n<li>H\u00f8yde: 40 cm.<\/li>\n<li>Tykkelse kant: 5 cm.<\/li>\n<li>Bunntykkelse: 2 cm.<\/li>\n<li>Ball diameter: 7 cm.<\/li>\n<\/ul>\n<p><strong>Baller: <\/strong> <\/p>\n<ul>\n<li>Velg hvilke farger du vil ha av de som synes p\u00e5 bildet.<\/li>\n<li>Det g\u00e5r \u00e5 velge <em>maks 6<\/em> forskjellige farger.<\/li>\n<li>Fabrikken skaper en blanding med omtrent like deler av alle valgte farger.<\/li>\n<\/ul>\n<p><strong>Info: <\/strong> <\/p>\n<ul>\n<li>Overtrekk av deilig myk jerseybomull.<\/li>\n<li>Oeko-Tex standard 100.<\/li>\n<li>Ballene er laget av giftfri plast.<\/li>\n<li>Alle elementer i v\u00e5re ballbad er selvf\u00f8lgelig CE-merket og er produsert av giftfrie materialer.<\/li>\n<li>Overtrekket er vaskbart &#8211; 30\u00b0C, ikke t\u00f8rketrommel.<\/li>\n<\/ul>\n<p><strong>Returrett gjelder ikke p\u00e5 ballbad med egen blanding av baller.<\/strong><\/p>\n","protected":false},"excerpt":{"rendered":"<p>Giftfritt og CE-merket ballbad &#8211; Skap en unik fargekombinasjons av baller Dette st\u00f8rre ballbadet i kvadratisk modell, tillater flere barn \u00e5 leke samtidig, perfekt for s\u00f8sken! Ballbad Basic holder h\u00f8y kvalitet og har et unikt konsept hvor du som kunde kan velge hvilke farger du vil ha p\u00e5 ballene. Men best av alt &#8211; ballbadet [&hellip;]<\/p>\n","protected":false},"featured_media":13542,"comment_status":"closed","ping_status":"closed","template":"","meta":{"_acf_changed":false},"product_brand":[375],"product_cat":[667,68,376],"product_tag":[1689],"class_list":{"0":"post-13540","1":"product","2":"type-product","3":"status-publish","4":"has-post-thumbnail","6":"product_brand-pqp-ttm","7":"product_cat-ballhav","8":"product_cat-leker","9":"product_cat-pp","10":"product_tag-bestillingsvaror","11":"pa_bollar-1200-st-bollar","12":"pa_bollar-600-st-bollar","13":"pa_bollar-900-st-bollar","15":"first","16":"instock","17":"taxable","18":"shipping-taxable","19":"purchasable","20":"product-type-variable"},"acf":[],"yoast_head":"<!-- This site is optimized with the Yoast SEO Premium plugin v25.8 (Yoast SEO v27.2) - https:\/\/yoast.com\/product\/yoast-seo-premium-wordpress\/ -->\n<title>Kvadratisk lysgr\u00e5 ballhav XL 120x120x40 cm - Babylove Norska<\/title>\n<meta name=\"robots\" content=\"noindex, follow, max-snippet:-1, max-image-preview:large, max-video-preview:-1\" \/>\n<meta property=\"og:locale\" content=\"nb_NO\" \/>\n<meta property=\"og:type\" content=\"article\" \/>\n<meta property=\"og:title\" content=\"Kvadratisk lysgr\u00e5 ballhav XL 120x120x40 cm\" \/>\n<meta property=\"og:description\" content=\"Giftfritt og CE-merket ballbad &#8211; Skap en unik fargekombinasjons av baller Dette st\u00f8rre ballbadet i kvadratisk modell, tillater flere barn \u00e5 leke samtidig, perfekt for s\u00f8sken! Ballbad Basic holder h\u00f8y kvalitet og har et unikt konsept hvor du som kunde kan velge hvilke farger du vil ha p\u00e5 ballene. Men best av alt &#8211; ballbadet [&hellip;]\" \/>\n<meta property=\"og:url\" content=\"https:\/\/babylove.se\/no\/produkt\/stort-rektangulaert-lysegra-ballbasseng-120x120x40-cm\/\" \/>\n<meta property=\"og:site_name\" content=\"Babylove Norska\" \/>\n<meta property=\"article:modified_time\" content=\"2026-04-08T08:01:34+00:00\" \/>\n<meta property=\"og:image\" content=\"https:\/\/babylove.se\/no\/wp-content\/uploads\/sites\/3\/2025\/07\/5d82161170586.jpeg\" \/>\n\t<meta property=\"og:image:width\" content=\"750\" \/>\n\t<meta property=\"og:image:height\" content=\"750\" \/>\n\t<meta property=\"og:image:type\" content=\"image\/jpeg\" \/>\n<meta name=\"twitter:card\" content=\"summary_large_image\" \/>\n<meta name=\"twitter:label1\" content=\"Availability\" \/>\n\t<meta name=\"twitter:data1\" content=\"In stock\" \/>\n<script type=\"application\/ld+json\" class=\"yoast-schema-graph\">{\"@context\":\"https:\/\/schema.org\",\"@graph\":[{\"@type\":\"WebPage\",\"@id\":\"https:\/\/babylove.se\/no\/produkt\/stort-rektangulaert-lysegra-ballbasseng-120x120x40-cm\/\",\"url\":\"https:\/\/babylove.se\/no\/produkt\/stort-rektangulaert-lysegra-ballbasseng-120x120x40-cm\/\",\"name\":\"Kvadratisk lysgr\u00e5 ballhav XL 120x120x40 cm - Babylove Norska\",\"isPartOf\":{\"@id\":\"https:\/\/babylove.se\/no\/#website\"},\"primaryImageOfPage\":{\"@id\":\"https:\/\/babylove.se\/no\/produkt\/stort-rektangulaert-lysegra-ballbasseng-120x120x40-cm\/#primaryimage\"},\"image\":{\"@id\":\"https:\/\/babylove.se\/no\/produkt\/stort-rektangulaert-lysegra-ballbasseng-120x120x40-cm\/#primaryimage\"},\"thumbnailUrl\":\"https:\/\/babylove.se\/no\/wp-content\/uploads\/sites\/3\/2025\/07\/5d82161170586.jpeg\",\"datePublished\":\"2025-07-18T20:33:39+00:00\",\"dateModified\":\"2026-04-08T08:01:34+00:00\",\"breadcrumb\":{\"@id\":\"https:\/\/babylove.se\/no\/produkt\/stort-rektangulaert-lysegra-ballbasseng-120x120x40-cm\/#breadcrumb\"},\"inLanguage\":\"nb-NO\",\"potentialAction\":[{\"@type\":\"ReadAction\",\"target\":[\"https:\/\/babylove.se\/no\/produkt\/stort-rektangulaert-lysegra-ballbasseng-120x120x40-cm\/\"]}]},{\"@type\":\"ImageObject\",\"inLanguage\":\"nb-NO\",\"@id\":\"https:\/\/babylove.se\/no\/produkt\/stort-rektangulaert-lysegra-ballbasseng-120x120x40-cm\/#primaryimage\",\"url\":\"https:\/\/babylove.se\/no\/wp-content\/uploads\/sites\/3\/2025\/07\/5d82161170586.jpeg\",\"contentUrl\":\"https:\/\/babylove.se\/no\/wp-content\/uploads\/sites\/3\/2025\/07\/5d82161170586.jpeg\",\"width\":750,\"height\":750},{\"@type\":\"BreadcrumbList\",\"@id\":\"https:\/\/babylove.se\/no\/produkt\/stort-rektangulaert-lysegra-ballbasseng-120x120x40-cm\/#breadcrumb\",\"itemListElement\":[{\"@type\":\"ListItem\",\"position\":1,\"name\":\"Hem\",\"item\":\"https:\/\/babylove.se\/no\/\"},{\"@type\":\"ListItem\",\"position\":2,\"name\":\"Butik\",\"item\":\"https:\/\/babylove.se\/no\/butik\/\"},{\"@type\":\"ListItem\",\"position\":3,\"name\":\"Kvadratisk lysgr\u00e5 ballhav XL 120x120x40 cm\"}]},{\"@type\":\"WebSite\",\"@id\":\"https:\/\/babylove.se\/no\/#website\",\"url\":\"https:\/\/babylove.se\/no\/\",\"name\":\"Babylove Norska\",\"description\":\"\",\"potentialAction\":[{\"@type\":\"SearchAction\",\"target\":{\"@type\":\"EntryPoint\",\"urlTemplate\":\"https:\/\/babylove.se\/no\/?s={search_term_string}\"},\"query-input\":{\"@type\":\"PropertyValueSpecification\",\"valueRequired\":true,\"valueName\":\"search_term_string\"}}],\"inLanguage\":\"nb-NO\"}]}<\/script>\n<meta property=\"product:brand\" content=\"PQP\/TTM\" \/>\n<meta property=\"og:availability\" content=\"instock\" \/>\n<meta property=\"product:availability\" content=\"instock\" \/>\n<meta property=\"product:retailer_item_id\" content=\"24181\" \/>\n<meta property=\"product:condition\" content=\"new\" \/>\n<!-- \/ Yoast SEO Premium plugin. -->","yoast_head_json":{"title":"Kvadratisk lysgr\u00e5 ballhav XL 120x120x40 cm - Babylove Norska","robots":{"index":"noindex","follow":"follow","max-snippet":"max-snippet:-1","max-image-preview":"max-image-preview:large","max-video-preview":"max-video-preview:-1"},"og_locale":"nb_NO","og_type":"article","og_title":"Kvadratisk lysgr\u00e5 ballhav XL 120x120x40 cm","og_description":"Giftfritt og CE-merket ballbad &#8211; Skap en unik fargekombinasjons av baller Dette st\u00f8rre ballbadet i kvadratisk modell, tillater flere barn \u00e5 leke samtidig, perfekt for s\u00f8sken! Ballbad Basic holder h\u00f8y kvalitet og har et unikt konsept hvor du som kunde kan velge hvilke farger du vil ha p\u00e5 ballene. Men best av alt &#8211; ballbadet [&hellip;]","og_url":"https:\/\/babylove.se\/no\/produkt\/stort-rektangulaert-lysegra-ballbasseng-120x120x40-cm\/","og_site_name":"Babylove Norska","article_modified_time":"2026-04-08T08:01:34+00:00","og_image":[{"width":750,"height":750,"url":"https:\/\/babylove.se\/no\/wp-content\/uploads\/sites\/3\/2025\/07\/5d82161170586.jpeg","type":"image\/jpeg"}],"twitter_card":"summary_large_image","twitter_misc":{"Availability":"In stock"},"schema":{"@context":"https:\/\/schema.org","@graph":[{"@type":"WebPage","@id":"https:\/\/babylove.se\/no\/produkt\/stort-rektangulaert-lysegra-ballbasseng-120x120x40-cm\/","url":"https:\/\/babylove.se\/no\/produkt\/stort-rektangulaert-lysegra-ballbasseng-120x120x40-cm\/","name":"Kvadratisk lysgr\u00e5 ballhav XL 120x120x40 cm - Babylove Norska","isPartOf":{"@id":"https:\/\/babylove.se\/no\/#website"},"primaryImageOfPage":{"@id":"https:\/\/babylove.se\/no\/produkt\/stort-rektangulaert-lysegra-ballbasseng-120x120x40-cm\/#primaryimage"},"image":{"@id":"https:\/\/babylove.se\/no\/produkt\/stort-rektangulaert-lysegra-ballbasseng-120x120x40-cm\/#primaryimage"},"thumbnailUrl":"https:\/\/babylove.se\/no\/wp-content\/uploads\/sites\/3\/2025\/07\/5d82161170586.jpeg","datePublished":"2025-07-18T20:33:39+00:00","dateModified":"2026-04-08T08:01:34+00:00","breadcrumb":{"@id":"https:\/\/babylove.se\/no\/produkt\/stort-rektangulaert-lysegra-ballbasseng-120x120x40-cm\/#breadcrumb"},"inLanguage":"nb-NO","potentialAction":[{"@type":"ReadAction","target":["https:\/\/babylove.se\/no\/produkt\/stort-rektangulaert-lysegra-ballbasseng-120x120x40-cm\/"]}]},{"@type":"ImageObject","inLanguage":"nb-NO","@id":"https:\/\/babylove.se\/no\/produkt\/stort-rektangulaert-lysegra-ballbasseng-120x120x40-cm\/#primaryimage","url":"https:\/\/babylove.se\/no\/wp-content\/uploads\/sites\/3\/2025\/07\/5d82161170586.jpeg","contentUrl":"https:\/\/babylove.se\/no\/wp-content\/uploads\/sites\/3\/2025\/07\/5d82161170586.jpeg","width":750,"height":750},{"@type":"BreadcrumbList","@id":"https:\/\/babylove.se\/no\/produkt\/stort-rektangulaert-lysegra-ballbasseng-120x120x40-cm\/#breadcrumb","itemListElement":[{"@type":"ListItem","position":1,"name":"Hem","item":"https:\/\/babylove.se\/no\/"},{"@type":"ListItem","position":2,"name":"Butik","item":"https:\/\/babylove.se\/no\/butik\/"},{"@type":"ListItem","position":3,"name":"Kvadratisk lysgr\u00e5 ballhav XL 120x120x40 cm"}]},{"@type":"WebSite","@id":"https:\/\/babylove.se\/no\/#website","url":"https:\/\/babylove.se\/no\/","name":"Babylove Norska","description":"","potentialAction":[{"@type":"SearchAction","target":{"@type":"EntryPoint","urlTemplate":"https:\/\/babylove.se\/no\/?s={search_term_string}"},"query-input":{"@type":"PropertyValueSpecification","valueRequired":true,"valueName":"search_term_string"}}],"inLanguage":"nb-NO"}]},"product_brand":"PQP\/TTM","og_availability":"instock","product_availability":"instock","product_retailer_item_id":"24181","product_condition":"new"},"_links":{"self":[{"href":"https:\/\/babylove.se\/no\/wp-json\/wp\/v2\/product\/13540","targetHints":{"allow":["GET"]}}],"collection":[{"href":"https:\/\/babylove.se\/no\/wp-json\/wp\/v2\/product"}],"about":[{"href":"https:\/\/babylove.se\/no\/wp-json\/wp\/v2\/types\/product"}],"replies":[{"embeddable":true,"href":"https:\/\/babylove.se\/no\/wp-json\/wp\/v2\/comments?post=13540"}],"wp:featuredmedia":[{"embeddable":true,"href":"https:\/\/babylove.se\/no\/wp-json\/wp\/v2\/media\/13542"}],"wp:attachment":[{"href":"https:\/\/babylove.se\/no\/wp-json\/wp\/v2\/media?parent=13540"}],"wp:term":[{"taxonomy":"product_brand","embeddable":true,"href":"https:\/\/babylove.se\/no\/wp-json\/wp\/v2\/product_brand?post=13540"},{"taxonomy":"product_cat","embeddable":true,"href":"https:\/\/babylove.se\/no\/wp-json\/wp\/v2\/product_cat?post=13540"},{"taxonomy":"product_tag","embeddable":true,"href":"https:\/\/babylove.se\/no\/wp-json\/wp\/v2\/product_tag?post=13540"}],"curies":[{"name":"wp","href":"https:\/\/api.w.org\/{rel}","templated":true}]}}