{"id":13549,"date":"2025-07-18T21:33:49","date_gmt":"2025-07-18T20:33:49","guid":{"rendered":"https:\/\/babylove.se\/produkt\/gra-hussang-90x200\/"},"modified":"2026-04-08T09:01:37","modified_gmt":"2026-04-08T08:01:37","slug":"gra-husseng-90x200","status":"publish","type":"product","link":"https:\/\/babylove.se\/no\/produkt\/gra-husseng-90x200\/","title":{"rendered":"Gr\u00e5 husheng 90x200cm \/ 80x160cm"},"content":{"rendered":"<p>Denne fine hussengen i minimalistisk design, egner seg fint til de litt st\u00f8rre barna som ikke trenger st\u00f8ttekanter.<br \/>Ha sengen akkurat som den er, eller dekorer den med for eksempel vimpler, lysslynger eller sengehimmel.&nbsp;<\/p>\n<p><strong>Info:<\/strong><\/p>\n<ul>\n<li>Ribbbunn inng\u00e5r<\/li>\n<li>Madrass inng\u00e5r ikke, ta gjerne en titt i v\u00e5rt store madrassutvalg. Vi anbefaler en skummadrass med tykkelse p\u00e5 ca 10-12 cm.<\/li>\n<li>Maks vekt: 100 kg\/ 120 kg<\/li>\n<li>Materiale: furu, malt i \u00f8kologiske, giftfrie farger.&nbsp;<\/li>\n<li>Sengen finnes i to farger: hvit eller gr\u00e5<\/li>\n<li>Sengen finnes i to st\u00f8rrelser: stor og liten. Se m\u00e5l nedenfor.<\/li>\n<\/ul>\n<p><strong>M\u00e5l:<\/strong><\/p>\n<p><em>Stor seng:<\/em><\/p>\n<ul>\n<li>Sengem\u00e5l: 90&#215;200 cm&nbsp;<\/li>\n<li>Total h\u00f8yde: 141 cm&nbsp;<\/li>\n<li>Total dybde: 96 cm<\/li>\n<li>Total lengde: 206 cm&nbsp;<\/li>\n<li>Maksvekt 120 kg<\/li>\n<\/ul>\n<p><em>Liten seng:<\/em><strong>&nbsp;<\/strong><\/p>\n<ul>\n<li>Sengem\u00e5l: 80&#215;160 cm<\/li>\n<li>Total h\u00f8yde: 137 cm&nbsp;<\/li>\n<li>Total dybde: 87,5 cm<\/li>\n<li>Total lengde: 166 cm<\/li>\n<li>Maksvekt: 100 kg<\/li>\n<\/ul>\n<p><em>Obs! <em>Sengen leveres umontert og b\u00f8r settes sammen i rommet den skal brukes i.<\/em><\/em><\/p>\n","protected":false},"excerpt":{"rendered":"<p>Denne fine hussengen i minimalistisk design, egner seg fint til de litt st\u00f8rre barna som ikke trenger st\u00f8ttekanter.Ha sengen akkurat som den er, eller dekorer den med for eksempel vimpler, lysslynger eller sengehimmel.&nbsp; Info: Ribbbunn inng\u00e5r Madrass inng\u00e5r ikke, ta gjerne en titt i v\u00e5rt store madrassutvalg. Vi anbefaler en skummadrass med tykkelse p\u00e5 ca [&hellip;]<\/p>\n","protected":false},"featured_media":13551,"comment_status":"closed","ping_status":"open","template":"","meta":{"_acf_changed":false},"product_brand":[671],"product_cat":[672,217,280],"product_tag":[1689],"class_list":{"0":"post-13549","1":"product","2":"type-product","3":"status-publish","4":"has-post-thumbnail","6":"product_brand-homestyle4u","7":"product_cat-hm","8":"product_cat-sengesanger","9":"product_cat-senger-med-rask-levering","10":"product_tag-bestillingsvaror","11":"pa_matt-80x160-cm","12":"pa_matt-90x200-cm","14":"first","15":"instock","16":"taxable","17":"shipping-taxable","18":"purchasable","19":"product-type-variable"},"acf":[],"yoast_head":"<!-- This site is optimized with the Yoast SEO Premium plugin v25.8 (Yoast SEO v27.2) - https:\/\/yoast.com\/product\/yoast-seo-premium-wordpress\/ -->\n<title>Gr\u00e5 husheng 90x200cm \/ 80x160cm - Babylove Norska<\/title>\n<meta name=\"description\" content=\"Superfin och prisv\u00e4rd gr\u00e5 huss\u00e4ng till barnrummet. En idealisk koja f\u00f6r ditt barn - K\u00f6p den h\u00e4r - Fri frakt ! Betala med Klarna Faktura\" \/>\n<meta name=\"robots\" content=\"noindex, follow, max-snippet:-1, max-image-preview:large, max-video-preview:-1\" \/>\n<meta property=\"og:locale\" content=\"nb_NO\" \/>\n<meta property=\"og:type\" content=\"article\" \/>\n<meta property=\"og:title\" content=\"Gr\u00e5 husheng 90x200cm \/ 80x160cm\" \/>\n<meta property=\"og:description\" content=\"Superfin och prisv\u00e4rd gr\u00e5 huss\u00e4ng till barnrummet. En idealisk koja f\u00f6r ditt barn - K\u00f6p den h\u00e4r - Fri frakt ! Betala med Klarna Faktura\" \/>\n<meta property=\"og:url\" content=\"https:\/\/babylove.se\/no\/produkt\/gra-husseng-90x200\/\" \/>\n<meta property=\"og:site_name\" content=\"Babylove Norska\" \/>\n<meta property=\"article:modified_time\" content=\"2026-04-08T08:01:37+00:00\" \/>\n<meta property=\"og:image\" content=\"https:\/\/babylove.se\/no\/wp-content\/uploads\/sites\/3\/2025\/07\/63651e5ee0405.jpeg\" \/>\n\t<meta property=\"og:image:width\" content=\"800\" \/>\n\t<meta property=\"og:image:height\" content=\"800\" \/>\n\t<meta property=\"og:image:type\" content=\"image\/jpeg\" \/>\n<meta name=\"twitter:card\" content=\"summary_large_image\" \/>\n<meta name=\"twitter:label1\" content=\"Availability\" \/>\n\t<meta name=\"twitter:data1\" content=\"In stock\" \/>\n<script type=\"application\/ld+json\" class=\"yoast-schema-graph\">{\"@context\":\"https:\/\/schema.org\",\"@graph\":[{\"@type\":\"WebPage\",\"@id\":\"https:\/\/babylove.se\/no\/produkt\/gra-husseng-90x200\/\",\"url\":\"https:\/\/babylove.se\/no\/produkt\/gra-husseng-90x200\/\",\"name\":\"Gr\u00e5 husheng 90x200cm \/ 80x160cm - Babylove Norska\",\"isPartOf\":{\"@id\":\"https:\/\/babylove.se\/no\/#website\"},\"primaryImageOfPage\":{\"@id\":\"https:\/\/babylove.se\/no\/produkt\/gra-husseng-90x200\/#primaryimage\"},\"image\":{\"@id\":\"https:\/\/babylove.se\/no\/produkt\/gra-husseng-90x200\/#primaryimage\"},\"thumbnailUrl\":\"https:\/\/babylove.se\/no\/wp-content\/uploads\/sites\/3\/2025\/07\/63651e5ee0405.jpeg\",\"datePublished\":\"2025-07-18T20:33:49+00:00\",\"dateModified\":\"2026-04-08T08:01:37+00:00\",\"description\":\"Superfin och prisv\u00e4rd gr\u00e5 huss\u00e4ng till barnrummet. En idealisk koja f\u00f6r ditt barn - K\u00f6p den h\u00e4r - Fri frakt ! Betala med Klarna Faktura\",\"breadcrumb\":{\"@id\":\"https:\/\/babylove.se\/no\/produkt\/gra-husseng-90x200\/#breadcrumb\"},\"inLanguage\":\"nb-NO\",\"potentialAction\":[{\"@type\":\"ReadAction\",\"target\":[\"https:\/\/babylove.se\/no\/produkt\/gra-husseng-90x200\/\"]}]},{\"@type\":\"ImageObject\",\"inLanguage\":\"nb-NO\",\"@id\":\"https:\/\/babylove.se\/no\/produkt\/gra-husseng-90x200\/#primaryimage\",\"url\":\"https:\/\/babylove.se\/no\/wp-content\/uploads\/sites\/3\/2025\/07\/63651e5ee0405.jpeg\",\"contentUrl\":\"https:\/\/babylove.se\/no\/wp-content\/uploads\/sites\/3\/2025\/07\/63651e5ee0405.jpeg\",\"width\":800,\"height\":800},{\"@type\":\"BreadcrumbList\",\"@id\":\"https:\/\/babylove.se\/no\/produkt\/gra-husseng-90x200\/#breadcrumb\",\"itemListElement\":[{\"@type\":\"ListItem\",\"position\":1,\"name\":\"Hem\",\"item\":\"https:\/\/babylove.se\/no\/\"},{\"@type\":\"ListItem\",\"position\":2,\"name\":\"Butik\",\"item\":\"https:\/\/babylove.se\/no\/butik\/\"},{\"@type\":\"ListItem\",\"position\":3,\"name\":\"Gr\u00e5 husheng 90x200cm \/ 80x160cm\"}]},{\"@type\":\"WebSite\",\"@id\":\"https:\/\/babylove.se\/no\/#website\",\"url\":\"https:\/\/babylove.se\/no\/\",\"name\":\"Babylove Norska\",\"description\":\"\",\"potentialAction\":[{\"@type\":\"SearchAction\",\"target\":{\"@type\":\"EntryPoint\",\"urlTemplate\":\"https:\/\/babylove.se\/no\/?s={search_term_string}\"},\"query-input\":{\"@type\":\"PropertyValueSpecification\",\"valueRequired\":true,\"valueName\":\"search_term_string\"}}],\"inLanguage\":\"nb-NO\"}]}<\/script>\n<meta property=\"product:brand\" content=\"Homestyle4u\" \/>\n<meta property=\"og:availability\" content=\"instock\" \/>\n<meta property=\"product:availability\" content=\"instock\" \/>\n<meta property=\"product:retailer_item_id\" content=\"1970\" \/>\n<meta property=\"product:condition\" content=\"new\" \/>\n<!-- \/ Yoast SEO Premium plugin. -->","yoast_head_json":{"title":"Gr\u00e5 husheng 90x200cm \/ 80x160cm - Babylove Norska","description":"Superfin och prisv\u00e4rd gr\u00e5 huss\u00e4ng till barnrummet. En idealisk koja f\u00f6r ditt barn - K\u00f6p den h\u00e4r - Fri frakt ! Betala med Klarna Faktura","robots":{"index":"noindex","follow":"follow","max-snippet":"max-snippet:-1","max-image-preview":"max-image-preview:large","max-video-preview":"max-video-preview:-1"},"og_locale":"nb_NO","og_type":"article","og_title":"Gr\u00e5 husheng 90x200cm \/ 80x160cm","og_description":"Superfin och prisv\u00e4rd gr\u00e5 huss\u00e4ng till barnrummet. En idealisk koja f\u00f6r ditt barn - K\u00f6p den h\u00e4r - Fri frakt ! Betala med Klarna Faktura","og_url":"https:\/\/babylove.se\/no\/produkt\/gra-husseng-90x200\/","og_site_name":"Babylove Norska","article_modified_time":"2026-04-08T08:01:37+00:00","og_image":[{"width":800,"height":800,"url":"https:\/\/babylove.se\/no\/wp-content\/uploads\/sites\/3\/2025\/07\/63651e5ee0405.jpeg","type":"image\/jpeg"}],"twitter_card":"summary_large_image","twitter_misc":{"Availability":"In stock"},"schema":{"@context":"https:\/\/schema.org","@graph":[{"@type":"WebPage","@id":"https:\/\/babylove.se\/no\/produkt\/gra-husseng-90x200\/","url":"https:\/\/babylove.se\/no\/produkt\/gra-husseng-90x200\/","name":"Gr\u00e5 husheng 90x200cm \/ 80x160cm - Babylove Norska","isPartOf":{"@id":"https:\/\/babylove.se\/no\/#website"},"primaryImageOfPage":{"@id":"https:\/\/babylove.se\/no\/produkt\/gra-husseng-90x200\/#primaryimage"},"image":{"@id":"https:\/\/babylove.se\/no\/produkt\/gra-husseng-90x200\/#primaryimage"},"thumbnailUrl":"https:\/\/babylove.se\/no\/wp-content\/uploads\/sites\/3\/2025\/07\/63651e5ee0405.jpeg","datePublished":"2025-07-18T20:33:49+00:00","dateModified":"2026-04-08T08:01:37+00:00","description":"Superfin och prisv\u00e4rd gr\u00e5 huss\u00e4ng till barnrummet. En idealisk koja f\u00f6r ditt barn - K\u00f6p den h\u00e4r - Fri frakt ! Betala med Klarna Faktura","breadcrumb":{"@id":"https:\/\/babylove.se\/no\/produkt\/gra-husseng-90x200\/#breadcrumb"},"inLanguage":"nb-NO","potentialAction":[{"@type":"ReadAction","target":["https:\/\/babylove.se\/no\/produkt\/gra-husseng-90x200\/"]}]},{"@type":"ImageObject","inLanguage":"nb-NO","@id":"https:\/\/babylove.se\/no\/produkt\/gra-husseng-90x200\/#primaryimage","url":"https:\/\/babylove.se\/no\/wp-content\/uploads\/sites\/3\/2025\/07\/63651e5ee0405.jpeg","contentUrl":"https:\/\/babylove.se\/no\/wp-content\/uploads\/sites\/3\/2025\/07\/63651e5ee0405.jpeg","width":800,"height":800},{"@type":"BreadcrumbList","@id":"https:\/\/babylove.se\/no\/produkt\/gra-husseng-90x200\/#breadcrumb","itemListElement":[{"@type":"ListItem","position":1,"name":"Hem","item":"https:\/\/babylove.se\/no\/"},{"@type":"ListItem","position":2,"name":"Butik","item":"https:\/\/babylove.se\/no\/butik\/"},{"@type":"ListItem","position":3,"name":"Gr\u00e5 husheng 90x200cm \/ 80x160cm"}]},{"@type":"WebSite","@id":"https:\/\/babylove.se\/no\/#website","url":"https:\/\/babylove.se\/no\/","name":"Babylove Norska","description":"","potentialAction":[{"@type":"SearchAction","target":{"@type":"EntryPoint","urlTemplate":"https:\/\/babylove.se\/no\/?s={search_term_string}"},"query-input":{"@type":"PropertyValueSpecification","valueRequired":true,"valueName":"search_term_string"}}],"inLanguage":"nb-NO"}]},"product_brand":"Homestyle4u","og_availability":"instock","product_availability":"instock","product_retailer_item_id":"1970","product_condition":"new"},"_links":{"self":[{"href":"https:\/\/babylove.se\/no\/wp-json\/wp\/v2\/product\/13549","targetHints":{"allow":["GET"]}}],"collection":[{"href":"https:\/\/babylove.se\/no\/wp-json\/wp\/v2\/product"}],"about":[{"href":"https:\/\/babylove.se\/no\/wp-json\/wp\/v2\/types\/product"}],"replies":[{"embeddable":true,"href":"https:\/\/babylove.se\/no\/wp-json\/wp\/v2\/comments?post=13549"}],"wp:featuredmedia":[{"embeddable":true,"href":"https:\/\/babylove.se\/no\/wp-json\/wp\/v2\/media\/13551"}],"wp:attachment":[{"href":"https:\/\/babylove.se\/no\/wp-json\/wp\/v2\/media?parent=13549"}],"wp:term":[{"taxonomy":"product_brand","embeddable":true,"href":"https:\/\/babylove.se\/no\/wp-json\/wp\/v2\/product_brand?post=13549"},{"taxonomy":"product_cat","embeddable":true,"href":"https:\/\/babylove.se\/no\/wp-json\/wp\/v2\/product_cat?post=13549"},{"taxonomy":"product_tag","embeddable":true,"href":"https:\/\/babylove.se\/no\/wp-json\/wp\/v2\/product_tag?post=13549"}],"curies":[{"name":"wp","href":"https:\/\/api.w.org\/{rel}","templated":true}]}}