{"id":13634,"date":"2025-07-18T21:34:25","date_gmt":"2025-07-18T20:34:25","guid":{"rendered":"https:\/\/babylove.se\/produkt\/ljusgra-luftballongset-vaggklistermarken\/"},"modified":"2026-04-08T09:02:05","modified_gmt":"2026-04-08T08:02:05","slug":"lysgra-luftballongsett-veggklistremerker","status":"publish","type":"product","link":"https:\/\/babylove.se\/no\/produkt\/lysgra-luftballongsett-veggklistremerker\/","title":{"rendered":"Lysegr\u00e5tt luftballongsett, veggklistremerker"},"content":{"rendered":"<p>Et vakkert sett med veggklistremerker i form av vakre luftballonger, skyer og dr\u00e5per.<\/p>\n<p>Med disse kan du dekorere ditt barns rom med vakre ballonger og skape masse magi p\u00e5 enkleste m\u00e5te!<\/p>\n<p>Veggklistremerker i et barnerom er en enkel m\u00e5te \u00e5 dekorere din favorittmyskrok eller et kjedelig omr\u00e5de ved siden av en seng eller et skrivebord.<\/p>\n<ul>\n<li>Trykket med blekk trygt for barn p\u00e5 matt h\u00f8ykvalitetsfolie<\/li>\n<li>Skj\u00e6res ut med kontur<\/li>\n<li>Selvklebende &#8211; har et lag med lim<\/li>\n<li>Du setter den selv i din egen sammensetning<\/li>\n<li>De kan enkelt rengj\u00f8res med en svamp eller en klut<\/li>\n<li>Har meget levende og herlige farger<\/li>\n<li>Det er 5 ballonger, 6 skyer, 6 dr\u00e5per, 9 prikker, samt 1 zeppelin i settet<\/li>\n<\/ul>\n<p>S\u00f8rg for at overflaten er t\u00f8rr og avfettet f\u00f8r du setter opp veggklistremerket, fungerer ikke p\u00e5 ujevne vegger\/overflater. Klistremerkene er ikke egnet for vegger med en grov overflate eller hvis de er malt med lateksfarger eller tapetsert. Veggklistremerkene m\u00e5 v\u00e6re flate og ligge ofte minst 24 timer etter man har tatt dem ut av emballasjen f\u00f8r man kan sette dem opp p\u00e5 veggen.<\/p>\n","protected":false},"excerpt":{"rendered":"<p>Et vakkert sett med veggklistremerker i form av vakre luftballonger, skyer og dr\u00e5per. Med disse kan du dekorere ditt barns rom med vakre ballonger og skape masse magi p\u00e5 enkleste m\u00e5te! Veggklistremerker i et barnerom er en enkel m\u00e5te \u00e5 dekorere din favorittmyskrok eller et kjedelig omr\u00e5de ved siden av en seng eller et skrivebord. [&hellip;]<\/p>\n","protected":false},"featured_media":13636,"comment_status":"closed","ping_status":"open","template":"","meta":{"_acf_changed":false},"product_brand":[22],"product_cat":[138],"product_tag":[],"class_list":{"0":"post-13634","1":"product","2":"type-product","3":"status-publish","4":"has-post-thumbnail","6":"product_brand-babylove","7":"product_cat-ballonger","9":"first","10":"outofstock","11":"taxable","12":"shipping-taxable","13":"purchasable","14":"product-type-simple"},"acf":[],"yoast_head":"<!-- This site is optimized with the Yoast SEO Premium plugin v25.8 (Yoast SEO v27.2) - https:\/\/yoast.com\/product\/yoast-seo-premium-wordpress\/ -->\n<title>Lysegr\u00e5tt luftballongsett, veggklistremerker - Babylove Norska<\/title>\n<meta name=\"robots\" content=\"noindex, follow, max-snippet:-1, max-image-preview:large, max-video-preview:-1\" \/>\n<meta property=\"og:locale\" content=\"nb_NO\" \/>\n<meta property=\"og:type\" content=\"article\" \/>\n<meta property=\"og:title\" content=\"Lysegr\u00e5tt luftballongsett, veggklistremerker\" \/>\n<meta property=\"og:description\" content=\"Et vakkert sett med veggklistremerker i form av vakre luftballonger, skyer og dr\u00e5per. Med disse kan du dekorere ditt barns rom med vakre ballonger og skape masse magi p\u00e5 enkleste m\u00e5te! Veggklistremerker i et barnerom er en enkel m\u00e5te \u00e5 dekorere din favorittmyskrok eller et kjedelig omr\u00e5de ved siden av en seng eller et skrivebord. [&hellip;]\" \/>\n<meta property=\"og:url\" content=\"https:\/\/babylove.se\/no\/produkt\/lysgra-luftballongsett-veggklistremerker\/\" \/>\n<meta property=\"og:site_name\" content=\"Babylove Norska\" \/>\n<meta property=\"article:modified_time\" content=\"2026-04-08T08:02:05+00:00\" \/>\n<meta property=\"og:image\" content=\"https:\/\/babylove.se\/no\/wp-content\/uploads\/sites\/3\/2025\/07\/5d821361be789.jpeg\" \/>\n\t<meta property=\"og:image:width\" content=\"500\" \/>\n\t<meta property=\"og:image:height\" content=\"333\" \/>\n\t<meta property=\"og:image:type\" content=\"image\/jpeg\" \/>\n<meta name=\"twitter:card\" content=\"summary_large_image\" \/>\n<meta name=\"twitter:label1\" content=\"Price\" \/>\n\t<meta name=\"twitter:data1\" content=\"399,00&nbsp;&#107;&#114;\" \/>\n\t<meta name=\"twitter:label2\" content=\"Availability\" \/>\n\t<meta name=\"twitter:data2\" content=\"Out of stock\" \/>\n<script type=\"application\/ld+json\" class=\"yoast-schema-graph\">{\"@context\":\"https:\/\/schema.org\",\"@graph\":[{\"@type\":\"WebPage\",\"@id\":\"https:\/\/babylove.se\/no\/produkt\/lysgra-luftballongsett-veggklistremerker\/\",\"url\":\"https:\/\/babylove.se\/no\/produkt\/lysgra-luftballongsett-veggklistremerker\/\",\"name\":\"Lysegr\u00e5tt luftballongsett, veggklistremerker - Babylove Norska\",\"isPartOf\":{\"@id\":\"https:\/\/babylove.se\/no\/#website\"},\"primaryImageOfPage\":{\"@id\":\"https:\/\/babylove.se\/no\/produkt\/lysgra-luftballongsett-veggklistremerker\/#primaryimage\"},\"image\":{\"@id\":\"https:\/\/babylove.se\/no\/produkt\/lysgra-luftballongsett-veggklistremerker\/#primaryimage\"},\"thumbnailUrl\":\"https:\/\/babylove.se\/no\/wp-content\/uploads\/sites\/3\/2025\/07\/5d821361be789.jpeg\",\"datePublished\":\"2025-07-18T20:34:25+00:00\",\"dateModified\":\"2026-04-08T08:02:05+00:00\",\"breadcrumb\":{\"@id\":\"https:\/\/babylove.se\/no\/produkt\/lysgra-luftballongsett-veggklistremerker\/#breadcrumb\"},\"inLanguage\":\"nb-NO\",\"potentialAction\":[{\"@type\":\"ReadAction\",\"target\":[\"https:\/\/babylove.se\/no\/produkt\/lysgra-luftballongsett-veggklistremerker\/\"]}]},{\"@type\":\"ImageObject\",\"inLanguage\":\"nb-NO\",\"@id\":\"https:\/\/babylove.se\/no\/produkt\/lysgra-luftballongsett-veggklistremerker\/#primaryimage\",\"url\":\"https:\/\/babylove.se\/no\/wp-content\/uploads\/sites\/3\/2025\/07\/5d821361be789.jpeg\",\"contentUrl\":\"https:\/\/babylove.se\/no\/wp-content\/uploads\/sites\/3\/2025\/07\/5d821361be789.jpeg\",\"width\":500,\"height\":333},{\"@type\":\"BreadcrumbList\",\"@id\":\"https:\/\/babylove.se\/no\/produkt\/lysgra-luftballongsett-veggklistremerker\/#breadcrumb\",\"itemListElement\":[{\"@type\":\"ListItem\",\"position\":1,\"name\":\"Hem\",\"item\":\"https:\/\/babylove.se\/no\/\"},{\"@type\":\"ListItem\",\"position\":2,\"name\":\"Butik\",\"item\":\"https:\/\/babylove.se\/no\/butik\/\"},{\"@type\":\"ListItem\",\"position\":3,\"name\":\"Lysegr\u00e5tt luftballongsett, veggklistremerker\"}]},{\"@type\":\"WebSite\",\"@id\":\"https:\/\/babylove.se\/no\/#website\",\"url\":\"https:\/\/babylove.se\/no\/\",\"name\":\"Babylove Norska\",\"description\":\"\",\"potentialAction\":[{\"@type\":\"SearchAction\",\"target\":{\"@type\":\"EntryPoint\",\"urlTemplate\":\"https:\/\/babylove.se\/no\/?s={search_term_string}\"},\"query-input\":{\"@type\":\"PropertyValueSpecification\",\"valueRequired\":true,\"valueName\":\"search_term_string\"}}],\"inLanguage\":\"nb-NO\"}]}<\/script>\n<meta property=\"product:brand\" content=\"Babylove\" \/>\n<meta property=\"product:price:amount\" content=\"399.00\" \/>\n<meta property=\"product:price:currency\" content=\"SEK\" \/>\n<meta property=\"og:availability\" content=\"out of stock\" \/>\n<meta property=\"product:availability\" content=\"out of stock\" \/>\n<meta property=\"product:retailer_item_id\" content=\"2806\" \/>\n<meta property=\"product:condition\" content=\"new\" \/>\n<!-- \/ Yoast SEO Premium plugin. -->","yoast_head_json":{"title":"Lysegr\u00e5tt luftballongsett, veggklistremerker - Babylove Norska","robots":{"index":"noindex","follow":"follow","max-snippet":"max-snippet:-1","max-image-preview":"max-image-preview:large","max-video-preview":"max-video-preview:-1"},"og_locale":"nb_NO","og_type":"article","og_title":"Lysegr\u00e5tt luftballongsett, veggklistremerker","og_description":"Et vakkert sett med veggklistremerker i form av vakre luftballonger, skyer og dr\u00e5per. Med disse kan du dekorere ditt barns rom med vakre ballonger og skape masse magi p\u00e5 enkleste m\u00e5te! Veggklistremerker i et barnerom er en enkel m\u00e5te \u00e5 dekorere din favorittmyskrok eller et kjedelig omr\u00e5de ved siden av en seng eller et skrivebord. [&hellip;]","og_url":"https:\/\/babylove.se\/no\/produkt\/lysgra-luftballongsett-veggklistremerker\/","og_site_name":"Babylove Norska","article_modified_time":"2026-04-08T08:02:05+00:00","og_image":[{"width":500,"height":333,"url":"https:\/\/babylove.se\/no\/wp-content\/uploads\/sites\/3\/2025\/07\/5d821361be789.jpeg","type":"image\/jpeg"}],"twitter_card":"summary_large_image","twitter_misc":{"Price":"399,00&nbsp;&#107;&#114;","Availability":"Out of stock"},"schema":{"@context":"https:\/\/schema.org","@graph":[{"@type":"WebPage","@id":"https:\/\/babylove.se\/no\/produkt\/lysgra-luftballongsett-veggklistremerker\/","url":"https:\/\/babylove.se\/no\/produkt\/lysgra-luftballongsett-veggklistremerker\/","name":"Lysegr\u00e5tt luftballongsett, veggklistremerker - Babylove Norska","isPartOf":{"@id":"https:\/\/babylove.se\/no\/#website"},"primaryImageOfPage":{"@id":"https:\/\/babylove.se\/no\/produkt\/lysgra-luftballongsett-veggklistremerker\/#primaryimage"},"image":{"@id":"https:\/\/babylove.se\/no\/produkt\/lysgra-luftballongsett-veggklistremerker\/#primaryimage"},"thumbnailUrl":"https:\/\/babylove.se\/no\/wp-content\/uploads\/sites\/3\/2025\/07\/5d821361be789.jpeg","datePublished":"2025-07-18T20:34:25+00:00","dateModified":"2026-04-08T08:02:05+00:00","breadcrumb":{"@id":"https:\/\/babylove.se\/no\/produkt\/lysgra-luftballongsett-veggklistremerker\/#breadcrumb"},"inLanguage":"nb-NO","potentialAction":[{"@type":"ReadAction","target":["https:\/\/babylove.se\/no\/produkt\/lysgra-luftballongsett-veggklistremerker\/"]}]},{"@type":"ImageObject","inLanguage":"nb-NO","@id":"https:\/\/babylove.se\/no\/produkt\/lysgra-luftballongsett-veggklistremerker\/#primaryimage","url":"https:\/\/babylove.se\/no\/wp-content\/uploads\/sites\/3\/2025\/07\/5d821361be789.jpeg","contentUrl":"https:\/\/babylove.se\/no\/wp-content\/uploads\/sites\/3\/2025\/07\/5d821361be789.jpeg","width":500,"height":333},{"@type":"BreadcrumbList","@id":"https:\/\/babylove.se\/no\/produkt\/lysgra-luftballongsett-veggklistremerker\/#breadcrumb","itemListElement":[{"@type":"ListItem","position":1,"name":"Hem","item":"https:\/\/babylove.se\/no\/"},{"@type":"ListItem","position":2,"name":"Butik","item":"https:\/\/babylove.se\/no\/butik\/"},{"@type":"ListItem","position":3,"name":"Lysegr\u00e5tt luftballongsett, veggklistremerker"}]},{"@type":"WebSite","@id":"https:\/\/babylove.se\/no\/#website","url":"https:\/\/babylove.se\/no\/","name":"Babylove Norska","description":"","potentialAction":[{"@type":"SearchAction","target":{"@type":"EntryPoint","urlTemplate":"https:\/\/babylove.se\/no\/?s={search_term_string}"},"query-input":{"@type":"PropertyValueSpecification","valueRequired":true,"valueName":"search_term_string"}}],"inLanguage":"nb-NO"}]},"product_brand":"Babylove","product_price_amount":"399.00","product_price_currency":"SEK","og_availability":"out of stock","product_availability":"out of stock","product_retailer_item_id":"2806","product_condition":"new"},"_links":{"self":[{"href":"https:\/\/babylove.se\/no\/wp-json\/wp\/v2\/product\/13634","targetHints":{"allow":["GET"]}}],"collection":[{"href":"https:\/\/babylove.se\/no\/wp-json\/wp\/v2\/product"}],"about":[{"href":"https:\/\/babylove.se\/no\/wp-json\/wp\/v2\/types\/product"}],"replies":[{"embeddable":true,"href":"https:\/\/babylove.se\/no\/wp-json\/wp\/v2\/comments?post=13634"}],"wp:featuredmedia":[{"embeddable":true,"href":"https:\/\/babylove.se\/no\/wp-json\/wp\/v2\/media\/13636"}],"wp:attachment":[{"href":"https:\/\/babylove.se\/no\/wp-json\/wp\/v2\/media?parent=13634"}],"wp:term":[{"taxonomy":"product_brand","embeddable":true,"href":"https:\/\/babylove.se\/no\/wp-json\/wp\/v2\/product_brand?post=13634"},{"taxonomy":"product_cat","embeddable":true,"href":"https:\/\/babylove.se\/no\/wp-json\/wp\/v2\/product_cat?post=13634"},{"taxonomy":"product_tag","embeddable":true,"href":"https:\/\/babylove.se\/no\/wp-json\/wp\/v2\/product_tag?post=13634"}],"curies":[{"name":"wp","href":"https:\/\/api.w.org\/{rel}","templated":true}]}}