{"id":1364,"date":"2025-07-18T20:01:37","date_gmt":"2025-07-18T19:01:37","guid":{"rendered":"https:\/\/babylove.se\/produkt\/vagghangare-sleepy-bunny-svart\/"},"modified":"2026-04-08T07:41:22","modified_gmt":"2026-04-08T06:41:22","slug":"veggkroker-sleepy-bunny-svart","status":"publish","type":"product","link":"https:\/\/babylove.se\/no\/produkt\/veggkroker-sleepy-bunny-svart\/","title":{"rendered":"Vegghenger i metall til barnerommet, svart kanin"},"content":{"rendered":"<p>En vakker enkelkrok i form av en kanin som b\u00e5de du og ditt barn kommer til \u00e5 elske.&nbsp;<\/p>\n<p>Kroken fungerer ogs\u00e5 som kleshenger og blir en fin detalj i ditt barneroms innredning. Du kan selvf\u00f8lgelig bruke den ogs\u00e5 p\u00e5 badet eller hvorfor ikke som en egen krok i gangen for ditt barn. Du kan enkelt bestemme h\u00f8yden selv, slik at den passer st\u00f8rrelsen p\u00e5 ditt barn og det selv henge opp eller ta ned ting fra kroken uten problemer.<\/p>\n<p>Produktet er helt laget av st\u00e5l og dekket i en fin farge.<\/p>\n<p><strong>St\u00f8rrelse:&nbsp;<\/strong>10&#215;17 cm<\/p>\n","protected":false},"excerpt":{"rendered":"<p>En vakker enkelkrok i form av en kanin som b\u00e5de du og ditt barn kommer til \u00e5 elske.&nbsp; Kroken fungerer ogs\u00e5 som kleshenger og blir en fin detalj i ditt barneroms innredning. Du kan selvf\u00f8lgelig bruke den ogs\u00e5 p\u00e5 badet eller hvorfor ikke som en egen krok i gangen for ditt barn. Du kan enkelt [&hellip;]<\/p>\n","protected":false},"featured_media":1366,"comment_status":"closed","ping_status":"open","template":"","meta":{"_acf_changed":false},"product_brand":[22],"product_cat":[94],"product_tag":[],"class_list":{"0":"post-1364","1":"product","2":"type-product","3":"status-publish","4":"has-post-thumbnail","6":"product_brand-babylove","7":"product_cat-vegghengeere","9":"first","10":"outofstock","11":"taxable","12":"shipping-taxable","13":"purchasable","14":"product-type-simple"},"acf":[],"yoast_head":"<!-- This site is optimized with the Yoast SEO Premium plugin v25.8 (Yoast SEO v27.2) - https:\/\/yoast.com\/product\/yoast-seo-premium-wordpress\/ -->\n<title>Vegghenger i metall til barnerommet, svart kanin - Babylove Norska<\/title>\n<meta name=\"robots\" content=\"noindex, follow, max-snippet:-1, max-image-preview:large, max-video-preview:-1\" \/>\n<meta property=\"og:locale\" content=\"nb_NO\" \/>\n<meta property=\"og:type\" content=\"article\" \/>\n<meta property=\"og:title\" content=\"Vegghenger i metall til barnerommet, svart kanin\" \/>\n<meta property=\"og:description\" content=\"En vakker enkelkrok i form av en kanin som b\u00e5de du og ditt barn kommer til \u00e5 elske.&nbsp; Kroken fungerer ogs\u00e5 som kleshenger og blir en fin detalj i ditt barneroms innredning. Du kan selvf\u00f8lgelig bruke den ogs\u00e5 p\u00e5 badet eller hvorfor ikke som en egen krok i gangen for ditt barn. Du kan enkelt [&hellip;]\" \/>\n<meta property=\"og:url\" content=\"https:\/\/babylove.se\/no\/produkt\/veggkroker-sleepy-bunny-svart\/\" \/>\n<meta property=\"og:site_name\" content=\"Babylove Norska\" \/>\n<meta property=\"article:modified_time\" content=\"2026-04-08T06:41:22+00:00\" \/>\n<meta property=\"og:image\" content=\"https:\/\/babylove.se\/no\/wp-content\/uploads\/sites\/3\/2025\/07\/552-149190999142.jpeg\" \/>\n\t<meta property=\"og:image:width\" content=\"448\" \/>\n\t<meta property=\"og:image:height\" content=\"504\" \/>\n\t<meta property=\"og:image:type\" content=\"image\/jpeg\" \/>\n<meta name=\"twitter:card\" content=\"summary_large_image\" \/>\n<meta name=\"twitter:label1\" content=\"Price\" \/>\n\t<meta name=\"twitter:data1\" content=\"99,00&nbsp;&#107;&#114;\" \/>\n\t<meta name=\"twitter:label2\" content=\"Availability\" \/>\n\t<meta name=\"twitter:data2\" content=\"Out of stock\" \/>\n<script type=\"application\/ld+json\" class=\"yoast-schema-graph\">{\"@context\":\"https:\/\/schema.org\",\"@graph\":[{\"@type\":\"WebPage\",\"@id\":\"https:\/\/babylove.se\/no\/produkt\/veggkroker-sleepy-bunny-svart\/\",\"url\":\"https:\/\/babylove.se\/no\/produkt\/veggkroker-sleepy-bunny-svart\/\",\"name\":\"Vegghenger i metall til barnerommet, svart kanin - Babylove Norska\",\"isPartOf\":{\"@id\":\"https:\/\/babylove.se\/no\/#website\"},\"primaryImageOfPage\":{\"@id\":\"https:\/\/babylove.se\/no\/produkt\/veggkroker-sleepy-bunny-svart\/#primaryimage\"},\"image\":{\"@id\":\"https:\/\/babylove.se\/no\/produkt\/veggkroker-sleepy-bunny-svart\/#primaryimage\"},\"thumbnailUrl\":\"https:\/\/babylove.se\/no\/wp-content\/uploads\/sites\/3\/2025\/07\/552-149190999142.jpeg\",\"datePublished\":\"2025-07-18T19:01:37+00:00\",\"dateModified\":\"2026-04-08T06:41:22+00:00\",\"breadcrumb\":{\"@id\":\"https:\/\/babylove.se\/no\/produkt\/veggkroker-sleepy-bunny-svart\/#breadcrumb\"},\"inLanguage\":\"nb-NO\",\"potentialAction\":[{\"@type\":\"ReadAction\",\"target\":[\"https:\/\/babylove.se\/no\/produkt\/veggkroker-sleepy-bunny-svart\/\"]}]},{\"@type\":\"ImageObject\",\"inLanguage\":\"nb-NO\",\"@id\":\"https:\/\/babylove.se\/no\/produkt\/veggkroker-sleepy-bunny-svart\/#primaryimage\",\"url\":\"https:\/\/babylove.se\/no\/wp-content\/uploads\/sites\/3\/2025\/07\/552-149190999142.jpeg\",\"contentUrl\":\"https:\/\/babylove.se\/no\/wp-content\/uploads\/sites\/3\/2025\/07\/552-149190999142.jpeg\",\"width\":448,\"height\":504},{\"@type\":\"BreadcrumbList\",\"@id\":\"https:\/\/babylove.se\/no\/produkt\/veggkroker-sleepy-bunny-svart\/#breadcrumb\",\"itemListElement\":[{\"@type\":\"ListItem\",\"position\":1,\"name\":\"Hem\",\"item\":\"https:\/\/babylove.se\/no\/\"},{\"@type\":\"ListItem\",\"position\":2,\"name\":\"Butik\",\"item\":\"https:\/\/babylove.se\/no\/butik\/\"},{\"@type\":\"ListItem\",\"position\":3,\"name\":\"Vegghenger i metall til barnerommet, svart kanin\"}]},{\"@type\":\"WebSite\",\"@id\":\"https:\/\/babylove.se\/no\/#website\",\"url\":\"https:\/\/babylove.se\/no\/\",\"name\":\"Babylove Norska\",\"description\":\"\",\"potentialAction\":[{\"@type\":\"SearchAction\",\"target\":{\"@type\":\"EntryPoint\",\"urlTemplate\":\"https:\/\/babylove.se\/no\/?s={search_term_string}\"},\"query-input\":{\"@type\":\"PropertyValueSpecification\",\"valueRequired\":true,\"valueName\":\"search_term_string\"}}],\"inLanguage\":\"nb-NO\"}]}<\/script>\n<meta property=\"product:brand\" content=\"Babylove\" \/>\n<meta property=\"product:price:amount\" content=\"99.00\" \/>\n<meta property=\"product:price:currency\" content=\"SEK\" \/>\n<meta property=\"og:availability\" content=\"out of stock\" \/>\n<meta property=\"product:availability\" content=\"out of stock\" \/>\n<meta property=\"product:retailer_item_id\" content=\"MET00004995\" \/>\n<meta property=\"product:condition\" content=\"new\" \/>\n<!-- \/ Yoast SEO Premium plugin. -->","yoast_head_json":{"title":"Vegghenger i metall til barnerommet, svart kanin - Babylove Norska","robots":{"index":"noindex","follow":"follow","max-snippet":"max-snippet:-1","max-image-preview":"max-image-preview:large","max-video-preview":"max-video-preview:-1"},"og_locale":"nb_NO","og_type":"article","og_title":"Vegghenger i metall til barnerommet, svart kanin","og_description":"En vakker enkelkrok i form av en kanin som b\u00e5de du og ditt barn kommer til \u00e5 elske.&nbsp; Kroken fungerer ogs\u00e5 som kleshenger og blir en fin detalj i ditt barneroms innredning. Du kan selvf\u00f8lgelig bruke den ogs\u00e5 p\u00e5 badet eller hvorfor ikke som en egen krok i gangen for ditt barn. Du kan enkelt [&hellip;]","og_url":"https:\/\/babylove.se\/no\/produkt\/veggkroker-sleepy-bunny-svart\/","og_site_name":"Babylove Norska","article_modified_time":"2026-04-08T06:41:22+00:00","og_image":[{"width":448,"height":504,"url":"https:\/\/babylove.se\/no\/wp-content\/uploads\/sites\/3\/2025\/07\/552-149190999142.jpeg","type":"image\/jpeg"}],"twitter_card":"summary_large_image","twitter_misc":{"Price":"99,00&nbsp;&#107;&#114;","Availability":"Out of stock"},"schema":{"@context":"https:\/\/schema.org","@graph":[{"@type":"WebPage","@id":"https:\/\/babylove.se\/no\/produkt\/veggkroker-sleepy-bunny-svart\/","url":"https:\/\/babylove.se\/no\/produkt\/veggkroker-sleepy-bunny-svart\/","name":"Vegghenger i metall til barnerommet, svart kanin - Babylove Norska","isPartOf":{"@id":"https:\/\/babylove.se\/no\/#website"},"primaryImageOfPage":{"@id":"https:\/\/babylove.se\/no\/produkt\/veggkroker-sleepy-bunny-svart\/#primaryimage"},"image":{"@id":"https:\/\/babylove.se\/no\/produkt\/veggkroker-sleepy-bunny-svart\/#primaryimage"},"thumbnailUrl":"https:\/\/babylove.se\/no\/wp-content\/uploads\/sites\/3\/2025\/07\/552-149190999142.jpeg","datePublished":"2025-07-18T19:01:37+00:00","dateModified":"2026-04-08T06:41:22+00:00","breadcrumb":{"@id":"https:\/\/babylove.se\/no\/produkt\/veggkroker-sleepy-bunny-svart\/#breadcrumb"},"inLanguage":"nb-NO","potentialAction":[{"@type":"ReadAction","target":["https:\/\/babylove.se\/no\/produkt\/veggkroker-sleepy-bunny-svart\/"]}]},{"@type":"ImageObject","inLanguage":"nb-NO","@id":"https:\/\/babylove.se\/no\/produkt\/veggkroker-sleepy-bunny-svart\/#primaryimage","url":"https:\/\/babylove.se\/no\/wp-content\/uploads\/sites\/3\/2025\/07\/552-149190999142.jpeg","contentUrl":"https:\/\/babylove.se\/no\/wp-content\/uploads\/sites\/3\/2025\/07\/552-149190999142.jpeg","width":448,"height":504},{"@type":"BreadcrumbList","@id":"https:\/\/babylove.se\/no\/produkt\/veggkroker-sleepy-bunny-svart\/#breadcrumb","itemListElement":[{"@type":"ListItem","position":1,"name":"Hem","item":"https:\/\/babylove.se\/no\/"},{"@type":"ListItem","position":2,"name":"Butik","item":"https:\/\/babylove.se\/no\/butik\/"},{"@type":"ListItem","position":3,"name":"Vegghenger i metall til barnerommet, svart kanin"}]},{"@type":"WebSite","@id":"https:\/\/babylove.se\/no\/#website","url":"https:\/\/babylove.se\/no\/","name":"Babylove Norska","description":"","potentialAction":[{"@type":"SearchAction","target":{"@type":"EntryPoint","urlTemplate":"https:\/\/babylove.se\/no\/?s={search_term_string}"},"query-input":{"@type":"PropertyValueSpecification","valueRequired":true,"valueName":"search_term_string"}}],"inLanguage":"nb-NO"}]},"product_brand":"Babylove","product_price_amount":"99.00","product_price_currency":"SEK","og_availability":"out of stock","product_availability":"out of stock","product_retailer_item_id":"MET00004995","product_condition":"new"},"_links":{"self":[{"href":"https:\/\/babylove.se\/no\/wp-json\/wp\/v2\/product\/1364","targetHints":{"allow":["GET"]}}],"collection":[{"href":"https:\/\/babylove.se\/no\/wp-json\/wp\/v2\/product"}],"about":[{"href":"https:\/\/babylove.se\/no\/wp-json\/wp\/v2\/types\/product"}],"replies":[{"embeddable":true,"href":"https:\/\/babylove.se\/no\/wp-json\/wp\/v2\/comments?post=1364"}],"wp:featuredmedia":[{"embeddable":true,"href":"https:\/\/babylove.se\/no\/wp-json\/wp\/v2\/media\/1366"}],"wp:attachment":[{"href":"https:\/\/babylove.se\/no\/wp-json\/wp\/v2\/media?parent=1364"}],"wp:term":[{"taxonomy":"product_brand","embeddable":true,"href":"https:\/\/babylove.se\/no\/wp-json\/wp\/v2\/product_brand?post=1364"},{"taxonomy":"product_cat","embeddable":true,"href":"https:\/\/babylove.se\/no\/wp-json\/wp\/v2\/product_cat?post=1364"},{"taxonomy":"product_tag","embeddable":true,"href":"https:\/\/babylove.se\/no\/wp-json\/wp\/v2\/product_tag?post=1364"}],"curies":[{"name":"wp","href":"https:\/\/api.w.org\/{rel}","templated":true}]}}