{"id":13670,"date":"2025-07-18T21:34:46","date_gmt":"2025-07-18T20:34:46","guid":{"rendered":"https:\/\/babylove.se\/produkt\/maxi-bollhav-till-event-massa\/"},"modified":"2026-04-08T09:02:22","modified_gmt":"2026-04-08T08:02:22","slug":"maxi-ballhav-til-event-masse","status":"publish","type":"product","link":"https:\/\/babylove.se\/no\/produkt\/maxi-ballhav-til-event-masse\/","title":{"rendered":"MAXI Ballhav til event, messe. 5&#215;3 meter"},"content":{"rendered":"<p>Et stort ballbasseng med <strong>30 000<\/strong> baller, perfekt til en bedriftsmesse eller event.&nbsp;<\/p>\n<p>Bygget med stor lidenskap og omtanke for barnets beste.&nbsp;<\/p>\n<p>Det finnes utallige farger p\u00e5 ballene, du velger selv farger p\u00e5 ballene. Oppgi ved bestilling hvilke farger du vil ha.<\/p>\n<p><strong>M\u00e5l&nbsp;<\/strong><\/p>\n<ul>\n<li>3x 5 m&nbsp;<\/li>\n<li>H\u00f8yde 50 cm<\/li>\n<li>Diameter p\u00e5 ballene 7 cm&nbsp;<\/li>\n<li>Kommer i 12 deler. Enkelt \u00e5 montere.&nbsp;<\/li>\n<\/ul>\n<p><strong>Materiale<\/strong>: overtrekk 95 % bomull og 5 % elastan, OEKOtex sertifisert. Ballene er laget av plast. Alle elementer har CE merking og er produsert av ikke-giftig materiale.<\/p>\n<p>Overtrekket har en glidel\u00e5s i bunnen og kan tas av for vask.<\/p>\n","protected":false},"excerpt":{"rendered":"<p>Et stort ballbasseng med 30 000 baller, perfekt til en bedriftsmesse eller event.&nbsp; Bygget med stor lidenskap og omtanke for barnets beste.&nbsp; Det finnes utallige farger p\u00e5 ballene, du velger selv farger p\u00e5 ballene. Oppgi ved bestilling hvilke farger du vil ha. M\u00e5l&nbsp; 3x 5 m&nbsp; H\u00f8yde 50 cm Diameter p\u00e5 ballene 7 cm&nbsp; Kommer [&hellip;]<\/p>\n","protected":false},"featured_media":13672,"comment_status":"closed","ping_status":"open","template":"","meta":{"_acf_changed":false},"product_brand":[],"product_cat":[667],"product_tag":[],"class_list":{"0":"post-13670","1":"product","2":"type-product","3":"status-publish","4":"has-post-thumbnail","6":"product_cat-ballhav","8":"first","9":"outofstock","10":"taxable","11":"shipping-taxable","12":"purchasable","13":"product-type-simple"},"acf":[],"yoast_head":"<!-- This site is optimized with the Yoast SEO Premium plugin v25.8 (Yoast SEO v27.2) - https:\/\/yoast.com\/product\/yoast-seo-premium-wordpress\/ -->\n<title>MAXI Ballhav til event, messe. 5x3 meter - Babylove Norska<\/title>\n<meta name=\"robots\" content=\"noindex, follow, max-snippet:-1, max-image-preview:large, max-video-preview:-1\" \/>\n<meta property=\"og:locale\" content=\"nb_NO\" \/>\n<meta property=\"og:type\" content=\"article\" \/>\n<meta property=\"og:title\" content=\"MAXI Ballhav til event, messe. 5x3 meter\" \/>\n<meta property=\"og:description\" content=\"Et stort ballbasseng med 30 000 baller, perfekt til en bedriftsmesse eller event.&nbsp; Bygget med stor lidenskap og omtanke for barnets beste.&nbsp; Det finnes utallige farger p\u00e5 ballene, du velger selv farger p\u00e5 ballene. Oppgi ved bestilling hvilke farger du vil ha. M\u00e5l&nbsp; 3x 5 m&nbsp; H\u00f8yde 50 cm Diameter p\u00e5 ballene 7 cm&nbsp; Kommer [&hellip;]\" \/>\n<meta property=\"og:url\" content=\"https:\/\/babylove.se\/no\/produkt\/maxi-ballhav-til-event-masse\/\" \/>\n<meta property=\"og:site_name\" content=\"Babylove Norska\" \/>\n<meta property=\"article:modified_time\" content=\"2026-04-08T08:02:22+00:00\" \/>\n<meta property=\"og:image\" content=\"https:\/\/babylove.se\/no\/wp-content\/uploads\/sites\/3\/2025\/07\/5d8a17ae9d5db.jpeg\" \/>\n\t<meta property=\"og:image:width\" content=\"750\" \/>\n\t<meta property=\"og:image:height\" content=\"562\" \/>\n\t<meta property=\"og:image:type\" content=\"image\/jpeg\" \/>\n<meta name=\"twitter:card\" content=\"summary_large_image\" \/>\n<meta name=\"twitter:label1\" content=\"Price\" \/>\n\t<meta name=\"twitter:data1\" content=\"49 000,00&nbsp;&#107;&#114;\" \/>\n\t<meta name=\"twitter:label2\" content=\"Availability\" \/>\n\t<meta name=\"twitter:data2\" content=\"Out of stock\" \/>\n<script type=\"application\/ld+json\" class=\"yoast-schema-graph\">{\"@context\":\"https:\/\/schema.org\",\"@graph\":[{\"@type\":\"WebPage\",\"@id\":\"https:\/\/babylove.se\/no\/produkt\/maxi-ballhav-til-event-masse\/\",\"url\":\"https:\/\/babylove.se\/no\/produkt\/maxi-ballhav-til-event-masse\/\",\"name\":\"MAXI Ballhav til event, messe. 5x3 meter - Babylove Norska\",\"isPartOf\":{\"@id\":\"https:\/\/babylove.se\/no\/#website\"},\"primaryImageOfPage\":{\"@id\":\"https:\/\/babylove.se\/no\/produkt\/maxi-ballhav-til-event-masse\/#primaryimage\"},\"image\":{\"@id\":\"https:\/\/babylove.se\/no\/produkt\/maxi-ballhav-til-event-masse\/#primaryimage\"},\"thumbnailUrl\":\"https:\/\/babylove.se\/no\/wp-content\/uploads\/sites\/3\/2025\/07\/5d8a17ae9d5db.jpeg\",\"datePublished\":\"2025-07-18T20:34:46+00:00\",\"dateModified\":\"2026-04-08T08:02:22+00:00\",\"breadcrumb\":{\"@id\":\"https:\/\/babylove.se\/no\/produkt\/maxi-ballhav-til-event-masse\/#breadcrumb\"},\"inLanguage\":\"nb-NO\",\"potentialAction\":[{\"@type\":\"ReadAction\",\"target\":[\"https:\/\/babylove.se\/no\/produkt\/maxi-ballhav-til-event-masse\/\"]}]},{\"@type\":\"ImageObject\",\"inLanguage\":\"nb-NO\",\"@id\":\"https:\/\/babylove.se\/no\/produkt\/maxi-ballhav-til-event-masse\/#primaryimage\",\"url\":\"https:\/\/babylove.se\/no\/wp-content\/uploads\/sites\/3\/2025\/07\/5d8a17ae9d5db.jpeg\",\"contentUrl\":\"https:\/\/babylove.se\/no\/wp-content\/uploads\/sites\/3\/2025\/07\/5d8a17ae9d5db.jpeg\",\"width\":750,\"height\":562},{\"@type\":\"BreadcrumbList\",\"@id\":\"https:\/\/babylove.se\/no\/produkt\/maxi-ballhav-til-event-masse\/#breadcrumb\",\"itemListElement\":[{\"@type\":\"ListItem\",\"position\":1,\"name\":\"Hem\",\"item\":\"https:\/\/babylove.se\/no\/\"},{\"@type\":\"ListItem\",\"position\":2,\"name\":\"Butik\",\"item\":\"https:\/\/babylove.se\/no\/butik\/\"},{\"@type\":\"ListItem\",\"position\":3,\"name\":\"MAXI Ballhav til event, messe. 5&#215;3 meter\"}]},{\"@type\":\"WebSite\",\"@id\":\"https:\/\/babylove.se\/no\/#website\",\"url\":\"https:\/\/babylove.se\/no\/\",\"name\":\"Babylove Norska\",\"description\":\"\",\"potentialAction\":[{\"@type\":\"SearchAction\",\"target\":{\"@type\":\"EntryPoint\",\"urlTemplate\":\"https:\/\/babylove.se\/no\/?s={search_term_string}\"},\"query-input\":{\"@type\":\"PropertyValueSpecification\",\"valueRequired\":true,\"valueName\":\"search_term_string\"}}],\"inLanguage\":\"nb-NO\"}]}<\/script>\n<meta property=\"product:price:amount\" content=\"49000.00\" \/>\n<meta property=\"product:price:currency\" content=\"SEK\" \/>\n<meta property=\"og:availability\" content=\"out of stock\" \/>\n<meta property=\"product:availability\" content=\"out of stock\" \/>\n<meta property=\"product:retailer_item_id\" content=\"2812\" \/>\n<meta property=\"product:condition\" content=\"new\" \/>\n<!-- \/ Yoast SEO Premium plugin. -->","yoast_head_json":{"title":"MAXI Ballhav til event, messe. 5x3 meter - Babylove Norska","robots":{"index":"noindex","follow":"follow","max-snippet":"max-snippet:-1","max-image-preview":"max-image-preview:large","max-video-preview":"max-video-preview:-1"},"og_locale":"nb_NO","og_type":"article","og_title":"MAXI Ballhav til event, messe. 5x3 meter","og_description":"Et stort ballbasseng med 30 000 baller, perfekt til en bedriftsmesse eller event.&nbsp; Bygget med stor lidenskap og omtanke for barnets beste.&nbsp; Det finnes utallige farger p\u00e5 ballene, du velger selv farger p\u00e5 ballene. Oppgi ved bestilling hvilke farger du vil ha. M\u00e5l&nbsp; 3x 5 m&nbsp; H\u00f8yde 50 cm Diameter p\u00e5 ballene 7 cm&nbsp; Kommer [&hellip;]","og_url":"https:\/\/babylove.se\/no\/produkt\/maxi-ballhav-til-event-masse\/","og_site_name":"Babylove Norska","article_modified_time":"2026-04-08T08:02:22+00:00","og_image":[{"width":750,"height":562,"url":"https:\/\/babylove.se\/no\/wp-content\/uploads\/sites\/3\/2025\/07\/5d8a17ae9d5db.jpeg","type":"image\/jpeg"}],"twitter_card":"summary_large_image","twitter_misc":{"Price":"49 000,00&nbsp;&#107;&#114;","Availability":"Out of stock"},"schema":{"@context":"https:\/\/schema.org","@graph":[{"@type":"WebPage","@id":"https:\/\/babylove.se\/no\/produkt\/maxi-ballhav-til-event-masse\/","url":"https:\/\/babylove.se\/no\/produkt\/maxi-ballhav-til-event-masse\/","name":"MAXI Ballhav til event, messe. 5x3 meter - Babylove Norska","isPartOf":{"@id":"https:\/\/babylove.se\/no\/#website"},"primaryImageOfPage":{"@id":"https:\/\/babylove.se\/no\/produkt\/maxi-ballhav-til-event-masse\/#primaryimage"},"image":{"@id":"https:\/\/babylove.se\/no\/produkt\/maxi-ballhav-til-event-masse\/#primaryimage"},"thumbnailUrl":"https:\/\/babylove.se\/no\/wp-content\/uploads\/sites\/3\/2025\/07\/5d8a17ae9d5db.jpeg","datePublished":"2025-07-18T20:34:46+00:00","dateModified":"2026-04-08T08:02:22+00:00","breadcrumb":{"@id":"https:\/\/babylove.se\/no\/produkt\/maxi-ballhav-til-event-masse\/#breadcrumb"},"inLanguage":"nb-NO","potentialAction":[{"@type":"ReadAction","target":["https:\/\/babylove.se\/no\/produkt\/maxi-ballhav-til-event-masse\/"]}]},{"@type":"ImageObject","inLanguage":"nb-NO","@id":"https:\/\/babylove.se\/no\/produkt\/maxi-ballhav-til-event-masse\/#primaryimage","url":"https:\/\/babylove.se\/no\/wp-content\/uploads\/sites\/3\/2025\/07\/5d8a17ae9d5db.jpeg","contentUrl":"https:\/\/babylove.se\/no\/wp-content\/uploads\/sites\/3\/2025\/07\/5d8a17ae9d5db.jpeg","width":750,"height":562},{"@type":"BreadcrumbList","@id":"https:\/\/babylove.se\/no\/produkt\/maxi-ballhav-til-event-masse\/#breadcrumb","itemListElement":[{"@type":"ListItem","position":1,"name":"Hem","item":"https:\/\/babylove.se\/no\/"},{"@type":"ListItem","position":2,"name":"Butik","item":"https:\/\/babylove.se\/no\/butik\/"},{"@type":"ListItem","position":3,"name":"MAXI Ballhav til event, messe. 5&#215;3 meter"}]},{"@type":"WebSite","@id":"https:\/\/babylove.se\/no\/#website","url":"https:\/\/babylove.se\/no\/","name":"Babylove Norska","description":"","potentialAction":[{"@type":"SearchAction","target":{"@type":"EntryPoint","urlTemplate":"https:\/\/babylove.se\/no\/?s={search_term_string}"},"query-input":{"@type":"PropertyValueSpecification","valueRequired":true,"valueName":"search_term_string"}}],"inLanguage":"nb-NO"}]},"product_price_amount":"49000.00","product_price_currency":"SEK","og_availability":"out of stock","product_availability":"out of stock","product_retailer_item_id":"2812","product_condition":"new"},"_links":{"self":[{"href":"https:\/\/babylove.se\/no\/wp-json\/wp\/v2\/product\/13670","targetHints":{"allow":["GET"]}}],"collection":[{"href":"https:\/\/babylove.se\/no\/wp-json\/wp\/v2\/product"}],"about":[{"href":"https:\/\/babylove.se\/no\/wp-json\/wp\/v2\/types\/product"}],"replies":[{"embeddable":true,"href":"https:\/\/babylove.se\/no\/wp-json\/wp\/v2\/comments?post=13670"}],"wp:featuredmedia":[{"embeddable":true,"href":"https:\/\/babylove.se\/no\/wp-json\/wp\/v2\/media\/13672"}],"wp:attachment":[{"href":"https:\/\/babylove.se\/no\/wp-json\/wp\/v2\/media?parent=13670"}],"wp:term":[{"taxonomy":"product_brand","embeddable":true,"href":"https:\/\/babylove.se\/no\/wp-json\/wp\/v2\/product_brand?post=13670"},{"taxonomy":"product_cat","embeddable":true,"href":"https:\/\/babylove.se\/no\/wp-json\/wp\/v2\/product_cat?post=13670"},{"taxonomy":"product_tag","embeddable":true,"href":"https:\/\/babylove.se\/no\/wp-json\/wp\/v2\/product_tag?post=13670"}],"curies":[{"name":"wp","href":"https:\/\/api.w.org\/{rel}","templated":true}]}}