{"id":13695,"date":"2025-07-18T21:34:46","date_gmt":"2025-07-18T20:34:46","guid":{"rendered":"https:\/\/babylove.se\/produkt\/done-by-deer-sovpase-dreamy-dots-gra\/"},"modified":"2026-04-08T09:02:36","modified_gmt":"2026-04-08T08:02:36","slug":"done-by-deer-sovpose-dreamy-dots-gra","status":"publish","type":"product","link":"https:\/\/babylove.se\/no\/produkt\/done-by-deer-sovpose-dreamy-dots-gra\/","title":{"rendered":"Done by Deer, sovepose dreamy dots gr\u00e5\/hvit"},"content":{"rendered":"<p>Fantastisk koselig sovepose fra danske Done By Deer, laget i myk bomull. &nbsp;<\/p>\n<p>Soveposer finnes i to forskjellige tykkelser, med forskjellig varmende effekt. Denne er med noe tykkere fyll, og anbefales for vinter og h\u00f8st.&nbsp;<\/p>\n<p>Det er en praktisk glidel\u00e5s som gj\u00f8r at du kan regulere varmen enkelt s\u00e5 barnet ditt ikke blir for varmt. I tillegg er soveposen ermel\u00f8s slik at barnet ikke f\u00f8ler seg innesperret.&nbsp;<\/p>\n<p><strong>M\u00e5l<\/strong>: 70 x 44,5 cm&nbsp;<\/p>\n<p><strong>Materiale<\/strong>: 100% OEKO-tex bomull, Fyll: polyester<\/p>\n<p><span><strong>Vasker\u00e5d<\/strong>: Maskinvask 40\u00ba C. &nbsp;<\/span><\/p>\n<p><span>Designer:&nbsp;<\/span><a href=\"https:\/\/babylove.se\/varumarken\/done-by-deer\"><span>Done by Deer<\/span><\/a><\/p>\n","protected":false},"excerpt":{"rendered":"<p>Fantastisk koselig sovepose fra danske Done By Deer, laget i myk bomull. &nbsp; Soveposer finnes i to forskjellige tykkelser, med forskjellig varmende effekt. Denne er med noe tykkere fyll, og anbefales for vinter og h\u00f8st.&nbsp; Det er en praktisk glidel\u00e5s som gj\u00f8r at du kan regulere varmen enkelt s\u00e5 barnet ditt ikke blir for varmt. [&hellip;]<\/p>\n","protected":false},"featured_media":13697,"comment_status":"closed","ping_status":"open","template":"","meta":{"_acf_changed":false},"product_brand":[54],"product_cat":[55,47],"product_tag":[1689],"class_list":{"0":"post-13695","1":"product","2":"type-product","3":"status-publish","4":"has-post-thumbnail","6":"product_brand-done-by-deer","7":"product_cat-done-by-deer","8":"product_cat-babywraps","9":"product_tag-bestillingsvaror","10":"pa_storlek-70-cm","11":"pa_storlek-90-cm","13":"first","14":"outofstock","15":"taxable","16":"shipping-taxable","17":"purchasable","18":"product-type-variable"},"acf":[],"yoast_head":"<!-- This site is optimized with the Yoast SEO Premium plugin v25.8 (Yoast SEO v27.2) - https:\/\/yoast.com\/product\/yoast-seo-premium-wordpress\/ -->\n<title>Done by Deer, sovepose dreamy dots gr\u00e5\/hvit - Babylove Norska<\/title>\n<meta name=\"robots\" content=\"noindex, follow, max-snippet:-1, max-image-preview:large, max-video-preview:-1\" \/>\n<meta property=\"og:locale\" content=\"nb_NO\" \/>\n<meta property=\"og:type\" content=\"article\" \/>\n<meta property=\"og:title\" content=\"Done by Deer, sovepose dreamy dots gr\u00e5\/hvit\" \/>\n<meta property=\"og:description\" content=\"Fantastisk koselig sovepose fra danske Done By Deer, laget i myk bomull. &nbsp; Soveposer finnes i to forskjellige tykkelser, med forskjellig varmende effekt. Denne er med noe tykkere fyll, og anbefales for vinter og h\u00f8st.&nbsp; Det er en praktisk glidel\u00e5s som gj\u00f8r at du kan regulere varmen enkelt s\u00e5 barnet ditt ikke blir for varmt. [&hellip;]\" \/>\n<meta property=\"og:url\" content=\"https:\/\/babylove.se\/no\/produkt\/done-by-deer-sovpose-dreamy-dots-gra\/\" \/>\n<meta property=\"og:site_name\" content=\"Babylove Norska\" \/>\n<meta property=\"article:modified_time\" content=\"2026-04-08T08:02:36+00:00\" \/>\n<meta property=\"og:image\" content=\"https:\/\/babylove.se\/no\/wp-content\/uploads\/sites\/3\/2025\/07\/5d92522deb411.jpeg\" \/>\n\t<meta property=\"og:image:width\" content=\"750\" \/>\n\t<meta property=\"og:image:height\" content=\"750\" \/>\n\t<meta property=\"og:image:type\" content=\"image\/jpeg\" \/>\n<meta name=\"twitter:card\" content=\"summary_large_image\" \/>\n<meta name=\"twitter:label1\" content=\"Availability\" \/>\n\t<meta name=\"twitter:data1\" content=\"Out of stock\" \/>\n<script type=\"application\/ld+json\" class=\"yoast-schema-graph\">{\"@context\":\"https:\/\/schema.org\",\"@graph\":[{\"@type\":\"WebPage\",\"@id\":\"https:\/\/babylove.se\/no\/produkt\/done-by-deer-sovpose-dreamy-dots-gra\/\",\"url\":\"https:\/\/babylove.se\/no\/produkt\/done-by-deer-sovpose-dreamy-dots-gra\/\",\"name\":\"Done by Deer, sovepose dreamy dots gr\u00e5\/hvit - Babylove Norska\",\"isPartOf\":{\"@id\":\"https:\/\/babylove.se\/no\/#website\"},\"primaryImageOfPage\":{\"@id\":\"https:\/\/babylove.se\/no\/produkt\/done-by-deer-sovpose-dreamy-dots-gra\/#primaryimage\"},\"image\":{\"@id\":\"https:\/\/babylove.se\/no\/produkt\/done-by-deer-sovpose-dreamy-dots-gra\/#primaryimage\"},\"thumbnailUrl\":\"https:\/\/babylove.se\/no\/wp-content\/uploads\/sites\/3\/2025\/07\/5d92522deb411.jpeg\",\"datePublished\":\"2025-07-18T20:34:46+00:00\",\"dateModified\":\"2026-04-08T08:02:36+00:00\",\"breadcrumb\":{\"@id\":\"https:\/\/babylove.se\/no\/produkt\/done-by-deer-sovpose-dreamy-dots-gra\/#breadcrumb\"},\"inLanguage\":\"nb-NO\",\"potentialAction\":[{\"@type\":\"ReadAction\",\"target\":[\"https:\/\/babylove.se\/no\/produkt\/done-by-deer-sovpose-dreamy-dots-gra\/\"]}]},{\"@type\":\"ImageObject\",\"inLanguage\":\"nb-NO\",\"@id\":\"https:\/\/babylove.se\/no\/produkt\/done-by-deer-sovpose-dreamy-dots-gra\/#primaryimage\",\"url\":\"https:\/\/babylove.se\/no\/wp-content\/uploads\/sites\/3\/2025\/07\/5d92522deb411.jpeg\",\"contentUrl\":\"https:\/\/babylove.se\/no\/wp-content\/uploads\/sites\/3\/2025\/07\/5d92522deb411.jpeg\",\"width\":750,\"height\":750},{\"@type\":\"BreadcrumbList\",\"@id\":\"https:\/\/babylove.se\/no\/produkt\/done-by-deer-sovpose-dreamy-dots-gra\/#breadcrumb\",\"itemListElement\":[{\"@type\":\"ListItem\",\"position\":1,\"name\":\"Hem\",\"item\":\"https:\/\/babylove.se\/no\/\"},{\"@type\":\"ListItem\",\"position\":2,\"name\":\"Butik\",\"item\":\"https:\/\/babylove.se\/no\/butik\/\"},{\"@type\":\"ListItem\",\"position\":3,\"name\":\"Done by Deer, sovepose dreamy dots gr\u00e5\/hvit\"}]},{\"@type\":\"WebSite\",\"@id\":\"https:\/\/babylove.se\/no\/#website\",\"url\":\"https:\/\/babylove.se\/no\/\",\"name\":\"Babylove Norska\",\"description\":\"\",\"potentialAction\":[{\"@type\":\"SearchAction\",\"target\":{\"@type\":\"EntryPoint\",\"urlTemplate\":\"https:\/\/babylove.se\/no\/?s={search_term_string}\"},\"query-input\":{\"@type\":\"PropertyValueSpecification\",\"valueRequired\":true,\"valueName\":\"search_term_string\"}}],\"inLanguage\":\"nb-NO\"}]}<\/script>\n<meta property=\"product:brand\" content=\"Done by Deer\" \/>\n<meta property=\"og:availability\" content=\"out of stock\" \/>\n<meta property=\"product:availability\" content=\"out of stock\" \/>\n<meta property=\"product:retailer_item_id\" content=\"2503638\" \/>\n<meta property=\"product:condition\" content=\"new\" \/>\n<!-- \/ Yoast SEO Premium plugin. -->","yoast_head_json":{"title":"Done by Deer, sovepose dreamy dots gr\u00e5\/hvit - Babylove Norska","robots":{"index":"noindex","follow":"follow","max-snippet":"max-snippet:-1","max-image-preview":"max-image-preview:large","max-video-preview":"max-video-preview:-1"},"og_locale":"nb_NO","og_type":"article","og_title":"Done by Deer, sovepose dreamy dots gr\u00e5\/hvit","og_description":"Fantastisk koselig sovepose fra danske Done By Deer, laget i myk bomull. &nbsp; Soveposer finnes i to forskjellige tykkelser, med forskjellig varmende effekt. Denne er med noe tykkere fyll, og anbefales for vinter og h\u00f8st.&nbsp; Det er en praktisk glidel\u00e5s som gj\u00f8r at du kan regulere varmen enkelt s\u00e5 barnet ditt ikke blir for varmt. [&hellip;]","og_url":"https:\/\/babylove.se\/no\/produkt\/done-by-deer-sovpose-dreamy-dots-gra\/","og_site_name":"Babylove Norska","article_modified_time":"2026-04-08T08:02:36+00:00","og_image":[{"width":750,"height":750,"url":"https:\/\/babylove.se\/no\/wp-content\/uploads\/sites\/3\/2025\/07\/5d92522deb411.jpeg","type":"image\/jpeg"}],"twitter_card":"summary_large_image","twitter_misc":{"Availability":"Out of stock"},"schema":{"@context":"https:\/\/schema.org","@graph":[{"@type":"WebPage","@id":"https:\/\/babylove.se\/no\/produkt\/done-by-deer-sovpose-dreamy-dots-gra\/","url":"https:\/\/babylove.se\/no\/produkt\/done-by-deer-sovpose-dreamy-dots-gra\/","name":"Done by Deer, sovepose dreamy dots gr\u00e5\/hvit - Babylove Norska","isPartOf":{"@id":"https:\/\/babylove.se\/no\/#website"},"primaryImageOfPage":{"@id":"https:\/\/babylove.se\/no\/produkt\/done-by-deer-sovpose-dreamy-dots-gra\/#primaryimage"},"image":{"@id":"https:\/\/babylove.se\/no\/produkt\/done-by-deer-sovpose-dreamy-dots-gra\/#primaryimage"},"thumbnailUrl":"https:\/\/babylove.se\/no\/wp-content\/uploads\/sites\/3\/2025\/07\/5d92522deb411.jpeg","datePublished":"2025-07-18T20:34:46+00:00","dateModified":"2026-04-08T08:02:36+00:00","breadcrumb":{"@id":"https:\/\/babylove.se\/no\/produkt\/done-by-deer-sovpose-dreamy-dots-gra\/#breadcrumb"},"inLanguage":"nb-NO","potentialAction":[{"@type":"ReadAction","target":["https:\/\/babylove.se\/no\/produkt\/done-by-deer-sovpose-dreamy-dots-gra\/"]}]},{"@type":"ImageObject","inLanguage":"nb-NO","@id":"https:\/\/babylove.se\/no\/produkt\/done-by-deer-sovpose-dreamy-dots-gra\/#primaryimage","url":"https:\/\/babylove.se\/no\/wp-content\/uploads\/sites\/3\/2025\/07\/5d92522deb411.jpeg","contentUrl":"https:\/\/babylove.se\/no\/wp-content\/uploads\/sites\/3\/2025\/07\/5d92522deb411.jpeg","width":750,"height":750},{"@type":"BreadcrumbList","@id":"https:\/\/babylove.se\/no\/produkt\/done-by-deer-sovpose-dreamy-dots-gra\/#breadcrumb","itemListElement":[{"@type":"ListItem","position":1,"name":"Hem","item":"https:\/\/babylove.se\/no\/"},{"@type":"ListItem","position":2,"name":"Butik","item":"https:\/\/babylove.se\/no\/butik\/"},{"@type":"ListItem","position":3,"name":"Done by Deer, sovepose dreamy dots gr\u00e5\/hvit"}]},{"@type":"WebSite","@id":"https:\/\/babylove.se\/no\/#website","url":"https:\/\/babylove.se\/no\/","name":"Babylove Norska","description":"","potentialAction":[{"@type":"SearchAction","target":{"@type":"EntryPoint","urlTemplate":"https:\/\/babylove.se\/no\/?s={search_term_string}"},"query-input":{"@type":"PropertyValueSpecification","valueRequired":true,"valueName":"search_term_string"}}],"inLanguage":"nb-NO"}]},"product_brand":"Done by Deer","og_availability":"out of stock","product_availability":"out of stock","product_retailer_item_id":"2503638","product_condition":"new"},"_links":{"self":[{"href":"https:\/\/babylove.se\/no\/wp-json\/wp\/v2\/product\/13695","targetHints":{"allow":["GET"]}}],"collection":[{"href":"https:\/\/babylove.se\/no\/wp-json\/wp\/v2\/product"}],"about":[{"href":"https:\/\/babylove.se\/no\/wp-json\/wp\/v2\/types\/product"}],"replies":[{"embeddable":true,"href":"https:\/\/babylove.se\/no\/wp-json\/wp\/v2\/comments?post=13695"}],"wp:featuredmedia":[{"embeddable":true,"href":"https:\/\/babylove.se\/no\/wp-json\/wp\/v2\/media\/13697"}],"wp:attachment":[{"href":"https:\/\/babylove.se\/no\/wp-json\/wp\/v2\/media?parent=13695"}],"wp:term":[{"taxonomy":"product_brand","embeddable":true,"href":"https:\/\/babylove.se\/no\/wp-json\/wp\/v2\/product_brand?post=13695"},{"taxonomy":"product_cat","embeddable":true,"href":"https:\/\/babylove.se\/no\/wp-json\/wp\/v2\/product_cat?post=13695"},{"taxonomy":"product_tag","embeddable":true,"href":"https:\/\/babylove.se\/no\/wp-json\/wp\/v2\/product_tag?post=13695"}],"curies":[{"name":"wp","href":"https:\/\/api.w.org\/{rel}","templated":true}]}}