{"id":13716,"date":"2025-07-18T21:35:01","date_gmt":"2025-07-18T20:35:01","guid":{"rendered":"https:\/\/babylove.se\/produkt\/vit-loftsang-till-barnrummet\/"},"modified":"2026-04-08T09:02:45","modified_gmt":"2026-04-08T08:02:45","slug":"hvit-takmaling-til-barnerommet","status":"publish","type":"product","link":"https:\/\/babylove.se\/no\/produkt\/hvit-takmaling-til-barnerommet\/","title":{"rendered":"Hvit loftsseng til barnerommet 90&#215;200 cm"},"content":{"rendered":"<p>Loftseng med stor L, det er den her vi lover! En fantastisk flott design og en loftseng med mange muligheter har gjort denne loftsengen til en storselger i Europa. Du monterer enkelt sammen den og velger selv p\u00e5 hvilken side du vil ha trappen, slik at den best passer nettopp deres barnerom. Ditt barn kommer til \u00e5 sove trygt da sengen har avrundede kanter og ben samt sidebeskyttelse for at barnet ikke skal falle ned.<\/p>\n<p>Sengen er laget av massiv furu som gj\u00f8r den stabil og solid. Ideell \u00e5 b\u00e5de leke som sove i og t\u00e5ler mye av barns p\u00e5kjenninger.<\/p>\n<p>Rengj\u00f8res enkelt med en fuktig klut.&nbsp;<\/p>\n<p>Madrass er ikke inkludert, men ta gjerne en titt i v\u00e5rt store madrassutvalg. Vi anbefaler en skummadrass med tykkelse p\u00e5 ca 10-12 cm.<\/p>\n<p><span data-mce-mark=\"1\"><strong><span data-mce-mark=\"1\">M\u00e5l<\/span><\/strong><\/span><\/p>\n<ul>\n<li>Sengem\u00e5l (Bredde\/Lengde): 90 x 200 cm<\/li>\n<li>Ytterm\u00e5l (Lengde\/H\u00f8yde\/Bredde): 207 x 110 x 97 cm<\/li>\n<li>Lekeomr\u00e5de under sengen: 75 cm<\/li>\n<li>Sidebeskyttelse h\u00f8yde: 26 cm<\/li>\n<li>Maksvekt: 80 kg<\/li>\n<\/ul>\n<p><em><em><em><em><em>Obs! Sengen leveres umontert og b\u00f8r settes sammen i rommet den skal brukes i.<\/em><\/em><\/em><\/em><\/em><\/p>\n<p><em><em><em><em><em><\/em><\/em><\/em><\/em><\/em><a href=\"https:\/\/babylove.se\/barnmobler\/vaningssangar-loftsangar\"><strong>Oppdag hele v\u00e5rt sortiment av loftsenger her!<\/strong><\/a><\/p>\n","protected":false},"excerpt":{"rendered":"<p>Loftseng med stor L, det er den her vi lover! En fantastisk flott design og en loftseng med mange muligheter har gjort denne loftsengen til en storselger i Europa. Du monterer enkelt sammen den og velger selv p\u00e5 hvilken side du vil ha trappen, slik at den best passer nettopp deres barnerom. Ditt barn kommer [&hellip;]<\/p>\n","protected":false},"featured_media":13718,"comment_status":"closed","ping_status":"open","template":"","meta":{"_acf_changed":false},"product_brand":[671],"product_cat":[672,385,280,40],"product_tag":[1689],"class_list":{"0":"post-13716","1":"product","2":"type-product","3":"status-publish","4":"has-post-thumbnail","6":"product_brand-homestyle4u","7":"product_cat-hm","8":"product_cat-koyesenger-loftsenger","9":"product_cat-senger-med-rask-levering","10":"product_cat-soverom-barn","11":"product_tag-bestillingsvaror","13":"first","14":"instock","15":"taxable","16":"shipping-taxable","17":"purchasable","18":"product-type-simple"},"acf":[],"yoast_head":"<!-- This site is optimized with the Yoast SEO Premium plugin v25.8 (Yoast SEO v27.2) - https:\/\/yoast.com\/product\/yoast-seo-premium-wordpress\/ -->\n<title>Hvit loftsseng til barnerommet 90x200 cm - Babylove Norska<\/title>\n<meta name=\"robots\" content=\"noindex, follow, max-snippet:-1, max-image-preview:large, max-video-preview:-1\" \/>\n<meta property=\"og:locale\" content=\"nb_NO\" \/>\n<meta property=\"og:type\" content=\"article\" \/>\n<meta property=\"og:title\" content=\"Hvit loftsseng til barnerommet 90x200 cm\" \/>\n<meta property=\"og:description\" content=\"Loftseng med stor L, det er den her vi lover! En fantastisk flott design og en loftseng med mange muligheter har gjort denne loftsengen til en storselger i Europa. Du monterer enkelt sammen den og velger selv p\u00e5 hvilken side du vil ha trappen, slik at den best passer nettopp deres barnerom. Ditt barn kommer [&hellip;]\" \/>\n<meta property=\"og:url\" content=\"https:\/\/babylove.se\/no\/produkt\/hvit-takmaling-til-barnerommet\/\" \/>\n<meta property=\"og:site_name\" content=\"Babylove Norska\" \/>\n<meta property=\"article:modified_time\" content=\"2026-04-08T08:02:45+00:00\" \/>\n<meta property=\"og:image\" content=\"https:\/\/babylove.se\/no\/wp-content\/uploads\/sites\/3\/2025\/07\/5ee249b66eeb1.jpeg\" \/>\n\t<meta property=\"og:image:width\" content=\"750\" \/>\n\t<meta property=\"og:image:height\" content=\"750\" \/>\n\t<meta property=\"og:image:type\" content=\"image\/jpeg\" \/>\n<meta name=\"twitter:card\" content=\"summary_large_image\" \/>\n<meta name=\"twitter:label1\" content=\"Price\" \/>\n\t<meta name=\"twitter:data1\" content=\"2 499,00&nbsp;&#107;&#114;\" \/>\n\t<meta name=\"twitter:label2\" content=\"Availability\" \/>\n\t<meta name=\"twitter:data2\" content=\"In stock\" \/>\n<script type=\"application\/ld+json\" class=\"yoast-schema-graph\">{\"@context\":\"https:\/\/schema.org\",\"@graph\":[{\"@type\":\"WebPage\",\"@id\":\"https:\/\/babylove.se\/no\/produkt\/hvit-takmaling-til-barnerommet\/\",\"url\":\"https:\/\/babylove.se\/no\/produkt\/hvit-takmaling-til-barnerommet\/\",\"name\":\"Hvit loftsseng til barnerommet 90x200 cm - Babylove Norska\",\"isPartOf\":{\"@id\":\"https:\/\/babylove.se\/no\/#website\"},\"primaryImageOfPage\":{\"@id\":\"https:\/\/babylove.se\/no\/produkt\/hvit-takmaling-til-barnerommet\/#primaryimage\"},\"image\":{\"@id\":\"https:\/\/babylove.se\/no\/produkt\/hvit-takmaling-til-barnerommet\/#primaryimage\"},\"thumbnailUrl\":\"https:\/\/babylove.se\/no\/wp-content\/uploads\/sites\/3\/2025\/07\/5ee249b66eeb1.jpeg\",\"datePublished\":\"2025-07-18T20:35:01+00:00\",\"dateModified\":\"2026-04-08T08:02:45+00:00\",\"breadcrumb\":{\"@id\":\"https:\/\/babylove.se\/no\/produkt\/hvit-takmaling-til-barnerommet\/#breadcrumb\"},\"inLanguage\":\"nb-NO\",\"potentialAction\":[{\"@type\":\"ReadAction\",\"target\":[\"https:\/\/babylove.se\/no\/produkt\/hvit-takmaling-til-barnerommet\/\"]}]},{\"@type\":\"ImageObject\",\"inLanguage\":\"nb-NO\",\"@id\":\"https:\/\/babylove.se\/no\/produkt\/hvit-takmaling-til-barnerommet\/#primaryimage\",\"url\":\"https:\/\/babylove.se\/no\/wp-content\/uploads\/sites\/3\/2025\/07\/5ee249b66eeb1.jpeg\",\"contentUrl\":\"https:\/\/babylove.se\/no\/wp-content\/uploads\/sites\/3\/2025\/07\/5ee249b66eeb1.jpeg\",\"width\":750,\"height\":750},{\"@type\":\"BreadcrumbList\",\"@id\":\"https:\/\/babylove.se\/no\/produkt\/hvit-takmaling-til-barnerommet\/#breadcrumb\",\"itemListElement\":[{\"@type\":\"ListItem\",\"position\":1,\"name\":\"Hem\",\"item\":\"https:\/\/babylove.se\/no\/\"},{\"@type\":\"ListItem\",\"position\":2,\"name\":\"Butik\",\"item\":\"https:\/\/babylove.se\/no\/butik\/\"},{\"@type\":\"ListItem\",\"position\":3,\"name\":\"Hvit loftsseng til barnerommet 90&#215;200 cm\"}]},{\"@type\":\"WebSite\",\"@id\":\"https:\/\/babylove.se\/no\/#website\",\"url\":\"https:\/\/babylove.se\/no\/\",\"name\":\"Babylove Norska\",\"description\":\"\",\"potentialAction\":[{\"@type\":\"SearchAction\",\"target\":{\"@type\":\"EntryPoint\",\"urlTemplate\":\"https:\/\/babylove.se\/no\/?s={search_term_string}\"},\"query-input\":{\"@type\":\"PropertyValueSpecification\",\"valueRequired\":true,\"valueName\":\"search_term_string\"}}],\"inLanguage\":\"nb-NO\"}]}<\/script>\n<meta property=\"product:brand\" content=\"Homestyle4u\" \/>\n<meta property=\"product:price:amount\" content=\"2499.00\" \/>\n<meta property=\"product:price:currency\" content=\"SEK\" \/>\n<meta property=\"og:availability\" content=\"instock\" \/>\n<meta property=\"product:availability\" content=\"instock\" \/>\n<meta property=\"product:retailer_item_id\" content=\"1433\" \/>\n<meta property=\"product:condition\" content=\"new\" \/>\n<!-- \/ Yoast SEO Premium plugin. -->","yoast_head_json":{"title":"Hvit loftsseng til barnerommet 90x200 cm - Babylove Norska","robots":{"index":"noindex","follow":"follow","max-snippet":"max-snippet:-1","max-image-preview":"max-image-preview:large","max-video-preview":"max-video-preview:-1"},"og_locale":"nb_NO","og_type":"article","og_title":"Hvit loftsseng til barnerommet 90x200 cm","og_description":"Loftseng med stor L, det er den her vi lover! En fantastisk flott design og en loftseng med mange muligheter har gjort denne loftsengen til en storselger i Europa. Du monterer enkelt sammen den og velger selv p\u00e5 hvilken side du vil ha trappen, slik at den best passer nettopp deres barnerom. Ditt barn kommer [&hellip;]","og_url":"https:\/\/babylove.se\/no\/produkt\/hvit-takmaling-til-barnerommet\/","og_site_name":"Babylove Norska","article_modified_time":"2026-04-08T08:02:45+00:00","og_image":[{"width":750,"height":750,"url":"https:\/\/babylove.se\/no\/wp-content\/uploads\/sites\/3\/2025\/07\/5ee249b66eeb1.jpeg","type":"image\/jpeg"}],"twitter_card":"summary_large_image","twitter_misc":{"Price":"2 499,00&nbsp;&#107;&#114;","Availability":"In stock"},"schema":{"@context":"https:\/\/schema.org","@graph":[{"@type":"WebPage","@id":"https:\/\/babylove.se\/no\/produkt\/hvit-takmaling-til-barnerommet\/","url":"https:\/\/babylove.se\/no\/produkt\/hvit-takmaling-til-barnerommet\/","name":"Hvit loftsseng til barnerommet 90x200 cm - Babylove Norska","isPartOf":{"@id":"https:\/\/babylove.se\/no\/#website"},"primaryImageOfPage":{"@id":"https:\/\/babylove.se\/no\/produkt\/hvit-takmaling-til-barnerommet\/#primaryimage"},"image":{"@id":"https:\/\/babylove.se\/no\/produkt\/hvit-takmaling-til-barnerommet\/#primaryimage"},"thumbnailUrl":"https:\/\/babylove.se\/no\/wp-content\/uploads\/sites\/3\/2025\/07\/5ee249b66eeb1.jpeg","datePublished":"2025-07-18T20:35:01+00:00","dateModified":"2026-04-08T08:02:45+00:00","breadcrumb":{"@id":"https:\/\/babylove.se\/no\/produkt\/hvit-takmaling-til-barnerommet\/#breadcrumb"},"inLanguage":"nb-NO","potentialAction":[{"@type":"ReadAction","target":["https:\/\/babylove.se\/no\/produkt\/hvit-takmaling-til-barnerommet\/"]}]},{"@type":"ImageObject","inLanguage":"nb-NO","@id":"https:\/\/babylove.se\/no\/produkt\/hvit-takmaling-til-barnerommet\/#primaryimage","url":"https:\/\/babylove.se\/no\/wp-content\/uploads\/sites\/3\/2025\/07\/5ee249b66eeb1.jpeg","contentUrl":"https:\/\/babylove.se\/no\/wp-content\/uploads\/sites\/3\/2025\/07\/5ee249b66eeb1.jpeg","width":750,"height":750},{"@type":"BreadcrumbList","@id":"https:\/\/babylove.se\/no\/produkt\/hvit-takmaling-til-barnerommet\/#breadcrumb","itemListElement":[{"@type":"ListItem","position":1,"name":"Hem","item":"https:\/\/babylove.se\/no\/"},{"@type":"ListItem","position":2,"name":"Butik","item":"https:\/\/babylove.se\/no\/butik\/"},{"@type":"ListItem","position":3,"name":"Hvit loftsseng til barnerommet 90&#215;200 cm"}]},{"@type":"WebSite","@id":"https:\/\/babylove.se\/no\/#website","url":"https:\/\/babylove.se\/no\/","name":"Babylove Norska","description":"","potentialAction":[{"@type":"SearchAction","target":{"@type":"EntryPoint","urlTemplate":"https:\/\/babylove.se\/no\/?s={search_term_string}"},"query-input":{"@type":"PropertyValueSpecification","valueRequired":true,"valueName":"search_term_string"}}],"inLanguage":"nb-NO"}]},"product_brand":"Homestyle4u","product_price_amount":"2499.00","product_price_currency":"SEK","og_availability":"instock","product_availability":"instock","product_retailer_item_id":"1433","product_condition":"new"},"_links":{"self":[{"href":"https:\/\/babylove.se\/no\/wp-json\/wp\/v2\/product\/13716","targetHints":{"allow":["GET"]}}],"collection":[{"href":"https:\/\/babylove.se\/no\/wp-json\/wp\/v2\/product"}],"about":[{"href":"https:\/\/babylove.se\/no\/wp-json\/wp\/v2\/types\/product"}],"replies":[{"embeddable":true,"href":"https:\/\/babylove.se\/no\/wp-json\/wp\/v2\/comments?post=13716"}],"wp:featuredmedia":[{"embeddable":true,"href":"https:\/\/babylove.se\/no\/wp-json\/wp\/v2\/media\/13718"}],"wp:attachment":[{"href":"https:\/\/babylove.se\/no\/wp-json\/wp\/v2\/media?parent=13716"}],"wp:term":[{"taxonomy":"product_brand","embeddable":true,"href":"https:\/\/babylove.se\/no\/wp-json\/wp\/v2\/product_brand?post=13716"},{"taxonomy":"product_cat","embeddable":true,"href":"https:\/\/babylove.se\/no\/wp-json\/wp\/v2\/product_cat?post=13716"},{"taxonomy":"product_tag","embeddable":true,"href":"https:\/\/babylove.se\/no\/wp-json\/wp\/v2\/product_tag?post=13716"}],"curies":[{"name":"wp","href":"https:\/\/api.w.org\/{rel}","templated":true}]}}