{"id":13767,"date":"2025-07-18T21:35:26","date_gmt":"2025-07-18T20:35:26","guid":{"rendered":"https:\/\/babylove.se\/produkt\/oyoy-regnbage-kulram\/"},"modified":"2026-04-08T09:03:19","modified_gmt":"2026-04-08T08:03:19","slug":"oyoy-regnbue-kuleramme","status":"publish","type":"product","link":"https:\/\/babylove.se\/no\/produkt\/oyoy-regnbue-kuleramme\/","title":{"rendered":"Oyoy, regnbue kuleram"},"content":{"rendered":"<p>Superfin kuleramme i form av en regnbue. Et perfekt leket\u00f8y \u00e5 l\u00e6re seg \u00e5 telle eller \u00e5 gi bort som bursdagsgave og d\u00e5psgave.<\/p>\n<p>Kulerammen st\u00e5r p\u00e5 en base av ask, metallb\u00f8ylene er messingfargede, kulene er malt med giftfri maling i milde pastellfarger.&nbsp;<\/p>\n<p>Materiale: 100% Ask, metall &amp; giftfri maling.<\/p>\n<p>St\u00f8rrelse: 33 x 26,5 cm<\/p>\n<p>Designer: <a href=\"https:\/\/babylove.se\/varumarken\/oyoy\">Oyoy<\/a><\/p>\n","protected":false},"excerpt":{"rendered":"<p>Superfin kuleramme i form av en regnbue. Et perfekt leket\u00f8y \u00e5 l\u00e6re seg \u00e5 telle eller \u00e5 gi bort som bursdagsgave og d\u00e5psgave. Kulerammen st\u00e5r p\u00e5 en base av ask, metallb\u00f8ylene er messingfargede, kulene er malt med giftfri maling i milde pastellfarger.&nbsp; Materiale: 100% Ask, metall &amp; giftfri maling. St\u00f8rrelse: 33 x 26,5 cm Designer: [&hellip;]<\/p>\n","protected":false},"featured_media":13769,"comment_status":"closed","ping_status":"open","template":"","meta":{"_acf_changed":false},"product_brand":[129],"product_cat":[68,130,112],"product_tag":[],"class_list":{"0":"post-13767","1":"product","2":"type-product","3":"status-publish","4":"has-post-thumbnail","6":"product_brand-oyoy","7":"product_cat-leker","8":"product_cat-oyoy","9":"product_cat-treleker","11":"first","12":"outofstock","13":"taxable","14":"shipping-taxable","15":"purchasable","16":"product-type-simple"},"acf":[],"yoast_head":"<!-- This site is optimized with the Yoast SEO Premium plugin v25.8 (Yoast SEO v27.2) - https:\/\/yoast.com\/product\/yoast-seo-premium-wordpress\/ -->\n<title>Oyoy, regnbue kuleram - Babylove Norska<\/title>\n<meta name=\"robots\" content=\"noindex, follow, max-snippet:-1, max-image-preview:large, max-video-preview:-1\" \/>\n<meta property=\"og:locale\" content=\"nb_NO\" \/>\n<meta property=\"og:type\" content=\"article\" \/>\n<meta property=\"og:title\" content=\"Oyoy, regnbue kuleram\" \/>\n<meta property=\"og:description\" content=\"Superfin kuleramme i form av en regnbue. Et perfekt leket\u00f8y \u00e5 l\u00e6re seg \u00e5 telle eller \u00e5 gi bort som bursdagsgave og d\u00e5psgave. Kulerammen st\u00e5r p\u00e5 en base av ask, metallb\u00f8ylene er messingfargede, kulene er malt med giftfri maling i milde pastellfarger.&nbsp; Materiale: 100% Ask, metall &amp; giftfri maling. St\u00f8rrelse: 33 x 26,5 cm Designer: [&hellip;]\" \/>\n<meta property=\"og:url\" content=\"https:\/\/babylove.se\/no\/produkt\/oyoy-regnbue-kuleramme\/\" \/>\n<meta property=\"og:site_name\" content=\"Babylove Norska\" \/>\n<meta property=\"article:modified_time\" content=\"2026-04-08T08:03:19+00:00\" \/>\n<meta property=\"og:image\" content=\"https:\/\/babylove.se\/no\/wp-content\/uploads\/sites\/3\/2025\/07\/5da06e4ba15b3.jpeg\" \/>\n\t<meta property=\"og:image:width\" content=\"563\" \/>\n\t<meta property=\"og:image:height\" content=\"750\" \/>\n\t<meta property=\"og:image:type\" content=\"image\/jpeg\" \/>\n<meta name=\"twitter:card\" content=\"summary_large_image\" \/>\n<meta name=\"twitter:label1\" content=\"Price\" \/>\n\t<meta name=\"twitter:data1\" content=\"549,00&nbsp;&#107;&#114;\" \/>\n\t<meta name=\"twitter:label2\" content=\"Availability\" \/>\n\t<meta name=\"twitter:data2\" content=\"Out of stock\" \/>\n<script type=\"application\/ld+json\" class=\"yoast-schema-graph\">{\"@context\":\"https:\/\/schema.org\",\"@graph\":[{\"@type\":\"WebPage\",\"@id\":\"https:\/\/babylove.se\/no\/produkt\/oyoy-regnbue-kuleramme\/\",\"url\":\"https:\/\/babylove.se\/no\/produkt\/oyoy-regnbue-kuleramme\/\",\"name\":\"Oyoy, regnbue kuleram - Babylove Norska\",\"isPartOf\":{\"@id\":\"https:\/\/babylove.se\/no\/#website\"},\"primaryImageOfPage\":{\"@id\":\"https:\/\/babylove.se\/no\/produkt\/oyoy-regnbue-kuleramme\/#primaryimage\"},\"image\":{\"@id\":\"https:\/\/babylove.se\/no\/produkt\/oyoy-regnbue-kuleramme\/#primaryimage\"},\"thumbnailUrl\":\"https:\/\/babylove.se\/no\/wp-content\/uploads\/sites\/3\/2025\/07\/5da06e4ba15b3.jpeg\",\"datePublished\":\"2025-07-18T20:35:26+00:00\",\"dateModified\":\"2026-04-08T08:03:19+00:00\",\"breadcrumb\":{\"@id\":\"https:\/\/babylove.se\/no\/produkt\/oyoy-regnbue-kuleramme\/#breadcrumb\"},\"inLanguage\":\"nb-NO\",\"potentialAction\":[{\"@type\":\"ReadAction\",\"target\":[\"https:\/\/babylove.se\/no\/produkt\/oyoy-regnbue-kuleramme\/\"]}]},{\"@type\":\"ImageObject\",\"inLanguage\":\"nb-NO\",\"@id\":\"https:\/\/babylove.se\/no\/produkt\/oyoy-regnbue-kuleramme\/#primaryimage\",\"url\":\"https:\/\/babylove.se\/no\/wp-content\/uploads\/sites\/3\/2025\/07\/5da06e4ba15b3.jpeg\",\"contentUrl\":\"https:\/\/babylove.se\/no\/wp-content\/uploads\/sites\/3\/2025\/07\/5da06e4ba15b3.jpeg\",\"width\":563,\"height\":750},{\"@type\":\"BreadcrumbList\",\"@id\":\"https:\/\/babylove.se\/no\/produkt\/oyoy-regnbue-kuleramme\/#breadcrumb\",\"itemListElement\":[{\"@type\":\"ListItem\",\"position\":1,\"name\":\"Hem\",\"item\":\"https:\/\/babylove.se\/no\/\"},{\"@type\":\"ListItem\",\"position\":2,\"name\":\"Butik\",\"item\":\"https:\/\/babylove.se\/no\/butik\/\"},{\"@type\":\"ListItem\",\"position\":3,\"name\":\"Oyoy, regnbue kuleram\"}]},{\"@type\":\"WebSite\",\"@id\":\"https:\/\/babylove.se\/no\/#website\",\"url\":\"https:\/\/babylove.se\/no\/\",\"name\":\"Babylove Norska\",\"description\":\"\",\"potentialAction\":[{\"@type\":\"SearchAction\",\"target\":{\"@type\":\"EntryPoint\",\"urlTemplate\":\"https:\/\/babylove.se\/no\/?s={search_term_string}\"},\"query-input\":{\"@type\":\"PropertyValueSpecification\",\"valueRequired\":true,\"valueName\":\"search_term_string\"}}],\"inLanguage\":\"nb-NO\"}]}<\/script>\n<meta property=\"product:brand\" content=\"Oyoy\" \/>\n<meta property=\"product:price:amount\" content=\"549.00\" \/>\n<meta property=\"product:price:currency\" content=\"SEK\" \/>\n<meta property=\"og:availability\" content=\"out of stock\" \/>\n<meta property=\"product:availability\" content=\"out of stock\" \/>\n<meta property=\"product:retailer_item_id\" content=\"POM1183\" \/>\n<meta property=\"product:condition\" content=\"new\" \/>\n<!-- \/ Yoast SEO Premium plugin. -->","yoast_head_json":{"title":"Oyoy, regnbue kuleram - Babylove Norska","robots":{"index":"noindex","follow":"follow","max-snippet":"max-snippet:-1","max-image-preview":"max-image-preview:large","max-video-preview":"max-video-preview:-1"},"og_locale":"nb_NO","og_type":"article","og_title":"Oyoy, regnbue kuleram","og_description":"Superfin kuleramme i form av en regnbue. Et perfekt leket\u00f8y \u00e5 l\u00e6re seg \u00e5 telle eller \u00e5 gi bort som bursdagsgave og d\u00e5psgave. Kulerammen st\u00e5r p\u00e5 en base av ask, metallb\u00f8ylene er messingfargede, kulene er malt med giftfri maling i milde pastellfarger.&nbsp; Materiale: 100% Ask, metall &amp; giftfri maling. St\u00f8rrelse: 33 x 26,5 cm Designer: [&hellip;]","og_url":"https:\/\/babylove.se\/no\/produkt\/oyoy-regnbue-kuleramme\/","og_site_name":"Babylove Norska","article_modified_time":"2026-04-08T08:03:19+00:00","og_image":[{"width":563,"height":750,"url":"https:\/\/babylove.se\/no\/wp-content\/uploads\/sites\/3\/2025\/07\/5da06e4ba15b3.jpeg","type":"image\/jpeg"}],"twitter_card":"summary_large_image","twitter_misc":{"Price":"549,00&nbsp;&#107;&#114;","Availability":"Out of stock"},"schema":{"@context":"https:\/\/schema.org","@graph":[{"@type":"WebPage","@id":"https:\/\/babylove.se\/no\/produkt\/oyoy-regnbue-kuleramme\/","url":"https:\/\/babylove.se\/no\/produkt\/oyoy-regnbue-kuleramme\/","name":"Oyoy, regnbue kuleram - Babylove Norska","isPartOf":{"@id":"https:\/\/babylove.se\/no\/#website"},"primaryImageOfPage":{"@id":"https:\/\/babylove.se\/no\/produkt\/oyoy-regnbue-kuleramme\/#primaryimage"},"image":{"@id":"https:\/\/babylove.se\/no\/produkt\/oyoy-regnbue-kuleramme\/#primaryimage"},"thumbnailUrl":"https:\/\/babylove.se\/no\/wp-content\/uploads\/sites\/3\/2025\/07\/5da06e4ba15b3.jpeg","datePublished":"2025-07-18T20:35:26+00:00","dateModified":"2026-04-08T08:03:19+00:00","breadcrumb":{"@id":"https:\/\/babylove.se\/no\/produkt\/oyoy-regnbue-kuleramme\/#breadcrumb"},"inLanguage":"nb-NO","potentialAction":[{"@type":"ReadAction","target":["https:\/\/babylove.se\/no\/produkt\/oyoy-regnbue-kuleramme\/"]}]},{"@type":"ImageObject","inLanguage":"nb-NO","@id":"https:\/\/babylove.se\/no\/produkt\/oyoy-regnbue-kuleramme\/#primaryimage","url":"https:\/\/babylove.se\/no\/wp-content\/uploads\/sites\/3\/2025\/07\/5da06e4ba15b3.jpeg","contentUrl":"https:\/\/babylove.se\/no\/wp-content\/uploads\/sites\/3\/2025\/07\/5da06e4ba15b3.jpeg","width":563,"height":750},{"@type":"BreadcrumbList","@id":"https:\/\/babylove.se\/no\/produkt\/oyoy-regnbue-kuleramme\/#breadcrumb","itemListElement":[{"@type":"ListItem","position":1,"name":"Hem","item":"https:\/\/babylove.se\/no\/"},{"@type":"ListItem","position":2,"name":"Butik","item":"https:\/\/babylove.se\/no\/butik\/"},{"@type":"ListItem","position":3,"name":"Oyoy, regnbue kuleram"}]},{"@type":"WebSite","@id":"https:\/\/babylove.se\/no\/#website","url":"https:\/\/babylove.se\/no\/","name":"Babylove Norska","description":"","potentialAction":[{"@type":"SearchAction","target":{"@type":"EntryPoint","urlTemplate":"https:\/\/babylove.se\/no\/?s={search_term_string}"},"query-input":{"@type":"PropertyValueSpecification","valueRequired":true,"valueName":"search_term_string"}}],"inLanguage":"nb-NO"}]},"product_brand":"Oyoy","product_price_amount":"549.00","product_price_currency":"SEK","og_availability":"out of stock","product_availability":"out of stock","product_retailer_item_id":"POM1183","product_condition":"new"},"_links":{"self":[{"href":"https:\/\/babylove.se\/no\/wp-json\/wp\/v2\/product\/13767","targetHints":{"allow":["GET"]}}],"collection":[{"href":"https:\/\/babylove.se\/no\/wp-json\/wp\/v2\/product"}],"about":[{"href":"https:\/\/babylove.se\/no\/wp-json\/wp\/v2\/types\/product"}],"replies":[{"embeddable":true,"href":"https:\/\/babylove.se\/no\/wp-json\/wp\/v2\/comments?post=13767"}],"wp:featuredmedia":[{"embeddable":true,"href":"https:\/\/babylove.se\/no\/wp-json\/wp\/v2\/media\/13769"}],"wp:attachment":[{"href":"https:\/\/babylove.se\/no\/wp-json\/wp\/v2\/media?parent=13767"}],"wp:term":[{"taxonomy":"product_brand","embeddable":true,"href":"https:\/\/babylove.se\/no\/wp-json\/wp\/v2\/product_brand?post=13767"},{"taxonomy":"product_cat","embeddable":true,"href":"https:\/\/babylove.se\/no\/wp-json\/wp\/v2\/product_cat?post=13767"},{"taxonomy":"product_tag","embeddable":true,"href":"https:\/\/babylove.se\/no\/wp-json\/wp\/v2\/product_tag?post=13767"}],"curies":[{"name":"wp","href":"https:\/\/api.w.org\/{rel}","templated":true}]}}