{"id":13771,"date":"2025-07-18T21:35:26","date_gmt":"2025-07-18T20:35:26","guid":{"rendered":"https:\/\/babylove.se\/produkt\/oyoy-krok-bjorn\/"},"modified":"2026-04-08T09:03:22","modified_gmt":"2026-04-08T08:03:22","slug":"oyoy-krok-bjorn","status":"publish","type":"product","link":"https:\/\/babylove.se\/no\/produkt\/oyoy-krok-bjorn\/","title":{"rendered":"Oyoy, Krok bj\u00f8rn"},"content":{"rendered":"<p>En s\u00f8t krok i form av en bj\u00f8rn.&nbsp;<\/p>\n<p>Kroker fungerer som kleshengere og blir en fin detalj i barneroms-innredningen din. Du kan selvsagt bruke den ogs\u00e5 p\u00e5 badet eller hvorfor ikke som en egen krok i gangen for barnet ditt. Du kan enkelt bestemme h\u00f8yden og hvordan den skal sitte selv, slik at den passer st\u00f8rrelsen p\u00e5 barnet ditt og det selv henge opp eller ta ned ting fra kroker uten besv\u00e6r. Helt laget i b\u00f8ketre.<\/p>\n<p>M\u00e5l: &nbsp;4,6 x 6 x 4,5 cm&nbsp;<\/p>\n<p>Materiale: 100 % b\u00f8ketre<\/p>\n<p>Designer: <a href=\"https:\/\/babylove.se\/varumarken\/oyoy\">Oyoy<\/a><\/p>\n","protected":false},"excerpt":{"rendered":"<p>En s\u00f8t krok i form av en bj\u00f8rn.&nbsp; Kroker fungerer som kleshengere og blir en fin detalj i barneroms-innredningen din. Du kan selvsagt bruke den ogs\u00e5 p\u00e5 badet eller hvorfor ikke som en egen krok i gangen for barnet ditt. Du kan enkelt bestemme h\u00f8yden og hvordan den skal sitte selv, slik at den passer [&hellip;]<\/p>\n","protected":false},"featured_media":13773,"comment_status":"closed","ping_status":"open","template":"","meta":{"_acf_changed":false},"product_brand":[129],"product_cat":[90,130,94],"product_tag":[],"class_list":{"0":"post-13771","1":"product","2":"type-product","3":"status-publish","4":"has-post-thumbnail","6":"product_brand-oyoy","7":"product_cat-dyr","8":"product_cat-oyoy","9":"product_cat-vegghengeere","11":"first","12":"outofstock","13":"taxable","14":"shipping-taxable","15":"purchasable","16":"product-type-simple"},"acf":[],"yoast_head":"<!-- This site is optimized with the Yoast SEO Premium plugin v25.8 (Yoast SEO v27.2) - https:\/\/yoast.com\/product\/yoast-seo-premium-wordpress\/ -->\n<title>Oyoy, Krok bj\u00f6rn | Snabb leverans | Babylove.se<\/title>\n<meta name=\"description\" content=\"En s\u00f6t krok i form av en bj\u00f6rn. Krokar fungerar som kl\u00e4dh\u00e4ngare och blir en fin detalj i barnrummet. Klarna faktura- 14 dagars \u00f6ppet k\u00f6p - K\u00f6p den h\u00e4r!\" \/>\n<meta name=\"robots\" content=\"noindex, follow, max-snippet:-1, max-image-preview:large, max-video-preview:-1\" \/>\n<meta property=\"og:locale\" content=\"nb_NO\" \/>\n<meta property=\"og:type\" content=\"article\" \/>\n<meta property=\"og:title\" content=\"Oyoy, Krok bj\u00f8rn\" \/>\n<meta property=\"og:description\" content=\"En s\u00f6t krok i form av en bj\u00f6rn. Krokar fungerar som kl\u00e4dh\u00e4ngare och blir en fin detalj i barnrummet. Klarna faktura- 14 dagars \u00f6ppet k\u00f6p - K\u00f6p den h\u00e4r!\" \/>\n<meta property=\"og:url\" content=\"https:\/\/babylove.se\/no\/produkt\/oyoy-krok-bjorn\/\" \/>\n<meta property=\"og:site_name\" content=\"Babylove Norska\" \/>\n<meta property=\"article:modified_time\" content=\"2026-04-08T08:03:22+00:00\" \/>\n<meta property=\"og:image\" content=\"https:\/\/babylove.se\/no\/wp-content\/uploads\/sites\/3\/2025\/07\/5da071ac8bdb0.jpeg\" \/>\n\t<meta property=\"og:image:width\" content=\"400\" \/>\n\t<meta property=\"og:image:height\" content=\"400\" \/>\n\t<meta property=\"og:image:type\" content=\"image\/jpeg\" \/>\n<meta name=\"twitter:card\" content=\"summary_large_image\" \/>\n<meta name=\"twitter:label1\" content=\"Price\" \/>\n\t<meta name=\"twitter:data1\" content=\"179,00&nbsp;&#107;&#114;\" \/>\n\t<meta name=\"twitter:label2\" content=\"Availability\" \/>\n\t<meta name=\"twitter:data2\" content=\"Out of stock\" \/>\n<script type=\"application\/ld+json\" class=\"yoast-schema-graph\">{\"@context\":\"https:\/\/schema.org\",\"@graph\":[{\"@type\":\"WebPage\",\"@id\":\"https:\/\/babylove.se\/no\/produkt\/oyoy-krok-bjorn\/\",\"url\":\"https:\/\/babylove.se\/no\/produkt\/oyoy-krok-bjorn\/\",\"name\":\"Oyoy, Krok bj\u00f6rn | Snabb leverans | Babylove.se\",\"isPartOf\":{\"@id\":\"https:\/\/babylove.se\/no\/#website\"},\"primaryImageOfPage\":{\"@id\":\"https:\/\/babylove.se\/no\/produkt\/oyoy-krok-bjorn\/#primaryimage\"},\"image\":{\"@id\":\"https:\/\/babylove.se\/no\/produkt\/oyoy-krok-bjorn\/#primaryimage\"},\"thumbnailUrl\":\"https:\/\/babylove.se\/no\/wp-content\/uploads\/sites\/3\/2025\/07\/5da071ac8bdb0.jpeg\",\"datePublished\":\"2025-07-18T20:35:26+00:00\",\"dateModified\":\"2026-04-08T08:03:22+00:00\",\"description\":\"En s\u00f6t krok i form av en bj\u00f6rn. Krokar fungerar som kl\u00e4dh\u00e4ngare och blir en fin detalj i barnrummet. Klarna faktura- 14 dagars \u00f6ppet k\u00f6p - K\u00f6p den h\u00e4r!\",\"breadcrumb\":{\"@id\":\"https:\/\/babylove.se\/no\/produkt\/oyoy-krok-bjorn\/#breadcrumb\"},\"inLanguage\":\"nb-NO\",\"potentialAction\":[{\"@type\":\"ReadAction\",\"target\":[\"https:\/\/babylove.se\/no\/produkt\/oyoy-krok-bjorn\/\"]}]},{\"@type\":\"ImageObject\",\"inLanguage\":\"nb-NO\",\"@id\":\"https:\/\/babylove.se\/no\/produkt\/oyoy-krok-bjorn\/#primaryimage\",\"url\":\"https:\/\/babylove.se\/no\/wp-content\/uploads\/sites\/3\/2025\/07\/5da071ac8bdb0.jpeg\",\"contentUrl\":\"https:\/\/babylove.se\/no\/wp-content\/uploads\/sites\/3\/2025\/07\/5da071ac8bdb0.jpeg\",\"width\":400,\"height\":400},{\"@type\":\"BreadcrumbList\",\"@id\":\"https:\/\/babylove.se\/no\/produkt\/oyoy-krok-bjorn\/#breadcrumb\",\"itemListElement\":[{\"@type\":\"ListItem\",\"position\":1,\"name\":\"Hem\",\"item\":\"https:\/\/babylove.se\/no\/\"},{\"@type\":\"ListItem\",\"position\":2,\"name\":\"Butik\",\"item\":\"https:\/\/babylove.se\/no\/butik\/\"},{\"@type\":\"ListItem\",\"position\":3,\"name\":\"Oyoy, Krok bj\u00f8rn\"}]},{\"@type\":\"WebSite\",\"@id\":\"https:\/\/babylove.se\/no\/#website\",\"url\":\"https:\/\/babylove.se\/no\/\",\"name\":\"Babylove Norska\",\"description\":\"\",\"potentialAction\":[{\"@type\":\"SearchAction\",\"target\":{\"@type\":\"EntryPoint\",\"urlTemplate\":\"https:\/\/babylove.se\/no\/?s={search_term_string}\"},\"query-input\":{\"@type\":\"PropertyValueSpecification\",\"valueRequired\":true,\"valueName\":\"search_term_string\"}}],\"inLanguage\":\"nb-NO\"}]}<\/script>\n<meta property=\"product:brand\" content=\"Oyoy\" \/>\n<meta property=\"product:price:amount\" content=\"179.00\" \/>\n<meta property=\"product:price:currency\" content=\"SEK\" \/>\n<meta property=\"og:availability\" content=\"out of stock\" \/>\n<meta property=\"product:availability\" content=\"out of stock\" \/>\n<meta property=\"product:retailer_item_id\" content=\"2833\" \/>\n<meta property=\"product:condition\" content=\"new\" \/>\n<!-- \/ Yoast SEO Premium plugin. -->","yoast_head_json":{"title":"Oyoy, Krok bj\u00f6rn | Snabb leverans | Babylove.se","description":"En s\u00f6t krok i form av en bj\u00f6rn. Krokar fungerar som kl\u00e4dh\u00e4ngare och blir en fin detalj i barnrummet. Klarna faktura- 14 dagars \u00f6ppet k\u00f6p - K\u00f6p den h\u00e4r!","robots":{"index":"noindex","follow":"follow","max-snippet":"max-snippet:-1","max-image-preview":"max-image-preview:large","max-video-preview":"max-video-preview:-1"},"og_locale":"nb_NO","og_type":"article","og_title":"Oyoy, Krok bj\u00f8rn","og_description":"En s\u00f6t krok i form av en bj\u00f6rn. Krokar fungerar som kl\u00e4dh\u00e4ngare och blir en fin detalj i barnrummet. Klarna faktura- 14 dagars \u00f6ppet k\u00f6p - K\u00f6p den h\u00e4r!","og_url":"https:\/\/babylove.se\/no\/produkt\/oyoy-krok-bjorn\/","og_site_name":"Babylove Norska","article_modified_time":"2026-04-08T08:03:22+00:00","og_image":[{"width":400,"height":400,"url":"https:\/\/babylove.se\/no\/wp-content\/uploads\/sites\/3\/2025\/07\/5da071ac8bdb0.jpeg","type":"image\/jpeg"}],"twitter_card":"summary_large_image","twitter_misc":{"Price":"179,00&nbsp;&#107;&#114;","Availability":"Out of stock"},"schema":{"@context":"https:\/\/schema.org","@graph":[{"@type":"WebPage","@id":"https:\/\/babylove.se\/no\/produkt\/oyoy-krok-bjorn\/","url":"https:\/\/babylove.se\/no\/produkt\/oyoy-krok-bjorn\/","name":"Oyoy, Krok bj\u00f6rn | Snabb leverans | Babylove.se","isPartOf":{"@id":"https:\/\/babylove.se\/no\/#website"},"primaryImageOfPage":{"@id":"https:\/\/babylove.se\/no\/produkt\/oyoy-krok-bjorn\/#primaryimage"},"image":{"@id":"https:\/\/babylove.se\/no\/produkt\/oyoy-krok-bjorn\/#primaryimage"},"thumbnailUrl":"https:\/\/babylove.se\/no\/wp-content\/uploads\/sites\/3\/2025\/07\/5da071ac8bdb0.jpeg","datePublished":"2025-07-18T20:35:26+00:00","dateModified":"2026-04-08T08:03:22+00:00","description":"En s\u00f6t krok i form av en bj\u00f6rn. Krokar fungerar som kl\u00e4dh\u00e4ngare och blir en fin detalj i barnrummet. Klarna faktura- 14 dagars \u00f6ppet k\u00f6p - K\u00f6p den h\u00e4r!","breadcrumb":{"@id":"https:\/\/babylove.se\/no\/produkt\/oyoy-krok-bjorn\/#breadcrumb"},"inLanguage":"nb-NO","potentialAction":[{"@type":"ReadAction","target":["https:\/\/babylove.se\/no\/produkt\/oyoy-krok-bjorn\/"]}]},{"@type":"ImageObject","inLanguage":"nb-NO","@id":"https:\/\/babylove.se\/no\/produkt\/oyoy-krok-bjorn\/#primaryimage","url":"https:\/\/babylove.se\/no\/wp-content\/uploads\/sites\/3\/2025\/07\/5da071ac8bdb0.jpeg","contentUrl":"https:\/\/babylove.se\/no\/wp-content\/uploads\/sites\/3\/2025\/07\/5da071ac8bdb0.jpeg","width":400,"height":400},{"@type":"BreadcrumbList","@id":"https:\/\/babylove.se\/no\/produkt\/oyoy-krok-bjorn\/#breadcrumb","itemListElement":[{"@type":"ListItem","position":1,"name":"Hem","item":"https:\/\/babylove.se\/no\/"},{"@type":"ListItem","position":2,"name":"Butik","item":"https:\/\/babylove.se\/no\/butik\/"},{"@type":"ListItem","position":3,"name":"Oyoy, Krok bj\u00f8rn"}]},{"@type":"WebSite","@id":"https:\/\/babylove.se\/no\/#website","url":"https:\/\/babylove.se\/no\/","name":"Babylove Norska","description":"","potentialAction":[{"@type":"SearchAction","target":{"@type":"EntryPoint","urlTemplate":"https:\/\/babylove.se\/no\/?s={search_term_string}"},"query-input":{"@type":"PropertyValueSpecification","valueRequired":true,"valueName":"search_term_string"}}],"inLanguage":"nb-NO"}]},"product_brand":"Oyoy","product_price_amount":"179.00","product_price_currency":"SEK","og_availability":"out of stock","product_availability":"out of stock","product_retailer_item_id":"2833","product_condition":"new"},"_links":{"self":[{"href":"https:\/\/babylove.se\/no\/wp-json\/wp\/v2\/product\/13771","targetHints":{"allow":["GET"]}}],"collection":[{"href":"https:\/\/babylove.se\/no\/wp-json\/wp\/v2\/product"}],"about":[{"href":"https:\/\/babylove.se\/no\/wp-json\/wp\/v2\/types\/product"}],"replies":[{"embeddable":true,"href":"https:\/\/babylove.se\/no\/wp-json\/wp\/v2\/comments?post=13771"}],"wp:featuredmedia":[{"embeddable":true,"href":"https:\/\/babylove.se\/no\/wp-json\/wp\/v2\/media\/13773"}],"wp:attachment":[{"href":"https:\/\/babylove.se\/no\/wp-json\/wp\/v2\/media?parent=13771"}],"wp:term":[{"taxonomy":"product_brand","embeddable":true,"href":"https:\/\/babylove.se\/no\/wp-json\/wp\/v2\/product_brand?post=13771"},{"taxonomy":"product_cat","embeddable":true,"href":"https:\/\/babylove.se\/no\/wp-json\/wp\/v2\/product_cat?post=13771"},{"taxonomy":"product_tag","embeddable":true,"href":"https:\/\/babylove.se\/no\/wp-json\/wp\/v2\/product_tag?post=13771"}],"curies":[{"name":"wp","href":"https:\/\/api.w.org\/{rel}","templated":true}]}}