{"id":13778,"date":"2025-07-18T21:35:26","date_gmt":"2025-07-18T20:35:26","guid":{"rendered":"https:\/\/babylove.se\/produkt\/oyoy-krok-kanin\/"},"modified":"2026-04-08T09:03:25","modified_gmt":"2026-04-08T08:03:25","slug":"oyoy-krok-kanin","status":"publish","type":"product","link":"https:\/\/babylove.se\/no\/produkt\/oyoy-krok-kanin\/","title":{"rendered":"Oyoy, Krok kanin"},"content":{"rendered":"<p>En s\u00f8t krok i form av en kanin.&nbsp;<\/p>\n<p>Kroker fungerer som kleshengere og blir en fin detalj i barneromsinnredningen din. Du kan selvf\u00f8lgelig bruke den ogs\u00e5 p\u00e5 badet eller hvorfor ikke som en egen krok i gangen for barnet ditt. Du kan enkelt bestemme h\u00f8yden og hvordan den skal sitte selv, s\u00e5 at den passer st\u00f8rrelsen p\u00e5 barnet ditt og det selv kan henge opp eller ta ned ting fra kroker uten besv\u00e6r. Helt laget i b\u00f8ketre.<\/p>\n<p>M\u00e5l: &nbsp;4,6 x 6 x 8 cm&nbsp;<\/p>\n<p>Materiale: 100 % b\u00f8ketre<\/p>\n<p>Designer: <a href=\"https:\/\/babylove.se\/varumarken\/oyoy\">Oyoy<\/a><\/p>\n","protected":false},"excerpt":{"rendered":"<p>En s\u00f8t krok i form av en kanin.&nbsp; Kroker fungerer som kleshengere og blir en fin detalj i barneromsinnredningen din. Du kan selvf\u00f8lgelig bruke den ogs\u00e5 p\u00e5 badet eller hvorfor ikke som en egen krok i gangen for barnet ditt. Du kan enkelt bestemme h\u00f8yden og hvordan den skal sitte selv, s\u00e5 at den passer [&hellip;]<\/p>\n","protected":false},"featured_media":13780,"comment_status":"closed","ping_status":"open","template":"","meta":{"_acf_changed":false},"product_brand":[129],"product_cat":[90,130,94],"product_tag":[],"class_list":{"0":"post-13778","1":"product","2":"type-product","3":"status-publish","4":"has-post-thumbnail","6":"product_brand-oyoy","7":"product_cat-dyr","8":"product_cat-oyoy","9":"product_cat-vegghengeere","11":"first","12":"outofstock","13":"taxable","14":"shipping-taxable","15":"purchasable","16":"product-type-simple"},"acf":[],"yoast_head":"<!-- This site is optimized with the Yoast SEO Premium plugin v25.8 (Yoast SEO v27.2) - https:\/\/yoast.com\/product\/yoast-seo-premium-wordpress\/ -->\n<title>Oyoy, Krok kanin | Snabb leverans | Babylove.se<\/title>\n<meta name=\"description\" content=\"En s\u00f6t krok i form av en kanin . Krokar fungerar som kl\u00e4dh\u00e4ngare och blir en fin detalj i barnrummet. Klarna faktura- 14 dagars \u00f6ppet k\u00f6p - K\u00f6p den h\u00e4r!\" \/>\n<meta name=\"robots\" content=\"noindex, follow, max-snippet:-1, max-image-preview:large, max-video-preview:-1\" \/>\n<meta property=\"og:locale\" content=\"nb_NO\" \/>\n<meta property=\"og:type\" content=\"article\" \/>\n<meta property=\"og:title\" content=\"Oyoy, Krok kanin\" \/>\n<meta property=\"og:description\" content=\"En s\u00f6t krok i form av en kanin . Krokar fungerar som kl\u00e4dh\u00e4ngare och blir en fin detalj i barnrummet. Klarna faktura- 14 dagars \u00f6ppet k\u00f6p - K\u00f6p den h\u00e4r!\" \/>\n<meta property=\"og:url\" content=\"https:\/\/babylove.se\/no\/produkt\/oyoy-krok-kanin\/\" \/>\n<meta property=\"og:site_name\" content=\"Babylove Norska\" \/>\n<meta property=\"article:modified_time\" content=\"2026-04-08T08:03:25+00:00\" \/>\n<meta property=\"og:image\" content=\"https:\/\/babylove.se\/no\/wp-content\/uploads\/sites\/3\/2025\/07\/5da074d0e7dbf.jpeg\" \/>\n\t<meta property=\"og:image:width\" content=\"750\" \/>\n\t<meta property=\"og:image:height\" content=\"750\" \/>\n\t<meta property=\"og:image:type\" content=\"image\/jpeg\" \/>\n<meta name=\"twitter:card\" content=\"summary_large_image\" \/>\n<meta name=\"twitter:label1\" content=\"Price\" \/>\n\t<meta name=\"twitter:data1\" content=\"179,00&nbsp;&#107;&#114;\" \/>\n\t<meta name=\"twitter:label2\" content=\"Availability\" \/>\n\t<meta name=\"twitter:data2\" content=\"Out of stock\" \/>\n<script type=\"application\/ld+json\" class=\"yoast-schema-graph\">{\"@context\":\"https:\/\/schema.org\",\"@graph\":[{\"@type\":\"WebPage\",\"@id\":\"https:\/\/babylove.se\/no\/produkt\/oyoy-krok-kanin\/\",\"url\":\"https:\/\/babylove.se\/no\/produkt\/oyoy-krok-kanin\/\",\"name\":\"Oyoy, Krok kanin | Snabb leverans | Babylove.se\",\"isPartOf\":{\"@id\":\"https:\/\/babylove.se\/no\/#website\"},\"primaryImageOfPage\":{\"@id\":\"https:\/\/babylove.se\/no\/produkt\/oyoy-krok-kanin\/#primaryimage\"},\"image\":{\"@id\":\"https:\/\/babylove.se\/no\/produkt\/oyoy-krok-kanin\/#primaryimage\"},\"thumbnailUrl\":\"https:\/\/babylove.se\/no\/wp-content\/uploads\/sites\/3\/2025\/07\/5da074d0e7dbf.jpeg\",\"datePublished\":\"2025-07-18T20:35:26+00:00\",\"dateModified\":\"2026-04-08T08:03:25+00:00\",\"description\":\"En s\u00f6t krok i form av en kanin . Krokar fungerar som kl\u00e4dh\u00e4ngare och blir en fin detalj i barnrummet. Klarna faktura- 14 dagars \u00f6ppet k\u00f6p - K\u00f6p den h\u00e4r!\",\"breadcrumb\":{\"@id\":\"https:\/\/babylove.se\/no\/produkt\/oyoy-krok-kanin\/#breadcrumb\"},\"inLanguage\":\"nb-NO\",\"potentialAction\":[{\"@type\":\"ReadAction\",\"target\":[\"https:\/\/babylove.se\/no\/produkt\/oyoy-krok-kanin\/\"]}]},{\"@type\":\"ImageObject\",\"inLanguage\":\"nb-NO\",\"@id\":\"https:\/\/babylove.se\/no\/produkt\/oyoy-krok-kanin\/#primaryimage\",\"url\":\"https:\/\/babylove.se\/no\/wp-content\/uploads\/sites\/3\/2025\/07\/5da074d0e7dbf.jpeg\",\"contentUrl\":\"https:\/\/babylove.se\/no\/wp-content\/uploads\/sites\/3\/2025\/07\/5da074d0e7dbf.jpeg\",\"width\":750,\"height\":750},{\"@type\":\"BreadcrumbList\",\"@id\":\"https:\/\/babylove.se\/no\/produkt\/oyoy-krok-kanin\/#breadcrumb\",\"itemListElement\":[{\"@type\":\"ListItem\",\"position\":1,\"name\":\"Hem\",\"item\":\"https:\/\/babylove.se\/no\/\"},{\"@type\":\"ListItem\",\"position\":2,\"name\":\"Butik\",\"item\":\"https:\/\/babylove.se\/no\/butik\/\"},{\"@type\":\"ListItem\",\"position\":3,\"name\":\"Oyoy, Krok kanin\"}]},{\"@type\":\"WebSite\",\"@id\":\"https:\/\/babylove.se\/no\/#website\",\"url\":\"https:\/\/babylove.se\/no\/\",\"name\":\"Babylove Norska\",\"description\":\"\",\"potentialAction\":[{\"@type\":\"SearchAction\",\"target\":{\"@type\":\"EntryPoint\",\"urlTemplate\":\"https:\/\/babylove.se\/no\/?s={search_term_string}\"},\"query-input\":{\"@type\":\"PropertyValueSpecification\",\"valueRequired\":true,\"valueName\":\"search_term_string\"}}],\"inLanguage\":\"nb-NO\"}]}<\/script>\n<meta property=\"product:brand\" content=\"Oyoy\" \/>\n<meta property=\"product:price:amount\" content=\"179.00\" \/>\n<meta property=\"product:price:currency\" content=\"SEK\" \/>\n<meta property=\"og:availability\" content=\"out of stock\" \/>\n<meta property=\"product:availability\" content=\"out of stock\" \/>\n<meta property=\"product:retailer_item_id\" content=\"2834\" \/>\n<meta property=\"product:condition\" content=\"new\" \/>\n<!-- \/ Yoast SEO Premium plugin. -->","yoast_head_json":{"title":"Oyoy, Krok kanin | Snabb leverans | Babylove.se","description":"En s\u00f6t krok i form av en kanin . Krokar fungerar som kl\u00e4dh\u00e4ngare och blir en fin detalj i barnrummet. Klarna faktura- 14 dagars \u00f6ppet k\u00f6p - K\u00f6p den h\u00e4r!","robots":{"index":"noindex","follow":"follow","max-snippet":"max-snippet:-1","max-image-preview":"max-image-preview:large","max-video-preview":"max-video-preview:-1"},"og_locale":"nb_NO","og_type":"article","og_title":"Oyoy, Krok kanin","og_description":"En s\u00f6t krok i form av en kanin . Krokar fungerar som kl\u00e4dh\u00e4ngare och blir en fin detalj i barnrummet. Klarna faktura- 14 dagars \u00f6ppet k\u00f6p - K\u00f6p den h\u00e4r!","og_url":"https:\/\/babylove.se\/no\/produkt\/oyoy-krok-kanin\/","og_site_name":"Babylove Norska","article_modified_time":"2026-04-08T08:03:25+00:00","og_image":[{"width":750,"height":750,"url":"https:\/\/babylove.se\/no\/wp-content\/uploads\/sites\/3\/2025\/07\/5da074d0e7dbf.jpeg","type":"image\/jpeg"}],"twitter_card":"summary_large_image","twitter_misc":{"Price":"179,00&nbsp;&#107;&#114;","Availability":"Out of stock"},"schema":{"@context":"https:\/\/schema.org","@graph":[{"@type":"WebPage","@id":"https:\/\/babylove.se\/no\/produkt\/oyoy-krok-kanin\/","url":"https:\/\/babylove.se\/no\/produkt\/oyoy-krok-kanin\/","name":"Oyoy, Krok kanin | Snabb leverans | Babylove.se","isPartOf":{"@id":"https:\/\/babylove.se\/no\/#website"},"primaryImageOfPage":{"@id":"https:\/\/babylove.se\/no\/produkt\/oyoy-krok-kanin\/#primaryimage"},"image":{"@id":"https:\/\/babylove.se\/no\/produkt\/oyoy-krok-kanin\/#primaryimage"},"thumbnailUrl":"https:\/\/babylove.se\/no\/wp-content\/uploads\/sites\/3\/2025\/07\/5da074d0e7dbf.jpeg","datePublished":"2025-07-18T20:35:26+00:00","dateModified":"2026-04-08T08:03:25+00:00","description":"En s\u00f6t krok i form av en kanin . Krokar fungerar som kl\u00e4dh\u00e4ngare och blir en fin detalj i barnrummet. Klarna faktura- 14 dagars \u00f6ppet k\u00f6p - K\u00f6p den h\u00e4r!","breadcrumb":{"@id":"https:\/\/babylove.se\/no\/produkt\/oyoy-krok-kanin\/#breadcrumb"},"inLanguage":"nb-NO","potentialAction":[{"@type":"ReadAction","target":["https:\/\/babylove.se\/no\/produkt\/oyoy-krok-kanin\/"]}]},{"@type":"ImageObject","inLanguage":"nb-NO","@id":"https:\/\/babylove.se\/no\/produkt\/oyoy-krok-kanin\/#primaryimage","url":"https:\/\/babylove.se\/no\/wp-content\/uploads\/sites\/3\/2025\/07\/5da074d0e7dbf.jpeg","contentUrl":"https:\/\/babylove.se\/no\/wp-content\/uploads\/sites\/3\/2025\/07\/5da074d0e7dbf.jpeg","width":750,"height":750},{"@type":"BreadcrumbList","@id":"https:\/\/babylove.se\/no\/produkt\/oyoy-krok-kanin\/#breadcrumb","itemListElement":[{"@type":"ListItem","position":1,"name":"Hem","item":"https:\/\/babylove.se\/no\/"},{"@type":"ListItem","position":2,"name":"Butik","item":"https:\/\/babylove.se\/no\/butik\/"},{"@type":"ListItem","position":3,"name":"Oyoy, Krok kanin"}]},{"@type":"WebSite","@id":"https:\/\/babylove.se\/no\/#website","url":"https:\/\/babylove.se\/no\/","name":"Babylove Norska","description":"","potentialAction":[{"@type":"SearchAction","target":{"@type":"EntryPoint","urlTemplate":"https:\/\/babylove.se\/no\/?s={search_term_string}"},"query-input":{"@type":"PropertyValueSpecification","valueRequired":true,"valueName":"search_term_string"}}],"inLanguage":"nb-NO"}]},"product_brand":"Oyoy","product_price_amount":"179.00","product_price_currency":"SEK","og_availability":"out of stock","product_availability":"out of stock","product_retailer_item_id":"2834","product_condition":"new"},"_links":{"self":[{"href":"https:\/\/babylove.se\/no\/wp-json\/wp\/v2\/product\/13778","targetHints":{"allow":["GET"]}}],"collection":[{"href":"https:\/\/babylove.se\/no\/wp-json\/wp\/v2\/product"}],"about":[{"href":"https:\/\/babylove.se\/no\/wp-json\/wp\/v2\/types\/product"}],"replies":[{"embeddable":true,"href":"https:\/\/babylove.se\/no\/wp-json\/wp\/v2\/comments?post=13778"}],"wp:featuredmedia":[{"embeddable":true,"href":"https:\/\/babylove.se\/no\/wp-json\/wp\/v2\/media\/13780"}],"wp:attachment":[{"href":"https:\/\/babylove.se\/no\/wp-json\/wp\/v2\/media?parent=13778"}],"wp:term":[{"taxonomy":"product_brand","embeddable":true,"href":"https:\/\/babylove.se\/no\/wp-json\/wp\/v2\/product_brand?post=13778"},{"taxonomy":"product_cat","embeddable":true,"href":"https:\/\/babylove.se\/no\/wp-json\/wp\/v2\/product_cat?post=13778"},{"taxonomy":"product_tag","embeddable":true,"href":"https:\/\/babylove.se\/no\/wp-json\/wp\/v2\/product_tag?post=13778"}],"curies":[{"name":"wp","href":"https:\/\/api.w.org\/{rel}","templated":true}]}}