{"id":13813,"date":"2025-07-18T21:35:47","date_gmt":"2025-07-18T20:35:47","guid":{"rendered":"https:\/\/babylove.se\/produkt\/fayne-sittpuff-till-barnrummet-rosa-katt\/"},"modified":"2026-04-08T09:03:43","modified_gmt":"2026-04-08T08:03:43","slug":"fayne-sittepouf-til-barnerommet-rosa-katt","status":"publish","type":"product","link":"https:\/\/babylove.se\/no\/produkt\/fayne-sittepouf-til-barnerommet-rosa-katt\/","title":{"rendered":"Fayne, sittepouf til barnerommet rosa katt"},"content":{"rendered":"<p>En superfin og supers\u00f8t, myk og deilig sitteputt til barnerommet. Denne sitteputten kan brukes til mye, alt fra en ekstra sittepall til \u00e5 kj\u00f8re biler p\u00e5 eller som en fin dekorasjon til barnerommet.&nbsp;<\/p>\n<p>Sitteputten er laget av et fantastisk velourfl\u00f8yel, noe som gj\u00f8r den myk og deilig. Trekket er avtakbart s\u00e5 du enkelt kan holde sitteputten ren og frisk!<\/p>\n<p>Passer i de fleste typer barnerom og kan f\u00f8lge med barnet ditt under oppveksten. &nbsp;H\u00e5ndlaget av n\u00f8ye utvalgte materialer, alt for barnets beste.<\/p>\n<p><strong>M\u00e5l:&nbsp;<\/strong>30 x 60 x 22 cm<\/p>\n<p>Materiale: 100% polyester, fyll : skum, vaskbar i opptil 30 grader&nbsp;<\/p>\n<p>Designer:<span>&nbsp;<\/span><a href=\"https:\/\/babylove.se\/varumarken\/fayne\">Fayne<\/a><\/p>\n","protected":false},"excerpt":{"rendered":"<p>En superfin og supers\u00f8t, myk og deilig sitteputt til barnerommet. Denne sitteputten kan brukes til mye, alt fra en ekstra sittepall til \u00e5 kj\u00f8re biler p\u00e5 eller som en fin dekorasjon til barnerommet.&nbsp; Sitteputten er laget av et fantastisk velourfl\u00f8yel, noe som gj\u00f8r den myk og deilig. Trekket er avtakbart s\u00e5 du enkelt kan holde [&hellip;]<\/p>\n","protected":false},"featured_media":13815,"comment_status":"closed","ping_status":"open","template":"","meta":{"_acf_changed":false},"product_brand":[],"product_cat":[296,44],"product_tag":[],"class_list":{"0":"post-13813","1":"product","2":"type-product","3":"status-publish","4":"has-post-thumbnail","6":"product_cat-fayne","7":"product_cat-sitteputfer-saccosekker","9":"first","10":"outofstock","11":"taxable","12":"shipping-taxable","13":"purchasable","14":"product-type-simple"},"acf":[],"yoast_head":"<!-- This site is optimized with the Yoast SEO Premium plugin v25.8 (Yoast SEO v27.2) - https:\/\/yoast.com\/product\/yoast-seo-premium-wordpress\/ -->\n<title>Fayne, sittepouf til barnerommet rosa katt - Babylove Norska<\/title>\n<meta name=\"robots\" content=\"noindex, follow, max-snippet:-1, max-image-preview:large, max-video-preview:-1\" \/>\n<meta property=\"og:locale\" content=\"nb_NO\" \/>\n<meta property=\"og:type\" content=\"article\" \/>\n<meta property=\"og:title\" content=\"Fayne, sittepouf til barnerommet rosa katt\" \/>\n<meta property=\"og:description\" content=\"En superfin og supers\u00f8t, myk og deilig sitteputt til barnerommet. Denne sitteputten kan brukes til mye, alt fra en ekstra sittepall til \u00e5 kj\u00f8re biler p\u00e5 eller som en fin dekorasjon til barnerommet.&nbsp; Sitteputten er laget av et fantastisk velourfl\u00f8yel, noe som gj\u00f8r den myk og deilig. Trekket er avtakbart s\u00e5 du enkelt kan holde [&hellip;]\" \/>\n<meta property=\"og:url\" content=\"https:\/\/babylove.se\/no\/produkt\/fayne-sittepouf-til-barnerommet-rosa-katt\/\" \/>\n<meta property=\"og:site_name\" content=\"Babylove Norska\" \/>\n<meta property=\"article:modified_time\" content=\"2026-04-08T08:03:43+00:00\" \/>\n<meta property=\"og:image\" content=\"https:\/\/babylove.se\/no\/wp-content\/uploads\/sites\/3\/2025\/07\/5ddf9cf272ddd.jpeg\" \/>\n\t<meta property=\"og:image:width\" content=\"500\" \/>\n\t<meta property=\"og:image:height\" content=\"500\" \/>\n\t<meta property=\"og:image:type\" content=\"image\/jpeg\" \/>\n<meta name=\"twitter:card\" content=\"summary_large_image\" \/>\n<meta name=\"twitter:label1\" content=\"Price\" \/>\n\t<meta name=\"twitter:data1\" content=\"799,00&nbsp;&#107;&#114;\" \/>\n\t<meta name=\"twitter:label2\" content=\"Availability\" \/>\n\t<meta name=\"twitter:data2\" content=\"Out of stock\" \/>\n<script type=\"application\/ld+json\" class=\"yoast-schema-graph\">{\"@context\":\"https:\/\/schema.org\",\"@graph\":[{\"@type\":\"WebPage\",\"@id\":\"https:\/\/babylove.se\/no\/produkt\/fayne-sittepouf-til-barnerommet-rosa-katt\/\",\"url\":\"https:\/\/babylove.se\/no\/produkt\/fayne-sittepouf-til-barnerommet-rosa-katt\/\",\"name\":\"Fayne, sittepouf til barnerommet rosa katt - Babylove Norska\",\"isPartOf\":{\"@id\":\"https:\/\/babylove.se\/no\/#website\"},\"primaryImageOfPage\":{\"@id\":\"https:\/\/babylove.se\/no\/produkt\/fayne-sittepouf-til-barnerommet-rosa-katt\/#primaryimage\"},\"image\":{\"@id\":\"https:\/\/babylove.se\/no\/produkt\/fayne-sittepouf-til-barnerommet-rosa-katt\/#primaryimage\"},\"thumbnailUrl\":\"https:\/\/babylove.se\/no\/wp-content\/uploads\/sites\/3\/2025\/07\/5ddf9cf272ddd.jpeg\",\"datePublished\":\"2025-07-18T20:35:47+00:00\",\"dateModified\":\"2026-04-08T08:03:43+00:00\",\"breadcrumb\":{\"@id\":\"https:\/\/babylove.se\/no\/produkt\/fayne-sittepouf-til-barnerommet-rosa-katt\/#breadcrumb\"},\"inLanguage\":\"nb-NO\",\"potentialAction\":[{\"@type\":\"ReadAction\",\"target\":[\"https:\/\/babylove.se\/no\/produkt\/fayne-sittepouf-til-barnerommet-rosa-katt\/\"]}]},{\"@type\":\"ImageObject\",\"inLanguage\":\"nb-NO\",\"@id\":\"https:\/\/babylove.se\/no\/produkt\/fayne-sittepouf-til-barnerommet-rosa-katt\/#primaryimage\",\"url\":\"https:\/\/babylove.se\/no\/wp-content\/uploads\/sites\/3\/2025\/07\/5ddf9cf272ddd.jpeg\",\"contentUrl\":\"https:\/\/babylove.se\/no\/wp-content\/uploads\/sites\/3\/2025\/07\/5ddf9cf272ddd.jpeg\",\"width\":500,\"height\":500},{\"@type\":\"BreadcrumbList\",\"@id\":\"https:\/\/babylove.se\/no\/produkt\/fayne-sittepouf-til-barnerommet-rosa-katt\/#breadcrumb\",\"itemListElement\":[{\"@type\":\"ListItem\",\"position\":1,\"name\":\"Hem\",\"item\":\"https:\/\/babylove.se\/no\/\"},{\"@type\":\"ListItem\",\"position\":2,\"name\":\"Butik\",\"item\":\"https:\/\/babylove.se\/no\/butik\/\"},{\"@type\":\"ListItem\",\"position\":3,\"name\":\"Fayne, sittepouf til barnerommet rosa katt\"}]},{\"@type\":\"WebSite\",\"@id\":\"https:\/\/babylove.se\/no\/#website\",\"url\":\"https:\/\/babylove.se\/no\/\",\"name\":\"Babylove Norska\",\"description\":\"\",\"potentialAction\":[{\"@type\":\"SearchAction\",\"target\":{\"@type\":\"EntryPoint\",\"urlTemplate\":\"https:\/\/babylove.se\/no\/?s={search_term_string}\"},\"query-input\":{\"@type\":\"PropertyValueSpecification\",\"valueRequired\":true,\"valueName\":\"search_term_string\"}}],\"inLanguage\":\"nb-NO\"}]}<\/script>\n<meta property=\"product:price:amount\" content=\"799.00\" \/>\n<meta property=\"product:price:currency\" content=\"SEK\" \/>\n<meta property=\"og:availability\" content=\"out of stock\" \/>\n<meta property=\"product:availability\" content=\"out of stock\" \/>\n<meta property=\"product:retailer_item_id\" content=\"2840\" \/>\n<meta property=\"product:condition\" content=\"new\" \/>\n<!-- \/ Yoast SEO Premium plugin. -->","yoast_head_json":{"title":"Fayne, sittepouf til barnerommet rosa katt - Babylove Norska","robots":{"index":"noindex","follow":"follow","max-snippet":"max-snippet:-1","max-image-preview":"max-image-preview:large","max-video-preview":"max-video-preview:-1"},"og_locale":"nb_NO","og_type":"article","og_title":"Fayne, sittepouf til barnerommet rosa katt","og_description":"En superfin og supers\u00f8t, myk og deilig sitteputt til barnerommet. Denne sitteputten kan brukes til mye, alt fra en ekstra sittepall til \u00e5 kj\u00f8re biler p\u00e5 eller som en fin dekorasjon til barnerommet.&nbsp; Sitteputten er laget av et fantastisk velourfl\u00f8yel, noe som gj\u00f8r den myk og deilig. Trekket er avtakbart s\u00e5 du enkelt kan holde [&hellip;]","og_url":"https:\/\/babylove.se\/no\/produkt\/fayne-sittepouf-til-barnerommet-rosa-katt\/","og_site_name":"Babylove Norska","article_modified_time":"2026-04-08T08:03:43+00:00","og_image":[{"width":500,"height":500,"url":"https:\/\/babylove.se\/no\/wp-content\/uploads\/sites\/3\/2025\/07\/5ddf9cf272ddd.jpeg","type":"image\/jpeg"}],"twitter_card":"summary_large_image","twitter_misc":{"Price":"799,00&nbsp;&#107;&#114;","Availability":"Out of stock"},"schema":{"@context":"https:\/\/schema.org","@graph":[{"@type":"WebPage","@id":"https:\/\/babylove.se\/no\/produkt\/fayne-sittepouf-til-barnerommet-rosa-katt\/","url":"https:\/\/babylove.se\/no\/produkt\/fayne-sittepouf-til-barnerommet-rosa-katt\/","name":"Fayne, sittepouf til barnerommet rosa katt - Babylove Norska","isPartOf":{"@id":"https:\/\/babylove.se\/no\/#website"},"primaryImageOfPage":{"@id":"https:\/\/babylove.se\/no\/produkt\/fayne-sittepouf-til-barnerommet-rosa-katt\/#primaryimage"},"image":{"@id":"https:\/\/babylove.se\/no\/produkt\/fayne-sittepouf-til-barnerommet-rosa-katt\/#primaryimage"},"thumbnailUrl":"https:\/\/babylove.se\/no\/wp-content\/uploads\/sites\/3\/2025\/07\/5ddf9cf272ddd.jpeg","datePublished":"2025-07-18T20:35:47+00:00","dateModified":"2026-04-08T08:03:43+00:00","breadcrumb":{"@id":"https:\/\/babylove.se\/no\/produkt\/fayne-sittepouf-til-barnerommet-rosa-katt\/#breadcrumb"},"inLanguage":"nb-NO","potentialAction":[{"@type":"ReadAction","target":["https:\/\/babylove.se\/no\/produkt\/fayne-sittepouf-til-barnerommet-rosa-katt\/"]}]},{"@type":"ImageObject","inLanguage":"nb-NO","@id":"https:\/\/babylove.se\/no\/produkt\/fayne-sittepouf-til-barnerommet-rosa-katt\/#primaryimage","url":"https:\/\/babylove.se\/no\/wp-content\/uploads\/sites\/3\/2025\/07\/5ddf9cf272ddd.jpeg","contentUrl":"https:\/\/babylove.se\/no\/wp-content\/uploads\/sites\/3\/2025\/07\/5ddf9cf272ddd.jpeg","width":500,"height":500},{"@type":"BreadcrumbList","@id":"https:\/\/babylove.se\/no\/produkt\/fayne-sittepouf-til-barnerommet-rosa-katt\/#breadcrumb","itemListElement":[{"@type":"ListItem","position":1,"name":"Hem","item":"https:\/\/babylove.se\/no\/"},{"@type":"ListItem","position":2,"name":"Butik","item":"https:\/\/babylove.se\/no\/butik\/"},{"@type":"ListItem","position":3,"name":"Fayne, sittepouf til barnerommet rosa katt"}]},{"@type":"WebSite","@id":"https:\/\/babylove.se\/no\/#website","url":"https:\/\/babylove.se\/no\/","name":"Babylove Norska","description":"","potentialAction":[{"@type":"SearchAction","target":{"@type":"EntryPoint","urlTemplate":"https:\/\/babylove.se\/no\/?s={search_term_string}"},"query-input":{"@type":"PropertyValueSpecification","valueRequired":true,"valueName":"search_term_string"}}],"inLanguage":"nb-NO"}]},"product_price_amount":"799.00","product_price_currency":"SEK","og_availability":"out of stock","product_availability":"out of stock","product_retailer_item_id":"2840","product_condition":"new"},"_links":{"self":[{"href":"https:\/\/babylove.se\/no\/wp-json\/wp\/v2\/product\/13813","targetHints":{"allow":["GET"]}}],"collection":[{"href":"https:\/\/babylove.se\/no\/wp-json\/wp\/v2\/product"}],"about":[{"href":"https:\/\/babylove.se\/no\/wp-json\/wp\/v2\/types\/product"}],"replies":[{"embeddable":true,"href":"https:\/\/babylove.se\/no\/wp-json\/wp\/v2\/comments?post=13813"}],"wp:featuredmedia":[{"embeddable":true,"href":"https:\/\/babylove.se\/no\/wp-json\/wp\/v2\/media\/13815"}],"wp:attachment":[{"href":"https:\/\/babylove.se\/no\/wp-json\/wp\/v2\/media?parent=13813"}],"wp:term":[{"taxonomy":"product_brand","embeddable":true,"href":"https:\/\/babylove.se\/no\/wp-json\/wp\/v2\/product_brand?post=13813"},{"taxonomy":"product_cat","embeddable":true,"href":"https:\/\/babylove.se\/no\/wp-json\/wp\/v2\/product_cat?post=13813"},{"taxonomy":"product_tag","embeddable":true,"href":"https:\/\/babylove.se\/no\/wp-json\/wp\/v2\/product_tag?post=13813"}],"curies":[{"name":"wp","href":"https:\/\/api.w.org\/{rel}","templated":true}]}}