{"id":13885,"date":"2025-07-18T21:36:05","date_gmt":"2025-07-18T20:36:05","guid":{"rendered":"https:\/\/babylove.se\/produkt\/sass-belle-matset-i-bambu-woodland\/"},"modified":"2026-04-08T09:04:31","modified_gmt":"2026-04-08T08:04:31","slug":"sass-belle-mattsett-i-bambus-woodland","status":"publish","type":"product","link":"https:\/\/babylove.se\/no\/produkt\/sass-belle-mattsett-i-bambus-woodland\/","title":{"rendered":"Sass &#038; Belle, matsett i bambus, WOODLAND"},"content":{"rendered":"<p>Et flott matsett fra popul\u00e6re Sass&#038;Belle inneholdende en tallerken med h\u00f8ye kanter, en fin kopp, en dyp sk\u00e5l og selvf\u00f8lgelig skje og gaffel. Ditt barn vil f\u00e5 mye glede av disse, og likes\u00e5 du. Hele matsettet er laget av en \u00f8kologisk, nedbrytbar bambus og er en perfekt gave til en d\u00e5p eller en bursdag.&nbsp;<\/p>\n<p>M\u00e5l: 25.5 x 7.5 x 25 cm<\/p>\n<p>Materiale: Bambus, maismel, trefiber, melamin , Fri fra BPA, PVC og ftalater.&nbsp;<\/p>\n<p>T\u00e5ler ikke bruk i mikrob\u00f8lgeovn eller oppvaskmaskin<\/p>\n<p>Designer: <a href=\"https:\/\/babylove.se\/varumarken\/sass-belle\">Sass &#038; Belle<\/a><\/p>\n","protected":false},"excerpt":{"rendered":"<p>Et flott matsett fra popul\u00e6re Sass&#038;Belle inneholdende en tallerken med h\u00f8ye kanter, en fin kopp, en dyp sk\u00e5l og selvf\u00f8lgelig skje og gaffel. Ditt barn vil f\u00e5 mye glede av disse, og likes\u00e5 du. Hele matsettet er laget av en \u00f8kologisk, nedbrytbar bambus og er en perfekt gave til en d\u00e5p eller en bursdag.&nbsp; M\u00e5l: [&hellip;]<\/p>\n","protected":false},"featured_media":13887,"comment_status":"closed","ping_status":"open","template":"","meta":{"_acf_changed":false},"product_brand":[683],"product_cat":[92,684,91],"product_tag":[],"class_list":{"0":"post-13885","1":"product","2":"type-product","3":"status-publish","4":"has-post-thumbnail","6":"product_brand-sassbelle","7":"product_cat-barnbestikk-matsett","8":"product_cat-sass-belle","9":"product_cat-servering","11":"first","12":"outofstock","13":"taxable","14":"shipping-taxable","15":"purchasable","16":"product-type-simple"},"acf":[],"yoast_head":"<!-- This site is optimized with the Yoast SEO Premium plugin v25.8 (Yoast SEO v27.2) - https:\/\/yoast.com\/product\/yoast-seo-premium-wordpress\/ -->\n<title>Sass &amp; Belle, matsett i bambus, WOODLAND - Babylove Norska<\/title>\n<meta name=\"robots\" content=\"noindex, follow, max-snippet:-1, max-image-preview:large, max-video-preview:-1\" \/>\n<meta property=\"og:locale\" content=\"nb_NO\" \/>\n<meta property=\"og:type\" content=\"article\" \/>\n<meta property=\"og:title\" content=\"Sass &amp; Belle, matsett i bambus, WOODLAND\" \/>\n<meta property=\"og:description\" content=\"Et flott matsett fra popul\u00e6re Sass&#038;Belle inneholdende en tallerken med h\u00f8ye kanter, en fin kopp, en dyp sk\u00e5l og selvf\u00f8lgelig skje og gaffel. Ditt barn vil f\u00e5 mye glede av disse, og likes\u00e5 du. Hele matsettet er laget av en \u00f8kologisk, nedbrytbar bambus og er en perfekt gave til en d\u00e5p eller en bursdag.&nbsp; M\u00e5l: [&hellip;]\" \/>\n<meta property=\"og:url\" content=\"https:\/\/babylove.se\/no\/produkt\/sass-belle-mattsett-i-bambus-woodland\/\" \/>\n<meta property=\"og:site_name\" content=\"Babylove Norska\" \/>\n<meta property=\"article:modified_time\" content=\"2026-04-08T08:04:31+00:00\" \/>\n<meta property=\"og:image\" content=\"https:\/\/babylove.se\/no\/wp-content\/uploads\/sites\/3\/2025\/07\/5dad696197505.jpeg\" \/>\n\t<meta property=\"og:image:width\" content=\"750\" \/>\n\t<meta property=\"og:image:height\" content=\"750\" \/>\n\t<meta property=\"og:image:type\" content=\"image\/jpeg\" \/>\n<meta name=\"twitter:card\" content=\"summary_large_image\" \/>\n<meta name=\"twitter:label1\" content=\"Price\" \/>\n\t<meta name=\"twitter:data1\" content=\"199,00&nbsp;&#107;&#114;\" \/>\n\t<meta name=\"twitter:label2\" content=\"Availability\" \/>\n\t<meta name=\"twitter:data2\" content=\"Out of stock\" \/>\n<script type=\"application\/ld+json\" class=\"yoast-schema-graph\">{\"@context\":\"https:\/\/schema.org\",\"@graph\":[{\"@type\":\"WebPage\",\"@id\":\"https:\/\/babylove.se\/no\/produkt\/sass-belle-mattsett-i-bambus-woodland\/\",\"url\":\"https:\/\/babylove.se\/no\/produkt\/sass-belle-mattsett-i-bambus-woodland\/\",\"name\":\"Sass & Belle, matsett i bambus, WOODLAND - Babylove Norska\",\"isPartOf\":{\"@id\":\"https:\/\/babylove.se\/no\/#website\"},\"primaryImageOfPage\":{\"@id\":\"https:\/\/babylove.se\/no\/produkt\/sass-belle-mattsett-i-bambus-woodland\/#primaryimage\"},\"image\":{\"@id\":\"https:\/\/babylove.se\/no\/produkt\/sass-belle-mattsett-i-bambus-woodland\/#primaryimage\"},\"thumbnailUrl\":\"https:\/\/babylove.se\/no\/wp-content\/uploads\/sites\/3\/2025\/07\/5dad696197505.jpeg\",\"datePublished\":\"2025-07-18T20:36:05+00:00\",\"dateModified\":\"2026-04-08T08:04:31+00:00\",\"breadcrumb\":{\"@id\":\"https:\/\/babylove.se\/no\/produkt\/sass-belle-mattsett-i-bambus-woodland\/#breadcrumb\"},\"inLanguage\":\"nb-NO\",\"potentialAction\":[{\"@type\":\"ReadAction\",\"target\":[\"https:\/\/babylove.se\/no\/produkt\/sass-belle-mattsett-i-bambus-woodland\/\"]}]},{\"@type\":\"ImageObject\",\"inLanguage\":\"nb-NO\",\"@id\":\"https:\/\/babylove.se\/no\/produkt\/sass-belle-mattsett-i-bambus-woodland\/#primaryimage\",\"url\":\"https:\/\/babylove.se\/no\/wp-content\/uploads\/sites\/3\/2025\/07\/5dad696197505.jpeg\",\"contentUrl\":\"https:\/\/babylove.se\/no\/wp-content\/uploads\/sites\/3\/2025\/07\/5dad696197505.jpeg\",\"width\":750,\"height\":750},{\"@type\":\"BreadcrumbList\",\"@id\":\"https:\/\/babylove.se\/no\/produkt\/sass-belle-mattsett-i-bambus-woodland\/#breadcrumb\",\"itemListElement\":[{\"@type\":\"ListItem\",\"position\":1,\"name\":\"Hem\",\"item\":\"https:\/\/babylove.se\/no\/\"},{\"@type\":\"ListItem\",\"position\":2,\"name\":\"Butik\",\"item\":\"https:\/\/babylove.se\/no\/butik\/\"},{\"@type\":\"ListItem\",\"position\":3,\"name\":\"Sass &#038; Belle, matsett i bambus, WOODLAND\"}]},{\"@type\":\"WebSite\",\"@id\":\"https:\/\/babylove.se\/no\/#website\",\"url\":\"https:\/\/babylove.se\/no\/\",\"name\":\"Babylove Norska\",\"description\":\"\",\"potentialAction\":[{\"@type\":\"SearchAction\",\"target\":{\"@type\":\"EntryPoint\",\"urlTemplate\":\"https:\/\/babylove.se\/no\/?s={search_term_string}\"},\"query-input\":{\"@type\":\"PropertyValueSpecification\",\"valueRequired\":true,\"valueName\":\"search_term_string\"}}],\"inLanguage\":\"nb-NO\"}]}<\/script>\n<meta property=\"product:brand\" content=\"Sass&amp;Belle\" \/>\n<meta property=\"product:price:amount\" content=\"199.00\" \/>\n<meta property=\"product:price:currency\" content=\"SEK\" \/>\n<meta property=\"og:availability\" content=\"out of stock\" \/>\n<meta property=\"product:availability\" content=\"out of stock\" \/>\n<meta property=\"product:retailer_item_id\" content=\"2856\" \/>\n<meta property=\"product:condition\" content=\"new\" \/>\n<!-- \/ Yoast SEO Premium plugin. -->","yoast_head_json":{"title":"Sass & Belle, matsett i bambus, WOODLAND - Babylove Norska","robots":{"index":"noindex","follow":"follow","max-snippet":"max-snippet:-1","max-image-preview":"max-image-preview:large","max-video-preview":"max-video-preview:-1"},"og_locale":"nb_NO","og_type":"article","og_title":"Sass & Belle, matsett i bambus, WOODLAND","og_description":"Et flott matsett fra popul\u00e6re Sass&#038;Belle inneholdende en tallerken med h\u00f8ye kanter, en fin kopp, en dyp sk\u00e5l og selvf\u00f8lgelig skje og gaffel. Ditt barn vil f\u00e5 mye glede av disse, og likes\u00e5 du. Hele matsettet er laget av en \u00f8kologisk, nedbrytbar bambus og er en perfekt gave til en d\u00e5p eller en bursdag.&nbsp; M\u00e5l: [&hellip;]","og_url":"https:\/\/babylove.se\/no\/produkt\/sass-belle-mattsett-i-bambus-woodland\/","og_site_name":"Babylove Norska","article_modified_time":"2026-04-08T08:04:31+00:00","og_image":[{"width":750,"height":750,"url":"https:\/\/babylove.se\/no\/wp-content\/uploads\/sites\/3\/2025\/07\/5dad696197505.jpeg","type":"image\/jpeg"}],"twitter_card":"summary_large_image","twitter_misc":{"Price":"199,00&nbsp;&#107;&#114;","Availability":"Out of stock"},"schema":{"@context":"https:\/\/schema.org","@graph":[{"@type":"WebPage","@id":"https:\/\/babylove.se\/no\/produkt\/sass-belle-mattsett-i-bambus-woodland\/","url":"https:\/\/babylove.se\/no\/produkt\/sass-belle-mattsett-i-bambus-woodland\/","name":"Sass & Belle, matsett i bambus, WOODLAND - Babylove Norska","isPartOf":{"@id":"https:\/\/babylove.se\/no\/#website"},"primaryImageOfPage":{"@id":"https:\/\/babylove.se\/no\/produkt\/sass-belle-mattsett-i-bambus-woodland\/#primaryimage"},"image":{"@id":"https:\/\/babylove.se\/no\/produkt\/sass-belle-mattsett-i-bambus-woodland\/#primaryimage"},"thumbnailUrl":"https:\/\/babylove.se\/no\/wp-content\/uploads\/sites\/3\/2025\/07\/5dad696197505.jpeg","datePublished":"2025-07-18T20:36:05+00:00","dateModified":"2026-04-08T08:04:31+00:00","breadcrumb":{"@id":"https:\/\/babylove.se\/no\/produkt\/sass-belle-mattsett-i-bambus-woodland\/#breadcrumb"},"inLanguage":"nb-NO","potentialAction":[{"@type":"ReadAction","target":["https:\/\/babylove.se\/no\/produkt\/sass-belle-mattsett-i-bambus-woodland\/"]}]},{"@type":"ImageObject","inLanguage":"nb-NO","@id":"https:\/\/babylove.se\/no\/produkt\/sass-belle-mattsett-i-bambus-woodland\/#primaryimage","url":"https:\/\/babylove.se\/no\/wp-content\/uploads\/sites\/3\/2025\/07\/5dad696197505.jpeg","contentUrl":"https:\/\/babylove.se\/no\/wp-content\/uploads\/sites\/3\/2025\/07\/5dad696197505.jpeg","width":750,"height":750},{"@type":"BreadcrumbList","@id":"https:\/\/babylove.se\/no\/produkt\/sass-belle-mattsett-i-bambus-woodland\/#breadcrumb","itemListElement":[{"@type":"ListItem","position":1,"name":"Hem","item":"https:\/\/babylove.se\/no\/"},{"@type":"ListItem","position":2,"name":"Butik","item":"https:\/\/babylove.se\/no\/butik\/"},{"@type":"ListItem","position":3,"name":"Sass &#038; Belle, matsett i bambus, WOODLAND"}]},{"@type":"WebSite","@id":"https:\/\/babylove.se\/no\/#website","url":"https:\/\/babylove.se\/no\/","name":"Babylove Norska","description":"","potentialAction":[{"@type":"SearchAction","target":{"@type":"EntryPoint","urlTemplate":"https:\/\/babylove.se\/no\/?s={search_term_string}"},"query-input":{"@type":"PropertyValueSpecification","valueRequired":true,"valueName":"search_term_string"}}],"inLanguage":"nb-NO"}]},"product_brand":"Sass&amp;Belle","product_price_amount":"199.00","product_price_currency":"SEK","og_availability":"out of stock","product_availability":"out of stock","product_retailer_item_id":"2856","product_condition":"new"},"_links":{"self":[{"href":"https:\/\/babylove.se\/no\/wp-json\/wp\/v2\/product\/13885","targetHints":{"allow":["GET"]}}],"collection":[{"href":"https:\/\/babylove.se\/no\/wp-json\/wp\/v2\/product"}],"about":[{"href":"https:\/\/babylove.se\/no\/wp-json\/wp\/v2\/types\/product"}],"replies":[{"embeddable":true,"href":"https:\/\/babylove.se\/no\/wp-json\/wp\/v2\/comments?post=13885"}],"wp:featuredmedia":[{"embeddable":true,"href":"https:\/\/babylove.se\/no\/wp-json\/wp\/v2\/media\/13887"}],"wp:attachment":[{"href":"https:\/\/babylove.se\/no\/wp-json\/wp\/v2\/media?parent=13885"}],"wp:term":[{"taxonomy":"product_brand","embeddable":true,"href":"https:\/\/babylove.se\/no\/wp-json\/wp\/v2\/product_brand?post=13885"},{"taxonomy":"product_cat","embeddable":true,"href":"https:\/\/babylove.se\/no\/wp-json\/wp\/v2\/product_cat?post=13885"},{"taxonomy":"product_tag","embeddable":true,"href":"https:\/\/babylove.se\/no\/wp-json\/wp\/v2\/product_tag?post=13885"}],"curies":[{"name":"wp","href":"https:\/\/api.w.org\/{rel}","templated":true}]}}