{"id":13988,"date":"2025-07-18T21:36:54","date_gmt":"2025-07-18T20:36:54","guid":{"rendered":"https:\/\/babylove.se\/produkt\/vit-loftsang-till-barnrummet-med-flyttbart-skrivbord\/"},"modified":"2026-04-08T09:05:19","modified_gmt":"2026-04-08T08:05:19","slug":"hvit-loftsseng-til-barnerommet-med-flyttbart-skrivebord","status":"publish","type":"product","link":"https:\/\/babylove.se\/no\/produkt\/hvit-loftsseng-til-barnerommet-med-flyttbart-skrivebord\/","title":{"rendered":"Hvit loftsseng til barnerommet med flyttbart skrivebord"},"content":{"rendered":"<p>Her er en stilren og ekstremt praktisk loftseng til barnerommet eller til junioren. Sengm\u00e5lene er romslige, 200 x 90 cm og sammen med skrivebordet og flere oppbevaringsmuligheter er den b\u00e5de plassbesparende og elegant. Sidepanelet gj\u00f8r den trygg selv for barn som beveger seg mye n\u00e5r de sover. Stigen er en selvf\u00f8lge og en integrert del av loftsengen. Smartest av alt er det flyttbare skrivebordet som bare vil v\u00e6re ute n\u00e5r det brukes, noe som gj\u00f8r det utrolig praktisk. Dessuten velger du selv p\u00e5 hvilken side stigen respektive skrivebordet skal v\u00e6re. Den er enkel \u00e5 montere og sengstammen er laget av massivt furutre. En perfekt seng rett og slett.<\/p>\n<p>Sengen er malt i hvitt med de to gavlene i gr\u00e5tt, for \u00e5 skape en flott touch og et deilig inntrykk. Sengbeina er stabile og sammen med de avrundede kantene p\u00e5 sengen, har man \u00f8nsket \u00e5 skape et trygt milj\u00f8 for alle barn.&nbsp;<\/p>\n<p><strong>Materiale<\/strong><\/p>\n<ul>\n<li>Massivt furutre og hylle\/skrivebord i MDF<\/li>\n<\/ul>\n<p><strong>M\u00e5l<\/strong><\/p>\n<ul>\n<li>Sengm\u00e5l 90 x 200 cm. Madrass f\u00f8lger ikke med, men ta gjerne en titt i v\u00e5rt store madrassutvalg. Vi anbefaler en skummadrass med tykkelse p\u00e5 ca 10-12 cm.<\/li>\n<li>Ytterm\u00e5l (B x L x H): 97 x 208 x 110 cm<\/li>\n<li>H\u00f8yde under sengen (s\u00e5kalt lekeomr\u00e5de): 76 cm<\/li>\n<li>Skrivebord: 60 x 85 cm<\/li>\n<\/ul>\n<p><em><em><em><em><em>Obs! Sengen leveres umontert og b\u00f8r settes sammen i rommet den skal brukes i.<\/em><\/em><\/em><\/em><\/em><\/p>\n<p><em><em><em><em><em><\/em><\/em><\/em><\/em><\/em><a href=\"https:\/\/babylove.se\/barnmobler\/vaningssangar-loftsangar\"><strong>Oppdag hele v\u00e5rt sortiment av loftsenger her!<\/strong><\/a><\/p>\n","protected":false},"excerpt":{"rendered":"<p>Her er en stilren og ekstremt praktisk loftseng til barnerommet eller til junioren. Sengm\u00e5lene er romslige, 200 x 90 cm og sammen med skrivebordet og flere oppbevaringsmuligheter er den b\u00e5de plassbesparende og elegant. Sidepanelet gj\u00f8r den trygg selv for barn som beveger seg mye n\u00e5r de sover. Stigen er en selvf\u00f8lge og en integrert del [&hellip;]<\/p>\n","protected":false},"featured_media":13990,"comment_status":"closed","ping_status":"open","template":"","meta":{"_acf_changed":false},"product_brand":[671],"product_cat":[147,672,385,280,40],"product_tag":[1689],"class_list":{"0":"post-13988","1":"product","2":"type-product","3":"status-publish","4":"has-post-thumbnail","6":"product_brand-homestyle4u","7":"product_cat-back-to-school","8":"product_cat-hm","9":"product_cat-koyesenger-loftsenger","10":"product_cat-senger-med-rask-levering","11":"product_cat-soverom-barn","12":"product_tag-bestillingsvaror","14":"first","15":"instock","16":"taxable","17":"shipping-taxable","18":"purchasable","19":"product-type-simple"},"acf":[],"yoast_head":"<!-- This site is optimized with the Yoast SEO Premium plugin v25.8 (Yoast SEO v27.2) - https:\/\/yoast.com\/product\/yoast-seo-premium-wordpress\/ -->\n<title>Hvit loftsseng til barnerommet med flyttbart skrivebord - Babylove Norska<\/title>\n<meta name=\"robots\" content=\"noindex, follow, max-snippet:-1, max-image-preview:large, max-video-preview:-1\" \/>\n<meta property=\"og:locale\" content=\"nb_NO\" \/>\n<meta property=\"og:type\" content=\"article\" \/>\n<meta property=\"og:title\" content=\"Hvit loftsseng til barnerommet med flyttbart skrivebord\" \/>\n<meta property=\"og:description\" content=\"Her er en stilren og ekstremt praktisk loftseng til barnerommet eller til junioren. Sengm\u00e5lene er romslige, 200 x 90 cm og sammen med skrivebordet og flere oppbevaringsmuligheter er den b\u00e5de plassbesparende og elegant. Sidepanelet gj\u00f8r den trygg selv for barn som beveger seg mye n\u00e5r de sover. Stigen er en selvf\u00f8lge og en integrert del [&hellip;]\" \/>\n<meta property=\"og:url\" content=\"https:\/\/babylove.se\/no\/produkt\/hvit-loftsseng-til-barnerommet-med-flyttbart-skrivebord\/\" \/>\n<meta property=\"og:site_name\" content=\"Babylove Norska\" \/>\n<meta property=\"article:modified_time\" content=\"2026-04-08T08:05:19+00:00\" \/>\n<meta property=\"og:image\" content=\"https:\/\/babylove.se\/no\/wp-content\/uploads\/sites\/3\/2025\/07\/5db19d8883b51.jpeg\" \/>\n\t<meta property=\"og:image:width\" content=\"750\" \/>\n\t<meta property=\"og:image:height\" content=\"750\" \/>\n\t<meta property=\"og:image:type\" content=\"image\/jpeg\" \/>\n<meta name=\"twitter:card\" content=\"summary_large_image\" \/>\n<meta name=\"twitter:label1\" content=\"Price\" \/>\n\t<meta name=\"twitter:data1\" content=\"5 299,00&nbsp;&#107;&#114;\" \/>\n\t<meta name=\"twitter:label2\" content=\"Availability\" \/>\n\t<meta name=\"twitter:data2\" content=\"In stock\" \/>\n<script type=\"application\/ld+json\" class=\"yoast-schema-graph\">{\"@context\":\"https:\/\/schema.org\",\"@graph\":[{\"@type\":\"WebPage\",\"@id\":\"https:\/\/babylove.se\/no\/produkt\/hvit-loftsseng-til-barnerommet-med-flyttbart-skrivebord\/\",\"url\":\"https:\/\/babylove.se\/no\/produkt\/hvit-loftsseng-til-barnerommet-med-flyttbart-skrivebord\/\",\"name\":\"Hvit loftsseng til barnerommet med flyttbart skrivebord - Babylove Norska\",\"isPartOf\":{\"@id\":\"https:\/\/babylove.se\/no\/#website\"},\"primaryImageOfPage\":{\"@id\":\"https:\/\/babylove.se\/no\/produkt\/hvit-loftsseng-til-barnerommet-med-flyttbart-skrivebord\/#primaryimage\"},\"image\":{\"@id\":\"https:\/\/babylove.se\/no\/produkt\/hvit-loftsseng-til-barnerommet-med-flyttbart-skrivebord\/#primaryimage\"},\"thumbnailUrl\":\"https:\/\/babylove.se\/no\/wp-content\/uploads\/sites\/3\/2025\/07\/5db19d8883b51.jpeg\",\"datePublished\":\"2025-07-18T20:36:54+00:00\",\"dateModified\":\"2026-04-08T08:05:19+00:00\",\"breadcrumb\":{\"@id\":\"https:\/\/babylove.se\/no\/produkt\/hvit-loftsseng-til-barnerommet-med-flyttbart-skrivebord\/#breadcrumb\"},\"inLanguage\":\"nb-NO\",\"potentialAction\":[{\"@type\":\"ReadAction\",\"target\":[\"https:\/\/babylove.se\/no\/produkt\/hvit-loftsseng-til-barnerommet-med-flyttbart-skrivebord\/\"]}]},{\"@type\":\"ImageObject\",\"inLanguage\":\"nb-NO\",\"@id\":\"https:\/\/babylove.se\/no\/produkt\/hvit-loftsseng-til-barnerommet-med-flyttbart-skrivebord\/#primaryimage\",\"url\":\"https:\/\/babylove.se\/no\/wp-content\/uploads\/sites\/3\/2025\/07\/5db19d8883b51.jpeg\",\"contentUrl\":\"https:\/\/babylove.se\/no\/wp-content\/uploads\/sites\/3\/2025\/07\/5db19d8883b51.jpeg\",\"width\":750,\"height\":750},{\"@type\":\"BreadcrumbList\",\"@id\":\"https:\/\/babylove.se\/no\/produkt\/hvit-loftsseng-til-barnerommet-med-flyttbart-skrivebord\/#breadcrumb\",\"itemListElement\":[{\"@type\":\"ListItem\",\"position\":1,\"name\":\"Hem\",\"item\":\"https:\/\/babylove.se\/no\/\"},{\"@type\":\"ListItem\",\"position\":2,\"name\":\"Butik\",\"item\":\"https:\/\/babylove.se\/no\/butik\/\"},{\"@type\":\"ListItem\",\"position\":3,\"name\":\"Hvit loftsseng til barnerommet med flyttbart skrivebord\"}]},{\"@type\":\"WebSite\",\"@id\":\"https:\/\/babylove.se\/no\/#website\",\"url\":\"https:\/\/babylove.se\/no\/\",\"name\":\"Babylove Norska\",\"description\":\"\",\"potentialAction\":[{\"@type\":\"SearchAction\",\"target\":{\"@type\":\"EntryPoint\",\"urlTemplate\":\"https:\/\/babylove.se\/no\/?s={search_term_string}\"},\"query-input\":{\"@type\":\"PropertyValueSpecification\",\"valueRequired\":true,\"valueName\":\"search_term_string\"}}],\"inLanguage\":\"nb-NO\"}]}<\/script>\n<meta property=\"product:brand\" content=\"Homestyle4u\" \/>\n<meta property=\"product:price:amount\" content=\"5299.00\" \/>\n<meta property=\"product:price:currency\" content=\"SEK\" \/>\n<meta property=\"og:availability\" content=\"instock\" \/>\n<meta property=\"product:availability\" content=\"instock\" \/>\n<meta property=\"product:retailer_item_id\" content=\"1880\" \/>\n<meta property=\"product:condition\" content=\"new\" \/>\n<!-- \/ Yoast SEO Premium plugin. -->","yoast_head_json":{"title":"Hvit loftsseng til barnerommet med flyttbart skrivebord - Babylove Norska","robots":{"index":"noindex","follow":"follow","max-snippet":"max-snippet:-1","max-image-preview":"max-image-preview:large","max-video-preview":"max-video-preview:-1"},"og_locale":"nb_NO","og_type":"article","og_title":"Hvit loftsseng til barnerommet med flyttbart skrivebord","og_description":"Her er en stilren og ekstremt praktisk loftseng til barnerommet eller til junioren. Sengm\u00e5lene er romslige, 200 x 90 cm og sammen med skrivebordet og flere oppbevaringsmuligheter er den b\u00e5de plassbesparende og elegant. Sidepanelet gj\u00f8r den trygg selv for barn som beveger seg mye n\u00e5r de sover. Stigen er en selvf\u00f8lge og en integrert del [&hellip;]","og_url":"https:\/\/babylove.se\/no\/produkt\/hvit-loftsseng-til-barnerommet-med-flyttbart-skrivebord\/","og_site_name":"Babylove Norska","article_modified_time":"2026-04-08T08:05:19+00:00","og_image":[{"width":750,"height":750,"url":"https:\/\/babylove.se\/no\/wp-content\/uploads\/sites\/3\/2025\/07\/5db19d8883b51.jpeg","type":"image\/jpeg"}],"twitter_card":"summary_large_image","twitter_misc":{"Price":"5 299,00&nbsp;&#107;&#114;","Availability":"In stock"},"schema":{"@context":"https:\/\/schema.org","@graph":[{"@type":"WebPage","@id":"https:\/\/babylove.se\/no\/produkt\/hvit-loftsseng-til-barnerommet-med-flyttbart-skrivebord\/","url":"https:\/\/babylove.se\/no\/produkt\/hvit-loftsseng-til-barnerommet-med-flyttbart-skrivebord\/","name":"Hvit loftsseng til barnerommet med flyttbart skrivebord - Babylove Norska","isPartOf":{"@id":"https:\/\/babylove.se\/no\/#website"},"primaryImageOfPage":{"@id":"https:\/\/babylove.se\/no\/produkt\/hvit-loftsseng-til-barnerommet-med-flyttbart-skrivebord\/#primaryimage"},"image":{"@id":"https:\/\/babylove.se\/no\/produkt\/hvit-loftsseng-til-barnerommet-med-flyttbart-skrivebord\/#primaryimage"},"thumbnailUrl":"https:\/\/babylove.se\/no\/wp-content\/uploads\/sites\/3\/2025\/07\/5db19d8883b51.jpeg","datePublished":"2025-07-18T20:36:54+00:00","dateModified":"2026-04-08T08:05:19+00:00","breadcrumb":{"@id":"https:\/\/babylove.se\/no\/produkt\/hvit-loftsseng-til-barnerommet-med-flyttbart-skrivebord\/#breadcrumb"},"inLanguage":"nb-NO","potentialAction":[{"@type":"ReadAction","target":["https:\/\/babylove.se\/no\/produkt\/hvit-loftsseng-til-barnerommet-med-flyttbart-skrivebord\/"]}]},{"@type":"ImageObject","inLanguage":"nb-NO","@id":"https:\/\/babylove.se\/no\/produkt\/hvit-loftsseng-til-barnerommet-med-flyttbart-skrivebord\/#primaryimage","url":"https:\/\/babylove.se\/no\/wp-content\/uploads\/sites\/3\/2025\/07\/5db19d8883b51.jpeg","contentUrl":"https:\/\/babylove.se\/no\/wp-content\/uploads\/sites\/3\/2025\/07\/5db19d8883b51.jpeg","width":750,"height":750},{"@type":"BreadcrumbList","@id":"https:\/\/babylove.se\/no\/produkt\/hvit-loftsseng-til-barnerommet-med-flyttbart-skrivebord\/#breadcrumb","itemListElement":[{"@type":"ListItem","position":1,"name":"Hem","item":"https:\/\/babylove.se\/no\/"},{"@type":"ListItem","position":2,"name":"Butik","item":"https:\/\/babylove.se\/no\/butik\/"},{"@type":"ListItem","position":3,"name":"Hvit loftsseng til barnerommet med flyttbart skrivebord"}]},{"@type":"WebSite","@id":"https:\/\/babylove.se\/no\/#website","url":"https:\/\/babylove.se\/no\/","name":"Babylove Norska","description":"","potentialAction":[{"@type":"SearchAction","target":{"@type":"EntryPoint","urlTemplate":"https:\/\/babylove.se\/no\/?s={search_term_string}"},"query-input":{"@type":"PropertyValueSpecification","valueRequired":true,"valueName":"search_term_string"}}],"inLanguage":"nb-NO"}]},"product_brand":"Homestyle4u","product_price_amount":"5299.00","product_price_currency":"SEK","og_availability":"instock","product_availability":"instock","product_retailer_item_id":"1880","product_condition":"new"},"_links":{"self":[{"href":"https:\/\/babylove.se\/no\/wp-json\/wp\/v2\/product\/13988","targetHints":{"allow":["GET"]}}],"collection":[{"href":"https:\/\/babylove.se\/no\/wp-json\/wp\/v2\/product"}],"about":[{"href":"https:\/\/babylove.se\/no\/wp-json\/wp\/v2\/types\/product"}],"replies":[{"embeddable":true,"href":"https:\/\/babylove.se\/no\/wp-json\/wp\/v2\/comments?post=13988"}],"wp:featuredmedia":[{"embeddable":true,"href":"https:\/\/babylove.se\/no\/wp-json\/wp\/v2\/media\/13990"}],"wp:attachment":[{"href":"https:\/\/babylove.se\/no\/wp-json\/wp\/v2\/media?parent=13988"}],"wp:term":[{"taxonomy":"product_brand","embeddable":true,"href":"https:\/\/babylove.se\/no\/wp-json\/wp\/v2\/product_brand?post=13988"},{"taxonomy":"product_cat","embeddable":true,"href":"https:\/\/babylove.se\/no\/wp-json\/wp\/v2\/product_cat?post=13988"},{"taxonomy":"product_tag","embeddable":true,"href":"https:\/\/babylove.se\/no\/wp-json\/wp\/v2\/product_tag?post=13988"}],"curies":[{"name":"wp","href":"https:\/\/api.w.org\/{rel}","templated":true}]}}