{"id":14050,"date":"2025-07-18T21:37:22","date_gmt":"2025-07-18T20:37:22","guid":{"rendered":"https:\/\/babylove.se\/produkt\/filibabba-dusty-rose-sanghimmel-med-ljusslinga\/"},"modified":"2026-04-08T09:05:51","modified_gmt":"2026-04-08T08:05:51","slug":"filibabba-dusty-rose-sanghimmel-med-lysslynge","status":"publish","type":"product","link":"https:\/\/babylove.se\/no\/produkt\/filibabba-dusty-rose-sanghimmel-med-lysslynge\/","title":{"rendered":"Filibabba, dusty rose sengehimmel med lysslynge"},"content":{"rendered":"<p>En s\u00f8t og fin m\u00f8rkerosa sengehimmel produsert av det danske selskapet Filibabba. Denne sengehimmelen kommer garantert til \u00e5 bidra til barneroms-innredningen din p\u00e5 en meget elegant m\u00e5te. Den er laget helt av \u00f8kologisk bomull og kommer til \u00e5 ta barnerommet ditt til nye niv\u00e5er. Inni er det en krok, som du kan henge opp f.eks. en fin sengemobil p\u00e5. <\/p>\n<p>Til alle v\u00e5re sengehimler sender vi med en fin lysslynge inkludert i prisen. Dette for at du skal kunne gj\u00f8re barnekroken din enda mer koselig og sjarmerende. Lysslyngen drives av to A batterier. <\/p>\n<p>M\u00e5l: 250 cm h\u00f8y <\/p>\n<p>Bredde (p\u00e5 toppen) 50 cm <\/p>\n<p>Designer: <a href=\"https:\/\/babylove.se\/varumarken\/filibabba\"><u>Filibabba<\/u><\/a><\/p>\n","protected":false},"excerpt":{"rendered":"<p>En s\u00f8t og fin m\u00f8rkerosa sengehimmel produsert av det danske selskapet Filibabba. Denne sengehimmelen kommer garantert til \u00e5 bidra til barneroms-innredningen din p\u00e5 en meget elegant m\u00e5te. Den er laget helt av \u00f8kologisk bomull og kommer til \u00e5 ta barnerommet ditt til nye niv\u00e5er. Inni er det en krok, som du kan henge opp f.eks. [&hellip;]<\/p>\n","protected":false},"featured_media":14052,"comment_status":"closed","ping_status":"closed","template":"","meta":{"_acf_changed":false},"product_brand":[249],"product_cat":[250,120],"product_tag":[],"class_list":{"0":"post-14050","1":"product","2":"type-product","3":"status-publish","4":"has-post-thumbnail","6":"product_brand-filibabba","7":"product_cat-filibabba","8":"product_cat-sanghimmel","10":"first","11":"outofstock","12":"taxable","13":"shipping-taxable","14":"purchasable","15":"product-type-simple"},"acf":[],"yoast_head":"<!-- This site is optimized with the Yoast SEO Premium plugin v25.8 (Yoast SEO v27.2) - https:\/\/yoast.com\/product\/yoast-seo-premium-wordpress\/ -->\n<title>Filibabba, dusty rose sengehimmel med lysslynge - Babylove Norska<\/title>\n<meta name=\"description\" content=\"Gr\u00e5 s\u00e4nghimmel fr\u00e5n Filibabba &gt; H\u00f6g kvalit\u00e9 &gt; Skickas inom 24h &gt; Betala med faktura. Varmt v\u00e4lkommen till Babylove!\" \/>\n<meta name=\"robots\" content=\"noindex, follow, max-snippet:-1, max-image-preview:large, max-video-preview:-1\" \/>\n<meta property=\"og:locale\" content=\"nb_NO\" \/>\n<meta property=\"og:type\" content=\"article\" \/>\n<meta property=\"og:title\" content=\"Filibabba, dusty rose sengehimmel med lysslynge\" \/>\n<meta property=\"og:description\" content=\"Gr\u00e5 s\u00e4nghimmel fr\u00e5n Filibabba &gt; H\u00f6g kvalit\u00e9 &gt; Skickas inom 24h &gt; Betala med faktura. Varmt v\u00e4lkommen till Babylove!\" \/>\n<meta property=\"og:url\" content=\"https:\/\/babylove.se\/no\/produkt\/filibabba-dusty-rose-sanghimmel-med-lysslynge\/\" \/>\n<meta property=\"og:site_name\" content=\"Babylove Norska\" \/>\n<meta property=\"article:modified_time\" content=\"2026-04-08T08:05:51+00:00\" \/>\n<meta property=\"og:image\" content=\"https:\/\/babylove.se\/no\/wp-content\/uploads\/sites\/3\/2025\/07\/5dc2a0eae1b7a.jpeg\" \/>\n\t<meta property=\"og:image:width\" content=\"600\" \/>\n\t<meta property=\"og:image:height\" content=\"600\" \/>\n\t<meta property=\"og:image:type\" content=\"image\/jpeg\" \/>\n<meta name=\"twitter:card\" content=\"summary_large_image\" \/>\n<meta name=\"twitter:label1\" content=\"Price\" \/>\n\t<meta name=\"twitter:data1\" content=\"799,00&nbsp;&#107;&#114;\" \/>\n\t<meta name=\"twitter:label2\" content=\"Availability\" \/>\n\t<meta name=\"twitter:data2\" content=\"Out of stock\" \/>\n<script type=\"application\/ld+json\" class=\"yoast-schema-graph\">{\"@context\":\"https:\/\/schema.org\",\"@graph\":[{\"@type\":\"WebPage\",\"@id\":\"https:\/\/babylove.se\/no\/produkt\/filibabba-dusty-rose-sanghimmel-med-lysslynge\/\",\"url\":\"https:\/\/babylove.se\/no\/produkt\/filibabba-dusty-rose-sanghimmel-med-lysslynge\/\",\"name\":\"Filibabba, dusty rose sengehimmel med lysslynge - Babylove Norska\",\"isPartOf\":{\"@id\":\"https:\/\/babylove.se\/no\/#website\"},\"primaryImageOfPage\":{\"@id\":\"https:\/\/babylove.se\/no\/produkt\/filibabba-dusty-rose-sanghimmel-med-lysslynge\/#primaryimage\"},\"image\":{\"@id\":\"https:\/\/babylove.se\/no\/produkt\/filibabba-dusty-rose-sanghimmel-med-lysslynge\/#primaryimage\"},\"thumbnailUrl\":\"https:\/\/babylove.se\/no\/wp-content\/uploads\/sites\/3\/2025\/07\/5dc2a0eae1b7a.jpeg\",\"datePublished\":\"2025-07-18T20:37:22+00:00\",\"dateModified\":\"2026-04-08T08:05:51+00:00\",\"description\":\"Gr\u00e5 s\u00e4nghimmel fr\u00e5n Filibabba > H\u00f6g kvalit\u00e9 > Skickas inom 24h > Betala med faktura. Varmt v\u00e4lkommen till Babylove!\",\"breadcrumb\":{\"@id\":\"https:\/\/babylove.se\/no\/produkt\/filibabba-dusty-rose-sanghimmel-med-lysslynge\/#breadcrumb\"},\"inLanguage\":\"nb-NO\",\"potentialAction\":[{\"@type\":\"ReadAction\",\"target\":[\"https:\/\/babylove.se\/no\/produkt\/filibabba-dusty-rose-sanghimmel-med-lysslynge\/\"]}]},{\"@type\":\"ImageObject\",\"inLanguage\":\"nb-NO\",\"@id\":\"https:\/\/babylove.se\/no\/produkt\/filibabba-dusty-rose-sanghimmel-med-lysslynge\/#primaryimage\",\"url\":\"https:\/\/babylove.se\/no\/wp-content\/uploads\/sites\/3\/2025\/07\/5dc2a0eae1b7a.jpeg\",\"contentUrl\":\"https:\/\/babylove.se\/no\/wp-content\/uploads\/sites\/3\/2025\/07\/5dc2a0eae1b7a.jpeg\",\"width\":600,\"height\":600},{\"@type\":\"BreadcrumbList\",\"@id\":\"https:\/\/babylove.se\/no\/produkt\/filibabba-dusty-rose-sanghimmel-med-lysslynge\/#breadcrumb\",\"itemListElement\":[{\"@type\":\"ListItem\",\"position\":1,\"name\":\"Hem\",\"item\":\"https:\/\/babylove.se\/no\/\"},{\"@type\":\"ListItem\",\"position\":2,\"name\":\"Butik\",\"item\":\"https:\/\/babylove.se\/no\/butik\/\"},{\"@type\":\"ListItem\",\"position\":3,\"name\":\"Filibabba, dusty rose sengehimmel med lysslynge\"}]},{\"@type\":\"WebSite\",\"@id\":\"https:\/\/babylove.se\/no\/#website\",\"url\":\"https:\/\/babylove.se\/no\/\",\"name\":\"Babylove Norska\",\"description\":\"\",\"potentialAction\":[{\"@type\":\"SearchAction\",\"target\":{\"@type\":\"EntryPoint\",\"urlTemplate\":\"https:\/\/babylove.se\/no\/?s={search_term_string}\"},\"query-input\":{\"@type\":\"PropertyValueSpecification\",\"valueRequired\":true,\"valueName\":\"search_term_string\"}}],\"inLanguage\":\"nb-NO\"}]}<\/script>\n<meta property=\"product:brand\" content=\"Filibabba\" \/>\n<meta property=\"product:price:amount\" content=\"799.00\" \/>\n<meta property=\"product:price:currency\" content=\"SEK\" \/>\n<meta property=\"og:availability\" content=\"out of stock\" \/>\n<meta property=\"product:availability\" content=\"out of stock\" \/>\n<meta property=\"product:retailer_item_id\" content=\"FI-BSR005\" \/>\n<meta property=\"product:condition\" content=\"new\" \/>\n<!-- \/ Yoast SEO Premium plugin. -->","yoast_head_json":{"title":"Filibabba, dusty rose sengehimmel med lysslynge - Babylove Norska","description":"Gr\u00e5 s\u00e4nghimmel fr\u00e5n Filibabba > H\u00f6g kvalit\u00e9 > Skickas inom 24h > Betala med faktura. Varmt v\u00e4lkommen till Babylove!","robots":{"index":"noindex","follow":"follow","max-snippet":"max-snippet:-1","max-image-preview":"max-image-preview:large","max-video-preview":"max-video-preview:-1"},"og_locale":"nb_NO","og_type":"article","og_title":"Filibabba, dusty rose sengehimmel med lysslynge","og_description":"Gr\u00e5 s\u00e4nghimmel fr\u00e5n Filibabba > H\u00f6g kvalit\u00e9 > Skickas inom 24h > Betala med faktura. Varmt v\u00e4lkommen till Babylove!","og_url":"https:\/\/babylove.se\/no\/produkt\/filibabba-dusty-rose-sanghimmel-med-lysslynge\/","og_site_name":"Babylove Norska","article_modified_time":"2026-04-08T08:05:51+00:00","og_image":[{"width":600,"height":600,"url":"https:\/\/babylove.se\/no\/wp-content\/uploads\/sites\/3\/2025\/07\/5dc2a0eae1b7a.jpeg","type":"image\/jpeg"}],"twitter_card":"summary_large_image","twitter_misc":{"Price":"799,00&nbsp;&#107;&#114;","Availability":"Out of stock"},"schema":{"@context":"https:\/\/schema.org","@graph":[{"@type":"WebPage","@id":"https:\/\/babylove.se\/no\/produkt\/filibabba-dusty-rose-sanghimmel-med-lysslynge\/","url":"https:\/\/babylove.se\/no\/produkt\/filibabba-dusty-rose-sanghimmel-med-lysslynge\/","name":"Filibabba, dusty rose sengehimmel med lysslynge - Babylove Norska","isPartOf":{"@id":"https:\/\/babylove.se\/no\/#website"},"primaryImageOfPage":{"@id":"https:\/\/babylove.se\/no\/produkt\/filibabba-dusty-rose-sanghimmel-med-lysslynge\/#primaryimage"},"image":{"@id":"https:\/\/babylove.se\/no\/produkt\/filibabba-dusty-rose-sanghimmel-med-lysslynge\/#primaryimage"},"thumbnailUrl":"https:\/\/babylove.se\/no\/wp-content\/uploads\/sites\/3\/2025\/07\/5dc2a0eae1b7a.jpeg","datePublished":"2025-07-18T20:37:22+00:00","dateModified":"2026-04-08T08:05:51+00:00","description":"Gr\u00e5 s\u00e4nghimmel fr\u00e5n Filibabba > H\u00f6g kvalit\u00e9 > Skickas inom 24h > Betala med faktura. Varmt v\u00e4lkommen till Babylove!","breadcrumb":{"@id":"https:\/\/babylove.se\/no\/produkt\/filibabba-dusty-rose-sanghimmel-med-lysslynge\/#breadcrumb"},"inLanguage":"nb-NO","potentialAction":[{"@type":"ReadAction","target":["https:\/\/babylove.se\/no\/produkt\/filibabba-dusty-rose-sanghimmel-med-lysslynge\/"]}]},{"@type":"ImageObject","inLanguage":"nb-NO","@id":"https:\/\/babylove.se\/no\/produkt\/filibabba-dusty-rose-sanghimmel-med-lysslynge\/#primaryimage","url":"https:\/\/babylove.se\/no\/wp-content\/uploads\/sites\/3\/2025\/07\/5dc2a0eae1b7a.jpeg","contentUrl":"https:\/\/babylove.se\/no\/wp-content\/uploads\/sites\/3\/2025\/07\/5dc2a0eae1b7a.jpeg","width":600,"height":600},{"@type":"BreadcrumbList","@id":"https:\/\/babylove.se\/no\/produkt\/filibabba-dusty-rose-sanghimmel-med-lysslynge\/#breadcrumb","itemListElement":[{"@type":"ListItem","position":1,"name":"Hem","item":"https:\/\/babylove.se\/no\/"},{"@type":"ListItem","position":2,"name":"Butik","item":"https:\/\/babylove.se\/no\/butik\/"},{"@type":"ListItem","position":3,"name":"Filibabba, dusty rose sengehimmel med lysslynge"}]},{"@type":"WebSite","@id":"https:\/\/babylove.se\/no\/#website","url":"https:\/\/babylove.se\/no\/","name":"Babylove Norska","description":"","potentialAction":[{"@type":"SearchAction","target":{"@type":"EntryPoint","urlTemplate":"https:\/\/babylove.se\/no\/?s={search_term_string}"},"query-input":{"@type":"PropertyValueSpecification","valueRequired":true,"valueName":"search_term_string"}}],"inLanguage":"nb-NO"}]},"product_brand":"Filibabba","product_price_amount":"799.00","product_price_currency":"SEK","og_availability":"out of stock","product_availability":"out of stock","product_retailer_item_id":"FI-BSR005","product_condition":"new"},"_links":{"self":[{"href":"https:\/\/babylove.se\/no\/wp-json\/wp\/v2\/product\/14050","targetHints":{"allow":["GET"]}}],"collection":[{"href":"https:\/\/babylove.se\/no\/wp-json\/wp\/v2\/product"}],"about":[{"href":"https:\/\/babylove.se\/no\/wp-json\/wp\/v2\/types\/product"}],"replies":[{"embeddable":true,"href":"https:\/\/babylove.se\/no\/wp-json\/wp\/v2\/comments?post=14050"}],"wp:featuredmedia":[{"embeddable":true,"href":"https:\/\/babylove.se\/no\/wp-json\/wp\/v2\/media\/14052"}],"wp:attachment":[{"href":"https:\/\/babylove.se\/no\/wp-json\/wp\/v2\/media?parent=14050"}],"wp:term":[{"taxonomy":"product_brand","embeddable":true,"href":"https:\/\/babylove.se\/no\/wp-json\/wp\/v2\/product_brand?post=14050"},{"taxonomy":"product_cat","embeddable":true,"href":"https:\/\/babylove.se\/no\/wp-json\/wp\/v2\/product_cat?post=14050"},{"taxonomy":"product_tag","embeddable":true,"href":"https:\/\/babylove.se\/no\/wp-json\/wp\/v2\/product_tag?post=14050"}],"curies":[{"name":"wp","href":"https:\/\/api.w.org\/{rel}","templated":true}]}}