{"id":14054,"date":"2025-07-18T21:37:22","date_gmt":"2025-07-18T20:37:22","guid":{"rendered":"https:\/\/babylove.se\/produkt\/dekornik-berg-vaggdekor-till-barnrummet\/"},"modified":"2026-05-11T13:05:13","modified_gmt":"2026-05-11T12:05:13","slug":"dekornik-fjell-veggdekor-til-barnerommet","status":"publish","type":"product","link":"https:\/\/babylove.se\/no\/produkt\/dekornik-fjell-veggdekor-til-barnerommet\/","title":{"rendered":"Dekornik, Fjell veggdekor til barnerommet"},"content":{"rendered":"<p>En vakker veggdekorasjon i form av et fjell som passer perfekt p\u00e5 veggen ved siden av eller direkte bak sengen, uansett om det er en sprinkelseng eller en juniorseng s\u00e5 vil disse l\u00f8fte barneroms-innredningen din til himmelske niv\u00e5er.&nbsp;<\/p>\n<p>Veggdekoren fungerer dessuten som en griffeltavle hvor barnet kan skrive eller male noe fint.&nbsp;<\/p>\n<p><strong>M\u00e5l<\/strong>: Finnes i to st\u00f8rrelser:<\/p>\n<ul>\n<li>S &#8211; 150 cm bredde x 80 cm h\u00f8yde&nbsp;<\/li>\n<li>L- 180 cm bredde x 93 cm h\u00f8yde&nbsp;<\/li>\n<\/ul>\n<p>Selvklebende klistremerker dekket med et ekstra beskyttelse, for \u00e5 holde skitt og falming fra sollys unna. Det gj\u00f8r ogs\u00e5 at du enkelt kan t\u00f8rke av dem med en lett fuktet klut. Limet er meget sterkt og ingenting som barnet ditt vil kunne rive ned.&nbsp;<\/p>\n<p>Designer: <a href=\"https:\/\/babylove.se\/varumarken\/dekornik\"><u>Dekornik<\/u><\/a><\/p>\n<p><u>Obs! klistremerkene er ikke egnet for vegger med en grov overflate eller hvis de er malt med lateksmaling eller tapetserte.<\/u><\/p>\n","protected":false},"excerpt":{"rendered":"<p>En vakker veggdekorasjon i form av et fjell som passer perfekt p\u00e5 veggen ved siden av eller direkte bak sengen, uansett om det er en sprinkelseng eller en juniorseng s\u00e5 vil disse l\u00f8fte barneroms-innredningen din til himmelske niv\u00e5er.&nbsp; Veggdekoren fungerer dessuten som en griffeltavle hvor barnet kan skrive eller male noe fint.&nbsp; M\u00e5l: Finnes i [&hellip;]<\/p>\n","protected":false},"featured_media":14056,"comment_status":"closed","ping_status":"open","template":"","meta":{"_acf_changed":false},"product_brand":[190],"product_cat":[191,29,24],"product_tag":[1689],"class_list":{"0":"post-14054","1":"product","2":"type-product","3":"status-publish","4":"has-post-thumbnail","6":"product_brand-dekornik","7":"product_cat-dekornik","8":"product_cat-veggdekorasjoner","9":"product_cat-veggklistremerker","10":"product_tag-bestillingsvaror","11":"pa_storlek-l-180x107cm","12":"pa_storlek-s-150x83cm","14":"first","15":"instock","16":"taxable","17":"shipping-taxable","18":"purchasable","19":"product-type-variable"},"acf":[],"yoast_head":"<!-- This site is optimized with the Yoast SEO Premium plugin v25.8 (Yoast SEO v27.2) - https:\/\/yoast.com\/product\/yoast-seo-premium-wordpress\/ -->\n<title>Dekornik, Fjell veggdekor til barnerommet - Babylove Norska<\/title>\n<meta name=\"robots\" content=\"noindex, follow, max-snippet:-1, max-image-preview:large, max-video-preview:-1\" \/>\n<meta property=\"og:locale\" content=\"nb_NO\" \/>\n<meta property=\"og:type\" content=\"article\" \/>\n<meta property=\"og:title\" content=\"Dekornik, Fjell veggdekor til barnerommet\" \/>\n<meta property=\"og:description\" content=\"En vakker veggdekorasjon i form av et fjell som passer perfekt p\u00e5 veggen ved siden av eller direkte bak sengen, uansett om det er en sprinkelseng eller en juniorseng s\u00e5 vil disse l\u00f8fte barneroms-innredningen din til himmelske niv\u00e5er.&nbsp; Veggdekoren fungerer dessuten som en griffeltavle hvor barnet kan skrive eller male noe fint.&nbsp; M\u00e5l: Finnes i [&hellip;]\" \/>\n<meta property=\"og:url\" content=\"https:\/\/babylove.se\/no\/produkt\/dekornik-fjell-veggdekor-til-barnerommet\/\" \/>\n<meta property=\"og:site_name\" content=\"Babylove Norska\" \/>\n<meta property=\"article:modified_time\" content=\"2026-05-11T12:05:13+00:00\" \/>\n<meta property=\"og:image\" content=\"https:\/\/babylove.se\/no\/wp-content\/uploads\/sites\/3\/2025\/07\/5dc2ab697081f.jpeg\" \/>\n\t<meta property=\"og:image:width\" content=\"750\" \/>\n\t<meta property=\"og:image:height\" content=\"750\" \/>\n\t<meta property=\"og:image:type\" content=\"image\/jpeg\" \/>\n<meta name=\"twitter:card\" content=\"summary_large_image\" \/>\n<meta name=\"twitter:label1\" content=\"Availability\" \/>\n\t<meta name=\"twitter:data1\" content=\"In stock\" \/>\n<script type=\"application\/ld+json\" class=\"yoast-schema-graph\">{\"@context\":\"https:\/\/schema.org\",\"@graph\":[{\"@type\":\"WebPage\",\"@id\":\"https:\/\/babylove.se\/no\/produkt\/dekornik-fjell-veggdekor-til-barnerommet\/\",\"url\":\"https:\/\/babylove.se\/no\/produkt\/dekornik-fjell-veggdekor-til-barnerommet\/\",\"name\":\"Dekornik, Fjell veggdekor til barnerommet - Babylove Norska\",\"isPartOf\":{\"@id\":\"https:\/\/babylove.se\/no\/#website\"},\"primaryImageOfPage\":{\"@id\":\"https:\/\/babylove.se\/no\/produkt\/dekornik-fjell-veggdekor-til-barnerommet\/#primaryimage\"},\"image\":{\"@id\":\"https:\/\/babylove.se\/no\/produkt\/dekornik-fjell-veggdekor-til-barnerommet\/#primaryimage\"},\"thumbnailUrl\":\"https:\/\/babylove.se\/no\/wp-content\/uploads\/sites\/3\/2025\/07\/5dc2ab697081f.jpeg\",\"datePublished\":\"2025-07-18T20:37:22+00:00\",\"dateModified\":\"2026-05-11T12:05:13+00:00\",\"breadcrumb\":{\"@id\":\"https:\/\/babylove.se\/no\/produkt\/dekornik-fjell-veggdekor-til-barnerommet\/#breadcrumb\"},\"inLanguage\":\"nb-NO\",\"potentialAction\":[{\"@type\":\"ReadAction\",\"target\":[\"https:\/\/babylove.se\/no\/produkt\/dekornik-fjell-veggdekor-til-barnerommet\/\"]}]},{\"@type\":\"ImageObject\",\"inLanguage\":\"nb-NO\",\"@id\":\"https:\/\/babylove.se\/no\/produkt\/dekornik-fjell-veggdekor-til-barnerommet\/#primaryimage\",\"url\":\"https:\/\/babylove.se\/no\/wp-content\/uploads\/sites\/3\/2025\/07\/5dc2ab697081f.jpeg\",\"contentUrl\":\"https:\/\/babylove.se\/no\/wp-content\/uploads\/sites\/3\/2025\/07\/5dc2ab697081f.jpeg\",\"width\":750,\"height\":750},{\"@type\":\"BreadcrumbList\",\"@id\":\"https:\/\/babylove.se\/no\/produkt\/dekornik-fjell-veggdekor-til-barnerommet\/#breadcrumb\",\"itemListElement\":[{\"@type\":\"ListItem\",\"position\":1,\"name\":\"Hem\",\"item\":\"https:\/\/babylove.se\/no\/\"},{\"@type\":\"ListItem\",\"position\":2,\"name\":\"Butik\",\"item\":\"https:\/\/babylove.se\/no\/butik\/\"},{\"@type\":\"ListItem\",\"position\":3,\"name\":\"Dekornik, Fjell veggdekor til barnerommet\"}]},{\"@type\":\"WebSite\",\"@id\":\"https:\/\/babylove.se\/no\/#website\",\"url\":\"https:\/\/babylove.se\/no\/\",\"name\":\"Babylove Norska\",\"description\":\"\",\"potentialAction\":[{\"@type\":\"SearchAction\",\"target\":{\"@type\":\"EntryPoint\",\"urlTemplate\":\"https:\/\/babylove.se\/no\/?s={search_term_string}\"},\"query-input\":{\"@type\":\"PropertyValueSpecification\",\"valueRequired\":true,\"valueName\":\"search_term_string\"}}],\"inLanguage\":\"nb-NO\"}]}<\/script>\n<meta property=\"product:brand\" content=\"Dekornik\" \/>\n<meta property=\"og:availability\" content=\"instock\" \/>\n<meta property=\"product:availability\" content=\"instock\" \/>\n<meta property=\"product:retailer_item_id\" content=\"DEKO.N.ZAL.001_S\" \/>\n<meta property=\"product:condition\" content=\"new\" \/>\n<!-- \/ Yoast SEO Premium plugin. -->","yoast_head_json":{"title":"Dekornik, Fjell veggdekor til barnerommet - Babylove Norska","robots":{"index":"noindex","follow":"follow","max-snippet":"max-snippet:-1","max-image-preview":"max-image-preview:large","max-video-preview":"max-video-preview:-1"},"og_locale":"nb_NO","og_type":"article","og_title":"Dekornik, Fjell veggdekor til barnerommet","og_description":"En vakker veggdekorasjon i form av et fjell som passer perfekt p\u00e5 veggen ved siden av eller direkte bak sengen, uansett om det er en sprinkelseng eller en juniorseng s\u00e5 vil disse l\u00f8fte barneroms-innredningen din til himmelske niv\u00e5er.&nbsp; Veggdekoren fungerer dessuten som en griffeltavle hvor barnet kan skrive eller male noe fint.&nbsp; M\u00e5l: Finnes i [&hellip;]","og_url":"https:\/\/babylove.se\/no\/produkt\/dekornik-fjell-veggdekor-til-barnerommet\/","og_site_name":"Babylove Norska","article_modified_time":"2026-05-11T12:05:13+00:00","og_image":[{"width":750,"height":750,"url":"https:\/\/babylove.se\/no\/wp-content\/uploads\/sites\/3\/2025\/07\/5dc2ab697081f.jpeg","type":"image\/jpeg"}],"twitter_card":"summary_large_image","twitter_misc":{"Availability":"In stock"},"schema":{"@context":"https:\/\/schema.org","@graph":[{"@type":"WebPage","@id":"https:\/\/babylove.se\/no\/produkt\/dekornik-fjell-veggdekor-til-barnerommet\/","url":"https:\/\/babylove.se\/no\/produkt\/dekornik-fjell-veggdekor-til-barnerommet\/","name":"Dekornik, Fjell veggdekor til barnerommet - Babylove Norska","isPartOf":{"@id":"https:\/\/babylove.se\/no\/#website"},"primaryImageOfPage":{"@id":"https:\/\/babylove.se\/no\/produkt\/dekornik-fjell-veggdekor-til-barnerommet\/#primaryimage"},"image":{"@id":"https:\/\/babylove.se\/no\/produkt\/dekornik-fjell-veggdekor-til-barnerommet\/#primaryimage"},"thumbnailUrl":"https:\/\/babylove.se\/no\/wp-content\/uploads\/sites\/3\/2025\/07\/5dc2ab697081f.jpeg","datePublished":"2025-07-18T20:37:22+00:00","dateModified":"2026-05-11T12:05:13+00:00","breadcrumb":{"@id":"https:\/\/babylove.se\/no\/produkt\/dekornik-fjell-veggdekor-til-barnerommet\/#breadcrumb"},"inLanguage":"nb-NO","potentialAction":[{"@type":"ReadAction","target":["https:\/\/babylove.se\/no\/produkt\/dekornik-fjell-veggdekor-til-barnerommet\/"]}]},{"@type":"ImageObject","inLanguage":"nb-NO","@id":"https:\/\/babylove.se\/no\/produkt\/dekornik-fjell-veggdekor-til-barnerommet\/#primaryimage","url":"https:\/\/babylove.se\/no\/wp-content\/uploads\/sites\/3\/2025\/07\/5dc2ab697081f.jpeg","contentUrl":"https:\/\/babylove.se\/no\/wp-content\/uploads\/sites\/3\/2025\/07\/5dc2ab697081f.jpeg","width":750,"height":750},{"@type":"BreadcrumbList","@id":"https:\/\/babylove.se\/no\/produkt\/dekornik-fjell-veggdekor-til-barnerommet\/#breadcrumb","itemListElement":[{"@type":"ListItem","position":1,"name":"Hem","item":"https:\/\/babylove.se\/no\/"},{"@type":"ListItem","position":2,"name":"Butik","item":"https:\/\/babylove.se\/no\/butik\/"},{"@type":"ListItem","position":3,"name":"Dekornik, Fjell veggdekor til barnerommet"}]},{"@type":"WebSite","@id":"https:\/\/babylove.se\/no\/#website","url":"https:\/\/babylove.se\/no\/","name":"Babylove Norska","description":"","potentialAction":[{"@type":"SearchAction","target":{"@type":"EntryPoint","urlTemplate":"https:\/\/babylove.se\/no\/?s={search_term_string}"},"query-input":{"@type":"PropertyValueSpecification","valueRequired":true,"valueName":"search_term_string"}}],"inLanguage":"nb-NO"}]},"product_brand":"Dekornik","og_availability":"instock","product_availability":"instock","product_retailer_item_id":"DEKO.N.ZAL.001_S","product_condition":"new"},"_links":{"self":[{"href":"https:\/\/babylove.se\/no\/wp-json\/wp\/v2\/product\/14054","targetHints":{"allow":["GET"]}}],"collection":[{"href":"https:\/\/babylove.se\/no\/wp-json\/wp\/v2\/product"}],"about":[{"href":"https:\/\/babylove.se\/no\/wp-json\/wp\/v2\/types\/product"}],"replies":[{"embeddable":true,"href":"https:\/\/babylove.se\/no\/wp-json\/wp\/v2\/comments?post=14054"}],"wp:featuredmedia":[{"embeddable":true,"href":"https:\/\/babylove.se\/no\/wp-json\/wp\/v2\/media\/14056"}],"wp:attachment":[{"href":"https:\/\/babylove.se\/no\/wp-json\/wp\/v2\/media?parent=14054"}],"wp:term":[{"taxonomy":"product_brand","embeddable":true,"href":"https:\/\/babylove.se\/no\/wp-json\/wp\/v2\/product_brand?post=14054"},{"taxonomy":"product_cat","embeddable":true,"href":"https:\/\/babylove.se\/no\/wp-json\/wp\/v2\/product_cat?post=14054"},{"taxonomy":"product_tag","embeddable":true,"href":"https:\/\/babylove.se\/no\/wp-json\/wp\/v2\/product_tag?post=14054"}],"curies":[{"name":"wp","href":"https:\/\/api.w.org\/{rel}","templated":true}]}}