{"id":14228,"date":"2025-07-18T21:38:46","date_gmt":"2025-07-18T20:38:46","guid":{"rendered":"https:\/\/babylove.se\/produkt\/bermbach-babysang-rotting-emil\/"},"modified":"2026-04-08T09:06:48","modified_gmt":"2026-04-08T08:06:48","slug":"bermbach-babysang-rotting-emil","status":"publish","type":"product","link":"https:\/\/babylove.se\/no\/produkt\/bermbach-babysang-rotting-emil\/","title":{"rendered":"Bermbach, babyseng rotting, Emil"},"content":{"rendered":"<p>En meget vakker og fint designet babyseng, som dessuten er laget helt &nbsp;for h\u00e5nd og designet av tyske Bermbach. En luftig seng hvor barnet ikke f\u00f8ler seg innest\u0435\u043dgt, og uten at man for den delen slurver med stabiliteten. Bena av &nbsp;metall gj\u00f8r den ekstra stabil og langs ned har den sm\u00e5 sokker av tre, som beskytter gulvet.<\/p>\n<p>Bermbach arbeider med b\u00e6rekraft i alle ledd og har vunnet flere priser for b\u00e5de sitt milj\u00f8arbeid og for sine ulike design.<\/p>\n<p>Babysengen Emil passer perfekt for nyf\u00f8dte barn opp til ett \u00e5rs alder. Ikke g\u00e5 glipp av \u00e5 kj\u00f8pe til den matchende madrassen som er &nbsp;b\u00e5de \u00f8kologisk og KBA-sertifisert &nbsp;(m\u00e5l p\u00e5 madrassen 51 x 84 x 6 cm)<\/p>\n<p>M\u00e5l: 98 x 56 x 86,5 cm&nbsp;<\/p>\n<p>Alder 0-1 \u00e5r.<\/p>\n<p>Designer:<span>&nbsp;<\/span><a href=\"https:\/\/babylove.se\/varumarken\/bermbach\">Bermbach<\/a><\/p>\n","protected":false},"excerpt":{"rendered":"<p>En meget vakker og fint designet babyseng, som dessuten er laget helt &nbsp;for h\u00e5nd og designet av tyske Bermbach. En luftig seng hvor barnet ikke f\u00f8ler seg innest\u0435\u043dgt, og uten at man for den delen slurver med stabiliteten. Bena av &nbsp;metall gj\u00f8r den ekstra stabil og langs ned har den sm\u00e5 sokker av tre, som [&hellip;]<\/p>\n","protected":false},"featured_media":14230,"comment_status":"closed","ping_status":"open","template":"","meta":{"_acf_changed":false},"product_brand":[694],"product_cat":[279,695,40],"product_tag":[1689],"class_list":{"0":"post-14228","1":"product","2":"type-product","3":"status-publish","4":"has-post-thumbnail","6":"product_brand-bermbach","7":"product_cat-spjlsngar","8":"product_cat-bermbach","9":"product_cat-soverom-barn","10":"product_tag-bestillingsvaror","11":"pa_anpassande-madrass-med","12":"pa_anpassande-madrass-utan","14":"first","15":"instock","16":"taxable","17":"shipping-taxable","18":"purchasable","19":"product-type-variable"},"acf":[],"yoast_head":"<!-- This site is optimized with the Yoast SEO Premium plugin v25.8 (Yoast SEO v27.2) - https:\/\/yoast.com\/product\/yoast-seo-premium-wordpress\/ -->\n<title>Bermbach, babyseng rotting, Emil - Babylove Norska<\/title>\n<meta name=\"robots\" content=\"noindex, follow, max-snippet:-1, max-image-preview:large, max-video-preview:-1\" \/>\n<meta property=\"og:locale\" content=\"nb_NO\" \/>\n<meta property=\"og:type\" content=\"article\" \/>\n<meta property=\"og:title\" content=\"Bermbach, babyseng rotting, Emil\" \/>\n<meta property=\"og:description\" content=\"En meget vakker og fint designet babyseng, som dessuten er laget helt &nbsp;for h\u00e5nd og designet av tyske Bermbach. En luftig seng hvor barnet ikke f\u00f8ler seg innest\u0435\u043dgt, og uten at man for den delen slurver med stabiliteten. Bena av &nbsp;metall gj\u00f8r den ekstra stabil og langs ned har den sm\u00e5 sokker av tre, som [&hellip;]\" \/>\n<meta property=\"og:url\" content=\"https:\/\/babylove.se\/no\/produkt\/bermbach-babysang-rotting-emil\/\" \/>\n<meta property=\"og:site_name\" content=\"Babylove Norska\" \/>\n<meta property=\"article:modified_time\" content=\"2026-04-08T08:06:48+00:00\" \/>\n<meta property=\"og:image\" content=\"https:\/\/babylove.se\/no\/wp-content\/uploads\/sites\/3\/2025\/07\/5dded0e301ee3.jpeg\" \/>\n\t<meta property=\"og:image:width\" content=\"598\" \/>\n\t<meta property=\"og:image:height\" content=\"598\" \/>\n\t<meta property=\"og:image:type\" content=\"image\/jpeg\" \/>\n<meta name=\"twitter:card\" content=\"summary_large_image\" \/>\n<meta name=\"twitter:label1\" content=\"Availability\" \/>\n\t<meta name=\"twitter:data1\" content=\"In stock\" \/>\n<script type=\"application\/ld+json\" class=\"yoast-schema-graph\">{\"@context\":\"https:\/\/schema.org\",\"@graph\":[{\"@type\":\"WebPage\",\"@id\":\"https:\/\/babylove.se\/no\/produkt\/bermbach-babysang-rotting-emil\/\",\"url\":\"https:\/\/babylove.se\/no\/produkt\/bermbach-babysang-rotting-emil\/\",\"name\":\"Bermbach, babyseng rotting, Emil - Babylove Norska\",\"isPartOf\":{\"@id\":\"https:\/\/babylove.se\/no\/#website\"},\"primaryImageOfPage\":{\"@id\":\"https:\/\/babylove.se\/no\/produkt\/bermbach-babysang-rotting-emil\/#primaryimage\"},\"image\":{\"@id\":\"https:\/\/babylove.se\/no\/produkt\/bermbach-babysang-rotting-emil\/#primaryimage\"},\"thumbnailUrl\":\"https:\/\/babylove.se\/no\/wp-content\/uploads\/sites\/3\/2025\/07\/5dded0e301ee3.jpeg\",\"datePublished\":\"2025-07-18T20:38:46+00:00\",\"dateModified\":\"2026-04-08T08:06:48+00:00\",\"breadcrumb\":{\"@id\":\"https:\/\/babylove.se\/no\/produkt\/bermbach-babysang-rotting-emil\/#breadcrumb\"},\"inLanguage\":\"nb-NO\",\"potentialAction\":[{\"@type\":\"ReadAction\",\"target\":[\"https:\/\/babylove.se\/no\/produkt\/bermbach-babysang-rotting-emil\/\"]}]},{\"@type\":\"ImageObject\",\"inLanguage\":\"nb-NO\",\"@id\":\"https:\/\/babylove.se\/no\/produkt\/bermbach-babysang-rotting-emil\/#primaryimage\",\"url\":\"https:\/\/babylove.se\/no\/wp-content\/uploads\/sites\/3\/2025\/07\/5dded0e301ee3.jpeg\",\"contentUrl\":\"https:\/\/babylove.se\/no\/wp-content\/uploads\/sites\/3\/2025\/07\/5dded0e301ee3.jpeg\",\"width\":598,\"height\":598},{\"@type\":\"BreadcrumbList\",\"@id\":\"https:\/\/babylove.se\/no\/produkt\/bermbach-babysang-rotting-emil\/#breadcrumb\",\"itemListElement\":[{\"@type\":\"ListItem\",\"position\":1,\"name\":\"Hem\",\"item\":\"https:\/\/babylove.se\/no\/\"},{\"@type\":\"ListItem\",\"position\":2,\"name\":\"Butik\",\"item\":\"https:\/\/babylove.se\/no\/butik\/\"},{\"@type\":\"ListItem\",\"position\":3,\"name\":\"Bermbach, babyseng rotting, Emil\"}]},{\"@type\":\"WebSite\",\"@id\":\"https:\/\/babylove.se\/no\/#website\",\"url\":\"https:\/\/babylove.se\/no\/\",\"name\":\"Babylove Norska\",\"description\":\"\",\"potentialAction\":[{\"@type\":\"SearchAction\",\"target\":{\"@type\":\"EntryPoint\",\"urlTemplate\":\"https:\/\/babylove.se\/no\/?s={search_term_string}\"},\"query-input\":{\"@type\":\"PropertyValueSpecification\",\"valueRequired\":true,\"valueName\":\"search_term_string\"}}],\"inLanguage\":\"nb-NO\"}]}<\/script>\n<meta property=\"product:brand\" content=\"Bermbach\" \/>\n<meta property=\"og:availability\" content=\"instock\" \/>\n<meta property=\"product:availability\" content=\"instock\" \/>\n<meta property=\"product:retailer_item_id\" content=\"Emil-med\" \/>\n<meta property=\"product:condition\" content=\"new\" \/>\n<!-- \/ Yoast SEO Premium plugin. -->","yoast_head_json":{"title":"Bermbach, babyseng rotting, Emil - Babylove Norska","robots":{"index":"noindex","follow":"follow","max-snippet":"max-snippet:-1","max-image-preview":"max-image-preview:large","max-video-preview":"max-video-preview:-1"},"og_locale":"nb_NO","og_type":"article","og_title":"Bermbach, babyseng rotting, Emil","og_description":"En meget vakker og fint designet babyseng, som dessuten er laget helt &nbsp;for h\u00e5nd og designet av tyske Bermbach. En luftig seng hvor barnet ikke f\u00f8ler seg innest\u0435\u043dgt, og uten at man for den delen slurver med stabiliteten. Bena av &nbsp;metall gj\u00f8r den ekstra stabil og langs ned har den sm\u00e5 sokker av tre, som [&hellip;]","og_url":"https:\/\/babylove.se\/no\/produkt\/bermbach-babysang-rotting-emil\/","og_site_name":"Babylove Norska","article_modified_time":"2026-04-08T08:06:48+00:00","og_image":[{"width":598,"height":598,"url":"https:\/\/babylove.se\/no\/wp-content\/uploads\/sites\/3\/2025\/07\/5dded0e301ee3.jpeg","type":"image\/jpeg"}],"twitter_card":"summary_large_image","twitter_misc":{"Availability":"In stock"},"schema":{"@context":"https:\/\/schema.org","@graph":[{"@type":"WebPage","@id":"https:\/\/babylove.se\/no\/produkt\/bermbach-babysang-rotting-emil\/","url":"https:\/\/babylove.se\/no\/produkt\/bermbach-babysang-rotting-emil\/","name":"Bermbach, babyseng rotting, Emil - Babylove Norska","isPartOf":{"@id":"https:\/\/babylove.se\/no\/#website"},"primaryImageOfPage":{"@id":"https:\/\/babylove.se\/no\/produkt\/bermbach-babysang-rotting-emil\/#primaryimage"},"image":{"@id":"https:\/\/babylove.se\/no\/produkt\/bermbach-babysang-rotting-emil\/#primaryimage"},"thumbnailUrl":"https:\/\/babylove.se\/no\/wp-content\/uploads\/sites\/3\/2025\/07\/5dded0e301ee3.jpeg","datePublished":"2025-07-18T20:38:46+00:00","dateModified":"2026-04-08T08:06:48+00:00","breadcrumb":{"@id":"https:\/\/babylove.se\/no\/produkt\/bermbach-babysang-rotting-emil\/#breadcrumb"},"inLanguage":"nb-NO","potentialAction":[{"@type":"ReadAction","target":["https:\/\/babylove.se\/no\/produkt\/bermbach-babysang-rotting-emil\/"]}]},{"@type":"ImageObject","inLanguage":"nb-NO","@id":"https:\/\/babylove.se\/no\/produkt\/bermbach-babysang-rotting-emil\/#primaryimage","url":"https:\/\/babylove.se\/no\/wp-content\/uploads\/sites\/3\/2025\/07\/5dded0e301ee3.jpeg","contentUrl":"https:\/\/babylove.se\/no\/wp-content\/uploads\/sites\/3\/2025\/07\/5dded0e301ee3.jpeg","width":598,"height":598},{"@type":"BreadcrumbList","@id":"https:\/\/babylove.se\/no\/produkt\/bermbach-babysang-rotting-emil\/#breadcrumb","itemListElement":[{"@type":"ListItem","position":1,"name":"Hem","item":"https:\/\/babylove.se\/no\/"},{"@type":"ListItem","position":2,"name":"Butik","item":"https:\/\/babylove.se\/no\/butik\/"},{"@type":"ListItem","position":3,"name":"Bermbach, babyseng rotting, Emil"}]},{"@type":"WebSite","@id":"https:\/\/babylove.se\/no\/#website","url":"https:\/\/babylove.se\/no\/","name":"Babylove Norska","description":"","potentialAction":[{"@type":"SearchAction","target":{"@type":"EntryPoint","urlTemplate":"https:\/\/babylove.se\/no\/?s={search_term_string}"},"query-input":{"@type":"PropertyValueSpecification","valueRequired":true,"valueName":"search_term_string"}}],"inLanguage":"nb-NO"}]},"product_brand":"Bermbach","og_availability":"instock","product_availability":"instock","product_retailer_item_id":"Emil-med","product_condition":"new"},"_links":{"self":[{"href":"https:\/\/babylove.se\/no\/wp-json\/wp\/v2\/product\/14228","targetHints":{"allow":["GET"]}}],"collection":[{"href":"https:\/\/babylove.se\/no\/wp-json\/wp\/v2\/product"}],"about":[{"href":"https:\/\/babylove.se\/no\/wp-json\/wp\/v2\/types\/product"}],"replies":[{"embeddable":true,"href":"https:\/\/babylove.se\/no\/wp-json\/wp\/v2\/comments?post=14228"}],"wp:featuredmedia":[{"embeddable":true,"href":"https:\/\/babylove.se\/no\/wp-json\/wp\/v2\/media\/14230"}],"wp:attachment":[{"href":"https:\/\/babylove.se\/no\/wp-json\/wp\/v2\/media?parent=14228"}],"wp:term":[{"taxonomy":"product_brand","embeddable":true,"href":"https:\/\/babylove.se\/no\/wp-json\/wp\/v2\/product_brand?post=14228"},{"taxonomy":"product_cat","embeddable":true,"href":"https:\/\/babylove.se\/no\/wp-json\/wp\/v2\/product_cat?post=14228"},{"taxonomy":"product_tag","embeddable":true,"href":"https:\/\/babylove.se\/no\/wp-json\/wp\/v2\/product_tag?post=14228"}],"curies":[{"name":"wp","href":"https:\/\/api.w.org\/{rel}","templated":true}]}}