{"id":14265,"date":"2025-07-18T21:39:18","date_gmt":"2025-07-18T20:39:18","guid":{"rendered":"https:\/\/babylove.se\/produkt\/bermbach-barnsang-rotting-paul\/"},"modified":"2026-04-08T09:06:57","modified_gmt":"2026-04-08T08:06:57","slug":"bermbach-barneseng-rotting-paul","status":"publish","type":"product","link":"https:\/\/babylove.se\/no\/produkt\/bermbach-barneseng-rotting-paul\/","title":{"rendered":"Bermbach, barneseng rotting, Paul"},"content":{"rendered":"<p>En sv\u00e6rt vakker og fint designet barneseng, som dessuten er laget helt for h\u00e5nd &nbsp;og designet av tyske Bermbach. En luftig seng hvor barnet ikke f\u00f8ler seg innestengt, og uten \u00e5 slurve med stabiliteten. Bena av metall gj\u00f8r den ekstra stabil og nederst har den sm\u00e5 sokker av tre, som beskytter gulvet.&nbsp;<\/p>\n<p>Forsiden av senga kan tas av, n\u00e5r barnet er klart til \u00e5 krype inn og ut p\u00e5 egen h\u00e5nd. P\u00e5 denne m\u00e5ten forlenger du levetiden p\u00e5 senga, samtidig som barnet ditt har et lite krypeinn p\u00e5 barnerommet sitt. Samt ikke \u00e5 glemme, senga er et interi\u00f8rprodukt i seg selv og kommer til \u00e5 forskj\u00f8nne hjemmet ditt.&nbsp;<\/p>\n<p>Barnesenga Paul passer perfekt fra sm\u00e5barn opp til seks \u00e5rs alder. Ikke g\u00e5 glipp av \u00e5 kj\u00f8pe den matchende madrassen som er b\u00e5de \u00f8kologisk &nbsp;og KBA-sertifisert.<\/p>\n<p><strong>M\u00e5l<\/strong>:<\/p>\n<ul>\n<li>Seng: 142 x 74 x 90.8&nbsp;cm<\/li>\n<li><span>Madrass: 130 x 70 cm<\/span><\/li>\n<\/ul>\n<p>Designer: Bermbach<\/p>\n<p><em><em><em><em><em>Obs! Senga leveres umontert og b\u00f8r settes sammen i rommet den skal brukes i.<\/em><\/em><\/em><\/em><\/em><\/p>\n","protected":false},"excerpt":{"rendered":"<p>En sv\u00e6rt vakker og fint designet barneseng, som dessuten er laget helt for h\u00e5nd &nbsp;og designet av tyske Bermbach. En luftig seng hvor barnet ikke f\u00f8ler seg innestengt, og uten \u00e5 slurve med stabiliteten. Bena av metall gj\u00f8r den ekstra stabil og nederst har den sm\u00e5 sokker av tre, som beskytter gulvet.&nbsp; Forsiden av senga [&hellip;]<\/p>\n","protected":false},"featured_media":14267,"comment_status":"closed","ping_status":"open","template":"","meta":{"_acf_changed":false},"product_brand":[694],"product_cat":[279,695,269,40],"product_tag":[1689],"class_list":{"0":"post-14265","1":"product","2":"type-product","3":"status-publish","4":"has-post-thumbnail","6":"product_brand-bermbach","7":"product_cat-spjlsngar","8":"product_cat-bermbach","9":"product_cat-juniorsenger","10":"product_cat-soverom-barn","11":"product_tag-bestillingsvaror","12":"pa_anpassande-madrass-med","13":"pa_anpassande-madrass-utan","15":"first","16":"instock","17":"taxable","18":"shipping-taxable","19":"purchasable","20":"product-type-variable"},"acf":[],"yoast_head":"<!-- This site is optimized with the Yoast SEO Premium plugin v25.8 (Yoast SEO v27.2) - https:\/\/yoast.com\/product\/yoast-seo-premium-wordpress\/ -->\n<title>Bermbach, barneseng rotting, Paul - Babylove Norska<\/title>\n<meta name=\"robots\" content=\"noindex, follow, max-snippet:-1, max-image-preview:large, max-video-preview:-1\" \/>\n<meta property=\"og:locale\" content=\"nb_NO\" \/>\n<meta property=\"og:type\" content=\"article\" \/>\n<meta property=\"og:title\" content=\"Bermbach, barneseng rotting, Paul\" \/>\n<meta property=\"og:description\" content=\"En sv\u00e6rt vakker og fint designet barneseng, som dessuten er laget helt for h\u00e5nd &nbsp;og designet av tyske Bermbach. En luftig seng hvor barnet ikke f\u00f8ler seg innestengt, og uten \u00e5 slurve med stabiliteten. Bena av metall gj\u00f8r den ekstra stabil og nederst har den sm\u00e5 sokker av tre, som beskytter gulvet.&nbsp; Forsiden av senga [&hellip;]\" \/>\n<meta property=\"og:url\" content=\"https:\/\/babylove.se\/no\/produkt\/bermbach-barneseng-rotting-paul\/\" \/>\n<meta property=\"og:site_name\" content=\"Babylove Norska\" \/>\n<meta property=\"article:modified_time\" content=\"2026-04-08T08:06:57+00:00\" \/>\n<meta property=\"og:image\" content=\"https:\/\/babylove.se\/no\/wp-content\/uploads\/sites\/3\/2025\/07\/5dded3a0e2ff3.jpeg\" \/>\n\t<meta property=\"og:image:width\" content=\"598\" \/>\n\t<meta property=\"og:image:height\" content=\"598\" \/>\n\t<meta property=\"og:image:type\" content=\"image\/jpeg\" \/>\n<meta name=\"twitter:card\" content=\"summary_large_image\" \/>\n<meta name=\"twitter:label1\" content=\"Availability\" \/>\n\t<meta name=\"twitter:data1\" content=\"In stock\" \/>\n<script type=\"application\/ld+json\" class=\"yoast-schema-graph\">{\"@context\":\"https:\/\/schema.org\",\"@graph\":[{\"@type\":\"WebPage\",\"@id\":\"https:\/\/babylove.se\/no\/produkt\/bermbach-barneseng-rotting-paul\/\",\"url\":\"https:\/\/babylove.se\/no\/produkt\/bermbach-barneseng-rotting-paul\/\",\"name\":\"Bermbach, barneseng rotting, Paul - Babylove Norska\",\"isPartOf\":{\"@id\":\"https:\/\/babylove.se\/no\/#website\"},\"primaryImageOfPage\":{\"@id\":\"https:\/\/babylove.se\/no\/produkt\/bermbach-barneseng-rotting-paul\/#primaryimage\"},\"image\":{\"@id\":\"https:\/\/babylove.se\/no\/produkt\/bermbach-barneseng-rotting-paul\/#primaryimage\"},\"thumbnailUrl\":\"https:\/\/babylove.se\/no\/wp-content\/uploads\/sites\/3\/2025\/07\/5dded3a0e2ff3.jpeg\",\"datePublished\":\"2025-07-18T20:39:18+00:00\",\"dateModified\":\"2026-04-08T08:06:57+00:00\",\"breadcrumb\":{\"@id\":\"https:\/\/babylove.se\/no\/produkt\/bermbach-barneseng-rotting-paul\/#breadcrumb\"},\"inLanguage\":\"nb-NO\",\"potentialAction\":[{\"@type\":\"ReadAction\",\"target\":[\"https:\/\/babylove.se\/no\/produkt\/bermbach-barneseng-rotting-paul\/\"]}]},{\"@type\":\"ImageObject\",\"inLanguage\":\"nb-NO\",\"@id\":\"https:\/\/babylove.se\/no\/produkt\/bermbach-barneseng-rotting-paul\/#primaryimage\",\"url\":\"https:\/\/babylove.se\/no\/wp-content\/uploads\/sites\/3\/2025\/07\/5dded3a0e2ff3.jpeg\",\"contentUrl\":\"https:\/\/babylove.se\/no\/wp-content\/uploads\/sites\/3\/2025\/07\/5dded3a0e2ff3.jpeg\",\"width\":598,\"height\":598},{\"@type\":\"BreadcrumbList\",\"@id\":\"https:\/\/babylove.se\/no\/produkt\/bermbach-barneseng-rotting-paul\/#breadcrumb\",\"itemListElement\":[{\"@type\":\"ListItem\",\"position\":1,\"name\":\"Hem\",\"item\":\"https:\/\/babylove.se\/no\/\"},{\"@type\":\"ListItem\",\"position\":2,\"name\":\"Butik\",\"item\":\"https:\/\/babylove.se\/no\/butik\/\"},{\"@type\":\"ListItem\",\"position\":3,\"name\":\"Bermbach, barneseng rotting, Paul\"}]},{\"@type\":\"WebSite\",\"@id\":\"https:\/\/babylove.se\/no\/#website\",\"url\":\"https:\/\/babylove.se\/no\/\",\"name\":\"Babylove Norska\",\"description\":\"\",\"potentialAction\":[{\"@type\":\"SearchAction\",\"target\":{\"@type\":\"EntryPoint\",\"urlTemplate\":\"https:\/\/babylove.se\/no\/?s={search_term_string}\"},\"query-input\":{\"@type\":\"PropertyValueSpecification\",\"valueRequired\":true,\"valueName\":\"search_term_string\"}}],\"inLanguage\":\"nb-NO\"}]}<\/script>\n<meta property=\"product:brand\" content=\"Bermbach\" \/>\n<meta property=\"og:availability\" content=\"instock\" \/>\n<meta property=\"product:availability\" content=\"instock\" \/>\n<meta property=\"product:retailer_item_id\" content=\"Paul-med\" \/>\n<meta property=\"product:condition\" content=\"new\" \/>\n<!-- \/ Yoast SEO Premium plugin. -->","yoast_head_json":{"title":"Bermbach, barneseng rotting, Paul - Babylove Norska","robots":{"index":"noindex","follow":"follow","max-snippet":"max-snippet:-1","max-image-preview":"max-image-preview:large","max-video-preview":"max-video-preview:-1"},"og_locale":"nb_NO","og_type":"article","og_title":"Bermbach, barneseng rotting, Paul","og_description":"En sv\u00e6rt vakker og fint designet barneseng, som dessuten er laget helt for h\u00e5nd &nbsp;og designet av tyske Bermbach. En luftig seng hvor barnet ikke f\u00f8ler seg innestengt, og uten \u00e5 slurve med stabiliteten. Bena av metall gj\u00f8r den ekstra stabil og nederst har den sm\u00e5 sokker av tre, som beskytter gulvet.&nbsp; Forsiden av senga [&hellip;]","og_url":"https:\/\/babylove.se\/no\/produkt\/bermbach-barneseng-rotting-paul\/","og_site_name":"Babylove Norska","article_modified_time":"2026-04-08T08:06:57+00:00","og_image":[{"width":598,"height":598,"url":"https:\/\/babylove.se\/no\/wp-content\/uploads\/sites\/3\/2025\/07\/5dded3a0e2ff3.jpeg","type":"image\/jpeg"}],"twitter_card":"summary_large_image","twitter_misc":{"Availability":"In stock"},"schema":{"@context":"https:\/\/schema.org","@graph":[{"@type":"WebPage","@id":"https:\/\/babylove.se\/no\/produkt\/bermbach-barneseng-rotting-paul\/","url":"https:\/\/babylove.se\/no\/produkt\/bermbach-barneseng-rotting-paul\/","name":"Bermbach, barneseng rotting, Paul - Babylove Norska","isPartOf":{"@id":"https:\/\/babylove.se\/no\/#website"},"primaryImageOfPage":{"@id":"https:\/\/babylove.se\/no\/produkt\/bermbach-barneseng-rotting-paul\/#primaryimage"},"image":{"@id":"https:\/\/babylove.se\/no\/produkt\/bermbach-barneseng-rotting-paul\/#primaryimage"},"thumbnailUrl":"https:\/\/babylove.se\/no\/wp-content\/uploads\/sites\/3\/2025\/07\/5dded3a0e2ff3.jpeg","datePublished":"2025-07-18T20:39:18+00:00","dateModified":"2026-04-08T08:06:57+00:00","breadcrumb":{"@id":"https:\/\/babylove.se\/no\/produkt\/bermbach-barneseng-rotting-paul\/#breadcrumb"},"inLanguage":"nb-NO","potentialAction":[{"@type":"ReadAction","target":["https:\/\/babylove.se\/no\/produkt\/bermbach-barneseng-rotting-paul\/"]}]},{"@type":"ImageObject","inLanguage":"nb-NO","@id":"https:\/\/babylove.se\/no\/produkt\/bermbach-barneseng-rotting-paul\/#primaryimage","url":"https:\/\/babylove.se\/no\/wp-content\/uploads\/sites\/3\/2025\/07\/5dded3a0e2ff3.jpeg","contentUrl":"https:\/\/babylove.se\/no\/wp-content\/uploads\/sites\/3\/2025\/07\/5dded3a0e2ff3.jpeg","width":598,"height":598},{"@type":"BreadcrumbList","@id":"https:\/\/babylove.se\/no\/produkt\/bermbach-barneseng-rotting-paul\/#breadcrumb","itemListElement":[{"@type":"ListItem","position":1,"name":"Hem","item":"https:\/\/babylove.se\/no\/"},{"@type":"ListItem","position":2,"name":"Butik","item":"https:\/\/babylove.se\/no\/butik\/"},{"@type":"ListItem","position":3,"name":"Bermbach, barneseng rotting, Paul"}]},{"@type":"WebSite","@id":"https:\/\/babylove.se\/no\/#website","url":"https:\/\/babylove.se\/no\/","name":"Babylove Norska","description":"","potentialAction":[{"@type":"SearchAction","target":{"@type":"EntryPoint","urlTemplate":"https:\/\/babylove.se\/no\/?s={search_term_string}"},"query-input":{"@type":"PropertyValueSpecification","valueRequired":true,"valueName":"search_term_string"}}],"inLanguage":"nb-NO"}]},"product_brand":"Bermbach","og_availability":"instock","product_availability":"instock","product_retailer_item_id":"Paul-med","product_condition":"new"},"_links":{"self":[{"href":"https:\/\/babylove.se\/no\/wp-json\/wp\/v2\/product\/14265","targetHints":{"allow":["GET"]}}],"collection":[{"href":"https:\/\/babylove.se\/no\/wp-json\/wp\/v2\/product"}],"about":[{"href":"https:\/\/babylove.se\/no\/wp-json\/wp\/v2\/types\/product"}],"replies":[{"embeddable":true,"href":"https:\/\/babylove.se\/no\/wp-json\/wp\/v2\/comments?post=14265"}],"wp:featuredmedia":[{"embeddable":true,"href":"https:\/\/babylove.se\/no\/wp-json\/wp\/v2\/media\/14267"}],"wp:attachment":[{"href":"https:\/\/babylove.se\/no\/wp-json\/wp\/v2\/media?parent=14265"}],"wp:term":[{"taxonomy":"product_brand","embeddable":true,"href":"https:\/\/babylove.se\/no\/wp-json\/wp\/v2\/product_brand?post=14265"},{"taxonomy":"product_cat","embeddable":true,"href":"https:\/\/babylove.se\/no\/wp-json\/wp\/v2\/product_cat?post=14265"},{"taxonomy":"product_tag","embeddable":true,"href":"https:\/\/babylove.se\/no\/wp-json\/wp\/v2\/product_tag?post=14265"}],"curies":[{"name":"wp","href":"https:\/\/api.w.org\/{rel}","templated":true}]}}