{"id":14285,"date":"2025-07-18T21:39:18","date_gmt":"2025-07-18T20:39:18","guid":{"rendered":"https:\/\/babylove.se\/produkt\/fayne-sittpuff-till-barnrummet-mustard-katt\/"},"modified":"2026-04-08T09:07:03","modified_gmt":"2026-04-08T08:07:03","slug":"fayne-sitteputt-til-barnerommet-mustard-katt","status":"publish","type":"product","link":"https:\/\/babylove.se\/no\/produkt\/fayne-sitteputt-til-barnerommet-mustard-katt\/","title":{"rendered":"Fayne, sitteputt til barnerommet sennep katt"},"content":{"rendered":"<p>En superfin og supers\u00f8t, myk og deilig sittepuff til barnerommet. Denne sittepuffen kan brukes til mye, alt fra en ekstra sittekrakk til \u00e5 kj\u00f8re biler p\u00e5 eller som en fin dekorasjon til barnerommet.&nbsp;<\/p>\n<p>Sittepuffen er laget av et fantastisk fl\u00f8yelssammet, noe som gj\u00f8r den myk og deilig. Trekket er avtakbart s\u00e5 du kan enkelt holde sittepuffen ren og frisk!<\/p>\n<p>Passer i de fleste typer barnerom og kan f\u00f8lge med barnet ditt under oppveksten. &nbsp;H\u00e5ndlaget av n\u00f8ye utvalgte materialer, alt for ditt barns beste.<\/p>\n<p><strong>M\u00e5l:&nbsp;<\/strong>30 x 60 x 22 cm<\/p>\n<p>Materiale: 100% polyester, fyll : skum, vaskbar i opptil 30 grader&nbsp;<\/p>\n<p>Designer:<span>&nbsp;<\/span><a href=\"https:\/\/babylove.se\/varumarken\/fayne\">Fayne<\/a><\/p>\n","protected":false},"excerpt":{"rendered":"<p>En superfin og supers\u00f8t, myk og deilig sittepuff til barnerommet. Denne sittepuffen kan brukes til mye, alt fra en ekstra sittekrakk til \u00e5 kj\u00f8re biler p\u00e5 eller som en fin dekorasjon til barnerommet.&nbsp; Sittepuffen er laget av et fantastisk fl\u00f8yelssammet, noe som gj\u00f8r den myk og deilig. Trekket er avtakbart s\u00e5 du kan enkelt holde [&hellip;]<\/p>\n","protected":false},"featured_media":14287,"comment_status":"closed","ping_status":"open","template":"","meta":{"_acf_changed":false},"product_brand":[],"product_cat":[296,44],"product_tag":[],"class_list":{"0":"post-14285","1":"product","2":"type-product","3":"status-publish","4":"has-post-thumbnail","6":"product_cat-fayne","7":"product_cat-sitteputfer-saccosekker","9":"first","10":"outofstock","11":"taxable","12":"shipping-taxable","13":"purchasable","14":"product-type-simple"},"acf":[],"yoast_head":"<!-- This site is optimized with the Yoast SEO Premium plugin v25.8 (Yoast SEO v27.2) - https:\/\/yoast.com\/product\/yoast-seo-premium-wordpress\/ -->\n<title>Fayne, sitteputt til barnerommet sennep katt - Babylove Norska<\/title>\n<meta name=\"robots\" content=\"noindex, follow, max-snippet:-1, max-image-preview:large, max-video-preview:-1\" \/>\n<meta property=\"og:locale\" content=\"nb_NO\" \/>\n<meta property=\"og:type\" content=\"article\" \/>\n<meta property=\"og:title\" content=\"Fayne, sitteputt til barnerommet sennep katt\" \/>\n<meta property=\"og:description\" content=\"En superfin og supers\u00f8t, myk og deilig sittepuff til barnerommet. Denne sittepuffen kan brukes til mye, alt fra en ekstra sittekrakk til \u00e5 kj\u00f8re biler p\u00e5 eller som en fin dekorasjon til barnerommet.&nbsp; Sittepuffen er laget av et fantastisk fl\u00f8yelssammet, noe som gj\u00f8r den myk og deilig. Trekket er avtakbart s\u00e5 du kan enkelt holde [&hellip;]\" \/>\n<meta property=\"og:url\" content=\"https:\/\/babylove.se\/no\/produkt\/fayne-sitteputt-til-barnerommet-mustard-katt\/\" \/>\n<meta property=\"og:site_name\" content=\"Babylove Norska\" \/>\n<meta property=\"article:modified_time\" content=\"2026-04-08T08:07:03+00:00\" \/>\n<meta property=\"og:image\" content=\"https:\/\/babylove.se\/no\/wp-content\/uploads\/sites\/3\/2025\/07\/5de0390beb8a5.jpeg\" \/>\n\t<meta property=\"og:image:width\" content=\"500\" \/>\n\t<meta property=\"og:image:height\" content=\"500\" \/>\n\t<meta property=\"og:image:type\" content=\"image\/jpeg\" \/>\n<meta name=\"twitter:card\" content=\"summary_large_image\" \/>\n<meta name=\"twitter:label1\" content=\"Price\" \/>\n\t<meta name=\"twitter:data1\" content=\"799,00&nbsp;&#107;&#114;\" \/>\n\t<meta name=\"twitter:label2\" content=\"Availability\" \/>\n\t<meta name=\"twitter:data2\" content=\"Out of stock\" \/>\n<script type=\"application\/ld+json\" class=\"yoast-schema-graph\">{\"@context\":\"https:\/\/schema.org\",\"@graph\":[{\"@type\":\"WebPage\",\"@id\":\"https:\/\/babylove.se\/no\/produkt\/fayne-sitteputt-til-barnerommet-mustard-katt\/\",\"url\":\"https:\/\/babylove.se\/no\/produkt\/fayne-sitteputt-til-barnerommet-mustard-katt\/\",\"name\":\"Fayne, sitteputt til barnerommet sennep katt - Babylove Norska\",\"isPartOf\":{\"@id\":\"https:\/\/babylove.se\/no\/#website\"},\"primaryImageOfPage\":{\"@id\":\"https:\/\/babylove.se\/no\/produkt\/fayne-sitteputt-til-barnerommet-mustard-katt\/#primaryimage\"},\"image\":{\"@id\":\"https:\/\/babylove.se\/no\/produkt\/fayne-sitteputt-til-barnerommet-mustard-katt\/#primaryimage\"},\"thumbnailUrl\":\"https:\/\/babylove.se\/no\/wp-content\/uploads\/sites\/3\/2025\/07\/5de0390beb8a5.jpeg\",\"datePublished\":\"2025-07-18T20:39:18+00:00\",\"dateModified\":\"2026-04-08T08:07:03+00:00\",\"breadcrumb\":{\"@id\":\"https:\/\/babylove.se\/no\/produkt\/fayne-sitteputt-til-barnerommet-mustard-katt\/#breadcrumb\"},\"inLanguage\":\"nb-NO\",\"potentialAction\":[{\"@type\":\"ReadAction\",\"target\":[\"https:\/\/babylove.se\/no\/produkt\/fayne-sitteputt-til-barnerommet-mustard-katt\/\"]}]},{\"@type\":\"ImageObject\",\"inLanguage\":\"nb-NO\",\"@id\":\"https:\/\/babylove.se\/no\/produkt\/fayne-sitteputt-til-barnerommet-mustard-katt\/#primaryimage\",\"url\":\"https:\/\/babylove.se\/no\/wp-content\/uploads\/sites\/3\/2025\/07\/5de0390beb8a5.jpeg\",\"contentUrl\":\"https:\/\/babylove.se\/no\/wp-content\/uploads\/sites\/3\/2025\/07\/5de0390beb8a5.jpeg\",\"width\":500,\"height\":500},{\"@type\":\"BreadcrumbList\",\"@id\":\"https:\/\/babylove.se\/no\/produkt\/fayne-sitteputt-til-barnerommet-mustard-katt\/#breadcrumb\",\"itemListElement\":[{\"@type\":\"ListItem\",\"position\":1,\"name\":\"Hem\",\"item\":\"https:\/\/babylove.se\/no\/\"},{\"@type\":\"ListItem\",\"position\":2,\"name\":\"Butik\",\"item\":\"https:\/\/babylove.se\/no\/butik\/\"},{\"@type\":\"ListItem\",\"position\":3,\"name\":\"Fayne, sitteputt til barnerommet sennep katt\"}]},{\"@type\":\"WebSite\",\"@id\":\"https:\/\/babylove.se\/no\/#website\",\"url\":\"https:\/\/babylove.se\/no\/\",\"name\":\"Babylove Norska\",\"description\":\"\",\"potentialAction\":[{\"@type\":\"SearchAction\",\"target\":{\"@type\":\"EntryPoint\",\"urlTemplate\":\"https:\/\/babylove.se\/no\/?s={search_term_string}\"},\"query-input\":{\"@type\":\"PropertyValueSpecification\",\"valueRequired\":true,\"valueName\":\"search_term_string\"}}],\"inLanguage\":\"nb-NO\"}]}<\/script>\n<meta property=\"product:price:amount\" content=\"799.00\" \/>\n<meta property=\"product:price:currency\" content=\"SEK\" \/>\n<meta property=\"og:availability\" content=\"out of stock\" \/>\n<meta property=\"product:availability\" content=\"out of stock\" \/>\n<meta property=\"product:retailer_item_id\" content=\"2909\" \/>\n<meta property=\"product:condition\" content=\"new\" \/>\n<!-- \/ Yoast SEO Premium plugin. -->","yoast_head_json":{"title":"Fayne, sitteputt til barnerommet sennep katt - Babylove Norska","robots":{"index":"noindex","follow":"follow","max-snippet":"max-snippet:-1","max-image-preview":"max-image-preview:large","max-video-preview":"max-video-preview:-1"},"og_locale":"nb_NO","og_type":"article","og_title":"Fayne, sitteputt til barnerommet sennep katt","og_description":"En superfin og supers\u00f8t, myk og deilig sittepuff til barnerommet. Denne sittepuffen kan brukes til mye, alt fra en ekstra sittekrakk til \u00e5 kj\u00f8re biler p\u00e5 eller som en fin dekorasjon til barnerommet.&nbsp; Sittepuffen er laget av et fantastisk fl\u00f8yelssammet, noe som gj\u00f8r den myk og deilig. Trekket er avtakbart s\u00e5 du kan enkelt holde [&hellip;]","og_url":"https:\/\/babylove.se\/no\/produkt\/fayne-sitteputt-til-barnerommet-mustard-katt\/","og_site_name":"Babylove Norska","article_modified_time":"2026-04-08T08:07:03+00:00","og_image":[{"width":500,"height":500,"url":"https:\/\/babylove.se\/no\/wp-content\/uploads\/sites\/3\/2025\/07\/5de0390beb8a5.jpeg","type":"image\/jpeg"}],"twitter_card":"summary_large_image","twitter_misc":{"Price":"799,00&nbsp;&#107;&#114;","Availability":"Out of stock"},"schema":{"@context":"https:\/\/schema.org","@graph":[{"@type":"WebPage","@id":"https:\/\/babylove.se\/no\/produkt\/fayne-sitteputt-til-barnerommet-mustard-katt\/","url":"https:\/\/babylove.se\/no\/produkt\/fayne-sitteputt-til-barnerommet-mustard-katt\/","name":"Fayne, sitteputt til barnerommet sennep katt - Babylove Norska","isPartOf":{"@id":"https:\/\/babylove.se\/no\/#website"},"primaryImageOfPage":{"@id":"https:\/\/babylove.se\/no\/produkt\/fayne-sitteputt-til-barnerommet-mustard-katt\/#primaryimage"},"image":{"@id":"https:\/\/babylove.se\/no\/produkt\/fayne-sitteputt-til-barnerommet-mustard-katt\/#primaryimage"},"thumbnailUrl":"https:\/\/babylove.se\/no\/wp-content\/uploads\/sites\/3\/2025\/07\/5de0390beb8a5.jpeg","datePublished":"2025-07-18T20:39:18+00:00","dateModified":"2026-04-08T08:07:03+00:00","breadcrumb":{"@id":"https:\/\/babylove.se\/no\/produkt\/fayne-sitteputt-til-barnerommet-mustard-katt\/#breadcrumb"},"inLanguage":"nb-NO","potentialAction":[{"@type":"ReadAction","target":["https:\/\/babylove.se\/no\/produkt\/fayne-sitteputt-til-barnerommet-mustard-katt\/"]}]},{"@type":"ImageObject","inLanguage":"nb-NO","@id":"https:\/\/babylove.se\/no\/produkt\/fayne-sitteputt-til-barnerommet-mustard-katt\/#primaryimage","url":"https:\/\/babylove.se\/no\/wp-content\/uploads\/sites\/3\/2025\/07\/5de0390beb8a5.jpeg","contentUrl":"https:\/\/babylove.se\/no\/wp-content\/uploads\/sites\/3\/2025\/07\/5de0390beb8a5.jpeg","width":500,"height":500},{"@type":"BreadcrumbList","@id":"https:\/\/babylove.se\/no\/produkt\/fayne-sitteputt-til-barnerommet-mustard-katt\/#breadcrumb","itemListElement":[{"@type":"ListItem","position":1,"name":"Hem","item":"https:\/\/babylove.se\/no\/"},{"@type":"ListItem","position":2,"name":"Butik","item":"https:\/\/babylove.se\/no\/butik\/"},{"@type":"ListItem","position":3,"name":"Fayne, sitteputt til barnerommet sennep katt"}]},{"@type":"WebSite","@id":"https:\/\/babylove.se\/no\/#website","url":"https:\/\/babylove.se\/no\/","name":"Babylove Norska","description":"","potentialAction":[{"@type":"SearchAction","target":{"@type":"EntryPoint","urlTemplate":"https:\/\/babylove.se\/no\/?s={search_term_string}"},"query-input":{"@type":"PropertyValueSpecification","valueRequired":true,"valueName":"search_term_string"}}],"inLanguage":"nb-NO"}]},"product_price_amount":"799.00","product_price_currency":"SEK","og_availability":"out of stock","product_availability":"out of stock","product_retailer_item_id":"2909","product_condition":"new"},"_links":{"self":[{"href":"https:\/\/babylove.se\/no\/wp-json\/wp\/v2\/product\/14285","targetHints":{"allow":["GET"]}}],"collection":[{"href":"https:\/\/babylove.se\/no\/wp-json\/wp\/v2\/product"}],"about":[{"href":"https:\/\/babylove.se\/no\/wp-json\/wp\/v2\/types\/product"}],"replies":[{"embeddable":true,"href":"https:\/\/babylove.se\/no\/wp-json\/wp\/v2\/comments?post=14285"}],"wp:featuredmedia":[{"embeddable":true,"href":"https:\/\/babylove.se\/no\/wp-json\/wp\/v2\/media\/14287"}],"wp:attachment":[{"href":"https:\/\/babylove.se\/no\/wp-json\/wp\/v2\/media?parent=14285"}],"wp:term":[{"taxonomy":"product_brand","embeddable":true,"href":"https:\/\/babylove.se\/no\/wp-json\/wp\/v2\/product_brand?post=14285"},{"taxonomy":"product_cat","embeddable":true,"href":"https:\/\/babylove.se\/no\/wp-json\/wp\/v2\/product_cat?post=14285"},{"taxonomy":"product_tag","embeddable":true,"href":"https:\/\/babylove.se\/no\/wp-json\/wp\/v2\/product_tag?post=14285"}],"curies":[{"name":"wp","href":"https:\/\/api.w.org\/{rel}","templated":true}]}}