{"id":14339,"date":"2025-07-18T21:39:39","date_gmt":"2025-07-18T20:39:39","guid":{"rendered":"https:\/\/babylove.se\/produkt\/hussang-mila-mbp\/"},"modified":"2026-04-08T09:07:32","modified_gmt":"2026-04-08T08:07:32","slug":"hussang-mila-mbp","status":"publish","type":"product","link":"https:\/\/babylove.se\/no\/produkt\/hussang-mila-mbp\/","title":{"rendered":"Husseng Mila MBP"},"content":{"rendered":"<p>Mila MBP er en koselig husseng med st\u00f8ttebrett, som gir en omsluttende f\u00f8lelse. \\n \\nAlle v\u00e5re Mila senger er h\u00e5ndlaget med stor lidenskap, av h\u00f8ykvalitets, sertifisert furutre. \\n \\nDenne sengen er perfekt n\u00e5r det er tid \u00e5 ta steget opp fra sprinkelseng. \\n \\n<strong>Tilvalg:<\/strong> \\n<\/p>\n<ul> \\n \\t<\/p>\n<li>Ekstra ben: 10 cm eller 20 cm.<\/li>\n<p> \\n \\t<\/p>\n<li>Farge: velg mellom natur, hvit, gr\u00e5, antrasitt, rosa, olivengr\u00f8nn og bl\u00e5.<\/li>\n<p> \\n<\/ul>\n<p> \\n<strong>Info:<\/strong> \\n<\/p>\n<ul> \\n \\t<\/p>\n<li>Ribbbunn inng\u00e5r.<\/li>\n<p> \\n \\t<\/p>\n<li>Madrass inng\u00e5r ikke, men ta gjerne en titt i v\u00e5rt store madrassutvalg. Vi anbefaler en skummadrass med tykkelse p\u00e5 ca 10-12 cm.<\/li>\n<p> \\n \\t<\/p>\n<li>Maks belastning: 90 kg.<\/li>\n<p> \\n \\t<\/p>\n<li>P\u00e5 bildene synes standardben som er ca 5 cm.<\/li>\n<p> \\n \\t<\/p>\n<li>H\u00f8yden til der taket begynner: 84,5 cm .<\/li>\n<p> \\n<\/ul>\n<p> \\n<strong>M\u00e5l:<\/strong> \\n<\/p>\n<ul> \\n \\t<\/p>\n<li>Finnes i forskjellige st\u00f8rrelser. M\u00e5lene til venstre i listen gjelder sengm\u00e5l. M\u00e5lene innenfor parenteser (H\u00f8yde*Bredde*Lengde) gjelder den totale st\u00f8rrelsen p\u00e5 sengen.<\/li>\n<p> \\n<\/ul>\n<p> \\nSengene kommer fra v\u00e5r fabrikk i Europa som har h\u00f8ye kvalitetskrav og kontrollerer hvert steg fra t\u00f8mmeret kommer inn i fabrikken til et ferdig produkt forlater. \\n \\n<em><em><em>Sengen leveres umontert og b\u00f8r settes sammen i rommet den skal brukes i.<\/em><\/em><\/em> \\n \\n<em>For senger i farge er leveringstiden to uker lengre enn den oppgitte informasjonen.<\/em><\/p>\n","protected":false},"excerpt":{"rendered":"<p>Mila MBP er en koselig husseng med st\u00f8ttebrett, som gir en omsluttende f\u00f8lelse. \\n \\nAlle v\u00e5re Mila senger er h\u00e5ndlaget med stor lidenskap, av h\u00f8ykvalitets, sertifisert furutre. \\n \\nDenne sengen er perfekt n\u00e5r det er tid \u00e5 ta steget opp fra sprinkelseng. \\n \\nTilvalg: \\n \\n \\t Ekstra ben: 10 cm eller 20 cm. \\n [&hellip;]<\/p>\n","protected":false},"featured_media":14341,"comment_status":"open","ping_status":"closed","template":"","meta":{"_acf_changed":false},"product_brand":[384],"product_cat":[386,399,217,40],"product_tag":[1689],"class_list":{"0":"post-14339","1":"product","2":"type-product","3":"status-publish","4":"has-post-thumbnail","6":"product_brand-adeko","7":"product_cat-ad","8":"product_cat-store-familiesenger-og-barnesenger","9":"product_cat-sengesanger","10":"product_cat-soverom-barn","11":"product_tag-bestillingsvaror","12":"pa_farg-antracit","13":"pa_farg-bla","14":"pa_farg-gra","15":"pa_farg-natur","16":"pa_farg-olivgron","17":"pa_farg-rosa","18":"pa_farg-vit","19":"pa_forvaringslada-extra-sang-med","20":"pa_forvaringslada-extra-sang-utan","21":"pa_storlek-100x180-h138-b106-l189","22":"pa_storlek-100x190-h138-b106-l199","23":"pa_storlek-100x200-h138-b106-l209","24":"pa_storlek-120x180-h148-b126-l189","25":"pa_storlek-120x190-h148-b126-l199","26":"pa_storlek-120x200-h148-b126-l209","27":"pa_storlek-135x190-h158-b141-l199","28":"pa_storlek-140x190-h158-b146-l199","29":"pa_storlek-140x200-h158-b146-l209","30":"pa_storlek-70x140-h123-b76-l149","31":"pa_storlek-70x160-h123-b76-l169","32":"pa_storlek-80x140-h128-b86-l149","33":"pa_storlek-80x160-h128-b86-l169","34":"pa_storlek-80x180-h128-b86-l189","35":"pa_storlek-80x190-h128-b86-l199","36":"pa_storlek-80x200-h128-b86-l209","37":"pa_storlek-90x140-h133-b96-l149","38":"pa_storlek-90x160-h133-b96-l169","39":"pa_storlek-90x180-h133-b96-l189","40":"pa_storlek-90x190-h133-b96-l199","41":"pa_storlek-90x200-h133-b96-l209","43":"first","44":"instock","45":"taxable","46":"shipping-taxable","47":"purchasable","48":"product-type-variable"},"acf":[],"yoast_head":"<!-- This site is optimized with the Yoast SEO Premium plugin v25.8 (Yoast SEO v27.2) - https:\/\/yoast.com\/product\/yoast-seo-premium-wordpress\/ -->\n<title>Huss\u00e4ng Mila MB - FRI FRAKT<\/title>\n<meta name=\"description\" content=\"En underbart fin huss\u00e4ng till barnrummet med en vacker tr\u00e4ram och fint tak. Klarna faktura &amp; Hemleverans, K\u00f6p den h\u00e4r !\" \/>\n<meta name=\"robots\" content=\"noindex, follow, max-snippet:-1, max-image-preview:large, max-video-preview:-1\" \/>\n<meta property=\"og:locale\" content=\"nb_NO\" \/>\n<meta property=\"og:type\" content=\"article\" \/>\n<meta property=\"og:title\" content=\"Husseng Mila MBP\" \/>\n<meta property=\"og:description\" content=\"En underbart fin huss\u00e4ng till barnrummet med en vacker tr\u00e4ram och fint tak. Klarna faktura &amp; Hemleverans, K\u00f6p den h\u00e4r !\" \/>\n<meta property=\"og:url\" content=\"https:\/\/babylove.se\/no\/produkt\/hussang-mila-mbp\/\" \/>\n<meta property=\"og:site_name\" content=\"Babylove Norska\" \/>\n<meta property=\"article:modified_time\" content=\"2026-04-08T08:07:32+00:00\" \/>\n<meta property=\"og:image\" content=\"https:\/\/babylove.se\/no\/wp-content\/uploads\/sites\/3\/2025\/07\/5df941d1c6f05.jpeg\" \/>\n\t<meta property=\"og:image:width\" content=\"750\" \/>\n\t<meta property=\"og:image:height\" content=\"750\" \/>\n\t<meta property=\"og:image:type\" content=\"image\/jpeg\" \/>\n<meta name=\"twitter:card\" content=\"summary_large_image\" \/>\n<meta name=\"twitter:label1\" content=\"Availability\" \/>\n\t<meta name=\"twitter:data1\" content=\"In stock\" \/>\n<script type=\"application\/ld+json\" class=\"yoast-schema-graph\">{\"@context\":\"https:\/\/schema.org\",\"@graph\":[{\"@type\":\"WebPage\",\"@id\":\"https:\/\/babylove.se\/no\/produkt\/hussang-mila-mbp\/\",\"url\":\"https:\/\/babylove.se\/no\/produkt\/hussang-mila-mbp\/\",\"name\":\"Huss\u00e4ng Mila MB - FRI FRAKT\",\"isPartOf\":{\"@id\":\"https:\/\/babylove.se\/no\/#website\"},\"primaryImageOfPage\":{\"@id\":\"https:\/\/babylove.se\/no\/produkt\/hussang-mila-mbp\/#primaryimage\"},\"image\":{\"@id\":\"https:\/\/babylove.se\/no\/produkt\/hussang-mila-mbp\/#primaryimage\"},\"thumbnailUrl\":\"https:\/\/babylove.se\/no\/wp-content\/uploads\/sites\/3\/2025\/07\/5df941d1c6f05.jpeg\",\"datePublished\":\"2025-07-18T20:39:39+00:00\",\"dateModified\":\"2026-04-08T08:07:32+00:00\",\"description\":\"En underbart fin huss\u00e4ng till barnrummet med en vacker tr\u00e4ram och fint tak. Klarna faktura & Hemleverans, K\u00f6p den h\u00e4r !\",\"breadcrumb\":{\"@id\":\"https:\/\/babylove.se\/no\/produkt\/hussang-mila-mbp\/#breadcrumb\"},\"inLanguage\":\"nb-NO\",\"potentialAction\":[{\"@type\":\"ReadAction\",\"target\":[\"https:\/\/babylove.se\/no\/produkt\/hussang-mila-mbp\/\"]}]},{\"@type\":\"ImageObject\",\"inLanguage\":\"nb-NO\",\"@id\":\"https:\/\/babylove.se\/no\/produkt\/hussang-mila-mbp\/#primaryimage\",\"url\":\"https:\/\/babylove.se\/no\/wp-content\/uploads\/sites\/3\/2025\/07\/5df941d1c6f05.jpeg\",\"contentUrl\":\"https:\/\/babylove.se\/no\/wp-content\/uploads\/sites\/3\/2025\/07\/5df941d1c6f05.jpeg\",\"width\":750,\"height\":750},{\"@type\":\"BreadcrumbList\",\"@id\":\"https:\/\/babylove.se\/no\/produkt\/hussang-mila-mbp\/#breadcrumb\",\"itemListElement\":[{\"@type\":\"ListItem\",\"position\":1,\"name\":\"Hem\",\"item\":\"https:\/\/babylove.se\/no\/\"},{\"@type\":\"ListItem\",\"position\":2,\"name\":\"Butik\",\"item\":\"https:\/\/babylove.se\/no\/butik\/\"},{\"@type\":\"ListItem\",\"position\":3,\"name\":\"Husseng Mila MBP\"}]},{\"@type\":\"WebSite\",\"@id\":\"https:\/\/babylove.se\/no\/#website\",\"url\":\"https:\/\/babylove.se\/no\/\",\"name\":\"Babylove Norska\",\"description\":\"\",\"potentialAction\":[{\"@type\":\"SearchAction\",\"target\":{\"@type\":\"EntryPoint\",\"urlTemplate\":\"https:\/\/babylove.se\/no\/?s={search_term_string}\"},\"query-input\":{\"@type\":\"PropertyValueSpecification\",\"valueRequired\":true,\"valueName\":\"search_term_string\"}}],\"inLanguage\":\"nb-NO\"}]}<\/script>\n<meta property=\"product:brand\" content=\"Adeko\" \/>\n<meta property=\"og:availability\" content=\"instock\" \/>\n<meta property=\"product:availability\" content=\"instock\" \/>\n<meta property=\"product:retailer_item_id\" content=\"Mila MBP-70x140-utan-natur\" \/>\n<meta property=\"product:condition\" content=\"new\" \/>\n<!-- \/ Yoast SEO Premium plugin. -->","yoast_head_json":{"title":"Huss\u00e4ng Mila MB - FRI FRAKT","description":"En underbart fin huss\u00e4ng till barnrummet med en vacker tr\u00e4ram och fint tak. Klarna faktura & Hemleverans, K\u00f6p den h\u00e4r !","robots":{"index":"noindex","follow":"follow","max-snippet":"max-snippet:-1","max-image-preview":"max-image-preview:large","max-video-preview":"max-video-preview:-1"},"og_locale":"nb_NO","og_type":"article","og_title":"Husseng Mila MBP","og_description":"En underbart fin huss\u00e4ng till barnrummet med en vacker tr\u00e4ram och fint tak. Klarna faktura & Hemleverans, K\u00f6p den h\u00e4r !","og_url":"https:\/\/babylove.se\/no\/produkt\/hussang-mila-mbp\/","og_site_name":"Babylove Norska","article_modified_time":"2026-04-08T08:07:32+00:00","og_image":[{"width":750,"height":750,"url":"https:\/\/babylove.se\/no\/wp-content\/uploads\/sites\/3\/2025\/07\/5df941d1c6f05.jpeg","type":"image\/jpeg"}],"twitter_card":"summary_large_image","twitter_misc":{"Availability":"In stock"},"schema":{"@context":"https:\/\/schema.org","@graph":[{"@type":"WebPage","@id":"https:\/\/babylove.se\/no\/produkt\/hussang-mila-mbp\/","url":"https:\/\/babylove.se\/no\/produkt\/hussang-mila-mbp\/","name":"Huss\u00e4ng Mila MB - FRI FRAKT","isPartOf":{"@id":"https:\/\/babylove.se\/no\/#website"},"primaryImageOfPage":{"@id":"https:\/\/babylove.se\/no\/produkt\/hussang-mila-mbp\/#primaryimage"},"image":{"@id":"https:\/\/babylove.se\/no\/produkt\/hussang-mila-mbp\/#primaryimage"},"thumbnailUrl":"https:\/\/babylove.se\/no\/wp-content\/uploads\/sites\/3\/2025\/07\/5df941d1c6f05.jpeg","datePublished":"2025-07-18T20:39:39+00:00","dateModified":"2026-04-08T08:07:32+00:00","description":"En underbart fin huss\u00e4ng till barnrummet med en vacker tr\u00e4ram och fint tak. Klarna faktura & Hemleverans, K\u00f6p den h\u00e4r !","breadcrumb":{"@id":"https:\/\/babylove.se\/no\/produkt\/hussang-mila-mbp\/#breadcrumb"},"inLanguage":"nb-NO","potentialAction":[{"@type":"ReadAction","target":["https:\/\/babylove.se\/no\/produkt\/hussang-mila-mbp\/"]}]},{"@type":"ImageObject","inLanguage":"nb-NO","@id":"https:\/\/babylove.se\/no\/produkt\/hussang-mila-mbp\/#primaryimage","url":"https:\/\/babylove.se\/no\/wp-content\/uploads\/sites\/3\/2025\/07\/5df941d1c6f05.jpeg","contentUrl":"https:\/\/babylove.se\/no\/wp-content\/uploads\/sites\/3\/2025\/07\/5df941d1c6f05.jpeg","width":750,"height":750},{"@type":"BreadcrumbList","@id":"https:\/\/babylove.se\/no\/produkt\/hussang-mila-mbp\/#breadcrumb","itemListElement":[{"@type":"ListItem","position":1,"name":"Hem","item":"https:\/\/babylove.se\/no\/"},{"@type":"ListItem","position":2,"name":"Butik","item":"https:\/\/babylove.se\/no\/butik\/"},{"@type":"ListItem","position":3,"name":"Husseng Mila MBP"}]},{"@type":"WebSite","@id":"https:\/\/babylove.se\/no\/#website","url":"https:\/\/babylove.se\/no\/","name":"Babylove Norska","description":"","potentialAction":[{"@type":"SearchAction","target":{"@type":"EntryPoint","urlTemplate":"https:\/\/babylove.se\/no\/?s={search_term_string}"},"query-input":{"@type":"PropertyValueSpecification","valueRequired":true,"valueName":"search_term_string"}}],"inLanguage":"nb-NO"}]},"product_brand":"Adeko","og_availability":"instock","product_availability":"instock","product_retailer_item_id":"Mila MBP-70x140-utan-natur","product_condition":"new"},"_links":{"self":[{"href":"https:\/\/babylove.se\/no\/wp-json\/wp\/v2\/product\/14339","targetHints":{"allow":["GET"]}}],"collection":[{"href":"https:\/\/babylove.se\/no\/wp-json\/wp\/v2\/product"}],"about":[{"href":"https:\/\/babylove.se\/no\/wp-json\/wp\/v2\/types\/product"}],"replies":[{"embeddable":true,"href":"https:\/\/babylove.se\/no\/wp-json\/wp\/v2\/comments?post=14339"}],"wp:featuredmedia":[{"embeddable":true,"href":"https:\/\/babylove.se\/no\/wp-json\/wp\/v2\/media\/14341"}],"wp:attachment":[{"href":"https:\/\/babylove.se\/no\/wp-json\/wp\/v2\/media?parent=14339"}],"wp:term":[{"taxonomy":"product_brand","embeddable":true,"href":"https:\/\/babylove.se\/no\/wp-json\/wp\/v2\/product_brand?post=14339"},{"taxonomy":"product_cat","embeddable":true,"href":"https:\/\/babylove.se\/no\/wp-json\/wp\/v2\/product_cat?post=14339"},{"taxonomy":"product_tag","embeddable":true,"href":"https:\/\/babylove.se\/no\/wp-json\/wp\/v2\/product_tag?post=14339"}],"curies":[{"name":"wp","href":"https:\/\/api.w.org\/{rel}","templated":true}]}}