{"id":1444,"date":"2025-07-18T20:01:53","date_gmt":"2025-07-18T19:01:53","guid":{"rendered":"https:\/\/babylove.se\/produkt\/personlig-vagghangare-batman-med-namn\/"},"modified":"2026-04-08T07:41:59","modified_gmt":"2026-04-08T06:41:59","slug":"personlig-vegghengende-batman-med-navn","status":"publish","type":"product","link":"https:\/\/babylove.se\/no\/produkt\/personlig-vegghengende-batman-med-navn\/","title":{"rendered":"Personlig vegghengende i metall til barnerommet, batman med navn"},"content":{"rendered":"<p>Gi barnet ditt en personlig veggknagger i form av Batman! Denne unike veggknaggeren med barnets navn p\u00e5 vil ikke bare gj\u00f8re barnet ditt stolt, men ogs\u00e5 hjelpe dere praktisk.&nbsp;<\/p>\n<p>Heng sekken eller favorittgenseren p\u00e5 en av de tre krokene. Produktet er helt laget i st\u00e5l.<\/p>\n<p><strong>M\u00e5l<\/strong>: 50 x 22 cm&nbsp;<\/p>\n<p>Dette produktet lages kun ved bestilling og derfor blir leveringstiden ca 10 dager.&nbsp;<\/p>\n<p>Skriv barnets navn i en kommentar i kassen.&nbsp;<\/p>\n","protected":false},"excerpt":{"rendered":"<p>Gi barnet ditt en personlig veggknagger i form av Batman! Denne unike veggknaggeren med barnets navn p\u00e5 vil ikke bare gj\u00f8re barnet ditt stolt, men ogs\u00e5 hjelpe dere praktisk.&nbsp; Heng sekken eller favorittgenseren p\u00e5 en av de tre krokene. Produktet er helt laget i st\u00e5l. M\u00e5l: 50 x 22 cm&nbsp; Dette produktet lages kun ved [&hellip;]<\/p>\n","protected":false},"featured_media":1446,"comment_status":"closed","ping_status":"open","template":"","meta":{"_acf_changed":false},"product_brand":[97],"product_cat":[70,94],"product_tag":[],"class_list":{"0":"post-1444","1":"product","2":"type-product","3":"status-publish","4":"has-post-thumbnail","6":"product_brand-metallove","7":"product_cat-gaver","8":"product_cat-vegghengeere","10":"first","11":"outofstock","12":"taxable","13":"shipping-taxable","14":"purchasable","15":"product-type-simple"},"acf":[],"yoast_head":"<!-- This site is optimized with the Yoast SEO Premium plugin v25.8 (Yoast SEO v27.2) - https:\/\/yoast.com\/product\/yoast-seo-premium-wordpress\/ -->\n<title>K\u00f6p Batman-v\u00e4ggh\u00e4ngare till barnrummet<\/title>\n<meta name=\"description\" content=\"Ge ditt barn en personlig v\u00e4ggh\u00e4ngare i form av Batman! Denna unika v\u00e4ggh\u00e4ngare med ditt barns namn kommer m\u00f6tas av gl\u00e4de * Smidig frakt * H\u00f6g kvalitet\" \/>\n<meta name=\"robots\" content=\"noindex, follow, max-snippet:-1, max-image-preview:large, max-video-preview:-1\" \/>\n<meta property=\"og:locale\" content=\"nb_NO\" \/>\n<meta property=\"og:type\" content=\"article\" \/>\n<meta property=\"og:title\" content=\"Personlig vegghengende i metall til barnerommet, batman med navn\" \/>\n<meta property=\"og:description\" content=\"Ge ditt barn en personlig v\u00e4ggh\u00e4ngare i form av Batman! Denna unika v\u00e4ggh\u00e4ngare med ditt barns namn kommer m\u00f6tas av gl\u00e4de * Smidig frakt * H\u00f6g kvalitet\" \/>\n<meta property=\"og:url\" content=\"https:\/\/babylove.se\/no\/produkt\/personlig-vegghengende-batman-med-navn\/\" \/>\n<meta property=\"og:site_name\" content=\"Babylove Norska\" \/>\n<meta property=\"article:modified_time\" content=\"2026-04-08T06:41:59+00:00\" \/>\n<meta property=\"og:image\" content=\"https:\/\/babylove.se\/no\/wp-content\/uploads\/sites\/3\/2025\/07\/577187536f07b.jpeg\" \/>\n\t<meta property=\"og:image:width\" content=\"750\" \/>\n\t<meta property=\"og:image:height\" content=\"500\" \/>\n\t<meta property=\"og:image:type\" content=\"image\/jpeg\" \/>\n<meta name=\"twitter:card\" content=\"summary_large_image\" \/>\n<meta name=\"twitter:label1\" content=\"Price\" \/>\n\t<meta name=\"twitter:data1\" content=\"599,00&nbsp;&#107;&#114;\" \/>\n\t<meta name=\"twitter:label2\" content=\"Availability\" \/>\n\t<meta name=\"twitter:data2\" content=\"Out of stock\" \/>\n<script type=\"application\/ld+json\" class=\"yoast-schema-graph\">{\"@context\":\"https:\/\/schema.org\",\"@graph\":[{\"@type\":\"WebPage\",\"@id\":\"https:\/\/babylove.se\/no\/produkt\/personlig-vegghengende-batman-med-navn\/\",\"url\":\"https:\/\/babylove.se\/no\/produkt\/personlig-vegghengende-batman-med-navn\/\",\"name\":\"K\u00f6p Batman-v\u00e4ggh\u00e4ngare till barnrummet\",\"isPartOf\":{\"@id\":\"https:\/\/babylove.se\/no\/#website\"},\"primaryImageOfPage\":{\"@id\":\"https:\/\/babylove.se\/no\/produkt\/personlig-vegghengende-batman-med-navn\/#primaryimage\"},\"image\":{\"@id\":\"https:\/\/babylove.se\/no\/produkt\/personlig-vegghengende-batman-med-navn\/#primaryimage\"},\"thumbnailUrl\":\"https:\/\/babylove.se\/no\/wp-content\/uploads\/sites\/3\/2025\/07\/577187536f07b.jpeg\",\"datePublished\":\"2025-07-18T19:01:53+00:00\",\"dateModified\":\"2026-04-08T06:41:59+00:00\",\"description\":\"Ge ditt barn en personlig v\u00e4ggh\u00e4ngare i form av Batman! Denna unika v\u00e4ggh\u00e4ngare med ditt barns namn kommer m\u00f6tas av gl\u00e4de * Smidig frakt * H\u00f6g kvalitet\",\"breadcrumb\":{\"@id\":\"https:\/\/babylove.se\/no\/produkt\/personlig-vegghengende-batman-med-navn\/#breadcrumb\"},\"inLanguage\":\"nb-NO\",\"potentialAction\":[{\"@type\":\"ReadAction\",\"target\":[\"https:\/\/babylove.se\/no\/produkt\/personlig-vegghengende-batman-med-navn\/\"]}]},{\"@type\":\"ImageObject\",\"inLanguage\":\"nb-NO\",\"@id\":\"https:\/\/babylove.se\/no\/produkt\/personlig-vegghengende-batman-med-navn\/#primaryimage\",\"url\":\"https:\/\/babylove.se\/no\/wp-content\/uploads\/sites\/3\/2025\/07\/577187536f07b.jpeg\",\"contentUrl\":\"https:\/\/babylove.se\/no\/wp-content\/uploads\/sites\/3\/2025\/07\/577187536f07b.jpeg\",\"width\":750,\"height\":500},{\"@type\":\"BreadcrumbList\",\"@id\":\"https:\/\/babylove.se\/no\/produkt\/personlig-vegghengende-batman-med-navn\/#breadcrumb\",\"itemListElement\":[{\"@type\":\"ListItem\",\"position\":1,\"name\":\"Hem\",\"item\":\"https:\/\/babylove.se\/no\/\"},{\"@type\":\"ListItem\",\"position\":2,\"name\":\"Butik\",\"item\":\"https:\/\/babylove.se\/no\/butik\/\"},{\"@type\":\"ListItem\",\"position\":3,\"name\":\"Personlig vegghengende i metall til barnerommet, batman med navn\"}]},{\"@type\":\"WebSite\",\"@id\":\"https:\/\/babylove.se\/no\/#website\",\"url\":\"https:\/\/babylove.se\/no\/\",\"name\":\"Babylove Norska\",\"description\":\"\",\"potentialAction\":[{\"@type\":\"SearchAction\",\"target\":{\"@type\":\"EntryPoint\",\"urlTemplate\":\"https:\/\/babylove.se\/no\/?s={search_term_string}\"},\"query-input\":{\"@type\":\"PropertyValueSpecification\",\"valueRequired\":true,\"valueName\":\"search_term_string\"}}],\"inLanguage\":\"nb-NO\"}]}<\/script>\n<meta property=\"product:brand\" content=\"Metallove\" \/>\n<meta property=\"product:price:amount\" content=\"599.00\" \/>\n<meta property=\"product:price:currency\" content=\"SEK\" \/>\n<meta property=\"og:availability\" content=\"out of stock\" \/>\n<meta property=\"product:availability\" content=\"out of stock\" \/>\n<meta property=\"product:retailer_item_id\" content=\"ML0014\" \/>\n<meta property=\"product:condition\" content=\"new\" \/>\n<!-- \/ Yoast SEO Premium plugin. -->","yoast_head_json":{"title":"K\u00f6p Batman-v\u00e4ggh\u00e4ngare till barnrummet","description":"Ge ditt barn en personlig v\u00e4ggh\u00e4ngare i form av Batman! Denna unika v\u00e4ggh\u00e4ngare med ditt barns namn kommer m\u00f6tas av gl\u00e4de * Smidig frakt * H\u00f6g kvalitet","robots":{"index":"noindex","follow":"follow","max-snippet":"max-snippet:-1","max-image-preview":"max-image-preview:large","max-video-preview":"max-video-preview:-1"},"og_locale":"nb_NO","og_type":"article","og_title":"Personlig vegghengende i metall til barnerommet, batman med navn","og_description":"Ge ditt barn en personlig v\u00e4ggh\u00e4ngare i form av Batman! Denna unika v\u00e4ggh\u00e4ngare med ditt barns namn kommer m\u00f6tas av gl\u00e4de * Smidig frakt * H\u00f6g kvalitet","og_url":"https:\/\/babylove.se\/no\/produkt\/personlig-vegghengende-batman-med-navn\/","og_site_name":"Babylove Norska","article_modified_time":"2026-04-08T06:41:59+00:00","og_image":[{"width":750,"height":500,"url":"https:\/\/babylove.se\/no\/wp-content\/uploads\/sites\/3\/2025\/07\/577187536f07b.jpeg","type":"image\/jpeg"}],"twitter_card":"summary_large_image","twitter_misc":{"Price":"599,00&nbsp;&#107;&#114;","Availability":"Out of stock"},"schema":{"@context":"https:\/\/schema.org","@graph":[{"@type":"WebPage","@id":"https:\/\/babylove.se\/no\/produkt\/personlig-vegghengende-batman-med-navn\/","url":"https:\/\/babylove.se\/no\/produkt\/personlig-vegghengende-batman-med-navn\/","name":"K\u00f6p Batman-v\u00e4ggh\u00e4ngare till barnrummet","isPartOf":{"@id":"https:\/\/babylove.se\/no\/#website"},"primaryImageOfPage":{"@id":"https:\/\/babylove.se\/no\/produkt\/personlig-vegghengende-batman-med-navn\/#primaryimage"},"image":{"@id":"https:\/\/babylove.se\/no\/produkt\/personlig-vegghengende-batman-med-navn\/#primaryimage"},"thumbnailUrl":"https:\/\/babylove.se\/no\/wp-content\/uploads\/sites\/3\/2025\/07\/577187536f07b.jpeg","datePublished":"2025-07-18T19:01:53+00:00","dateModified":"2026-04-08T06:41:59+00:00","description":"Ge ditt barn en personlig v\u00e4ggh\u00e4ngare i form av Batman! Denna unika v\u00e4ggh\u00e4ngare med ditt barns namn kommer m\u00f6tas av gl\u00e4de * Smidig frakt * H\u00f6g kvalitet","breadcrumb":{"@id":"https:\/\/babylove.se\/no\/produkt\/personlig-vegghengende-batman-med-navn\/#breadcrumb"},"inLanguage":"nb-NO","potentialAction":[{"@type":"ReadAction","target":["https:\/\/babylove.se\/no\/produkt\/personlig-vegghengende-batman-med-navn\/"]}]},{"@type":"ImageObject","inLanguage":"nb-NO","@id":"https:\/\/babylove.se\/no\/produkt\/personlig-vegghengende-batman-med-navn\/#primaryimage","url":"https:\/\/babylove.se\/no\/wp-content\/uploads\/sites\/3\/2025\/07\/577187536f07b.jpeg","contentUrl":"https:\/\/babylove.se\/no\/wp-content\/uploads\/sites\/3\/2025\/07\/577187536f07b.jpeg","width":750,"height":500},{"@type":"BreadcrumbList","@id":"https:\/\/babylove.se\/no\/produkt\/personlig-vegghengende-batman-med-navn\/#breadcrumb","itemListElement":[{"@type":"ListItem","position":1,"name":"Hem","item":"https:\/\/babylove.se\/no\/"},{"@type":"ListItem","position":2,"name":"Butik","item":"https:\/\/babylove.se\/no\/butik\/"},{"@type":"ListItem","position":3,"name":"Personlig vegghengende i metall til barnerommet, batman med navn"}]},{"@type":"WebSite","@id":"https:\/\/babylove.se\/no\/#website","url":"https:\/\/babylove.se\/no\/","name":"Babylove Norska","description":"","potentialAction":[{"@type":"SearchAction","target":{"@type":"EntryPoint","urlTemplate":"https:\/\/babylove.se\/no\/?s={search_term_string}"},"query-input":{"@type":"PropertyValueSpecification","valueRequired":true,"valueName":"search_term_string"}}],"inLanguage":"nb-NO"}]},"product_brand":"Metallove","product_price_amount":"599.00","product_price_currency":"SEK","og_availability":"out of stock","product_availability":"out of stock","product_retailer_item_id":"ML0014","product_condition":"new"},"_links":{"self":[{"href":"https:\/\/babylove.se\/no\/wp-json\/wp\/v2\/product\/1444","targetHints":{"allow":["GET"]}}],"collection":[{"href":"https:\/\/babylove.se\/no\/wp-json\/wp\/v2\/product"}],"about":[{"href":"https:\/\/babylove.se\/no\/wp-json\/wp\/v2\/types\/product"}],"replies":[{"embeddable":true,"href":"https:\/\/babylove.se\/no\/wp-json\/wp\/v2\/comments?post=1444"}],"wp:featuredmedia":[{"embeddable":true,"href":"https:\/\/babylove.se\/no\/wp-json\/wp\/v2\/media\/1446"}],"wp:attachment":[{"href":"https:\/\/babylove.se\/no\/wp-json\/wp\/v2\/media?parent=1444"}],"wp:term":[{"taxonomy":"product_brand","embeddable":true,"href":"https:\/\/babylove.se\/no\/wp-json\/wp\/v2\/product_brand?post=1444"},{"taxonomy":"product_cat","embeddable":true,"href":"https:\/\/babylove.se\/no\/wp-json\/wp\/v2\/product_cat?post=1444"},{"taxonomy":"product_tag","embeddable":true,"href":"https:\/\/babylove.se\/no\/wp-json\/wp\/v2\/product_tag?post=1444"}],"curies":[{"name":"wp","href":"https:\/\/api.w.org\/{rel}","templated":true}]}}