{"id":1469,"date":"2025-07-18T20:02:15","date_gmt":"2025-07-18T19:02:15","guid":{"rendered":"https:\/\/babylove.se\/produkt\/sked-gaffel-set-done-by-deer-happy-dots-bla\/"},"modified":"2026-04-08T07:42:14","modified_gmt":"2026-04-08T06:42:14","slug":"skje-gaffel-sett-laget-av-hjort-glade-prikker-bla","status":"publish","type":"product","link":"https:\/\/babylove.se\/no\/produkt\/skje-gaffel-sett-laget-av-hjort-glade-prikker-bla\/","title":{"rendered":"Skje &#038; Gaffel sett, Done by deer, happy dots bl\u00e5"},"content":{"rendered":"<p>Praktiske <strong>bestikk&nbsp;<\/strong>fulle av &#8220;happy dots&#8221; og perfekte hjelpemidler for \u00e5 l\u00e6re barnet \u00e5 spise selv.&nbsp;<\/p>\n<p><strong>Bestikket&nbsp;<\/strong>er b\u00e5de trygt for <strong>barnets&nbsp;<\/strong>fingre og t\u00e5ler vask i oppvaskmaskin.&nbsp;<\/p>\n<p><strong>Materiale<\/strong>: Rustfritt st\u00e5l med ABS h\u00e5ndtak. Ikke bruk i mikrob\u00f8lgeovn.&nbsp;<\/p>\n<p><strong>St\u00f8rrelse<\/strong>: 14 cm.<\/p>\n<p><span style=\"font-size: 11px;\">Designer: Done by deer<\/span><\/p>\n","protected":false},"excerpt":{"rendered":"<p>Praktiske bestikk&nbsp;fulle av &#8220;happy dots&#8221; og perfekte hjelpemidler for \u00e5 l\u00e6re barnet \u00e5 spise selv.&nbsp; Bestikket&nbsp;er b\u00e5de trygt for barnets&nbsp;fingre og t\u00e5ler vask i oppvaskmaskin.&nbsp; Materiale: Rustfritt st\u00e5l med ABS h\u00e5ndtak. Ikke bruk i mikrob\u00f8lgeovn.&nbsp; St\u00f8rrelse: 14 cm. Designer: Done by deer<\/p>\n","protected":false},"featured_media":1471,"comment_status":"closed","ping_status":"open","template":"","meta":{"_acf_changed":false},"product_brand":[54],"product_cat":[55,91],"product_tag":[1689],"class_list":{"0":"post-1469","1":"product","2":"type-product","3":"status-publish","4":"has-post-thumbnail","6":"product_brand-done-by-deer","7":"product_cat-done-by-deer","8":"product_cat-servering","9":"product_tag-bestillingsvaror","11":"first","12":"outofstock","13":"taxable","14":"shipping-taxable","15":"purchasable","16":"product-type-simple"},"acf":[],"yoast_head":"<!-- This site is optimized with the Yoast SEO Premium plugin v25.8 (Yoast SEO v27.2) - https:\/\/yoast.com\/product\/yoast-seo-premium-wordpress\/ -->\n<title>Skje &amp; Gaffel sett, Done by deer, happy dots bl\u00e5 - Babylove Norska<\/title>\n<meta name=\"robots\" content=\"noindex, follow, max-snippet:-1, max-image-preview:large, max-video-preview:-1\" \/>\n<meta property=\"og:locale\" content=\"nb_NO\" \/>\n<meta property=\"og:type\" content=\"article\" \/>\n<meta property=\"og:title\" content=\"Skje &amp; Gaffel sett, Done by deer, happy dots bl\u00e5\" \/>\n<meta property=\"og:description\" content=\"Praktiske bestikk&nbsp;fulle av &#8220;happy dots&#8221; og perfekte hjelpemidler for \u00e5 l\u00e6re barnet \u00e5 spise selv.&nbsp; Bestikket&nbsp;er b\u00e5de trygt for barnets&nbsp;fingre og t\u00e5ler vask i oppvaskmaskin.&nbsp; Materiale: Rustfritt st\u00e5l med ABS h\u00e5ndtak. Ikke bruk i mikrob\u00f8lgeovn.&nbsp; St\u00f8rrelse: 14 cm. Designer: Done by deer\" \/>\n<meta property=\"og:url\" content=\"https:\/\/babylove.se\/no\/produkt\/skje-gaffel-sett-laget-av-hjort-glade-prikker-bla\/\" \/>\n<meta property=\"og:site_name\" content=\"Babylove Norska\" \/>\n<meta property=\"article:modified_time\" content=\"2026-04-08T06:42:14+00:00\" \/>\n<meta property=\"og:image\" content=\"https:\/\/babylove.se\/no\/wp-content\/uploads\/sites\/3\/2025\/07\/577274ce6019f.jpeg\" \/>\n\t<meta property=\"og:image:width\" content=\"750\" \/>\n\t<meta property=\"og:image:height\" content=\"750\" \/>\n\t<meta property=\"og:image:type\" content=\"image\/jpeg\" \/>\n<meta name=\"twitter:card\" content=\"summary_large_image\" \/>\n<meta name=\"twitter:label1\" content=\"Price\" \/>\n\t<meta name=\"twitter:data1\" content=\"59,00&nbsp;&#107;&#114;\" \/>\n\t<meta name=\"twitter:label2\" content=\"Availability\" \/>\n\t<meta name=\"twitter:data2\" content=\"Out of stock\" \/>\n<script type=\"application\/ld+json\" class=\"yoast-schema-graph\">{\"@context\":\"https:\/\/schema.org\",\"@graph\":[{\"@type\":\"WebPage\",\"@id\":\"https:\/\/babylove.se\/no\/produkt\/skje-gaffel-sett-laget-av-hjort-glade-prikker-bla\/\",\"url\":\"https:\/\/babylove.se\/no\/produkt\/skje-gaffel-sett-laget-av-hjort-glade-prikker-bla\/\",\"name\":\"Skje & Gaffel sett, Done by deer, happy dots bl\u00e5 - Babylove Norska\",\"isPartOf\":{\"@id\":\"https:\/\/babylove.se\/no\/#website\"},\"primaryImageOfPage\":{\"@id\":\"https:\/\/babylove.se\/no\/produkt\/skje-gaffel-sett-laget-av-hjort-glade-prikker-bla\/#primaryimage\"},\"image\":{\"@id\":\"https:\/\/babylove.se\/no\/produkt\/skje-gaffel-sett-laget-av-hjort-glade-prikker-bla\/#primaryimage\"},\"thumbnailUrl\":\"https:\/\/babylove.se\/no\/wp-content\/uploads\/sites\/3\/2025\/07\/577274ce6019f.jpeg\",\"datePublished\":\"2025-07-18T19:02:15+00:00\",\"dateModified\":\"2026-04-08T06:42:14+00:00\",\"breadcrumb\":{\"@id\":\"https:\/\/babylove.se\/no\/produkt\/skje-gaffel-sett-laget-av-hjort-glade-prikker-bla\/#breadcrumb\"},\"inLanguage\":\"nb-NO\",\"potentialAction\":[{\"@type\":\"ReadAction\",\"target\":[\"https:\/\/babylove.se\/no\/produkt\/skje-gaffel-sett-laget-av-hjort-glade-prikker-bla\/\"]}]},{\"@type\":\"ImageObject\",\"inLanguage\":\"nb-NO\",\"@id\":\"https:\/\/babylove.se\/no\/produkt\/skje-gaffel-sett-laget-av-hjort-glade-prikker-bla\/#primaryimage\",\"url\":\"https:\/\/babylove.se\/no\/wp-content\/uploads\/sites\/3\/2025\/07\/577274ce6019f.jpeg\",\"contentUrl\":\"https:\/\/babylove.se\/no\/wp-content\/uploads\/sites\/3\/2025\/07\/577274ce6019f.jpeg\",\"width\":750,\"height\":750},{\"@type\":\"BreadcrumbList\",\"@id\":\"https:\/\/babylove.se\/no\/produkt\/skje-gaffel-sett-laget-av-hjort-glade-prikker-bla\/#breadcrumb\",\"itemListElement\":[{\"@type\":\"ListItem\",\"position\":1,\"name\":\"Hem\",\"item\":\"https:\/\/babylove.se\/no\/\"},{\"@type\":\"ListItem\",\"position\":2,\"name\":\"Butik\",\"item\":\"https:\/\/babylove.se\/no\/butik\/\"},{\"@type\":\"ListItem\",\"position\":3,\"name\":\"Skje &#038; Gaffel sett, Done by deer, happy dots bl\u00e5\"}]},{\"@type\":\"WebSite\",\"@id\":\"https:\/\/babylove.se\/no\/#website\",\"url\":\"https:\/\/babylove.se\/no\/\",\"name\":\"Babylove Norska\",\"description\":\"\",\"potentialAction\":[{\"@type\":\"SearchAction\",\"target\":{\"@type\":\"EntryPoint\",\"urlTemplate\":\"https:\/\/babylove.se\/no\/?s={search_term_string}\"},\"query-input\":{\"@type\":\"PropertyValueSpecification\",\"valueRequired\":true,\"valueName\":\"search_term_string\"}}],\"inLanguage\":\"nb-NO\"}]}<\/script>\n<meta property=\"product:brand\" content=\"Done by Deer\" \/>\n<meta property=\"product:price:amount\" content=\"59.00\" \/>\n<meta property=\"product:price:currency\" content=\"SEK\" \/>\n<meta property=\"og:availability\" content=\"out of stock\" \/>\n<meta property=\"product:availability\" content=\"out of stock\" \/>\n<meta property=\"product:retailer_item_id\" content=\"DD0020\" \/>\n<meta property=\"product:condition\" content=\"new\" \/>\n<!-- \/ Yoast SEO Premium plugin. -->","yoast_head_json":{"title":"Skje & Gaffel sett, Done by deer, happy dots bl\u00e5 - Babylove Norska","robots":{"index":"noindex","follow":"follow","max-snippet":"max-snippet:-1","max-image-preview":"max-image-preview:large","max-video-preview":"max-video-preview:-1"},"og_locale":"nb_NO","og_type":"article","og_title":"Skje & Gaffel sett, Done by deer, happy dots bl\u00e5","og_description":"Praktiske bestikk&nbsp;fulle av &#8220;happy dots&#8221; og perfekte hjelpemidler for \u00e5 l\u00e6re barnet \u00e5 spise selv.&nbsp; Bestikket&nbsp;er b\u00e5de trygt for barnets&nbsp;fingre og t\u00e5ler vask i oppvaskmaskin.&nbsp; Materiale: Rustfritt st\u00e5l med ABS h\u00e5ndtak. Ikke bruk i mikrob\u00f8lgeovn.&nbsp; St\u00f8rrelse: 14 cm. Designer: Done by deer","og_url":"https:\/\/babylove.se\/no\/produkt\/skje-gaffel-sett-laget-av-hjort-glade-prikker-bla\/","og_site_name":"Babylove Norska","article_modified_time":"2026-04-08T06:42:14+00:00","og_image":[{"width":750,"height":750,"url":"https:\/\/babylove.se\/no\/wp-content\/uploads\/sites\/3\/2025\/07\/577274ce6019f.jpeg","type":"image\/jpeg"}],"twitter_card":"summary_large_image","twitter_misc":{"Price":"59,00&nbsp;&#107;&#114;","Availability":"Out of stock"},"schema":{"@context":"https:\/\/schema.org","@graph":[{"@type":"WebPage","@id":"https:\/\/babylove.se\/no\/produkt\/skje-gaffel-sett-laget-av-hjort-glade-prikker-bla\/","url":"https:\/\/babylove.se\/no\/produkt\/skje-gaffel-sett-laget-av-hjort-glade-prikker-bla\/","name":"Skje & Gaffel sett, Done by deer, happy dots bl\u00e5 - Babylove Norska","isPartOf":{"@id":"https:\/\/babylove.se\/no\/#website"},"primaryImageOfPage":{"@id":"https:\/\/babylove.se\/no\/produkt\/skje-gaffel-sett-laget-av-hjort-glade-prikker-bla\/#primaryimage"},"image":{"@id":"https:\/\/babylove.se\/no\/produkt\/skje-gaffel-sett-laget-av-hjort-glade-prikker-bla\/#primaryimage"},"thumbnailUrl":"https:\/\/babylove.se\/no\/wp-content\/uploads\/sites\/3\/2025\/07\/577274ce6019f.jpeg","datePublished":"2025-07-18T19:02:15+00:00","dateModified":"2026-04-08T06:42:14+00:00","breadcrumb":{"@id":"https:\/\/babylove.se\/no\/produkt\/skje-gaffel-sett-laget-av-hjort-glade-prikker-bla\/#breadcrumb"},"inLanguage":"nb-NO","potentialAction":[{"@type":"ReadAction","target":["https:\/\/babylove.se\/no\/produkt\/skje-gaffel-sett-laget-av-hjort-glade-prikker-bla\/"]}]},{"@type":"ImageObject","inLanguage":"nb-NO","@id":"https:\/\/babylove.se\/no\/produkt\/skje-gaffel-sett-laget-av-hjort-glade-prikker-bla\/#primaryimage","url":"https:\/\/babylove.se\/no\/wp-content\/uploads\/sites\/3\/2025\/07\/577274ce6019f.jpeg","contentUrl":"https:\/\/babylove.se\/no\/wp-content\/uploads\/sites\/3\/2025\/07\/577274ce6019f.jpeg","width":750,"height":750},{"@type":"BreadcrumbList","@id":"https:\/\/babylove.se\/no\/produkt\/skje-gaffel-sett-laget-av-hjort-glade-prikker-bla\/#breadcrumb","itemListElement":[{"@type":"ListItem","position":1,"name":"Hem","item":"https:\/\/babylove.se\/no\/"},{"@type":"ListItem","position":2,"name":"Butik","item":"https:\/\/babylove.se\/no\/butik\/"},{"@type":"ListItem","position":3,"name":"Skje &#038; Gaffel sett, Done by deer, happy dots bl\u00e5"}]},{"@type":"WebSite","@id":"https:\/\/babylove.se\/no\/#website","url":"https:\/\/babylove.se\/no\/","name":"Babylove Norska","description":"","potentialAction":[{"@type":"SearchAction","target":{"@type":"EntryPoint","urlTemplate":"https:\/\/babylove.se\/no\/?s={search_term_string}"},"query-input":{"@type":"PropertyValueSpecification","valueRequired":true,"valueName":"search_term_string"}}],"inLanguage":"nb-NO"}]},"product_brand":"Done by Deer","product_price_amount":"59.00","product_price_currency":"SEK","og_availability":"out of stock","product_availability":"out of stock","product_retailer_item_id":"DD0020","product_condition":"new"},"_links":{"self":[{"href":"https:\/\/babylove.se\/no\/wp-json\/wp\/v2\/product\/1469","targetHints":{"allow":["GET"]}}],"collection":[{"href":"https:\/\/babylove.se\/no\/wp-json\/wp\/v2\/product"}],"about":[{"href":"https:\/\/babylove.se\/no\/wp-json\/wp\/v2\/types\/product"}],"replies":[{"embeddable":true,"href":"https:\/\/babylove.se\/no\/wp-json\/wp\/v2\/comments?post=1469"}],"wp:featuredmedia":[{"embeddable":true,"href":"https:\/\/babylove.se\/no\/wp-json\/wp\/v2\/media\/1471"}],"wp:attachment":[{"href":"https:\/\/babylove.se\/no\/wp-json\/wp\/v2\/media?parent=1469"}],"wp:term":[{"taxonomy":"product_brand","embeddable":true,"href":"https:\/\/babylove.se\/no\/wp-json\/wp\/v2\/product_brand?post=1469"},{"taxonomy":"product_cat","embeddable":true,"href":"https:\/\/babylove.se\/no\/wp-json\/wp\/v2\/product_cat?post=1469"},{"taxonomy":"product_tag","embeddable":true,"href":"https:\/\/babylove.se\/no\/wp-json\/wp\/v2\/product_tag?post=1469"}],"curies":[{"name":"wp","href":"https:\/\/api.w.org\/{rel}","templated":true}]}}