{"id":1476,"date":"2025-07-18T20:02:15","date_gmt":"2025-07-18T19:02:15","guid":{"rendered":"https:\/\/babylove.se\/produkt\/pipmugg-med-2-handtag-done-by-deer-happy-dots-bla\/"},"modified":"2026-04-08T07:42:19","modified_gmt":"2026-04-08T06:42:19","slug":"pipmugg-med-2-handtak-done-by-deer-happy-dots-bla","status":"publish","type":"product","link":"https:\/\/babylove.se\/no\/produkt\/pipmugg-med-2-handtak-done-by-deer-happy-dots-bla\/","title":{"rendered":"Pipmugg med 2 h\u00e5ndtak, Done by Deer"},"content":{"rendered":"<p>Denne <strong>pipkoppen&nbsp;<\/strong>med to h\u00e5ndtak er det perfekte hjelpemidlet for \u00e5 trene barnet p\u00e5 de f\u00f8rste slurkene vann. Ingen kommer til \u00e5 gr\u00e5te over spilt melk i denne funksjonelle <strong>pipkoppen<\/strong>.&nbsp;<\/p>\n<p><strong>Materiale<\/strong>: 100 % melamin, uten formaldehyd. T\u00e5ler oppvaskmaskin, men skal ikke brukes i mikrob\u00f8lgeovn.&nbsp;<\/p>\n<p><strong>St\u00f8rrelse<\/strong>: \u00d8 8&#215;6,5 cm. Volum: 170 ml<\/p>\n<p><span style=\"font-size: 11px;\">Designer: Done by deer<\/span><\/p>\n","protected":false},"excerpt":{"rendered":"<p>Denne pipkoppen&nbsp;med to h\u00e5ndtak er det perfekte hjelpemidlet for \u00e5 trene barnet p\u00e5 de f\u00f8rste slurkene vann. Ingen kommer til \u00e5 gr\u00e5te over spilt melk i denne funksjonelle pipkoppen.&nbsp; Materiale: 100 % melamin, uten formaldehyd. T\u00e5ler oppvaskmaskin, men skal ikke brukes i mikrob\u00f8lgeovn.&nbsp; St\u00f8rrelse: \u00d8 8&#215;6,5 cm. Volum: 170 ml Designer: Done by deer<\/p>\n","protected":false},"featured_media":1478,"comment_status":"closed","ping_status":"open","template":"","meta":{"_acf_changed":false},"product_brand":[54],"product_cat":[55,91],"product_tag":[1689],"class_list":{"0":"post-1476","1":"product","2":"type-product","3":"status-publish","4":"has-post-thumbnail","6":"product_brand-done-by-deer","7":"product_cat-done-by-deer","8":"product_cat-servering","9":"product_tag-bestillingsvaror","11":"first","12":"outofstock","13":"taxable","14":"shipping-taxable","15":"purchasable","16":"product-type-simple"},"acf":[],"yoast_head":"<!-- This site is optimized with the Yoast SEO Premium plugin v25.8 (Yoast SEO v27.2) - https:\/\/yoast.com\/product\/yoast-seo-premium-wordpress\/ -->\n<title>Pipmugg med 2 h\u00e5ndtak, Done by Deer - Babylove Norska<\/title>\n<meta name=\"robots\" content=\"noindex, follow, max-snippet:-1, max-image-preview:large, max-video-preview:-1\" \/>\n<meta property=\"og:locale\" content=\"nb_NO\" \/>\n<meta property=\"og:type\" content=\"article\" \/>\n<meta property=\"og:title\" content=\"Pipmugg med 2 h\u00e5ndtak, Done by Deer\" \/>\n<meta property=\"og:description\" content=\"Denne pipkoppen&nbsp;med to h\u00e5ndtak er det perfekte hjelpemidlet for \u00e5 trene barnet p\u00e5 de f\u00f8rste slurkene vann. Ingen kommer til \u00e5 gr\u00e5te over spilt melk i denne funksjonelle pipkoppen.&nbsp; Materiale: 100 % melamin, uten formaldehyd. T\u00e5ler oppvaskmaskin, men skal ikke brukes i mikrob\u00f8lgeovn.&nbsp; St\u00f8rrelse: \u00d8 8&#215;6,5 cm. Volum: 170 ml Designer: Done by deer\" \/>\n<meta property=\"og:url\" content=\"https:\/\/babylove.se\/no\/produkt\/pipmugg-med-2-handtak-done-by-deer-happy-dots-bla\/\" \/>\n<meta property=\"og:site_name\" content=\"Babylove Norska\" \/>\n<meta property=\"article:modified_time\" content=\"2026-04-08T06:42:19+00:00\" \/>\n<meta property=\"og:image\" content=\"https:\/\/babylove.se\/no\/wp-content\/uploads\/sites\/3\/2025\/07\/577275a76cf59.jpeg\" \/>\n\t<meta property=\"og:image:width\" content=\"750\" \/>\n\t<meta property=\"og:image:height\" content=\"750\" \/>\n\t<meta property=\"og:image:type\" content=\"image\/jpeg\" \/>\n<meta name=\"twitter:card\" content=\"summary_large_image\" \/>\n<meta name=\"twitter:label1\" content=\"Price\" \/>\n\t<meta name=\"twitter:data1\" content=\"39,00&nbsp;&#107;&#114;\" \/>\n\t<meta name=\"twitter:label2\" content=\"Availability\" \/>\n\t<meta name=\"twitter:data2\" content=\"Out of stock\" \/>\n<script type=\"application\/ld+json\" class=\"yoast-schema-graph\">{\"@context\":\"https:\/\/schema.org\",\"@graph\":[{\"@type\":\"WebPage\",\"@id\":\"https:\/\/babylove.se\/no\/produkt\/pipmugg-med-2-handtak-done-by-deer-happy-dots-bla\/\",\"url\":\"https:\/\/babylove.se\/no\/produkt\/pipmugg-med-2-handtak-done-by-deer-happy-dots-bla\/\",\"name\":\"Pipmugg med 2 h\u00e5ndtak, Done by Deer - Babylove Norska\",\"isPartOf\":{\"@id\":\"https:\/\/babylove.se\/no\/#website\"},\"primaryImageOfPage\":{\"@id\":\"https:\/\/babylove.se\/no\/produkt\/pipmugg-med-2-handtak-done-by-deer-happy-dots-bla\/#primaryimage\"},\"image\":{\"@id\":\"https:\/\/babylove.se\/no\/produkt\/pipmugg-med-2-handtak-done-by-deer-happy-dots-bla\/#primaryimage\"},\"thumbnailUrl\":\"https:\/\/babylove.se\/no\/wp-content\/uploads\/sites\/3\/2025\/07\/577275a76cf59.jpeg\",\"datePublished\":\"2025-07-18T19:02:15+00:00\",\"dateModified\":\"2026-04-08T06:42:19+00:00\",\"breadcrumb\":{\"@id\":\"https:\/\/babylove.se\/no\/produkt\/pipmugg-med-2-handtak-done-by-deer-happy-dots-bla\/#breadcrumb\"},\"inLanguage\":\"nb-NO\",\"potentialAction\":[{\"@type\":\"ReadAction\",\"target\":[\"https:\/\/babylove.se\/no\/produkt\/pipmugg-med-2-handtak-done-by-deer-happy-dots-bla\/\"]}]},{\"@type\":\"ImageObject\",\"inLanguage\":\"nb-NO\",\"@id\":\"https:\/\/babylove.se\/no\/produkt\/pipmugg-med-2-handtak-done-by-deer-happy-dots-bla\/#primaryimage\",\"url\":\"https:\/\/babylove.se\/no\/wp-content\/uploads\/sites\/3\/2025\/07\/577275a76cf59.jpeg\",\"contentUrl\":\"https:\/\/babylove.se\/no\/wp-content\/uploads\/sites\/3\/2025\/07\/577275a76cf59.jpeg\",\"width\":750,\"height\":750},{\"@type\":\"BreadcrumbList\",\"@id\":\"https:\/\/babylove.se\/no\/produkt\/pipmugg-med-2-handtak-done-by-deer-happy-dots-bla\/#breadcrumb\",\"itemListElement\":[{\"@type\":\"ListItem\",\"position\":1,\"name\":\"Hem\",\"item\":\"https:\/\/babylove.se\/no\/\"},{\"@type\":\"ListItem\",\"position\":2,\"name\":\"Butik\",\"item\":\"https:\/\/babylove.se\/no\/butik\/\"},{\"@type\":\"ListItem\",\"position\":3,\"name\":\"Pipmugg med 2 h\u00e5ndtak, Done by Deer\"}]},{\"@type\":\"WebSite\",\"@id\":\"https:\/\/babylove.se\/no\/#website\",\"url\":\"https:\/\/babylove.se\/no\/\",\"name\":\"Babylove Norska\",\"description\":\"\",\"potentialAction\":[{\"@type\":\"SearchAction\",\"target\":{\"@type\":\"EntryPoint\",\"urlTemplate\":\"https:\/\/babylove.se\/no\/?s={search_term_string}\"},\"query-input\":{\"@type\":\"PropertyValueSpecification\",\"valueRequired\":true,\"valueName\":\"search_term_string\"}}],\"inLanguage\":\"nb-NO\"}]}<\/script>\n<meta property=\"product:brand\" content=\"Done by Deer\" \/>\n<meta property=\"product:price:amount\" content=\"39.00\" \/>\n<meta property=\"product:price:currency\" content=\"SEK\" \/>\n<meta property=\"og:availability\" content=\"out of stock\" \/>\n<meta property=\"product:availability\" content=\"out of stock\" \/>\n<meta property=\"product:retailer_item_id\" content=\"DD0017\" \/>\n<meta property=\"product:condition\" content=\"new\" \/>\n<!-- \/ Yoast SEO Premium plugin. -->","yoast_head_json":{"title":"Pipmugg med 2 h\u00e5ndtak, Done by Deer - Babylove Norska","robots":{"index":"noindex","follow":"follow","max-snippet":"max-snippet:-1","max-image-preview":"max-image-preview:large","max-video-preview":"max-video-preview:-1"},"og_locale":"nb_NO","og_type":"article","og_title":"Pipmugg med 2 h\u00e5ndtak, Done by Deer","og_description":"Denne pipkoppen&nbsp;med to h\u00e5ndtak er det perfekte hjelpemidlet for \u00e5 trene barnet p\u00e5 de f\u00f8rste slurkene vann. Ingen kommer til \u00e5 gr\u00e5te over spilt melk i denne funksjonelle pipkoppen.&nbsp; Materiale: 100 % melamin, uten formaldehyd. T\u00e5ler oppvaskmaskin, men skal ikke brukes i mikrob\u00f8lgeovn.&nbsp; St\u00f8rrelse: \u00d8 8&#215;6,5 cm. Volum: 170 ml Designer: Done by deer","og_url":"https:\/\/babylove.se\/no\/produkt\/pipmugg-med-2-handtak-done-by-deer-happy-dots-bla\/","og_site_name":"Babylove Norska","article_modified_time":"2026-04-08T06:42:19+00:00","og_image":[{"width":750,"height":750,"url":"https:\/\/babylove.se\/no\/wp-content\/uploads\/sites\/3\/2025\/07\/577275a76cf59.jpeg","type":"image\/jpeg"}],"twitter_card":"summary_large_image","twitter_misc":{"Price":"39,00&nbsp;&#107;&#114;","Availability":"Out of stock"},"schema":{"@context":"https:\/\/schema.org","@graph":[{"@type":"WebPage","@id":"https:\/\/babylove.se\/no\/produkt\/pipmugg-med-2-handtak-done-by-deer-happy-dots-bla\/","url":"https:\/\/babylove.se\/no\/produkt\/pipmugg-med-2-handtak-done-by-deer-happy-dots-bla\/","name":"Pipmugg med 2 h\u00e5ndtak, Done by Deer - Babylove Norska","isPartOf":{"@id":"https:\/\/babylove.se\/no\/#website"},"primaryImageOfPage":{"@id":"https:\/\/babylove.se\/no\/produkt\/pipmugg-med-2-handtak-done-by-deer-happy-dots-bla\/#primaryimage"},"image":{"@id":"https:\/\/babylove.se\/no\/produkt\/pipmugg-med-2-handtak-done-by-deer-happy-dots-bla\/#primaryimage"},"thumbnailUrl":"https:\/\/babylove.se\/no\/wp-content\/uploads\/sites\/3\/2025\/07\/577275a76cf59.jpeg","datePublished":"2025-07-18T19:02:15+00:00","dateModified":"2026-04-08T06:42:19+00:00","breadcrumb":{"@id":"https:\/\/babylove.se\/no\/produkt\/pipmugg-med-2-handtak-done-by-deer-happy-dots-bla\/#breadcrumb"},"inLanguage":"nb-NO","potentialAction":[{"@type":"ReadAction","target":["https:\/\/babylove.se\/no\/produkt\/pipmugg-med-2-handtak-done-by-deer-happy-dots-bla\/"]}]},{"@type":"ImageObject","inLanguage":"nb-NO","@id":"https:\/\/babylove.se\/no\/produkt\/pipmugg-med-2-handtak-done-by-deer-happy-dots-bla\/#primaryimage","url":"https:\/\/babylove.se\/no\/wp-content\/uploads\/sites\/3\/2025\/07\/577275a76cf59.jpeg","contentUrl":"https:\/\/babylove.se\/no\/wp-content\/uploads\/sites\/3\/2025\/07\/577275a76cf59.jpeg","width":750,"height":750},{"@type":"BreadcrumbList","@id":"https:\/\/babylove.se\/no\/produkt\/pipmugg-med-2-handtak-done-by-deer-happy-dots-bla\/#breadcrumb","itemListElement":[{"@type":"ListItem","position":1,"name":"Hem","item":"https:\/\/babylove.se\/no\/"},{"@type":"ListItem","position":2,"name":"Butik","item":"https:\/\/babylove.se\/no\/butik\/"},{"@type":"ListItem","position":3,"name":"Pipmugg med 2 h\u00e5ndtak, Done by Deer"}]},{"@type":"WebSite","@id":"https:\/\/babylove.se\/no\/#website","url":"https:\/\/babylove.se\/no\/","name":"Babylove Norska","description":"","potentialAction":[{"@type":"SearchAction","target":{"@type":"EntryPoint","urlTemplate":"https:\/\/babylove.se\/no\/?s={search_term_string}"},"query-input":{"@type":"PropertyValueSpecification","valueRequired":true,"valueName":"search_term_string"}}],"inLanguage":"nb-NO"}]},"product_brand":"Done by Deer","product_price_amount":"39.00","product_price_currency":"SEK","og_availability":"out of stock","product_availability":"out of stock","product_retailer_item_id":"DD0017","product_condition":"new"},"_links":{"self":[{"href":"https:\/\/babylove.se\/no\/wp-json\/wp\/v2\/product\/1476","targetHints":{"allow":["GET"]}}],"collection":[{"href":"https:\/\/babylove.se\/no\/wp-json\/wp\/v2\/product"}],"about":[{"href":"https:\/\/babylove.se\/no\/wp-json\/wp\/v2\/types\/product"}],"replies":[{"embeddable":true,"href":"https:\/\/babylove.se\/no\/wp-json\/wp\/v2\/comments?post=1476"}],"wp:featuredmedia":[{"embeddable":true,"href":"https:\/\/babylove.se\/no\/wp-json\/wp\/v2\/media\/1478"}],"wp:attachment":[{"href":"https:\/\/babylove.se\/no\/wp-json\/wp\/v2\/media?parent=1476"}],"wp:term":[{"taxonomy":"product_brand","embeddable":true,"href":"https:\/\/babylove.se\/no\/wp-json\/wp\/v2\/product_brand?post=1476"},{"taxonomy":"product_cat","embeddable":true,"href":"https:\/\/babylove.se\/no\/wp-json\/wp\/v2\/product_cat?post=1476"},{"taxonomy":"product_tag","embeddable":true,"href":"https:\/\/babylove.se\/no\/wp-json\/wp\/v2\/product_tag?post=1476"}],"curies":[{"name":"wp","href":"https:\/\/api.w.org\/{rel}","templated":true}]}}