{"id":1505,"date":"2025-07-18T20:02:31","date_gmt":"2025-07-18T19:02:31","guid":{"rendered":"https:\/\/babylove.se\/produkt\/taghylla-till-barnrummet\/"},"modified":"2026-04-08T07:42:35","modified_gmt":"2026-04-08T06:42:35","slug":"hylle-til-barnerommet","status":"publish","type":"product","link":"https:\/\/babylove.se\/no\/produkt\/hylle-til-barnerommet\/","title":{"rendered":"Toghylle til barnerommet"},"content":{"rendered":"<p>En eksepsjonell hylle i form av et tog med lok og to vogner. En perfekt hylle \u00e5 oppbevare lekebiler og tog p\u00e5, meget verdsatt av alle barn. \\n \\n<strong>M\u00e5l<\/strong>: Bredde, ca 150 cm. H\u00f8yde, ca 45 cm. Dybde ca 5 cm. H\u00f8yden p\u00e5 hyllene er ca 6 cm. \\n \\nMalt med barnesikre farger. \\n \\nHyllen festes p\u00e5 veggen ved \u00e5 montere spesialtilpassede hengere som man deretter henger opp toghyllen p\u00e5. Disse hengerne er inkludert i prisen.<\/p>\n","protected":false},"excerpt":{"rendered":"<p>En eksepsjonell hylle i form av et tog med lok og to vogner. En perfekt hylle \u00e5 oppbevare lekebiler og tog p\u00e5, meget verdsatt av alle barn. \\n \\nM\u00e5l: Bredde, ca 150 cm. H\u00f8yde, ca 45 cm. Dybde ca 5 cm. H\u00f8yden p\u00e5 hyllene er ca 6 cm. \\n \\nMalt med barnesikre farger. \\n \\nHyllen [&hellip;]<\/p>\n","protected":false},"featured_media":1507,"comment_status":"closed","ping_status":"closed","template":"","meta":{"_acf_changed":false},"product_brand":[78],"product_cat":[81,1714,87,26,43],"product_tag":[1689],"class_list":{"0":"post-1505","1":"product","2":"type-product","3":"status-publish","4":"has-post-thumbnail","6":"product_brand-bambooko","7":"product_cat-bambooko","8":"product_cat-biler","9":"product_cat-hyller","10":"product_cat-kjop-produkter-som-ikke-bare-er-for-gutter","11":"product_cat-oppbevaringskurver","12":"product_tag-bestillingsvaror","14":"first","15":"instock","16":"taxable","17":"shipping-taxable","18":"purchasable","19":"product-type-simple"},"acf":[],"yoast_head":"<!-- This site is optimized with the Yoast SEO Premium plugin v25.8 (Yoast SEO v27.2) - https:\/\/yoast.com\/product\/yoast-seo-premium-wordpress\/ -->\n<title>K\u00f6p T\u00e5ghylla till barnrummet - Frakt fr\u00e5n 19 sek<\/title>\n<meta name=\"description\" content=\"En exceptionell hylla i fomen av ett t\u00e5g med lok och tv\u00e5 vagnar. En perfekt hylla att f\u00f6rvara leksaksbilar och t\u00e5g p\u00e5, mycket uppskattat av alla barn.\" \/>\n<meta name=\"robots\" content=\"noindex, follow, max-snippet:-1, max-image-preview:large, max-video-preview:-1\" \/>\n<meta property=\"og:locale\" content=\"nb_NO\" \/>\n<meta property=\"og:type\" content=\"article\" \/>\n<meta property=\"og:title\" content=\"Toghylle til barnerommet\" \/>\n<meta property=\"og:description\" content=\"En exceptionell hylla i fomen av ett t\u00e5g med lok och tv\u00e5 vagnar. En perfekt hylla att f\u00f6rvara leksaksbilar och t\u00e5g p\u00e5, mycket uppskattat av alla barn.\" \/>\n<meta property=\"og:url\" content=\"https:\/\/babylove.se\/no\/produkt\/hylle-til-barnerommet\/\" \/>\n<meta property=\"og:site_name\" content=\"Babylove Norska\" \/>\n<meta property=\"article:modified_time\" content=\"2026-04-08T06:42:35+00:00\" \/>\n<meta property=\"og:image\" content=\"https:\/\/babylove.se\/no\/wp-content\/uploads\/sites\/3\/2025\/07\/57b0e9452d334.jpeg\" \/>\n\t<meta property=\"og:image:width\" content=\"750\" \/>\n\t<meta property=\"og:image:height\" content=\"521\" \/>\n\t<meta property=\"og:image:type\" content=\"image\/jpeg\" \/>\n<meta name=\"twitter:card\" content=\"summary_large_image\" \/>\n<meta name=\"twitter:label1\" content=\"Price\" \/>\n\t<meta name=\"twitter:data1\" content=\"2 899,00&nbsp;&#107;&#114;\" \/>\n\t<meta name=\"twitter:label2\" content=\"Availability\" \/>\n\t<meta name=\"twitter:data2\" content=\"In stock\" \/>\n<script type=\"application\/ld+json\" class=\"yoast-schema-graph\">{\"@context\":\"https:\/\/schema.org\",\"@graph\":[{\"@type\":\"WebPage\",\"@id\":\"https:\/\/babylove.se\/no\/produkt\/hylle-til-barnerommet\/\",\"url\":\"https:\/\/babylove.se\/no\/produkt\/hylle-til-barnerommet\/\",\"name\":\"K\u00f6p T\u00e5ghylla till barnrummet - Frakt fr\u00e5n 19 sek\",\"isPartOf\":{\"@id\":\"https:\/\/babylove.se\/no\/#website\"},\"primaryImageOfPage\":{\"@id\":\"https:\/\/babylove.se\/no\/produkt\/hylle-til-barnerommet\/#primaryimage\"},\"image\":{\"@id\":\"https:\/\/babylove.se\/no\/produkt\/hylle-til-barnerommet\/#primaryimage\"},\"thumbnailUrl\":\"https:\/\/babylove.se\/no\/wp-content\/uploads\/sites\/3\/2025\/07\/57b0e9452d334.jpeg\",\"datePublished\":\"2025-07-18T19:02:31+00:00\",\"dateModified\":\"2026-04-08T06:42:35+00:00\",\"description\":\"En exceptionell hylla i fomen av ett t\u00e5g med lok och tv\u00e5 vagnar. En perfekt hylla att f\u00f6rvara leksaksbilar och t\u00e5g p\u00e5, mycket uppskattat av alla barn.\",\"breadcrumb\":{\"@id\":\"https:\/\/babylove.se\/no\/produkt\/hylle-til-barnerommet\/#breadcrumb\"},\"inLanguage\":\"nb-NO\",\"potentialAction\":[{\"@type\":\"ReadAction\",\"target\":[\"https:\/\/babylove.se\/no\/produkt\/hylle-til-barnerommet\/\"]}]},{\"@type\":\"ImageObject\",\"inLanguage\":\"nb-NO\",\"@id\":\"https:\/\/babylove.se\/no\/produkt\/hylle-til-barnerommet\/#primaryimage\",\"url\":\"https:\/\/babylove.se\/no\/wp-content\/uploads\/sites\/3\/2025\/07\/57b0e9452d334.jpeg\",\"contentUrl\":\"https:\/\/babylove.se\/no\/wp-content\/uploads\/sites\/3\/2025\/07\/57b0e9452d334.jpeg\",\"width\":750,\"height\":521},{\"@type\":\"BreadcrumbList\",\"@id\":\"https:\/\/babylove.se\/no\/produkt\/hylle-til-barnerommet\/#breadcrumb\",\"itemListElement\":[{\"@type\":\"ListItem\",\"position\":1,\"name\":\"Hem\",\"item\":\"https:\/\/babylove.se\/no\/\"},{\"@type\":\"ListItem\",\"position\":2,\"name\":\"Butik\",\"item\":\"https:\/\/babylove.se\/no\/butik\/\"},{\"@type\":\"ListItem\",\"position\":3,\"name\":\"Toghylle til barnerommet\"}]},{\"@type\":\"WebSite\",\"@id\":\"https:\/\/babylove.se\/no\/#website\",\"url\":\"https:\/\/babylove.se\/no\/\",\"name\":\"Babylove Norska\",\"description\":\"\",\"potentialAction\":[{\"@type\":\"SearchAction\",\"target\":{\"@type\":\"EntryPoint\",\"urlTemplate\":\"https:\/\/babylove.se\/no\/?s={search_term_string}\"},\"query-input\":{\"@type\":\"PropertyValueSpecification\",\"valueRequired\":true,\"valueName\":\"search_term_string\"}}],\"inLanguage\":\"nb-NO\"}]}<\/script>\n<meta property=\"product:brand\" content=\"Bambooko\" \/>\n<meta property=\"product:price:amount\" content=\"2899.00\" \/>\n<meta property=\"product:price:currency\" content=\"SEK\" \/>\n<meta property=\"og:availability\" content=\"instock\" \/>\n<meta property=\"product:availability\" content=\"instock\" \/>\n<meta property=\"product:retailer_item_id\" content=\"BB012\" \/>\n<meta property=\"product:condition\" content=\"new\" \/>\n<!-- \/ Yoast SEO Premium plugin. -->","yoast_head_json":{"title":"K\u00f6p T\u00e5ghylla till barnrummet - Frakt fr\u00e5n 19 sek","description":"En exceptionell hylla i fomen av ett t\u00e5g med lok och tv\u00e5 vagnar. En perfekt hylla att f\u00f6rvara leksaksbilar och t\u00e5g p\u00e5, mycket uppskattat av alla barn.","robots":{"index":"noindex","follow":"follow","max-snippet":"max-snippet:-1","max-image-preview":"max-image-preview:large","max-video-preview":"max-video-preview:-1"},"og_locale":"nb_NO","og_type":"article","og_title":"Toghylle til barnerommet","og_description":"En exceptionell hylla i fomen av ett t\u00e5g med lok och tv\u00e5 vagnar. En perfekt hylla att f\u00f6rvara leksaksbilar och t\u00e5g p\u00e5, mycket uppskattat av alla barn.","og_url":"https:\/\/babylove.se\/no\/produkt\/hylle-til-barnerommet\/","og_site_name":"Babylove Norska","article_modified_time":"2026-04-08T06:42:35+00:00","og_image":[{"width":750,"height":521,"url":"https:\/\/babylove.se\/no\/wp-content\/uploads\/sites\/3\/2025\/07\/57b0e9452d334.jpeg","type":"image\/jpeg"}],"twitter_card":"summary_large_image","twitter_misc":{"Price":"2 899,00&nbsp;&#107;&#114;","Availability":"In stock"},"schema":{"@context":"https:\/\/schema.org","@graph":[{"@type":"WebPage","@id":"https:\/\/babylove.se\/no\/produkt\/hylle-til-barnerommet\/","url":"https:\/\/babylove.se\/no\/produkt\/hylle-til-barnerommet\/","name":"K\u00f6p T\u00e5ghylla till barnrummet - Frakt fr\u00e5n 19 sek","isPartOf":{"@id":"https:\/\/babylove.se\/no\/#website"},"primaryImageOfPage":{"@id":"https:\/\/babylove.se\/no\/produkt\/hylle-til-barnerommet\/#primaryimage"},"image":{"@id":"https:\/\/babylove.se\/no\/produkt\/hylle-til-barnerommet\/#primaryimage"},"thumbnailUrl":"https:\/\/babylove.se\/no\/wp-content\/uploads\/sites\/3\/2025\/07\/57b0e9452d334.jpeg","datePublished":"2025-07-18T19:02:31+00:00","dateModified":"2026-04-08T06:42:35+00:00","description":"En exceptionell hylla i fomen av ett t\u00e5g med lok och tv\u00e5 vagnar. En perfekt hylla att f\u00f6rvara leksaksbilar och t\u00e5g p\u00e5, mycket uppskattat av alla barn.","breadcrumb":{"@id":"https:\/\/babylove.se\/no\/produkt\/hylle-til-barnerommet\/#breadcrumb"},"inLanguage":"nb-NO","potentialAction":[{"@type":"ReadAction","target":["https:\/\/babylove.se\/no\/produkt\/hylle-til-barnerommet\/"]}]},{"@type":"ImageObject","inLanguage":"nb-NO","@id":"https:\/\/babylove.se\/no\/produkt\/hylle-til-barnerommet\/#primaryimage","url":"https:\/\/babylove.se\/no\/wp-content\/uploads\/sites\/3\/2025\/07\/57b0e9452d334.jpeg","contentUrl":"https:\/\/babylove.se\/no\/wp-content\/uploads\/sites\/3\/2025\/07\/57b0e9452d334.jpeg","width":750,"height":521},{"@type":"BreadcrumbList","@id":"https:\/\/babylove.se\/no\/produkt\/hylle-til-barnerommet\/#breadcrumb","itemListElement":[{"@type":"ListItem","position":1,"name":"Hem","item":"https:\/\/babylove.se\/no\/"},{"@type":"ListItem","position":2,"name":"Butik","item":"https:\/\/babylove.se\/no\/butik\/"},{"@type":"ListItem","position":3,"name":"Toghylle til barnerommet"}]},{"@type":"WebSite","@id":"https:\/\/babylove.se\/no\/#website","url":"https:\/\/babylove.se\/no\/","name":"Babylove Norska","description":"","potentialAction":[{"@type":"SearchAction","target":{"@type":"EntryPoint","urlTemplate":"https:\/\/babylove.se\/no\/?s={search_term_string}"},"query-input":{"@type":"PropertyValueSpecification","valueRequired":true,"valueName":"search_term_string"}}],"inLanguage":"nb-NO"}]},"product_brand":"Bambooko","product_price_amount":"2899.00","product_price_currency":"SEK","og_availability":"instock","product_availability":"instock","product_retailer_item_id":"BB012","product_condition":"new"},"_links":{"self":[{"href":"https:\/\/babylove.se\/no\/wp-json\/wp\/v2\/product\/1505","targetHints":{"allow":["GET"]}}],"collection":[{"href":"https:\/\/babylove.se\/no\/wp-json\/wp\/v2\/product"}],"about":[{"href":"https:\/\/babylove.se\/no\/wp-json\/wp\/v2\/types\/product"}],"replies":[{"embeddable":true,"href":"https:\/\/babylove.se\/no\/wp-json\/wp\/v2\/comments?post=1505"}],"wp:featuredmedia":[{"embeddable":true,"href":"https:\/\/babylove.se\/no\/wp-json\/wp\/v2\/media\/1507"}],"wp:attachment":[{"href":"https:\/\/babylove.se\/no\/wp-json\/wp\/v2\/media?parent=1505"}],"wp:term":[{"taxonomy":"product_brand","embeddable":true,"href":"https:\/\/babylove.se\/no\/wp-json\/wp\/v2\/product_brand?post=1505"},{"taxonomy":"product_cat","embeddable":true,"href":"https:\/\/babylove.se\/no\/wp-json\/wp\/v2\/product_cat?post=1505"},{"taxonomy":"product_tag","embeddable":true,"href":"https:\/\/babylove.se\/no\/wp-json\/wp\/v2\/product_tag?post=1505"}],"curies":[{"name":"wp","href":"https:\/\/api.w.org\/{rel}","templated":true}]}}